{"id":8004,"date":"2020-09-08T12:16:35","date_gmt":"2026-04-04T10:07:41","guid":{"rendered":"https:\/\/thewitcherycph.com\/product\/helende-oekologisk-kamille-ansigtstoner\/"},"modified":"2026-04-04T10:07:41","modified_gmt":"2026-04-04T10:07:41","slug":"helende-okologisk-kamille-ansigtstoner","status":"publish","type":"product","link":"https:\/\/thewitcherycph.com\/da\/vare\/helende-okologisk-kamille-ansigtstoner\/","title":{"rendered":"Helende \u00f8kologisk kamille ansigtstoner"},"content":{"rendered":"<p><span style=\"font-size: 1.125rem;\">Vores \u00f8kologiske kamille ansigtstoner er en perfekt toner til sensitiv hud og hud med eksem, dermatitis, psoriasis og anden form for traume. <\/span><\/p>\n<p><strong>S\u00e5dan bruger du hydrosoler<\/strong><\/p>\n<p>Vi elsker at bruge vores \u00f8kologiske kamilletoner om morgenen, efter vi har vasket vores ansigt, og i l\u00f8bet af dagen som et v\u00e6rkt\u00f8j til at berolige vores hud, is\u00e6r hvis vejret er s\u00e6rlig varmt eller koldt. <span style=\"font-size: 1.125rem;\">Produktet har en delikat blomstret duft, der er meget beroligende. Efter du har p\u00e5f\u00f8rt kamilletoneren, p\u00e5f\u00f8rer du din ansigtsolie (eller s\u00e6dvanlige creme), og s\u00e5 beh\u00f8ves du ikke meget mere, m\u00e5ske lige med undtagelse af solcreme og makeup, hvis \u00f8nsket. Du kan ogs\u00e5 bruge toneren, n\u00e5r som helst p\u00e5 dagen du har brug for en pick-me-up. Vi anbefaler is\u00e6r at bruge den i t\u00f8rre rum med aircon eller centralvarme.   <\/span><\/p>\n<p><strong>Roman Chamomile hydrosol&#8217;s benefits<\/strong> include soothing damaged, irritated sensitive skin. It helps with skin redness. It&#8217;s a great product to use when your skin needs a little TLC. For centuries chamomile has been used as a first aid for all kind of skin problems due to its incredible healing benefits. Chamomile is safe to use even for very sensitive skin.    <\/p>\n<p>Dette produkt er dermatologisk testet. Opbevar et m\u00f8rkt sted, v\u00e6k fra direkte sollys.<\/p>\n<p><strong><span style=\"font-size: 1.125rem;\">Hvad er en <\/span>hydrosol? <\/strong><\/p>\n<p>Hydrosol<span style=\"font-size: 1.125rem;\"> er den meget aromatiske v\u00e6ske, der er tilbage efter damp- eller vanddestillering af botanisk materiale til \u00e6teriske olier. I dette tilf\u00e6lde kamilleplanten. Damp ledes gennem plantemateriale, og kondensatet opsamles. Hydrosoler har mange af de samme egenskaber som \u00e6teriske olier, og er ligeledes et biprodukt af produktionen af \u00e6teriske olier, men derimod, eftersom det er et fortyndet produkt, er den sikker at bruge direkte p\u00e5 huden.  <\/span><span style=\"font-size: 1.125rem;\">parfume, alkohol og syntestiske stoffer, <strong>rigtige sv\u00e6re at finde, selvom de er beviste til at have fantastiske medisinske egenskaber<\/strong><\/span><strong>.<\/strong><\/p>\n<p>&nbsp;<\/p>\n<p>L\u00e6s mere om hydrosoler <a href=\"https:\/\/thewitcherycph.com\/2020\/08\/26\/the-difference-between-a-hydrosol-and-floral-waters\/\">her<\/a><\/p>\n<hr>\n<p>Alle produkter er lokale og b\u00e6redygtige. Vi bruger b\u00e6redygtige planter og fr\u00f8, der er biprodukter af den europ\u00e6iske madproduktion og landbrug. S\u00e5ledes sikrer vi at vores CO2-aftryk er sm\u00e5t, og vi ikke udleder store m\u00e6ngder vand. Lokale fr\u00f8 betyder, at de ikke skal transporteres langt eller opbevares i lange perioder. De strenge regler for landbrug i EU sikrer ogs\u00e5, at vores fr\u00f8 har markedets h\u00f8jeste kvalitet. Dermed er vores produkter ikke bare b\u00e6redygtige, men ogs\u00e5 af fantastisk kvalitet.<\/p>\n","protected":false},"excerpt":{"rendered":"<p>B\u00e6redygtig og 100% ren \u00f8kologisk kamille hydrosol<\/p>\n<p><span style=\"font-size: 1.125rem;\">til alle hudtyper is\u00e6r sensitiv, irriteret hud eller hud med eksem. psoriasis eller solskoldning<\/span><\/p>\n<ul>\n<li>kamille underst\u00f8tter hudens heling<\/li>\n<li>\u00f8jeblikkelig fugtgivelse<\/li>\n<li>beroliger og lysner huden<\/li>\n<li>adhj\u00e6lper husirritation, r\u00f8dme og sk\u00e6lning<\/li>\n<li><strong>hvorn\u00e5r: morgen og aften<\/strong><\/li>\n<li>bedst at bruge p\u00e5 ren hud f\u00f8r olie\/dagcreme, eller n\u00e5r som helst din hud har brug for at blive frisket op<\/li>\n<li>produktet er dermatologisk testet<\/li>\n<\/ul>\n<p><span style=\"font-weight: 400;\">Vores \u00f8kologiske kamille ansigtstoner er en ren hydrosol af h\u00f8j kvalitet. I mods\u00e6tning til de fleste ansigtstonere, er denne destilleret i en 1:5 ratio, hvilket g\u00f8r den meget potent.  <\/span><\/p>\n<p><span style=\"font-weight: 400;\">Ingen parfume, alkohol eller syntetiske stoffer<\/span><\/p>\n<p>Brug indenfor 12 m\u00e5neder efter \u00e5bning<\/p>\n","protected":false},"featured_media":6475,"comment_status":"open","ping_status":"closed","template":"","meta":[],"product_brand":[],"product_cat":[523,520,498,812,772,519,470,471],"product_tag":[952,954,953,957,955,956,951,950],"class_list":{"0":"post-8004","1":"product","2":"type-product","3":"status-publish","4":"has-post-thumbnail","6":"product_cat-aeldning-og-tor-hud","7":"product_cat-moden-hud","8":"product_cat-rodme-og-hudfolsomhed","9":"product_cat-sale","10":"product_cat-sensitiv-hud","11":"product_cat-tor-hud","12":"product_cat-toners-hydrosoler","13":"product_cat-produkter","14":"product_tag-kamilles-fordele-for-huden","15":"product_tag-kvindelig-bonde","16":"product_tag-kvindelig-groer","17":"product_tag-naturlig-remidie-mod-eksem","18":"product_tag-naturligt-remidie-med-dermatitis","19":"product_tag-naturligt-remidie-til-sensitiv-hud","20":"product_tag-okologisk-kamille","21":"product_tag-okologisk-kamille-ansigtstoner","23":"first","24":"outofstock","25":"taxable","26":"shipping-taxable","27":"purchasable","28":"product-type-simple"},"yoast_head":"<!-- This site is optimized with the Yoast SEO plugin v24.9 - https:\/\/yoast.com\/wordpress\/plugins\/seo\/ -->\n<title>Helende \u00f8kologisk kamille ansigtstoner - The Witchery CPH<\/title>\n<meta name=\"description\" content=\"Kamille er traditionelt blev brugt i hudpleje is\u00e6r til sensitiv hud og hud med tendens til udbrud af f.eks. akne og dermatitis. Pr\u00f8v vores \u00f8kologiske kamille ansigtstoner.\" \/>\n<meta name=\"robots\" content=\"index, follow, max-snippet:-1, max-image-preview:large, max-video-preview:-1\" \/>\n<link rel=\"canonical\" href=\"https:\/\/thewitcherycph.com\/da\/vare\/helende-okologisk-kamille-ansigtstoner\/\" \/>\n<meta property=\"og:locale\" content=\"da_DK\" \/>\n<meta property=\"og:type\" content=\"article\" \/>\n<meta property=\"og:title\" content=\"Helende \u00f8kologisk kamille ansigtstoner - The Witchery CPH\" \/>\n<meta property=\"og:description\" content=\"Kamille er traditionelt blev brugt i hudpleje is\u00e6r til sensitiv hud og hud med tendens til udbrud af f.eks. akne og dermatitis. Pr\u00f8v vores \u00f8kologiske kamille ansigtstoner.\" \/>\n<meta property=\"og:url\" content=\"https:\/\/thewitcherycph.com\/da\/vare\/helende-okologisk-kamille-ansigtstoner\/\" \/>\n<meta property=\"og:site_name\" content=\"The Witchery CPH\" \/>\n<meta property=\"og:image\" content=\"https:\/\/thewitcherycph.com\/wp-content\/uploads\/2020\/09\/Organic-Chamomile-Face-Mist-Hydrolate-The-Witchery-CPH.jpg\" \/>\n\t<meta property=\"og:image:width\" content=\"1400\" \/>\n\t<meta property=\"og:image:height\" content=\"1600\" \/>\n\t<meta property=\"og:image:type\" content=\"image\/jpeg\" \/>\n<meta name=\"twitter:card\" content=\"summary_large_image\" \/>\n<meta name=\"twitter:label1\" content=\"Estimeret l\u00e6setid\" \/>\n\t<meta name=\"twitter:data1\" content=\"2 minutter\" \/>\n<script type=\"application\/ld+json\" class=\"yoast-schema-graph\">{\"@context\":\"https:\/\/schema.org\",\"@graph\":[{\"@type\":\"WebPage\",\"@id\":\"https:\/\/thewitcherycph.com\/da\/vare\/helende-okologisk-kamille-ansigtstoner\/\",\"url\":\"https:\/\/thewitcherycph.com\/da\/vare\/helende-okologisk-kamille-ansigtstoner\/\",\"name\":\"Helende \u00f8kologisk kamille ansigtstoner - The Witchery CPH\",\"isPartOf\":{\"@id\":\"https:\/\/thewitcherycph.com\/da\/#website\"},\"primaryImageOfPage\":{\"@id\":\"https:\/\/thewitcherycph.com\/da\/vare\/helende-okologisk-kamille-ansigtstoner\/#primaryimage\"},\"image\":{\"@id\":\"https:\/\/thewitcherycph.com\/da\/vare\/helende-okologisk-kamille-ansigtstoner\/#primaryimage\"},\"thumbnailUrl\":\"https:\/\/thewitcherycph.com\/wp-content\/uploads\/2020\/09\/Organic-Chamomile-Face-Mist-Hydrolate-The-Witchery-CPH.jpg\",\"datePublished\":\"2026-04-04T10:07:41+00:00\",\"description\":\"Kamille er traditionelt blev brugt i hudpleje is\u00e6r til sensitiv hud og hud med tendens til udbrud af f.eks. akne og dermatitis. Pr\u00f8v vores \u00f8kologiske kamille ansigtstoner.\",\"breadcrumb\":{\"@id\":\"https:\/\/thewitcherycph.com\/da\/vare\/helende-okologisk-kamille-ansigtstoner\/#breadcrumb\"},\"inLanguage\":\"da-DK\",\"potentialAction\":[{\"@type\":\"ReadAction\",\"target\":[\"https:\/\/thewitcherycph.com\/da\/vare\/helende-okologisk-kamille-ansigtstoner\/\"]}]},{\"@type\":\"ImageObject\",\"inLanguage\":\"da-DK\",\"@id\":\"https:\/\/thewitcherycph.com\/da\/vare\/helende-okologisk-kamille-ansigtstoner\/#primaryimage\",\"url\":\"https:\/\/thewitcherycph.com\/wp-content\/uploads\/2020\/09\/Organic-Chamomile-Face-Mist-Hydrolate-The-Witchery-CPH.jpg\",\"contentUrl\":\"https:\/\/thewitcherycph.com\/wp-content\/uploads\/2020\/09\/Organic-Chamomile-Face-Mist-Hydrolate-The-Witchery-CPH.jpg\",\"width\":1400,\"height\":1600,\"caption\":\"Natural Organic Chamomile Skin healing hydrosol face mist\"},{\"@type\":\"BreadcrumbList\",\"@id\":\"https:\/\/thewitcherycph.com\/da\/vare\/helende-okologisk-kamille-ansigtstoner\/#breadcrumb\",\"itemListElement\":[{\"@type\":\"ListItem\",\"position\":1,\"name\":\"Home\",\"item\":\"https:\/\/thewitcherycph.com\/da\/hjemside\/\"},{\"@type\":\"ListItem\",\"position\":2,\"name\":\"Butik\",\"item\":\"https:\/\/thewitcherycph.com\/da\/shop\/\"},{\"@type\":\"ListItem\",\"position\":3,\"name\":\"Helende \u00f8kologisk kamille ansigtstoner\"}]},{\"@type\":\"WebSite\",\"@id\":\"https:\/\/thewitcherycph.com\/da\/#website\",\"url\":\"https:\/\/thewitcherycph.com\/da\/\",\"name\":\"The Witchery CPH\",\"description\":\"Sustainable Natural Skincare from Copenhagen\",\"potentialAction\":[{\"@type\":\"SearchAction\",\"target\":{\"@type\":\"EntryPoint\",\"urlTemplate\":\"https:\/\/thewitcherycph.com\/da\/?s={search_term_string}\"},\"query-input\":{\"@type\":\"PropertyValueSpecification\",\"valueRequired\":true,\"valueName\":\"search_term_string\"}}],\"inLanguage\":\"da-DK\"}]}<\/script>\n<!-- \/ Yoast SEO plugin. -->","yoast_head_json":{"title":"Helende \u00f8kologisk kamille ansigtstoner - The Witchery CPH","description":"Kamille er traditionelt blev brugt i hudpleje is\u00e6r til sensitiv hud og hud med tendens til udbrud af f.eks. akne og dermatitis. Pr\u00f8v vores \u00f8kologiske kamille ansigtstoner.","robots":{"index":"index","follow":"follow","max-snippet":"max-snippet:-1","max-image-preview":"max-image-preview:large","max-video-preview":"max-video-preview:-1"},"canonical":"https:\/\/thewitcherycph.com\/da\/vare\/helende-okologisk-kamille-ansigtstoner\/","og_locale":"da_DK","og_type":"article","og_title":"Helende \u00f8kologisk kamille ansigtstoner - The Witchery CPH","og_description":"Kamille er traditionelt blev brugt i hudpleje is\u00e6r til sensitiv hud og hud med tendens til udbrud af f.eks. akne og dermatitis. Pr\u00f8v vores \u00f8kologiske kamille ansigtstoner.","og_url":"https:\/\/thewitcherycph.com\/da\/vare\/helende-okologisk-kamille-ansigtstoner\/","og_site_name":"The Witchery CPH","og_image":[{"width":1400,"height":1600,"url":"https:\/\/thewitcherycph.com\/wp-content\/uploads\/2020\/09\/Organic-Chamomile-Face-Mist-Hydrolate-The-Witchery-CPH.jpg","type":"image\/jpeg"}],"twitter_card":"summary_large_image","twitter_misc":{"Estimeret l\u00e6setid":"2 minutter"},"schema":{"@context":"https:\/\/schema.org","@graph":[{"@type":"WebPage","@id":"https:\/\/thewitcherycph.com\/da\/vare\/helende-okologisk-kamille-ansigtstoner\/","url":"https:\/\/thewitcherycph.com\/da\/vare\/helende-okologisk-kamille-ansigtstoner\/","name":"Helende \u00f8kologisk kamille ansigtstoner - The Witchery CPH","isPartOf":{"@id":"https:\/\/thewitcherycph.com\/da\/#website"},"primaryImageOfPage":{"@id":"https:\/\/thewitcherycph.com\/da\/vare\/helende-okologisk-kamille-ansigtstoner\/#primaryimage"},"image":{"@id":"https:\/\/thewitcherycph.com\/da\/vare\/helende-okologisk-kamille-ansigtstoner\/#primaryimage"},"thumbnailUrl":"https:\/\/thewitcherycph.com\/wp-content\/uploads\/2020\/09\/Organic-Chamomile-Face-Mist-Hydrolate-The-Witchery-CPH.jpg","datePublished":"2026-04-04T10:07:41+00:00","description":"Kamille er traditionelt blev brugt i hudpleje is\u00e6r til sensitiv hud og hud med tendens til udbrud af f.eks. akne og dermatitis. Pr\u00f8v vores \u00f8kologiske kamille ansigtstoner.","breadcrumb":{"@id":"https:\/\/thewitcherycph.com\/da\/vare\/helende-okologisk-kamille-ansigtstoner\/#breadcrumb"},"inLanguage":"da-DK","potentialAction":[{"@type":"ReadAction","target":["https:\/\/thewitcherycph.com\/da\/vare\/helende-okologisk-kamille-ansigtstoner\/"]}]},{"@type":"ImageObject","inLanguage":"da-DK","@id":"https:\/\/thewitcherycph.com\/da\/vare\/helende-okologisk-kamille-ansigtstoner\/#primaryimage","url":"https:\/\/thewitcherycph.com\/wp-content\/uploads\/2020\/09\/Organic-Chamomile-Face-Mist-Hydrolate-The-Witchery-CPH.jpg","contentUrl":"https:\/\/thewitcherycph.com\/wp-content\/uploads\/2020\/09\/Organic-Chamomile-Face-Mist-Hydrolate-The-Witchery-CPH.jpg","width":1400,"height":1600,"caption":"Natural Organic Chamomile Skin healing hydrosol face mist"},{"@type":"BreadcrumbList","@id":"https:\/\/thewitcherycph.com\/da\/vare\/helende-okologisk-kamille-ansigtstoner\/#breadcrumb","itemListElement":[{"@type":"ListItem","position":1,"name":"Home","item":"https:\/\/thewitcherycph.com\/da\/hjemside\/"},{"@type":"ListItem","position":2,"name":"Butik","item":"https:\/\/thewitcherycph.com\/da\/shop\/"},{"@type":"ListItem","position":3,"name":"Helende \u00f8kologisk kamille ansigtstoner"}]},{"@type":"WebSite","@id":"https:\/\/thewitcherycph.com\/da\/#website","url":"https:\/\/thewitcherycph.com\/da\/","name":"The Witchery CPH","description":"Sustainable Natural Skincare from Copenhagen","potentialAction":[{"@type":"SearchAction","target":{"@type":"EntryPoint","urlTemplate":"https:\/\/thewitcherycph.com\/da\/?s={search_term_string}"},"query-input":{"@type":"PropertyValueSpecification","valueRequired":true,"valueName":"search_term_string"}}],"inLanguage":"da-DK"}]}},"_links":{"self":[{"href":"https:\/\/thewitcherycph.com\/da\/wp-json\/wp\/v2\/product\/8004","targetHints":{"allow":["GET"]}}],"collection":[{"href":"https:\/\/thewitcherycph.com\/da\/wp-json\/wp\/v2\/product"}],"about":[{"href":"https:\/\/thewitcherycph.com\/da\/wp-json\/wp\/v2\/types\/product"}],"replies":[{"embeddable":true,"href":"https:\/\/thewitcherycph.com\/da\/wp-json\/wp\/v2\/comments?post=8004"}],"wp:featuredmedia":[{"embeddable":true,"href":"https:\/\/thewitcherycph.com\/da\/wp-json\/wp\/v2\/media\/6475"}],"wp:attachment":[{"href":"https:\/\/thewitcherycph.com\/da\/wp-json\/wp\/v2\/media?parent=8004"}],"wp:term":[{"taxonomy":"product_brand","embeddable":true,"href":"https:\/\/thewitcherycph.com\/da\/wp-json\/wp\/v2\/product_brand?post=8004"},{"taxonomy":"product_cat","embeddable":true,"href":"https:\/\/thewitcherycph.com\/da\/wp-json\/wp\/v2\/product_cat?post=8004"},{"taxonomy":"product_tag","embeddable":true,"href":"https:\/\/thewitcherycph.com\/da\/wp-json\/wp\/v2\/product_tag?post=8004"}],"curies":[{"name":"wp","href":"https:\/\/api.w.org\/{rel}","templated":true}]}}