{"id":8001,"date":"2026-04-01T15:41:35","date_gmt":"2026-04-01T15:41:35","guid":{"rendered":"https:\/\/thewitcherycph.com\/product\/lermaske-med-lyseroed-ler\/"},"modified":"2026-04-01T15:41:39","modified_gmt":"2026-04-01T15:41:39","slug":"lermaske-med-lyseroed-ler","status":"publish","type":"product","link":"https:\/\/thewitcherycph.com\/da\/vare\/lermaske-med-lyseroed-ler\/","title":{"rendered":"Lermaske med lyser\u00f8d ler"},"content":{"rendered":"<section class=\"wpb-content-wrapper\"><p>[vc_row][vc_column][konte_banner source=&#8221;external_link&#8221; text_position=&#8221;top-left&#8221; font_container=&#8221;font_size:40px&#8221; button_text=&#8221;&#8221; css=&#8221;.vc_custom_1620273975273{margin-bottom: 100px !important;}&#8221; custom_src=&#8221;https:\/\/thewitcherycph.com\/wp-content\/uploads\/2022\/04\/Argile-Rose-Pink-French-Clay-mask-cover-sm-3.jpg&#8221;]FRANSK LYSER\u00d8D<br \/>\nLERMASKE[\/konte_banner][\/vc_column][\/vc_row]<\/p>\n<p>[vc_row][vc_column width=&#8221;5\/6&#8243; offset=&#8221;vc_col-lg-offset-1 vc_col-md-offset-1&#8243;][vc_row_inner][vc_column_inner width=&#8221;1\/2&#8243;][vc_custom_heading text=&#8221;DETOX MASKE&#8221; use_theme_fonts=&#8221;yes&#8221; css=&#8221;.vc_custom_1536826700353{margin-top: 45px !important;margin-right: 65px !important;margin-bottom: 40px !important;margin-left: 65px !important;}&#8221;][vc_column_text css=&#8221;.vc_custom_1536826413162{margin-right: 65px !important;margin-bottom: 200px !important;margin-left: 65px !important;}&#8221;]Da lyser\u00f8d ler er s\u00e6rlig rig p\u00e5 sporstoffer, hj\u00e6lper den de epidermiske celler med at forny sig, samtidig med at rense og afgifte huden. Denne ler er anbefalet til alle hudtyper inklusiv delikat og sensitiv hud. Pr\u00f8v at tilf\u00f8je masken til din ugentlige rutine, og oplev din hud blive opfrisket og dejlig bl\u00f8d.  <\/p>\n<p>* hvis du har meget t\u00f8r hud, s\u00e5 bland masken med olie i stedet for vand. Vi anbefaler olivenolie. [\/vc_column_text][vc_single_image source=&#8221;external_link&#8221; css=&#8221;.vc_custom_1620273997007{margin-right: 55px !important;}&#8221; custom_src=&#8221;https:\/\/thewitcherycph.com\/wp-content\/uploads\/2022\/04\/French-Clay-mask-consistency.jpg&#8221;][\/vc_column_inner][vc_column_inner width=&#8221;1\/2&#8243;][vc_single_image source=&#8221;external_link&#8221; alignment=&#8221;right&#8221; css=&#8221;.vc_custom_1620274010228{margin-bottom: 220px !important;margin-left: 60px !important;}&#8221; custom_src=&#8221;https:\/\/thewitcherycph.com\/wp-content\/uploads\/2022\/04\/Argile-Rose-Pink-French-Clay-mask-face-2.jpg&#8221;][vc_custom_heading text=&#8221;ANVENDELSE&#8221; use_theme_fonts=&#8221;yes&#8221; css=&#8221;.vc_custom_1536826773205{margin-right: 90px !important;margin-bottom: 56px !important;margin-left: 60px !important;}&#8221;][vc_column_text css=&#8221;.vc_custom_1536826780690{margin-right: 90px !important;margin-left: 60px !important;}&#8221;] Bland en teske maske med lidt vand for at lave en pasta. P\u00e5f\u00f8r pastaen, og lad den virke i 15 minutter. Rens med lunkent vand, og t\u00f8r huden.  <\/p>\n<p>F\u00f8lg gerne op med en sk\u00f8n ansigtstoner og din ynglings ansigtsolie, for at f\u00e5 den fulde oplevelse. [\/vc_column_text][\/vc_column_inner][\/vc_row_inner][\/vc_column][\/vc_row]<\/p>\n<h2><\/h2>\n<h2><\/h2>\n<h2><\/h2>\n<h2><\/h2>\n<p>&nbsp;<\/p>\n<p>&nbsp;<\/p>\n<h4>Alle vores produkter er lavet med europ\u00e6iske, b\u00e6redygtige ingredienser med mindst mulig spild. Vi er dedikerede til at g\u00f8re denne planet til et bedre sted og bruge de naturlige produkter, vi har lige uden foran vores d\u00f8r. Vi er The Witchery CPH, og vi tror p\u00e5 naturens magi.<\/h4>\n<p>&nbsp;<\/p>\n<p>FAQ<\/p>\n<hr>\n<p>Vi er cruelty-free, og vi tester aldrig p\u00e5 dyr. Alle produkter er lokale og b\u00e6redygtige. Alle vores produkter er lokale og b\u00e6redygtige. Vi bruger fr\u00f8, som er biprodukter af europ\u00e6isk f\u00f8devareproduktion, hvilket s\u00e6nker vores klimaaftryk og vandforbrug. Lokale fr\u00f8 betyder, at de ikke skal transporteres langt eller opbevares i lange perioder. De strenge regler for landbrug i EU sikrer ogs\u00e5, at vores fr\u00f8 har markedets h\u00f8jeste kvalitet. Dermed er vores produkter ikke bare b\u00e6redygtige, men ogs\u00e5 af fantastisk kvalitet.<\/p>\n<\/section>","protected":false},"excerpt":{"rendered":"<p>B\u00e6redygtig, ren og meget sk\u00e5nsom<\/p>\n<ul>\n<li>en meget mild lyser\u00f8d ler fra Frankrig<\/li>\n<li>en naturlig eksfoliant<\/li>\n<li>afgifter og renser huden forsigtigt<\/li>\n<li>promoverer en sund hud<\/li>\n<li>fyldt med mineraler<\/li>\n<li>emballage: brun glaskrukke + aluminiuml\u00e5g<\/li>\n<\/ul>\n<p><span style=\"font-weight: 400;\">Lyser\u00f8d ler er en vidunderlig tilf\u00f8jelse til din naturlige hudplejerutine. Den hj\u00e6lper med at fjerne d\u00f8de hudceller, og holder huden glat. <\/span><\/p>\n<p>* v\u00e6r opm\u00e6rksom p\u00e5 at der er 70g i hver krukke. Der st\u00e5r ved en fejl 100g p\u00e5 etiketten. <\/p>\n","protected":false},"featured_media":4871,"comment_status":"open","ping_status":"closed","template":"","meta":[],"product_brand":[],"product_cat":[522,943,471],"product_tag":[949,944,947,948],"class_list":{"0":"post-8001","1":"product","2":"type-product","3":"status-publish","4":"has-post-thumbnail","6":"product_cat-ansigt","7":"product_cat-masker","8":"product_cat-produkter","9":"product_tag-eksfolierende-maske","10":"product_tag-lermaske","11":"product_tag-maske","12":"product_tag-rensende-maske","14":"first","15":"outofstock","16":"taxable","17":"shipping-taxable","18":"purchasable","19":"product-type-simple"},"yoast_head":"<!-- This site is optimized with the Yoast SEO plugin v24.9 - https:\/\/yoast.com\/wordpress\/plugins\/seo\/ -->\n<title>Lermaske med lyser\u00f8d ler - The Witchery CPH<\/title>\n<meta name=\"description\" content=\"Ansigtsmaske af lyser\u00f8d ler er rig p\u00e5 sporstoffer, og hj\u00e6lper de epidermale celler (overhudscellerne) med at regenerere, og underst\u00f8tter oprensningen af huden.\" \/>\n<meta name=\"robots\" content=\"index, follow, max-snippet:-1, max-image-preview:large, max-video-preview:-1\" \/>\n<link rel=\"canonical\" href=\"https:\/\/thewitcherycph.com\/da\/vare\/lermaske-med-lyseroed-ler\/\" \/>\n<meta property=\"og:locale\" content=\"da_DK\" \/>\n<meta property=\"og:type\" content=\"article\" \/>\n<meta property=\"og:title\" content=\"Lermaske med lyser\u00f8d ler - The Witchery CPH\" \/>\n<meta property=\"og:description\" content=\"Ansigtsmaske af lyser\u00f8d ler er rig p\u00e5 sporstoffer, og hj\u00e6lper de epidermale celler (overhudscellerne) med at regenerere, og underst\u00f8tter oprensningen af huden.\" \/>\n<meta property=\"og:url\" content=\"https:\/\/thewitcherycph.com\/da\/vare\/lermaske-med-lyseroed-ler\/\" \/>\n<meta property=\"og:site_name\" content=\"The Witchery CPH\" \/>\n<meta property=\"article:modified_time\" content=\"2026-04-01T15:41:39+00:00\" \/>\n<meta property=\"og:image\" content=\"https:\/\/thewitcherycph.com\/wp-content\/uploads\/2022\/04\/Argile-Rose-Pink-French-Clay-mask-4.jpg\" \/>\n\t<meta property=\"og:image:width\" content=\"1400\" \/>\n\t<meta property=\"og:image:height\" content=\"1600\" \/>\n\t<meta property=\"og:image:type\" content=\"image\/jpeg\" \/>\n<meta name=\"twitter:card\" content=\"summary_large_image\" \/>\n<meta name=\"twitter:label1\" content=\"Estimeret l\u00e6setid\" \/>\n\t<meta name=\"twitter:data1\" content=\"2 minutter\" \/>\n<script type=\"application\/ld+json\" class=\"yoast-schema-graph\">{\"@context\":\"https:\/\/schema.org\",\"@graph\":[{\"@type\":\"WebPage\",\"@id\":\"https:\/\/thewitcherycph.com\/da\/vare\/lermaske-med-lyseroed-ler\/\",\"url\":\"https:\/\/thewitcherycph.com\/da\/vare\/lermaske-med-lyseroed-ler\/\",\"name\":\"Lermaske med lyser\u00f8d ler - The Witchery CPH\",\"isPartOf\":{\"@id\":\"https:\/\/thewitcherycph.com\/da\/#website\"},\"primaryImageOfPage\":{\"@id\":\"https:\/\/thewitcherycph.com\/da\/vare\/lermaske-med-lyseroed-ler\/#primaryimage\"},\"image\":{\"@id\":\"https:\/\/thewitcherycph.com\/da\/vare\/lermaske-med-lyseroed-ler\/#primaryimage\"},\"thumbnailUrl\":\"https:\/\/thewitcherycph.com\/wp-content\/uploads\/2022\/04\/Argile-Rose-Pink-French-Clay-mask-4.jpg\",\"datePublished\":\"2026-04-01T15:41:35+00:00\",\"dateModified\":\"2026-04-01T15:41:39+00:00\",\"description\":\"Ansigtsmaske af lyser\u00f8d ler er rig p\u00e5 sporstoffer, og hj\u00e6lper de epidermale celler (overhudscellerne) med at regenerere, og underst\u00f8tter oprensningen af huden.\",\"breadcrumb\":{\"@id\":\"https:\/\/thewitcherycph.com\/da\/vare\/lermaske-med-lyseroed-ler\/#breadcrumb\"},\"inLanguage\":\"da-DK\",\"potentialAction\":[{\"@type\":\"ReadAction\",\"target\":[\"https:\/\/thewitcherycph.com\/da\/vare\/lermaske-med-lyseroed-ler\/\"]}]},{\"@type\":\"ImageObject\",\"inLanguage\":\"da-DK\",\"@id\":\"https:\/\/thewitcherycph.com\/da\/vare\/lermaske-med-lyseroed-ler\/#primaryimage\",\"url\":\"https:\/\/thewitcherycph.com\/wp-content\/uploads\/2022\/04\/Argile-Rose-Pink-French-Clay-mask-4.jpg\",\"contentUrl\":\"https:\/\/thewitcherycph.com\/wp-content\/uploads\/2022\/04\/Argile-Rose-Pink-French-Clay-mask-4.jpg\",\"width\":1400,\"height\":1600,\"caption\":\"Pure French Pink clay mask\"},{\"@type\":\"BreadcrumbList\",\"@id\":\"https:\/\/thewitcherycph.com\/da\/vare\/lermaske-med-lyseroed-ler\/#breadcrumb\",\"itemListElement\":[{\"@type\":\"ListItem\",\"position\":1,\"name\":\"Home\",\"item\":\"https:\/\/thewitcherycph.com\/da\/hjemside\/\"},{\"@type\":\"ListItem\",\"position\":2,\"name\":\"Butik\",\"item\":\"https:\/\/thewitcherycph.com\/da\/shop\/\"},{\"@type\":\"ListItem\",\"position\":3,\"name\":\"Lermaske med lyser\u00f8d ler\"}]},{\"@type\":\"WebSite\",\"@id\":\"https:\/\/thewitcherycph.com\/da\/#website\",\"url\":\"https:\/\/thewitcherycph.com\/da\/\",\"name\":\"The Witchery CPH\",\"description\":\"Sustainable Natural Skincare from Copenhagen\",\"potentialAction\":[{\"@type\":\"SearchAction\",\"target\":{\"@type\":\"EntryPoint\",\"urlTemplate\":\"https:\/\/thewitcherycph.com\/da\/?s={search_term_string}\"},\"query-input\":{\"@type\":\"PropertyValueSpecification\",\"valueRequired\":true,\"valueName\":\"search_term_string\"}}],\"inLanguage\":\"da-DK\"}]}<\/script>\n<!-- \/ Yoast SEO plugin. -->","yoast_head_json":{"title":"Lermaske med lyser\u00f8d ler - The Witchery CPH","description":"Ansigtsmaske af lyser\u00f8d ler er rig p\u00e5 sporstoffer, og hj\u00e6lper de epidermale celler (overhudscellerne) med at regenerere, og underst\u00f8tter oprensningen af huden.","robots":{"index":"index","follow":"follow","max-snippet":"max-snippet:-1","max-image-preview":"max-image-preview:large","max-video-preview":"max-video-preview:-1"},"canonical":"https:\/\/thewitcherycph.com\/da\/vare\/lermaske-med-lyseroed-ler\/","og_locale":"da_DK","og_type":"article","og_title":"Lermaske med lyser\u00f8d ler - The Witchery CPH","og_description":"Ansigtsmaske af lyser\u00f8d ler er rig p\u00e5 sporstoffer, og hj\u00e6lper de epidermale celler (overhudscellerne) med at regenerere, og underst\u00f8tter oprensningen af huden.","og_url":"https:\/\/thewitcherycph.com\/da\/vare\/lermaske-med-lyseroed-ler\/","og_site_name":"The Witchery CPH","article_modified_time":"2026-04-01T15:41:39+00:00","og_image":[{"width":1400,"height":1600,"url":"https:\/\/thewitcherycph.com\/wp-content\/uploads\/2022\/04\/Argile-Rose-Pink-French-Clay-mask-4.jpg","type":"image\/jpeg"}],"twitter_card":"summary_large_image","twitter_misc":{"Estimeret l\u00e6setid":"2 minutter"},"schema":{"@context":"https:\/\/schema.org","@graph":[{"@type":"WebPage","@id":"https:\/\/thewitcherycph.com\/da\/vare\/lermaske-med-lyseroed-ler\/","url":"https:\/\/thewitcherycph.com\/da\/vare\/lermaske-med-lyseroed-ler\/","name":"Lermaske med lyser\u00f8d ler - The Witchery CPH","isPartOf":{"@id":"https:\/\/thewitcherycph.com\/da\/#website"},"primaryImageOfPage":{"@id":"https:\/\/thewitcherycph.com\/da\/vare\/lermaske-med-lyseroed-ler\/#primaryimage"},"image":{"@id":"https:\/\/thewitcherycph.com\/da\/vare\/lermaske-med-lyseroed-ler\/#primaryimage"},"thumbnailUrl":"https:\/\/thewitcherycph.com\/wp-content\/uploads\/2022\/04\/Argile-Rose-Pink-French-Clay-mask-4.jpg","datePublished":"2026-04-01T15:41:35+00:00","dateModified":"2026-04-01T15:41:39+00:00","description":"Ansigtsmaske af lyser\u00f8d ler er rig p\u00e5 sporstoffer, og hj\u00e6lper de epidermale celler (overhudscellerne) med at regenerere, og underst\u00f8tter oprensningen af huden.","breadcrumb":{"@id":"https:\/\/thewitcherycph.com\/da\/vare\/lermaske-med-lyseroed-ler\/#breadcrumb"},"inLanguage":"da-DK","potentialAction":[{"@type":"ReadAction","target":["https:\/\/thewitcherycph.com\/da\/vare\/lermaske-med-lyseroed-ler\/"]}]},{"@type":"ImageObject","inLanguage":"da-DK","@id":"https:\/\/thewitcherycph.com\/da\/vare\/lermaske-med-lyseroed-ler\/#primaryimage","url":"https:\/\/thewitcherycph.com\/wp-content\/uploads\/2022\/04\/Argile-Rose-Pink-French-Clay-mask-4.jpg","contentUrl":"https:\/\/thewitcherycph.com\/wp-content\/uploads\/2022\/04\/Argile-Rose-Pink-French-Clay-mask-4.jpg","width":1400,"height":1600,"caption":"Pure French Pink clay mask"},{"@type":"BreadcrumbList","@id":"https:\/\/thewitcherycph.com\/da\/vare\/lermaske-med-lyseroed-ler\/#breadcrumb","itemListElement":[{"@type":"ListItem","position":1,"name":"Home","item":"https:\/\/thewitcherycph.com\/da\/hjemside\/"},{"@type":"ListItem","position":2,"name":"Butik","item":"https:\/\/thewitcherycph.com\/da\/shop\/"},{"@type":"ListItem","position":3,"name":"Lermaske med lyser\u00f8d ler"}]},{"@type":"WebSite","@id":"https:\/\/thewitcherycph.com\/da\/#website","url":"https:\/\/thewitcherycph.com\/da\/","name":"The Witchery CPH","description":"Sustainable Natural Skincare from Copenhagen","potentialAction":[{"@type":"SearchAction","target":{"@type":"EntryPoint","urlTemplate":"https:\/\/thewitcherycph.com\/da\/?s={search_term_string}"},"query-input":{"@type":"PropertyValueSpecification","valueRequired":true,"valueName":"search_term_string"}}],"inLanguage":"da-DK"}]}},"_links":{"self":[{"href":"https:\/\/thewitcherycph.com\/da\/wp-json\/wp\/v2\/product\/8001","targetHints":{"allow":["GET"]}}],"collection":[{"href":"https:\/\/thewitcherycph.com\/da\/wp-json\/wp\/v2\/product"}],"about":[{"href":"https:\/\/thewitcherycph.com\/da\/wp-json\/wp\/v2\/types\/product"}],"replies":[{"embeddable":true,"href":"https:\/\/thewitcherycph.com\/da\/wp-json\/wp\/v2\/comments?post=8001"}],"wp:featuredmedia":[{"embeddable":true,"href":"https:\/\/thewitcherycph.com\/da\/wp-json\/wp\/v2\/media\/4871"}],"wp:attachment":[{"href":"https:\/\/thewitcherycph.com\/da\/wp-json\/wp\/v2\/media?parent=8001"}],"wp:term":[{"taxonomy":"product_brand","embeddable":true,"href":"https:\/\/thewitcherycph.com\/da\/wp-json\/wp\/v2\/product_brand?post=8001"},{"taxonomy":"product_cat","embeddable":true,"href":"https:\/\/thewitcherycph.com\/da\/wp-json\/wp\/v2\/product_cat?post=8001"},{"taxonomy":"product_tag","embeddable":true,"href":"https:\/\/thewitcherycph.com\/da\/wp-json\/wp\/v2\/product_tag?post=8001"}],"curies":[{"name":"wp","href":"https:\/\/api.w.org\/{rel}","templated":true}]}}