{"id":8000,"date":"2026-04-01T15:32:44","date_gmt":"2026-04-01T15:32:44","guid":{"rendered":"https:\/\/thewitcherycph.com\/product\/lyseroed-lermaske-med-tang\/"},"modified":"2026-04-01T15:32:50","modified_gmt":"2026-04-01T15:32:50","slug":"lyserod-lermaske-med-blaeretang","status":"publish","type":"product","link":"https:\/\/thewitcherycph.com\/da\/vare\/lyserod-lermaske-med-blaeretang\/","title":{"rendered":"Lyser\u00f8d lermaske med tang"},"content":{"rendered":"<section class=\"wpb-content-wrapper\"><p>[vc_row][vc_column][konte_banner source=&#8221;external_link&#8221; text_position=&#8221;top-left&#8221; font_container=&#8221;font_size:40px&#8221; button_text=&#8221;&#8221; css=&#8221;.vc_custom_1620273975273{margin-bottom: 100px !important;}&#8221; custom_src=&#8221;https:\/\/thewitcherycph.com\/wp-content\/uploads\/2018\/09\/Argile-Rose-Pink-French-Clay-fucus-seaweed-msk-cover-sm.jpg&#8221;]LYSER\u00d8D<br \/>LERMASKE<br \/>MED BL\u00c6RETANG[\/konte_banner][\/vc_column][\/vc_row]<\/p>\n<p>[vc_row][vc_column width=&#8221;5\/6&#8243; offset=&#8221;vc_col-lg-offset-1 vc_col-md-offset-1&#8243;][vc_row_inner][vc_column_inner width=&#8221;1\/2&#8243;][vc_custom_heading text=&#8221;FORYNGENDE MASKE&#8221; use_theme_fonts=&#8221;yes&#8221; css=&#8221;.vc_custom_1536826700353{margin-top: 45px !important;margin-right: 65px !important;margin-bottom: 40px !important;margin-left: 65px !important;}&#8221;][vc_column_text css=&#8221;.vc_custom_1536826413162{margin-right: 65px !important;margin-bottom: 200px !important;margin-left: 65px !important;}&#8221;]Vi har blandet lyder\u00f8d ler (anbefalet til alle hudtyper inklusiv delikat og sensitiv hud) men \u00f8kologisk bl\u00e6retang fra Brittany. Et hold af japanske forskere udgav et paper i <a href=\"https:\/\/pubmed.ncbi.nlm.nih.gov\/11917251\/\" target=\"_blank\" rel=\"noopener\">Journal Of Cosmetic Science<\/a> der beviste at ekstrakten fra fucus vesiculosus (bl\u00e6retang) forbedrer hudens elasticitet, farve og tykkelse.<br \/>Lyser\u00f8d ler er s\u00e6rlig rig p\u00e5 sporstoffer, der hj\u00e6lper de epidermiske celler med at fornys hurtigere, og bidrager til rensningen af huden. De to ingredienser skaber en vidunderlig maske til voksen hud.   <\/p>\n<p>* hvis du har meget t\u00f8r hud, s\u00e5 bland masken med olie i stedet for vand. Vi anbefaler olivenolie. [\/vc_column_text][vc_single_image source=&#8221;external_link&#8221; css=&#8221;.vc_custom_1620273997007{margin-right: 55px !important;}&#8221; custom_src=&#8221;https:\/\/thewitcherycph.com\/wp-content\/uploads\/2022\/04\/Argile-Rose-Pink-French-Clay-fucus-seaweed-mask-3.jpg&#8221;][\/vc_column_inner][vc_column_inner width=&#8221;1\/2&#8243;][vc_single_image source=&#8221;external_link&#8221; alignment=&#8221;right&#8221; css=&#8221;.vc_custom_1620274010228{margin-bottom: 220px !important;margin-left: 60px !important;}&#8221; custom_src=&#8221;https:\/\/thewitcherycph.com\/wp-content\/uploads\/2022\/04\/Argile-Rose-Pink-French-Clay-fucus-seaweed-mask-5.jpg&#8221;][vc_custom_heading text=&#8221;ANVENDELSE&#8221; use_theme_fonts=&#8221;yes&#8221; css=&#8221;.vc_custom_1536826773205{margin-right: 90px !important;margin-bottom: 56px !important;margin-left: 60px !important;}&#8221;][vc_column_text css=&#8221;.vc_custom_1536826780690{margin-right: 90px !important;margin-left: 60px !important;}&#8221;] Bland en teske maske med lidt vand for at lave en pasta. P\u00e5f\u00f8r pastaen, og lad den virke i 15 minutter. Rens med lunkent vand, og t\u00f8r huden.  <\/p>\n<p>F\u00f8lg gerne op med en sk\u00f8n ansigtstoner og din ynglings ansigtsolie, for at f\u00e5 den fulde oplevelse. [\/vc_column_text][\/vc_column_inner][\/vc_row_inner][\/vc_column][\/vc_row]<\/p>\n<h2><\/h2>\n<h2><\/h2>\n<h2><\/h2>\n<h2><\/h2>\n<p>&nbsp;<\/p>\n<p>&nbsp;<\/p>\n<h4>Alle vores produkter er lavet med europ\u00e6iske, b\u00e6redygtige ingredienser med mindst mulig spild. Vi er dedikerede til at g\u00f8re denne planet til et bedre sted og bruge de naturlige produkter, vi har lige uden foran vores d\u00f8r. Vi er The Witchery CPH og vi tror p\u00e5 naturens magi<\/h4>\n<p>&nbsp;<\/p>\n<p>FAQ<\/p>\n<hr>\n<p>Vi er cruelty-free, og vi tester aldrig p\u00e5 dyr. Alle produkter er lokale og b\u00e6redygtige. Alle vores produkter er lokale og b\u00e6redygtige. Vi bruger fr\u00f8, som er biprodukter af europ\u00e6isk f\u00f8devareproduktion, hvilket s\u00e6nker vores klimaaftryk og vandforbrug. Lokale fr\u00f8 betyder, at de ikke skal transporteres langt eller opbevares i lange perioder. De strenge regler for landbrug i EU sikrer ogs\u00e5, at vores fr\u00f8 har markedets h\u00f8jeste kvalitet. Dermed er vores produkter ikke bare b\u00e6redygtige, men ogs\u00e5 af fantastisk kvalitet.<\/p>\n<\/section>","protected":false},"excerpt":{"rendered":"<p>B\u00e6redygtig, ren og meget sk\u00e5nsom<\/p>\n<ul>\n<li>en blanding af det mest luksuri\u00f8se, franske, lyser\u00f8de ler og bl\u00e6retang<\/li>\n<li>bl\u00e6retang fremmer hudens elasticitet og tykkelse, og udligner hudens farve<\/li>\n<li>en mild maske, perfekt til sensitiv hud<\/li>\n<li>en naturlig eksfoliant<\/li>\n<li>afgifter og renser huden forsigtigt<\/li>\n<li>emballage: brun glaskrukke + aluminiumsl\u00e5g<\/li>\n<\/ul>\n<p><span style=\"font-weight: 400;\">Blandingen af lyser\u00f8d ler og bl\u00e6retang er en sk\u00f8n tilf\u00f8jelse til din naturlige hudplejerutine. Masken hj\u00e6lper huden med at komme af med d\u00f8de hudceller, og hj\u00e6lper yderligere ved at hele og opfriske huden. Det er bevist, at bl\u00e6retang underst\u00f8tter hudelasticitet, og holder huden tyk og beskyttet.  <\/span><\/p>\n<p>* v\u00e6r opm\u00e6rksom p\u00e5 at der er 70g i hver krukke. Der st\u00e5r ved en fejl 100g p\u00e5 etiketten. <\/p>\n","protected":false},"featured_media":4891,"comment_status":"open","ping_status":"closed","template":"","meta":[],"product_brand":[],"product_cat":[522,943,471],"product_tag":[945,944,946],"class_list":{"0":"post-8000","1":"product","2":"type-product","3":"status-publish","4":"has-post-thumbnail","6":"product_cat-ansigt","7":"product_cat-masker","8":"product_cat-produkter","9":"product_tag-blaeretang","10":"product_tag-lermaske","11":"product_tag-naerende-maske","13":"first","14":"outofstock","15":"taxable","16":"shipping-taxable","17":"purchasable","18":"product-type-simple"},"yoast_head":"<!-- This site is optimized with the Yoast SEO plugin v24.9 - https:\/\/yoast.com\/wordpress\/plugins\/seo\/ -->\n<title>Lyser\u00f8d lermaske med tang - The Witchery CPH<\/title>\n<meta name=\"description\" content=\"Ansigtsmaske af lyser\u00f8d ler er rig p\u00e5 sporstoffer, og hj\u00e6lper de epidermale celler (overhudscellerne) med at regenerere, og underst\u00f8tter oprensningen af huden.\" \/>\n<meta name=\"robots\" content=\"index, follow, max-snippet:-1, max-image-preview:large, max-video-preview:-1\" \/>\n<link rel=\"canonical\" href=\"https:\/\/thewitcherycph.com\/da\/vare\/lyserod-lermaske-med-blaeretang\/\" \/>\n<meta property=\"og:locale\" content=\"da_DK\" \/>\n<meta property=\"og:type\" content=\"article\" \/>\n<meta property=\"og:title\" content=\"Lyser\u00f8d lermaske med tang - The Witchery CPH\" \/>\n<meta property=\"og:description\" content=\"Ansigtsmaske af lyser\u00f8d ler er rig p\u00e5 sporstoffer, og hj\u00e6lper de epidermale celler (overhudscellerne) med at regenerere, og underst\u00f8tter oprensningen af huden.\" \/>\n<meta property=\"og:url\" content=\"https:\/\/thewitcherycph.com\/da\/vare\/lyserod-lermaske-med-blaeretang\/\" \/>\n<meta property=\"og:site_name\" content=\"The Witchery CPH\" \/>\n<meta property=\"article:modified_time\" content=\"2026-04-01T15:32:50+00:00\" \/>\n<meta property=\"og:image\" content=\"https:\/\/thewitcherycph.com\/wp-content\/uploads\/2022\/04\/Argile-Rose-Pink-French-Clay-fucus-seaweed-mask-2.jpg\" \/>\n\t<meta property=\"og:image:width\" content=\"1400\" \/>\n\t<meta property=\"og:image:height\" content=\"1600\" \/>\n\t<meta property=\"og:image:type\" content=\"image\/jpeg\" \/>\n<meta name=\"twitter:card\" content=\"summary_large_image\" \/>\n<meta name=\"twitter:label1\" content=\"Estimeret l\u00e6setid\" \/>\n\t<meta name=\"twitter:data1\" content=\"2 minutter\" \/>\n<script type=\"application\/ld+json\" class=\"yoast-schema-graph\">{\"@context\":\"https:\/\/schema.org\",\"@graph\":[{\"@type\":\"WebPage\",\"@id\":\"https:\/\/thewitcherycph.com\/da\/vare\/lyserod-lermaske-med-blaeretang\/\",\"url\":\"https:\/\/thewitcherycph.com\/da\/vare\/lyserod-lermaske-med-blaeretang\/\",\"name\":\"Lyser\u00f8d lermaske med tang - The Witchery CPH\",\"isPartOf\":{\"@id\":\"https:\/\/thewitcherycph.com\/da\/#website\"},\"primaryImageOfPage\":{\"@id\":\"https:\/\/thewitcherycph.com\/da\/vare\/lyserod-lermaske-med-blaeretang\/#primaryimage\"},\"image\":{\"@id\":\"https:\/\/thewitcherycph.com\/da\/vare\/lyserod-lermaske-med-blaeretang\/#primaryimage\"},\"thumbnailUrl\":\"https:\/\/thewitcherycph.com\/wp-content\/uploads\/2022\/04\/Argile-Rose-Pink-French-Clay-fucus-seaweed-mask-2.jpg\",\"datePublished\":\"2026-04-01T15:32:44+00:00\",\"dateModified\":\"2026-04-01T15:32:50+00:00\",\"description\":\"Ansigtsmaske af lyser\u00f8d ler er rig p\u00e5 sporstoffer, og hj\u00e6lper de epidermale celler (overhudscellerne) med at regenerere, og underst\u00f8tter oprensningen af huden.\",\"breadcrumb\":{\"@id\":\"https:\/\/thewitcherycph.com\/da\/vare\/lyserod-lermaske-med-blaeretang\/#breadcrumb\"},\"inLanguage\":\"da-DK\",\"potentialAction\":[{\"@type\":\"ReadAction\",\"target\":[\"https:\/\/thewitcherycph.com\/da\/vare\/lyserod-lermaske-med-blaeretang\/\"]}]},{\"@type\":\"ImageObject\",\"inLanguage\":\"da-DK\",\"@id\":\"https:\/\/thewitcherycph.com\/da\/vare\/lyserod-lermaske-med-blaeretang\/#primaryimage\",\"url\":\"https:\/\/thewitcherycph.com\/wp-content\/uploads\/2022\/04\/Argile-Rose-Pink-French-Clay-fucus-seaweed-mask-2.jpg\",\"contentUrl\":\"https:\/\/thewitcherycph.com\/wp-content\/uploads\/2022\/04\/Argile-Rose-Pink-French-Clay-fucus-seaweed-mask-2.jpg\",\"width\":1400,\"height\":1600,\"caption\":\"Rejuvenating Pink Clay mask with French Fucus Seaweed\"},{\"@type\":\"BreadcrumbList\",\"@id\":\"https:\/\/thewitcherycph.com\/da\/vare\/lyserod-lermaske-med-blaeretang\/#breadcrumb\",\"itemListElement\":[{\"@type\":\"ListItem\",\"position\":1,\"name\":\"Home\",\"item\":\"https:\/\/thewitcherycph.com\/da\/hjemside\/\"},{\"@type\":\"ListItem\",\"position\":2,\"name\":\"Butik\",\"item\":\"https:\/\/thewitcherycph.com\/da\/shop\/\"},{\"@type\":\"ListItem\",\"position\":3,\"name\":\"Lyser\u00f8d lermaske med tang\"}]},{\"@type\":\"WebSite\",\"@id\":\"https:\/\/thewitcherycph.com\/da\/#website\",\"url\":\"https:\/\/thewitcherycph.com\/da\/\",\"name\":\"The Witchery CPH\",\"description\":\"Sustainable Natural Skincare from Copenhagen\",\"potentialAction\":[{\"@type\":\"SearchAction\",\"target\":{\"@type\":\"EntryPoint\",\"urlTemplate\":\"https:\/\/thewitcherycph.com\/da\/?s={search_term_string}\"},\"query-input\":{\"@type\":\"PropertyValueSpecification\",\"valueRequired\":true,\"valueName\":\"search_term_string\"}}],\"inLanguage\":\"da-DK\"}]}<\/script>\n<!-- \/ Yoast SEO plugin. -->","yoast_head_json":{"title":"Lyser\u00f8d lermaske med tang - The Witchery CPH","description":"Ansigtsmaske af lyser\u00f8d ler er rig p\u00e5 sporstoffer, og hj\u00e6lper de epidermale celler (overhudscellerne) med at regenerere, og underst\u00f8tter oprensningen af huden.","robots":{"index":"index","follow":"follow","max-snippet":"max-snippet:-1","max-image-preview":"max-image-preview:large","max-video-preview":"max-video-preview:-1"},"canonical":"https:\/\/thewitcherycph.com\/da\/vare\/lyserod-lermaske-med-blaeretang\/","og_locale":"da_DK","og_type":"article","og_title":"Lyser\u00f8d lermaske med tang - The Witchery CPH","og_description":"Ansigtsmaske af lyser\u00f8d ler er rig p\u00e5 sporstoffer, og hj\u00e6lper de epidermale celler (overhudscellerne) med at regenerere, og underst\u00f8tter oprensningen af huden.","og_url":"https:\/\/thewitcherycph.com\/da\/vare\/lyserod-lermaske-med-blaeretang\/","og_site_name":"The Witchery CPH","article_modified_time":"2026-04-01T15:32:50+00:00","og_image":[{"width":1400,"height":1600,"url":"https:\/\/thewitcherycph.com\/wp-content\/uploads\/2022\/04\/Argile-Rose-Pink-French-Clay-fucus-seaweed-mask-2.jpg","type":"image\/jpeg"}],"twitter_card":"summary_large_image","twitter_misc":{"Estimeret l\u00e6setid":"2 minutter"},"schema":{"@context":"https:\/\/schema.org","@graph":[{"@type":"WebPage","@id":"https:\/\/thewitcherycph.com\/da\/vare\/lyserod-lermaske-med-blaeretang\/","url":"https:\/\/thewitcherycph.com\/da\/vare\/lyserod-lermaske-med-blaeretang\/","name":"Lyser\u00f8d lermaske med tang - The Witchery CPH","isPartOf":{"@id":"https:\/\/thewitcherycph.com\/da\/#website"},"primaryImageOfPage":{"@id":"https:\/\/thewitcherycph.com\/da\/vare\/lyserod-lermaske-med-blaeretang\/#primaryimage"},"image":{"@id":"https:\/\/thewitcherycph.com\/da\/vare\/lyserod-lermaske-med-blaeretang\/#primaryimage"},"thumbnailUrl":"https:\/\/thewitcherycph.com\/wp-content\/uploads\/2022\/04\/Argile-Rose-Pink-French-Clay-fucus-seaweed-mask-2.jpg","datePublished":"2026-04-01T15:32:44+00:00","dateModified":"2026-04-01T15:32:50+00:00","description":"Ansigtsmaske af lyser\u00f8d ler er rig p\u00e5 sporstoffer, og hj\u00e6lper de epidermale celler (overhudscellerne) med at regenerere, og underst\u00f8tter oprensningen af huden.","breadcrumb":{"@id":"https:\/\/thewitcherycph.com\/da\/vare\/lyserod-lermaske-med-blaeretang\/#breadcrumb"},"inLanguage":"da-DK","potentialAction":[{"@type":"ReadAction","target":["https:\/\/thewitcherycph.com\/da\/vare\/lyserod-lermaske-med-blaeretang\/"]}]},{"@type":"ImageObject","inLanguage":"da-DK","@id":"https:\/\/thewitcherycph.com\/da\/vare\/lyserod-lermaske-med-blaeretang\/#primaryimage","url":"https:\/\/thewitcherycph.com\/wp-content\/uploads\/2022\/04\/Argile-Rose-Pink-French-Clay-fucus-seaweed-mask-2.jpg","contentUrl":"https:\/\/thewitcherycph.com\/wp-content\/uploads\/2022\/04\/Argile-Rose-Pink-French-Clay-fucus-seaweed-mask-2.jpg","width":1400,"height":1600,"caption":"Rejuvenating Pink Clay mask with French Fucus Seaweed"},{"@type":"BreadcrumbList","@id":"https:\/\/thewitcherycph.com\/da\/vare\/lyserod-lermaske-med-blaeretang\/#breadcrumb","itemListElement":[{"@type":"ListItem","position":1,"name":"Home","item":"https:\/\/thewitcherycph.com\/da\/hjemside\/"},{"@type":"ListItem","position":2,"name":"Butik","item":"https:\/\/thewitcherycph.com\/da\/shop\/"},{"@type":"ListItem","position":3,"name":"Lyser\u00f8d lermaske med tang"}]},{"@type":"WebSite","@id":"https:\/\/thewitcherycph.com\/da\/#website","url":"https:\/\/thewitcherycph.com\/da\/","name":"The Witchery CPH","description":"Sustainable Natural Skincare from Copenhagen","potentialAction":[{"@type":"SearchAction","target":{"@type":"EntryPoint","urlTemplate":"https:\/\/thewitcherycph.com\/da\/?s={search_term_string}"},"query-input":{"@type":"PropertyValueSpecification","valueRequired":true,"valueName":"search_term_string"}}],"inLanguage":"da-DK"}]}},"_links":{"self":[{"href":"https:\/\/thewitcherycph.com\/da\/wp-json\/wp\/v2\/product\/8000","targetHints":{"allow":["GET"]}}],"collection":[{"href":"https:\/\/thewitcherycph.com\/da\/wp-json\/wp\/v2\/product"}],"about":[{"href":"https:\/\/thewitcherycph.com\/da\/wp-json\/wp\/v2\/types\/product"}],"replies":[{"embeddable":true,"href":"https:\/\/thewitcherycph.com\/da\/wp-json\/wp\/v2\/comments?post=8000"}],"wp:featuredmedia":[{"embeddable":true,"href":"https:\/\/thewitcherycph.com\/da\/wp-json\/wp\/v2\/media\/4891"}],"wp:attachment":[{"href":"https:\/\/thewitcherycph.com\/da\/wp-json\/wp\/v2\/media?parent=8000"}],"wp:term":[{"taxonomy":"product_brand","embeddable":true,"href":"https:\/\/thewitcherycph.com\/da\/wp-json\/wp\/v2\/product_brand?post=8000"},{"taxonomy":"product_cat","embeddable":true,"href":"https:\/\/thewitcherycph.com\/da\/wp-json\/wp\/v2\/product_cat?post=8000"},{"taxonomy":"product_tag","embeddable":true,"href":"https:\/\/thewitcherycph.com\/da\/wp-json\/wp\/v2\/product_tag?post=8000"}],"curies":[{"name":"wp","href":"https:\/\/api.w.org\/{rel}","templated":true}]}}