{"id":7999,"date":"2026-04-01T15:13:13","date_gmt":"2026-04-01T15:13:13","guid":{"rendered":"https:\/\/thewitcherycph.com\/product\/elasticitet-eleksir-brombaer-dild-ansigts-og-halsolie\/"},"modified":"2026-04-01T15:13:15","modified_gmt":"2026-04-01T15:13:15","slug":"elasticitet-eleksir-brombaer-dild-ansigts-og-halsolie","status":"publish","type":"product","link":"https:\/\/thewitcherycph.com\/da\/vare\/elasticitet-eleksir-brombaer-dild-ansigts-og-halsolie\/","title":{"rendered":"Elasticitet eleksir bromb\u00e6r + dild ansigts- og halsolie"},"content":{"rendered":"<section class=\"wpb-content-wrapper\"><p>[vc_row][vc_column][konte_banner source=&#8221;external_link&#8221; text_position=&#8221;top-left&#8221; font_container=&#8221;font_size:40px&#8221; button_text=&#8221;&#8221; css=&#8221;.vc_custom_1620273975273{margin-bottom: 100px !important;}&#8221; custom_src=&#8221;https:\/\/thewitcherycph.com\/wp-content\/uploads\/2022\/05\/cold-pressed-blackberry-dill-oil-skin-elasticity-the-witchery-cph-cover.jpg&#8221;]<br \/>\nBROMB\u00c6R + DILD<br \/>ANSIGTS- OG HALSOLIE[\/konte_banner][\/vc_column][\/vc_row]<\/p>\n<p>[vc_row][vc_column width=&#8221;5\/6&#8243; offset=&#8221;vc_col-lg-offset-1 vc_col-md-offset-1&#8243;][vc_row_inner][vc_column_inner width=&#8221;1\/2&#8243;][vc_custom_heading text=&#8221;\u00d8GER HUDENS ELASTICITET&#8221; use_theme_fonts=&#8221;yes&#8221; css=&#8221;.vc_custom_1536826700353{margin-top: 45px !important;margin-right: 65px !important;margin-bottom: 40px !important;margin-left: 65px !important;}&#8221;][vc_column_text css=&#8221;.vc_custom_1536826413162{margin-right: 65px !important;margin-bottom: 200px !important;margin-left: 65px !important;}&#8221;] Et nyere studie viser, at blandingen af bromb\u00e6r og dild \u00f8ger hudens elasticitet<\/p>\n<p>Vores hud mister med alderen et fald i produktionen af strukturel elastin, hvilket resulterer i at huden mister noget af dens evne til at str\u00e6kke og sammentr\u00e6kke, alts\u00e5 et tab af elasticitet i huden. Det bliver synligt i form af slaphed og &#8220;h\u00e6ngende&#8221; hud, is\u00e6r i ansigt, hals og decolletage.<\/p>\n<p>Bromb\u00e6rekstrakt fremmer elatin-genekspression og elastin-promoteraktivitet, og mindsker dermed hudens tab af elasticitet. <br \/>Dildekstrakt fremmer elastin-, kollagen- og LOXL1-genekspression, hvilket resulterer i en forbedret fibertv\u00e6rbinding i menneskelige hudeksplantater. <br \/>Studiet viser, at begge ekstrakter blandet sammen giver den bedste og mest potente virkningsevne.[\/vc_column_text][vc_single_image source=&#8221;external_link&#8221; css=&#8221;.vc_custom_1620273997007{margin-right: 55px !important;}&#8221; custom_src=&#8221;https:\/\/thewitcherycph.com\/wp-content\/uploads\/2022\/05\/Blackberry-seed-oil-skin-benefits.jpg&#8221;][\/vc_column_inner]<\/p>\n<p>[vc_column_inner width=&#8221;1\/2&#8243;][vc_single_image source=&#8221;external_link&#8221; alignment=&#8221;right&#8221; css=&#8221;.vc_custom_1620274010228{margin-bottom: 220px !important;margin-left: 60px !important;}&#8221; custom_src=&#8221;https:\/\/thewitcherycph.com\/wp-content\/uploads\/2022\/05\/dill-seed-oil-skin-benefits.jpg&#8221;][vc_custom_heading text=&#8221;ANVENDELSE&#8221; use_theme_fonts=&#8221;yes&#8221; css=&#8221;.vc_custom_1536826773205{margin-right: 90px !important;margin-bottom: 56px !important;margin-left: 60px !important;}&#8221;][vc_column_text css=&#8221;.vc_custom_1536826780690{margin-right: 90px !important;margin-left: 60px !important;}&#8221;]Klinisk \u00f8gede kombinationen af bromb\u00e6r og dild hudens elasticitet med 25%.<\/p>\n<p>Vi anbefaler at bruge olien som en serum p\u00e5 de omr\u00e5der, hvor du oplever tab af elasticitet. Du kan b\u00e5de bruge olien alene eller blande den med en anden olie (eller creme). Olien er mellem-fed, og dufter af lakrids. Bromb\u00e6rolie er en 100% nul-spildsolie.  <\/p>\n<p>H\u00e6ld dagligt et par dr\u00e5ber af vores bromb\u00e6r + dild ansigtsolie ud mellem dine h\u00e5ndflader, og p\u00e5f\u00f8r p\u00e5 de \u00f8nskede omr\u00e5der med en mild massagebev\u00e6gelse. Du kan efterf\u00f8lgende p\u00e5f\u00f8re en ansigtscreme, selvom det absolut ikke er n\u00f8dvendigt, eftersom olien er n\u00e6rende og fugtgivende i sig selv. Glem ikke solcreme. [\/vc_column_text][\/vc_column_inner][\/vc_row_inner][\/vc_column][\/vc_row]<\/p>\n<h2><\/h2>\n<h2><\/h2>\n<h2><\/h2>\n<h2><\/h2>\n<p>&nbsp;<\/p>\n<p>&nbsp;<\/p>\n<h4>Alle vores produkter er lavet med europ\u00e6iske, b\u00e6redygtige ingredienser med mindst mulig spild. Vi er dedikerede til at g\u00f8re denne planet til et bedre sted og bruge de naturlige produkter, vi har lige uden foran vores d\u00f8r. Vi er The Witchery CPH og vi tror p\u00e5 naturens magi<\/h4>\n<p>&nbsp;<\/p>\n<p>FAQ<\/p>\n<hr>\n<p>Vi er cruelty-free, og vi tester aldrig p\u00e5 dyr. Alle produkter er lokale og b\u00e6redygtige. Alle vores produkter er lokale og b\u00e6redygtige. Vi bruger fr\u00f8, som er biprodukter af europ\u00e6isk f\u00f8devareproduktion, hvilket s\u00e6nker vores klimaaftryk og vandforbrug. Lokale fr\u00f8 betyder, at de ikke skal transporteres langt eller opbevares i lange perioder. De strenge regler for landbrug i EU sikrer ogs\u00e5, at vores fr\u00f8 har markedets h\u00f8jeste kvalitet. Dermed er vores produkter ikke bare b\u00e6redygtige, men ogs\u00e5 af fantastisk kvalitet.<\/p>\n<\/section>","protected":false},"excerpt":{"rendered":"<p>Videnskabeligt bevist til at kunne \u00f8ge hudens elasticitet. Olien er friskpresset, og dufter af lakrids. <\/p>\n<ul>\n<li>ideel til ansigt, hals og d\u00e9colletage &#8211; og andre omr\u00e5der der har brug for et elasticitetsboost<\/li>\n<li>videnskabeligt bevist at kunne \u00f8ge hudens elasticitet<\/li>\n<li>ren, koldpresset olie<\/li>\n<li>ubehandlet, naturlig og lavet p\u00e5 europ\u00e6iske fr\u00f8<\/li>\n<li>duft: lakrids<\/li>\n<li>tekstur: mellem-tyk<\/li>\n<li>brug dag og nat &#8211; kan ogs\u00e5 blandes med andre olier<\/li>\n<li>emballage: brun glasflaske<\/li>\n<\/ul>\n<p><span style=\"font-weight: 400;\">Studier viser, at ekstrakter fra <strong>bromb\u00e6r og dild<\/strong> \u00f8ger hudens elasticitet. Deltagerne i unders\u00f8gelsen brugte ekstrakterne i tre m\u00e5neder, og dokumenterede en betydelig forskel i deres hud. L\u00e6s om det<em><a href=\"https:\/\/pubmed.ncbi.nlm.nih.gov\/32583541\/\" target=\"_blank\" rel=\"noopener\"> her<\/a><\/em>  <\/span><\/p>\n","protected":false},"featured_media":6101,"comment_status":"open","ping_status":"closed","template":"","meta":[],"product_brand":[],"product_cat":[523,522,518,520,471,698],"product_tag":[942,938,773],"class_list":{"0":"post-7999","1":"product","2":"type-product","3":"status-publish","4":"has-post-thumbnail","6":"product_cat-aeldning-og-tor-hud","7":"product_cat-ansigt","8":"product_cat-ansigtsolier","9":"product_cat-moden-hud","10":"product_cat-produkter","11":"product_cat-vores-nyeste-partier","12":"product_tag-halsolie","13":"product_tag-hudens-elasticitet","14":"product_tag-olie-til-moden-hud","16":"first","17":"instock","18":"taxable","19":"shipping-taxable","20":"purchasable","21":"product-type-simple"},"yoast_head":"<!-- This site is optimized with the Yoast SEO plugin v24.9 - https:\/\/yoast.com\/wordpress\/plugins\/seo\/ -->\n<title>Elasticitet eleksir bromb\u00e6r + dild ansigts- og halsolie - The Witchery CPH<\/title>\n<meta name=\"description\" content=\"Bromb\u00e6r + dild ansigtsolie er en vidunderlig olie, der vil booste huden elasticitet og virke fugtgivende. Vi anbefaler olien til t\u00f8r og moden hud. Olien dufter af lakrids.\" \/>\n<meta name=\"robots\" content=\"index, follow, max-snippet:-1, max-image-preview:large, max-video-preview:-1\" \/>\n<link rel=\"canonical\" href=\"https:\/\/thewitcherycph.com\/da\/vare\/elasticitet-eleksir-brombaer-dild-ansigts-og-halsolie\/\" \/>\n<meta property=\"og:locale\" content=\"da_DK\" \/>\n<meta property=\"og:type\" content=\"article\" \/>\n<meta property=\"og:title\" content=\"Elasticitet eleksir bromb\u00e6r + dild ansigts- og halsolie - The Witchery CPH\" \/>\n<meta property=\"og:description\" content=\"Bromb\u00e6r + dild ansigtsolie er en vidunderlig olie, der vil booste huden elasticitet og virke fugtgivende. Vi anbefaler olien til t\u00f8r og moden hud. Olien dufter af lakrids.\" \/>\n<meta property=\"og:url\" content=\"https:\/\/thewitcherycph.com\/da\/vare\/elasticitet-eleksir-brombaer-dild-ansigts-og-halsolie\/\" \/>\n<meta property=\"og:site_name\" content=\"The Witchery CPH\" \/>\n<meta property=\"article:modified_time\" content=\"2026-04-01T15:13:15+00:00\" \/>\n<meta property=\"og:image\" content=\"https:\/\/thewitcherycph.com\/wp-content\/uploads\/2022\/05\/cold-pressed-blackberry-dill-face-oil-for-skin-elasticity-the-witchery-cph-2.jpg\" \/>\n\t<meta property=\"og:image:width\" content=\"1400\" \/>\n\t<meta property=\"og:image:height\" content=\"1600\" \/>\n\t<meta property=\"og:image:type\" content=\"image\/jpeg\" \/>\n<meta name=\"twitter:card\" content=\"summary_large_image\" \/>\n<meta name=\"twitter:label1\" content=\"Estimeret l\u00e6setid\" \/>\n\t<meta name=\"twitter:data1\" content=\"3 minutter\" \/>\n<script type=\"application\/ld+json\" class=\"yoast-schema-graph\">{\"@context\":\"https:\/\/schema.org\",\"@graph\":[{\"@type\":\"WebPage\",\"@id\":\"https:\/\/thewitcherycph.com\/da\/vare\/elasticitet-eleksir-brombaer-dild-ansigts-og-halsolie\/\",\"url\":\"https:\/\/thewitcherycph.com\/da\/vare\/elasticitet-eleksir-brombaer-dild-ansigts-og-halsolie\/\",\"name\":\"Elasticitet eleksir bromb\u00e6r + dild ansigts- og halsolie - The Witchery CPH\",\"isPartOf\":{\"@id\":\"https:\/\/thewitcherycph.com\/da\/#website\"},\"primaryImageOfPage\":{\"@id\":\"https:\/\/thewitcherycph.com\/da\/vare\/elasticitet-eleksir-brombaer-dild-ansigts-og-halsolie\/#primaryimage\"},\"image\":{\"@id\":\"https:\/\/thewitcherycph.com\/da\/vare\/elasticitet-eleksir-brombaer-dild-ansigts-og-halsolie\/#primaryimage\"},\"thumbnailUrl\":\"https:\/\/thewitcherycph.com\/wp-content\/uploads\/2022\/05\/cold-pressed-blackberry-dill-face-oil-for-skin-elasticity-the-witchery-cph-2.jpg\",\"datePublished\":\"2026-04-01T15:13:13+00:00\",\"dateModified\":\"2026-04-01T15:13:15+00:00\",\"description\":\"Bromb\u00e6r + dild ansigtsolie er en vidunderlig olie, der vil booste huden elasticitet og virke fugtgivende. Vi anbefaler olien til t\u00f8r og moden hud. Olien dufter af lakrids.\",\"breadcrumb\":{\"@id\":\"https:\/\/thewitcherycph.com\/da\/vare\/elasticitet-eleksir-brombaer-dild-ansigts-og-halsolie\/#breadcrumb\"},\"inLanguage\":\"da-DK\",\"potentialAction\":[{\"@type\":\"ReadAction\",\"target\":[\"https:\/\/thewitcherycph.com\/da\/vare\/elasticitet-eleksir-brombaer-dild-ansigts-og-halsolie\/\"]}]},{\"@type\":\"ImageObject\",\"inLanguage\":\"da-DK\",\"@id\":\"https:\/\/thewitcherycph.com\/da\/vare\/elasticitet-eleksir-brombaer-dild-ansigts-og-halsolie\/#primaryimage\",\"url\":\"https:\/\/thewitcherycph.com\/wp-content\/uploads\/2022\/05\/cold-pressed-blackberry-dill-face-oil-for-skin-elasticity-the-witchery-cph-2.jpg\",\"contentUrl\":\"https:\/\/thewitcherycph.com\/wp-content\/uploads\/2022\/05\/cold-pressed-blackberry-dill-face-oil-for-skin-elasticity-the-witchery-cph-2.jpg\",\"width\":1400,\"height\":1600,\"caption\":\"100% natural cold pressed blackberry dill face oil promotes skin elasticity and moisturises well. Freshly made from European seeds. Unprocessed.\"},{\"@type\":\"BreadcrumbList\",\"@id\":\"https:\/\/thewitcherycph.com\/da\/vare\/elasticitet-eleksir-brombaer-dild-ansigts-og-halsolie\/#breadcrumb\",\"itemListElement\":[{\"@type\":\"ListItem\",\"position\":1,\"name\":\"Home\",\"item\":\"https:\/\/thewitcherycph.com\/da\/hjemside\/\"},{\"@type\":\"ListItem\",\"position\":2,\"name\":\"Butik\",\"item\":\"https:\/\/thewitcherycph.com\/da\/shop\/\"},{\"@type\":\"ListItem\",\"position\":3,\"name\":\"Elasticitet eleksir bromb\u00e6r + dild ansigts- og halsolie\"}]},{\"@type\":\"WebSite\",\"@id\":\"https:\/\/thewitcherycph.com\/da\/#website\",\"url\":\"https:\/\/thewitcherycph.com\/da\/\",\"name\":\"The Witchery CPH\",\"description\":\"Sustainable Natural Skincare from Copenhagen\",\"potentialAction\":[{\"@type\":\"SearchAction\",\"target\":{\"@type\":\"EntryPoint\",\"urlTemplate\":\"https:\/\/thewitcherycph.com\/da\/?s={search_term_string}\"},\"query-input\":{\"@type\":\"PropertyValueSpecification\",\"valueRequired\":true,\"valueName\":\"search_term_string\"}}],\"inLanguage\":\"da-DK\"}]}<\/script>\n<!-- \/ Yoast SEO plugin. -->","yoast_head_json":{"title":"Elasticitet eleksir bromb\u00e6r + dild ansigts- og halsolie - The Witchery CPH","description":"Bromb\u00e6r + dild ansigtsolie er en vidunderlig olie, der vil booste huden elasticitet og virke fugtgivende. Vi anbefaler olien til t\u00f8r og moden hud. Olien dufter af lakrids.","robots":{"index":"index","follow":"follow","max-snippet":"max-snippet:-1","max-image-preview":"max-image-preview:large","max-video-preview":"max-video-preview:-1"},"canonical":"https:\/\/thewitcherycph.com\/da\/vare\/elasticitet-eleksir-brombaer-dild-ansigts-og-halsolie\/","og_locale":"da_DK","og_type":"article","og_title":"Elasticitet eleksir bromb\u00e6r + dild ansigts- og halsolie - The Witchery CPH","og_description":"Bromb\u00e6r + dild ansigtsolie er en vidunderlig olie, der vil booste huden elasticitet og virke fugtgivende. Vi anbefaler olien til t\u00f8r og moden hud. Olien dufter af lakrids.","og_url":"https:\/\/thewitcherycph.com\/da\/vare\/elasticitet-eleksir-brombaer-dild-ansigts-og-halsolie\/","og_site_name":"The Witchery CPH","article_modified_time":"2026-04-01T15:13:15+00:00","og_image":[{"width":1400,"height":1600,"url":"https:\/\/thewitcherycph.com\/wp-content\/uploads\/2022\/05\/cold-pressed-blackberry-dill-face-oil-for-skin-elasticity-the-witchery-cph-2.jpg","type":"image\/jpeg"}],"twitter_card":"summary_large_image","twitter_misc":{"Estimeret l\u00e6setid":"3 minutter"},"schema":{"@context":"https:\/\/schema.org","@graph":[{"@type":"WebPage","@id":"https:\/\/thewitcherycph.com\/da\/vare\/elasticitet-eleksir-brombaer-dild-ansigts-og-halsolie\/","url":"https:\/\/thewitcherycph.com\/da\/vare\/elasticitet-eleksir-brombaer-dild-ansigts-og-halsolie\/","name":"Elasticitet eleksir bromb\u00e6r + dild ansigts- og halsolie - The Witchery CPH","isPartOf":{"@id":"https:\/\/thewitcherycph.com\/da\/#website"},"primaryImageOfPage":{"@id":"https:\/\/thewitcherycph.com\/da\/vare\/elasticitet-eleksir-brombaer-dild-ansigts-og-halsolie\/#primaryimage"},"image":{"@id":"https:\/\/thewitcherycph.com\/da\/vare\/elasticitet-eleksir-brombaer-dild-ansigts-og-halsolie\/#primaryimage"},"thumbnailUrl":"https:\/\/thewitcherycph.com\/wp-content\/uploads\/2022\/05\/cold-pressed-blackberry-dill-face-oil-for-skin-elasticity-the-witchery-cph-2.jpg","datePublished":"2026-04-01T15:13:13+00:00","dateModified":"2026-04-01T15:13:15+00:00","description":"Bromb\u00e6r + dild ansigtsolie er en vidunderlig olie, der vil booste huden elasticitet og virke fugtgivende. Vi anbefaler olien til t\u00f8r og moden hud. Olien dufter af lakrids.","breadcrumb":{"@id":"https:\/\/thewitcherycph.com\/da\/vare\/elasticitet-eleksir-brombaer-dild-ansigts-og-halsolie\/#breadcrumb"},"inLanguage":"da-DK","potentialAction":[{"@type":"ReadAction","target":["https:\/\/thewitcherycph.com\/da\/vare\/elasticitet-eleksir-brombaer-dild-ansigts-og-halsolie\/"]}]},{"@type":"ImageObject","inLanguage":"da-DK","@id":"https:\/\/thewitcherycph.com\/da\/vare\/elasticitet-eleksir-brombaer-dild-ansigts-og-halsolie\/#primaryimage","url":"https:\/\/thewitcherycph.com\/wp-content\/uploads\/2022\/05\/cold-pressed-blackberry-dill-face-oil-for-skin-elasticity-the-witchery-cph-2.jpg","contentUrl":"https:\/\/thewitcherycph.com\/wp-content\/uploads\/2022\/05\/cold-pressed-blackberry-dill-face-oil-for-skin-elasticity-the-witchery-cph-2.jpg","width":1400,"height":1600,"caption":"100% natural cold pressed blackberry dill face oil promotes skin elasticity and moisturises well. Freshly made from European seeds. Unprocessed."},{"@type":"BreadcrumbList","@id":"https:\/\/thewitcherycph.com\/da\/vare\/elasticitet-eleksir-brombaer-dild-ansigts-og-halsolie\/#breadcrumb","itemListElement":[{"@type":"ListItem","position":1,"name":"Home","item":"https:\/\/thewitcherycph.com\/da\/hjemside\/"},{"@type":"ListItem","position":2,"name":"Butik","item":"https:\/\/thewitcherycph.com\/da\/shop\/"},{"@type":"ListItem","position":3,"name":"Elasticitet eleksir bromb\u00e6r + dild ansigts- og halsolie"}]},{"@type":"WebSite","@id":"https:\/\/thewitcherycph.com\/da\/#website","url":"https:\/\/thewitcherycph.com\/da\/","name":"The Witchery CPH","description":"Sustainable Natural Skincare from Copenhagen","potentialAction":[{"@type":"SearchAction","target":{"@type":"EntryPoint","urlTemplate":"https:\/\/thewitcherycph.com\/da\/?s={search_term_string}"},"query-input":{"@type":"PropertyValueSpecification","valueRequired":true,"valueName":"search_term_string"}}],"inLanguage":"da-DK"}]}},"_links":{"self":[{"href":"https:\/\/thewitcherycph.com\/da\/wp-json\/wp\/v2\/product\/7999","targetHints":{"allow":["GET"]}}],"collection":[{"href":"https:\/\/thewitcherycph.com\/da\/wp-json\/wp\/v2\/product"}],"about":[{"href":"https:\/\/thewitcherycph.com\/da\/wp-json\/wp\/v2\/types\/product"}],"replies":[{"embeddable":true,"href":"https:\/\/thewitcherycph.com\/da\/wp-json\/wp\/v2\/comments?post=7999"}],"wp:featuredmedia":[{"embeddable":true,"href":"https:\/\/thewitcherycph.com\/da\/wp-json\/wp\/v2\/media\/6101"}],"wp:attachment":[{"href":"https:\/\/thewitcherycph.com\/da\/wp-json\/wp\/v2\/media?parent=7999"}],"wp:term":[{"taxonomy":"product_brand","embeddable":true,"href":"https:\/\/thewitcherycph.com\/da\/wp-json\/wp\/v2\/product_brand?post=7999"},{"taxonomy":"product_cat","embeddable":true,"href":"https:\/\/thewitcherycph.com\/da\/wp-json\/wp\/v2\/product_cat?post=7999"},{"taxonomy":"product_tag","embeddable":true,"href":"https:\/\/thewitcherycph.com\/da\/wp-json\/wp\/v2\/product_tag?post=7999"}],"curies":[{"name":"wp","href":"https:\/\/api.w.org\/{rel}","templated":true}]}}