{"id":7992,"date":"2026-03-28T12:58:07","date_gmt":"2026-03-28T12:58:07","guid":{"rendered":"https:\/\/thewitcherycph.com\/product\/agurk-basilikum-eyeroller\/"},"modified":"2026-03-28T12:58:10","modified_gmt":"2026-03-28T12:58:10","slug":"agurk-basilikum-eyeroller","status":"publish","type":"product","link":"https:\/\/thewitcherycph.com\/da\/vare\/agurk-basilikum-eyeroller\/","title":{"rendered":"Agurk + basilikum eyeroller"},"content":{"rendered":"<section class=\"wpb-content-wrapper\"><p>[vc_row][vc_column][konte_banner source=&#8221;external_link&#8221; text_position=&#8221;top-left&#8221; font_container=&#8221;font_size:40px&#8221;&#8221;font_color:white&#8221; button_text=&#8221;&#8221; css=&#8221;.vc_custom_1620273975273{margin-bottom: 100px !important;}&#8221; custom_src=&#8221;https:\/\/thewitcherycph.com\/wp-content\/uploads\/2022\/05\/cucumber-basil-eye-roller-oil-the-witchery-cph-cover-1.jpg&#8221;]<br \/>\nAGURK + BASILIKUM<br \/>EYEROLLER[\/konte_banner][\/vc_column][\/vc_row]<\/p>\n<p>[vc_row][vc_column width=&#8221;5\/6&#8243; offset=&#8221;vc_col-lg-offset-1 vc_col-md-offset-1&#8243;][vc_row_inner][vc_column_inner width=&#8221;1\/2&#8243;][vc_custom_heading text=&#8221;K\u00d8LENDE OG BEROLIGENDE &#8221; use_theme_fonts=&#8221;yes&#8221; css=&#8221;.vc_custom_1536826700353{margin-top: 45px !important;margin-right: 65px !important;margin-bottom: 40px !important;margin-left: 65px !important;}&#8221;][vc_column_text css=&#8221;.vc_custom_1536826413162{margin-right: 65px !important;margin-bottom: 200px !important;margin-left: 65px !important;}&#8221;] Vi har koldpresset de friskeste agurke- og basilikumsfr\u00f8, s\u00e5 vi kunne lave et let, k\u00f8lende og helende produkt til huden omkring \u00f8jnene. Agurkeolie er ekstremt let, og den absorberes nemt af huden. Den har desuden en k\u00f8lende, beroligende og fugtgivende effekt, og er proppet med E-vitamin &#8211; en naturlig og potent antioxidant.  <\/p>\n<p>Basilikumsolie heler og beroliger huden, og er perfekt til t\u00f8r, sensitiv hud, det som huden omkring \u00f8jnene s\u00e5 ofte er. Den bek\u00e6mper ogs\u00e5 irritation, lysner og forfrisker huden. Kombinationen af de to olier er et mirakelmiddel for \u00f8jnene. Rolleren stimulerer yderligere lymfesystemet, hvilket kan hj\u00e6lpe med at dr\u00e6ne overskydende v\u00e6sker i omr\u00e5det, som bl.a. kan v\u00e6re \u00e5rsag til udposninger. Olien beskytter mod vind, kulde og t\u00f8rhed.<\/p>\n<p>[\/vc_column_text][vc_single_image source=&#8221;external_link&#8221; css=&#8221;.vc_custom_1620273997007{margin-right: 55px !important;}&#8221; custom_src=&#8221;https:\/\/thewitcherycph.com\/wp-content\/uploads\/2022\/05\/cucumber-basil-eye-roller-oil-the-witchery-cph.jpg&#8221;][\/vc_column_inner][vc_column_inner width=&#8221;1\/2&#8243;][vc_single_image source=&#8221;external_link&#8221; alignment=&#8221;right&#8221; css=&#8221;.vc_custom_1620274010228{margin-bottom: 220px !important;margin-left: 60px !important;}&#8221; custom_src=&#8221;https:\/\/thewitcherycph.com\/wp-content\/uploads\/2022\/05\/cucumber-basil-eye-roller-oil.jpg&#8221;][vc_custom_heading text=&#8221;ANVENDELSE&#8221; use_theme_fonts=&#8221;yes&#8221; css=&#8221;.vc_custom_1536826773205{margin-right: 90px !important;margin-bottom: 56px !important;margin-left: 60px !important;}&#8221;][vc_column_text css=&#8221;.vc_custom_1536826780690{margin-right: 90px !important;margin-left: 60px !important;}&#8221;]Vores agurk + basilikum eyeroller er lavet for at im\u00f8dekomme det sarte \u00f8jenomr\u00e5des udfordringer. Den holder huden sund og hydreret. Brug den dagligt b\u00e5de morgen og aften p\u00e5 ren hud. <\/p>\n<p>Is\u00e6r god hvis du cykler meget, eller bor et sted med koldt og bl\u00e6sende vejr. P\u00e5f\u00f8r den s\u00e5ledes ogs\u00e5 efter behov. [\/vc_column_text][\/vc_column_inner][\/vc_row_inner][\/vc_column][\/vc_row]<\/p>\n<h2><\/h2>\n<h2><\/h2>\n<h2><\/h2>\n<h2><\/h2>\n<p>&nbsp;<\/p>\n<p>&nbsp;<\/p>\n<h4>Alle vores produkter er lavet med europ\u00e6iske, b\u00e6redygtige ingredienser med mindst mulig spild. Vi er dedikerede til at g\u00f8re denne planet til et bedre sted og bruge de naturlige produkter, vi har lige uden foran vores d\u00f8r. Vi er The Witchery CPH og vi tror p\u00e5 naturens magi<\/h4>\n<p>&nbsp;<\/p>\n<p>FAQ<\/p>\n<hr>\n<p>Vi er cruelty-free, og vi tester aldrig p\u00e5 dyr. Alle produkter er lokale og b\u00e6redygtige. Alle vores produkter er lokale og b\u00e6redygtige. Vi bruger fr\u00f8, som er biprodukter af europ\u00e6isk f\u00f8devareproduktion, hvilket s\u00e6nker vores klimaaftryk og vandforbrug. Lokale fr\u00f8 betyder, at de ikke skal transporteres langt eller opbevares i lange perioder. De strenge regler for landbrug i EU sikrer ogs\u00e5, at vores fr\u00f8 har markedets h\u00f8jeste kvalitet. Dermed er vores produkter ikke bare b\u00e6redygtige, men ogs\u00e5 af fantastisk kvalitet.<\/p>\n<\/section>","protected":false},"excerpt":{"rendered":"<p>En smuk olie til den fine og tynde hud omkring \u00f8jnene. <\/p>\n<ul>\n<li>agurkeolie: opkvikkende og k\u00f8lende <\/li>\n<li>basilikumsolie: beroligende og helende<\/li>\n<li>rene, koldpressede olier<\/li>\n<li>ubehandlet, naturlig og lavet p\u00e5 europ\u00e6iske fr\u00f8<\/li>\n<li>duft: neutral<\/li>\n<li>tekstur: medium-let<\/li>\n<li>brug b\u00e5de dag og nat<\/li>\n<li>emballage: roller af brunt glas<\/li>\n<\/ul>\n<p><span style=\"font-weight: 400;\">En vidunderlig blanding af agurk og basilikum, perfekt til den sensitive hud rundt om \u00f8jnene. P\u00e5f\u00f8ring med roller aktiverer lymfeknuderne og dr\u00e6ning, mens olierne er fugtgivende, helende og beroligende for huden. <\/span><\/p>\n","protected":false},"featured_media":6448,"comment_status":"open","ping_status":"closed","template":"","meta":[],"product_brand":[],"product_cat":[523,522,518,520,519,471],"product_tag":[940,939,938,941,773],"class_list":{"0":"post-7992","1":"product","2":"type-product","3":"status-publish","4":"has-post-thumbnail","6":"product_cat-aeldning-og-tor-hud","7":"product_cat-ansigt","8":"product_cat-ansigtsolier","9":"product_cat-moden-hud","10":"product_cat-tor-hud","11":"product_cat-produkter","12":"product_tag-agurkeolie","13":"product_tag-behandling-af-ojenomradet","14":"product_tag-hudens-elasticitet","15":"product_tag-ojenomradet","16":"product_tag-olie-til-moden-hud","18":"first","19":"instock","20":"taxable","21":"shipping-taxable","22":"purchasable","23":"product-type-simple"},"yoast_head":"<!-- This site is optimized with the Yoast SEO plugin v24.9 - https:\/\/yoast.com\/wordpress\/plugins\/seo\/ -->\n<title>Agurk + basilikum eyeroller - The Witchery CPH<\/title>\n<meta name=\"description\" content=\"Agurk + basilikum eyerolleren er en naturligt m\u00e5de at give fugt, beskytte og lysne omr\u00e5det omkring \u00f8jnene. Olierne er koldpressede, naturlige og uforarbejdede.\" \/>\n<meta name=\"robots\" content=\"index, follow, max-snippet:-1, max-image-preview:large, max-video-preview:-1\" \/>\n<link rel=\"canonical\" href=\"https:\/\/thewitcherycph.com\/da\/vare\/agurk-basilikum-eyeroller\/\" \/>\n<meta property=\"og:locale\" content=\"da_DK\" \/>\n<meta property=\"og:type\" content=\"article\" \/>\n<meta property=\"og:title\" content=\"Agurk + basilikum eyeroller - The Witchery CPH\" \/>\n<meta property=\"og:description\" content=\"Agurk + basilikum eyerolleren er en naturligt m\u00e5de at give fugt, beskytte og lysne omr\u00e5det omkring \u00f8jnene. Olierne er koldpressede, naturlige og uforarbejdede.\" \/>\n<meta property=\"og:url\" content=\"https:\/\/thewitcherycph.com\/da\/vare\/agurk-basilikum-eyeroller\/\" \/>\n<meta property=\"og:site_name\" content=\"The Witchery CPH\" \/>\n<meta property=\"article:modified_time\" content=\"2026-03-28T12:58:10+00:00\" \/>\n<meta property=\"og:image\" content=\"https:\/\/thewitcherycph.com\/wp-content\/uploads\/2022\/05\/Cucumber-Basil-seed-oil-for-eye-area-eye-roller-the-witchery-cph-1-1.jpg\" \/>\n\t<meta property=\"og:image:width\" content=\"1400\" \/>\n\t<meta property=\"og:image:height\" content=\"1600\" \/>\n\t<meta property=\"og:image:type\" content=\"image\/jpeg\" \/>\n<meta name=\"twitter:card\" content=\"summary_large_image\" \/>\n<meta name=\"twitter:label1\" content=\"Estimeret l\u00e6setid\" \/>\n\t<meta name=\"twitter:data1\" content=\"3 minutter\" \/>\n<script type=\"application\/ld+json\" class=\"yoast-schema-graph\">{\"@context\":\"https:\/\/schema.org\",\"@graph\":[{\"@type\":\"WebPage\",\"@id\":\"https:\/\/thewitcherycph.com\/da\/vare\/agurk-basilikum-eyeroller\/\",\"url\":\"https:\/\/thewitcherycph.com\/da\/vare\/agurk-basilikum-eyeroller\/\",\"name\":\"Agurk + basilikum eyeroller - The Witchery CPH\",\"isPartOf\":{\"@id\":\"https:\/\/thewitcherycph.com\/da\/#website\"},\"primaryImageOfPage\":{\"@id\":\"https:\/\/thewitcherycph.com\/da\/vare\/agurk-basilikum-eyeroller\/#primaryimage\"},\"image\":{\"@id\":\"https:\/\/thewitcherycph.com\/da\/vare\/agurk-basilikum-eyeroller\/#primaryimage\"},\"thumbnailUrl\":\"https:\/\/thewitcherycph.com\/wp-content\/uploads\/2022\/05\/Cucumber-Basil-seed-oil-for-eye-area-eye-roller-the-witchery-cph-1-1.jpg\",\"datePublished\":\"2026-03-28T12:58:07+00:00\",\"dateModified\":\"2026-03-28T12:58:10+00:00\",\"description\":\"Agurk + basilikum eyerolleren er en naturligt m\u00e5de at give fugt, beskytte og lysne omr\u00e5det omkring \u00f8jnene. Olierne er koldpressede, naturlige og uforarbejdede.\",\"breadcrumb\":{\"@id\":\"https:\/\/thewitcherycph.com\/da\/vare\/agurk-basilikum-eyeroller\/#breadcrumb\"},\"inLanguage\":\"da-DK\",\"potentialAction\":[{\"@type\":\"ReadAction\",\"target\":[\"https:\/\/thewitcherycph.com\/da\/vare\/agurk-basilikum-eyeroller\/\"]}]},{\"@type\":\"ImageObject\",\"inLanguage\":\"da-DK\",\"@id\":\"https:\/\/thewitcherycph.com\/da\/vare\/agurk-basilikum-eyeroller\/#primaryimage\",\"url\":\"https:\/\/thewitcherycph.com\/wp-content\/uploads\/2022\/05\/Cucumber-Basil-seed-oil-for-eye-area-eye-roller-the-witchery-cph-1-1.jpg\",\"contentUrl\":\"https:\/\/thewitcherycph.com\/wp-content\/uploads\/2022\/05\/Cucumber-Basil-seed-oil-for-eye-area-eye-roller-the-witchery-cph-1-1.jpg\",\"width\":1400,\"height\":1600,\"caption\":\"Cucumber Basil Eye Roller Ryr oil\"},{\"@type\":\"BreadcrumbList\",\"@id\":\"https:\/\/thewitcherycph.com\/da\/vare\/agurk-basilikum-eyeroller\/#breadcrumb\",\"itemListElement\":[{\"@type\":\"ListItem\",\"position\":1,\"name\":\"Home\",\"item\":\"https:\/\/thewitcherycph.com\/da\/hjemside\/\"},{\"@type\":\"ListItem\",\"position\":2,\"name\":\"Butik\",\"item\":\"https:\/\/thewitcherycph.com\/da\/shop\/\"},{\"@type\":\"ListItem\",\"position\":3,\"name\":\"Agurk + basilikum eyeroller\"}]},{\"@type\":\"WebSite\",\"@id\":\"https:\/\/thewitcherycph.com\/da\/#website\",\"url\":\"https:\/\/thewitcherycph.com\/da\/\",\"name\":\"The Witchery CPH\",\"description\":\"Sustainable Natural Skincare from Copenhagen\",\"potentialAction\":[{\"@type\":\"SearchAction\",\"target\":{\"@type\":\"EntryPoint\",\"urlTemplate\":\"https:\/\/thewitcherycph.com\/da\/?s={search_term_string}\"},\"query-input\":{\"@type\":\"PropertyValueSpecification\",\"valueRequired\":true,\"valueName\":\"search_term_string\"}}],\"inLanguage\":\"da-DK\"}]}<\/script>\n<!-- \/ Yoast SEO plugin. -->","yoast_head_json":{"title":"Agurk + basilikum eyeroller - The Witchery CPH","description":"Agurk + basilikum eyerolleren er en naturligt m\u00e5de at give fugt, beskytte og lysne omr\u00e5det omkring \u00f8jnene. Olierne er koldpressede, naturlige og uforarbejdede.","robots":{"index":"index","follow":"follow","max-snippet":"max-snippet:-1","max-image-preview":"max-image-preview:large","max-video-preview":"max-video-preview:-1"},"canonical":"https:\/\/thewitcherycph.com\/da\/vare\/agurk-basilikum-eyeroller\/","og_locale":"da_DK","og_type":"article","og_title":"Agurk + basilikum eyeroller - The Witchery CPH","og_description":"Agurk + basilikum eyerolleren er en naturligt m\u00e5de at give fugt, beskytte og lysne omr\u00e5det omkring \u00f8jnene. Olierne er koldpressede, naturlige og uforarbejdede.","og_url":"https:\/\/thewitcherycph.com\/da\/vare\/agurk-basilikum-eyeroller\/","og_site_name":"The Witchery CPH","article_modified_time":"2026-03-28T12:58:10+00:00","og_image":[{"width":1400,"height":1600,"url":"https:\/\/thewitcherycph.com\/wp-content\/uploads\/2022\/05\/Cucumber-Basil-seed-oil-for-eye-area-eye-roller-the-witchery-cph-1-1.jpg","type":"image\/jpeg"}],"twitter_card":"summary_large_image","twitter_misc":{"Estimeret l\u00e6setid":"3 minutter"},"schema":{"@context":"https:\/\/schema.org","@graph":[{"@type":"WebPage","@id":"https:\/\/thewitcherycph.com\/da\/vare\/agurk-basilikum-eyeroller\/","url":"https:\/\/thewitcherycph.com\/da\/vare\/agurk-basilikum-eyeroller\/","name":"Agurk + basilikum eyeroller - The Witchery CPH","isPartOf":{"@id":"https:\/\/thewitcherycph.com\/da\/#website"},"primaryImageOfPage":{"@id":"https:\/\/thewitcherycph.com\/da\/vare\/agurk-basilikum-eyeroller\/#primaryimage"},"image":{"@id":"https:\/\/thewitcherycph.com\/da\/vare\/agurk-basilikum-eyeroller\/#primaryimage"},"thumbnailUrl":"https:\/\/thewitcherycph.com\/wp-content\/uploads\/2022\/05\/Cucumber-Basil-seed-oil-for-eye-area-eye-roller-the-witchery-cph-1-1.jpg","datePublished":"2026-03-28T12:58:07+00:00","dateModified":"2026-03-28T12:58:10+00:00","description":"Agurk + basilikum eyerolleren er en naturligt m\u00e5de at give fugt, beskytte og lysne omr\u00e5det omkring \u00f8jnene. Olierne er koldpressede, naturlige og uforarbejdede.","breadcrumb":{"@id":"https:\/\/thewitcherycph.com\/da\/vare\/agurk-basilikum-eyeroller\/#breadcrumb"},"inLanguage":"da-DK","potentialAction":[{"@type":"ReadAction","target":["https:\/\/thewitcherycph.com\/da\/vare\/agurk-basilikum-eyeroller\/"]}]},{"@type":"ImageObject","inLanguage":"da-DK","@id":"https:\/\/thewitcherycph.com\/da\/vare\/agurk-basilikum-eyeroller\/#primaryimage","url":"https:\/\/thewitcherycph.com\/wp-content\/uploads\/2022\/05\/Cucumber-Basil-seed-oil-for-eye-area-eye-roller-the-witchery-cph-1-1.jpg","contentUrl":"https:\/\/thewitcherycph.com\/wp-content\/uploads\/2022\/05\/Cucumber-Basil-seed-oil-for-eye-area-eye-roller-the-witchery-cph-1-1.jpg","width":1400,"height":1600,"caption":"Cucumber Basil Eye Roller Ryr oil"},{"@type":"BreadcrumbList","@id":"https:\/\/thewitcherycph.com\/da\/vare\/agurk-basilikum-eyeroller\/#breadcrumb","itemListElement":[{"@type":"ListItem","position":1,"name":"Home","item":"https:\/\/thewitcherycph.com\/da\/hjemside\/"},{"@type":"ListItem","position":2,"name":"Butik","item":"https:\/\/thewitcherycph.com\/da\/shop\/"},{"@type":"ListItem","position":3,"name":"Agurk + basilikum eyeroller"}]},{"@type":"WebSite","@id":"https:\/\/thewitcherycph.com\/da\/#website","url":"https:\/\/thewitcherycph.com\/da\/","name":"The Witchery CPH","description":"Sustainable Natural Skincare from Copenhagen","potentialAction":[{"@type":"SearchAction","target":{"@type":"EntryPoint","urlTemplate":"https:\/\/thewitcherycph.com\/da\/?s={search_term_string}"},"query-input":{"@type":"PropertyValueSpecification","valueRequired":true,"valueName":"search_term_string"}}],"inLanguage":"da-DK"}]}},"_links":{"self":[{"href":"https:\/\/thewitcherycph.com\/da\/wp-json\/wp\/v2\/product\/7992","targetHints":{"allow":["GET"]}}],"collection":[{"href":"https:\/\/thewitcherycph.com\/da\/wp-json\/wp\/v2\/product"}],"about":[{"href":"https:\/\/thewitcherycph.com\/da\/wp-json\/wp\/v2\/types\/product"}],"replies":[{"embeddable":true,"href":"https:\/\/thewitcherycph.com\/da\/wp-json\/wp\/v2\/comments?post=7992"}],"wp:featuredmedia":[{"embeddable":true,"href":"https:\/\/thewitcherycph.com\/da\/wp-json\/wp\/v2\/media\/6448"}],"wp:attachment":[{"href":"https:\/\/thewitcherycph.com\/da\/wp-json\/wp\/v2\/media?parent=7992"}],"wp:term":[{"taxonomy":"product_brand","embeddable":true,"href":"https:\/\/thewitcherycph.com\/da\/wp-json\/wp\/v2\/product_brand?post=7992"},{"taxonomy":"product_cat","embeddable":true,"href":"https:\/\/thewitcherycph.com\/da\/wp-json\/wp\/v2\/product_cat?post=7992"},{"taxonomy":"product_tag","embeddable":true,"href":"https:\/\/thewitcherycph.com\/da\/wp-json\/wp\/v2\/product_tag?post=7992"}],"curies":[{"name":"wp","href":"https:\/\/api.w.org\/{rel}","templated":true}]}}