{"id":7991,"date":"2026-03-28T12:13:50","date_gmt":"2026-03-28T12:13:50","guid":{"rendered":"https:\/\/thewitcherycph.com\/product\/loegolie-behandling-af-haartab\/"},"modified":"2026-03-28T12:13:57","modified_gmt":"2026-03-28T12:13:57","slug":"koldpresset-logolie-ayuvedisk-middel-mod-hartab","status":"publish","type":"product","link":"https:\/\/thewitcherycph.com\/da\/vare\/koldpresset-logolie-ayuvedisk-middel-mod-hartab\/","title":{"rendered":"L\u00f8golie behandling af h\u00e5rtab"},"content":{"rendered":"<section class=\"wpb-content-wrapper\"><p>[vc_row][vc_column][konte_banner source=&#8221;external_link&#8221; text_position=&#8221;top-left&#8221; font_container=&#8221;font_size:40px&#8221; button_text=&#8221;&#8221; css=&#8221;.vc_custom_1620273975273{margin-bottom: 100px !important;}&#8221; custom_src=&#8221;https:\/\/thewitcherycph.com\/wp-content\/uploads\/2022\/07\/Onion-seed-oil-hair-loss-oil-treatment-the-witchery-cph-cover.jpg&#8221;]<br \/>\nNATURLIGT REMEDIE <br \/>MOD H\u00c5RTAB[\/konte_banner][\/vc_column][\/vc_row]<\/p>\n<p>[vc_row][vc_column width=&#8221;5\/6&#8243; offset=&#8221;vc_col-lg-offset-1 vc_col-md-offset-1&#8243;][vc_row_inner][vc_column_inner width=&#8221;1\/2&#8243;][vc_custom_heading text=&#8221;AYURVEDISK REMEDIE MOD H\u00c5RTAB &#8221; use_theme_fonts=&#8221;yes&#8221; css=&#8221;.vc_custom_1536826700353{margin-top: 45px !important;margin-right: 65px !important;margin-bottom: 40px !important;margin-left: 65px !important;}&#8221;][vc_column_text css=&#8221;.vc_custom_1536826413162{margin-right: 65px !important;margin-bottom: 200px !important;margin-left: 65px !important;}&#8221;] L\u00f8golie er et traditionelt ayurvedisk remedie mod tynd og skr\u00f8beligt h\u00e5r og h\u00e5rtab. L\u00f8golie er blevet brugt i \u00e5rhundrede, og bliver stadig brugt i store delemaf Indien. <\/p>\n<p>Hvordan hj\u00e6lper det h\u00e5ret? L\u00f8golie er ekstrem rig p\u00e5 svovl, det stof som menneskeh\u00e5rs protein (kreatin) er lavet af. <\/p>\n<p>Svovl skaber sundt h\u00e5r, ved at give h\u00e5ret styrke, glans og elasticitet; Mens frav\u00e6ret af svovl st\u00e5r til skyld for tyndt h\u00e5r, der kn\u00e6kker og falder ud.<\/p>\n<p> The oil is rich in vitamin E and moisturises the scalp and the hair beautifully.<br \/>\n[\/vc_column_text][vc_single_image source=&#8221;external_link&#8221; css=&#8221;.vc_custom_1620273997007{margin-right: 55px !important;}&#8221; custom_src=&#8221;https:\/\/thewitcherycph.com\/wp-content\/uploads\/2022\/07\/Onion-seed-oil-hair-loss-oil-treatment-the-witchery-cph-4.jpg&#8221;][\/vc_column_inner][vc_column_inner width=&#8221;1\/2&#8243;][vc_single_image source=&#8221;external_link&#8221; alignment=&#8221;right&#8221; css=&#8221;.vc_custom_1620274010228{margin-bottom: 220px !important;margin-left: 60px !important;}&#8221; custom_src=&#8221;https:\/\/thewitcherycph.com\/wp-content\/uploads\/2022\/07\/Onion-seed-oil-hair-loss-oil-treatment-the-witchery-cph-1.jpg&#8221;][vc_custom_heading text=&#8221;ANVENDELSE&#8221; use_theme_fonts=&#8221;yes&#8221; css=&#8221;.vc_custom_1536826773205{margin-right: 90px !important;margin-bottom: 56px !important;margin-left: 60px !important;}&#8221;][vc_column_text css=&#8221;.vc_custom_1536826780690{margin-right: 90px !important;margin-left: 60px !important;}&#8221;]P\u00e5f\u00f8r et par dr\u00e5ber til h\u00e5rbunden, mass\u00e9r i et par minutter og lad sidde natten over. Alternativt kan du massere en lille m\u00e6ngde ind i fugtig h\u00e5rbund og h\u00e5r for at fremme h\u00e5rets glans og styrke. Brug den minimum en m\u00e5ned.<\/p>\n<p> L\u00f8golie har en neutral duft, og LUGTER IKKE AF L\u00d8G. Yay! [\/vc_column_text][\/vc_column_inner][\/vc_row_inner][\/vc_column][\/vc_row]<\/p>\n<h2><\/h2>\n<h2><\/h2>\n<h2><\/h2>\n<h2><\/h2>\n<p>&nbsp;<\/p>\n<p>&nbsp;<\/p>\n<h4>Alle vores produkter er lavet med europ\u00e6iske, b\u00e6redygtige ingredienser med mindst mulig spild. Vi er dedikerede til at g\u00f8re denne planet til et bedre sted og bruge de naturlige produkter, vi har lige uden foran vores d\u00f8r. Vi er The Witchery CPH og vi tror p\u00e5 naturens magi<\/h4>\n<p>&nbsp;<\/p>\n<p>FAQ<\/p>\n<hr>\n<p>Vi er cruelty-free, og vi tester aldrig p\u00e5 dyr. Alle produkter er lokale og b\u00e6redygtige. Alle vores produkter er lokale og b\u00e6redygtige. Vi bruger fr\u00f8, som er biprodukter af europ\u00e6isk f\u00f8devareproduktion, hvilket s\u00e6nker vores klimaaftryk og vandforbrug. Lokale fr\u00f8 betyder, at de ikke skal transporteres langt eller opbevares i lange perioder. De strenge regler for landbrug i EU sikrer ogs\u00e5, at vores fr\u00f8 har markedets h\u00f8jeste kvalitet. Dermed er vores produkter ikke bare b\u00e6redygtige, men ogs\u00e5 af fantastisk kvalitet.<\/p>\n<\/section>","protected":false},"excerpt":{"rendered":"<p>Et traditionelt ayurvedisk middel mod h\u00e5rtab og tyndt h\u00e5r<\/p>\n<ul>\n<li>afhj\u00e6lper h\u00e5rtab og tyndth\u00e5r pga. h\u00f8jt svovlindhold<\/li>\n<li>stimulerer h\u00e5rv\u00e6kst<\/li>\n<li>bl\u00f8dg\u00f8r og giver fugt til hovedbunden<\/li>\n<li>ren, koldpresset olie<\/li>\n<li>ingen mineralolie, silikoner eller syntetisk duft <\/li>\n<li>duft: neutral<\/li>\n<li>tekstur: medium-let<\/li>\n<\/ul>\n<p><span style=\"font-weight: 400;\">L\u00f8golie er ekstremt rig p\u00e5 svovl, et af de stofffer, der har til form\u00e5l at g\u00f8re h\u00e5ret sundt og smukt.<br \/>\n.  <\/span><\/p>\n","protected":false},"featured_media":5098,"comment_status":"open","ping_status":"closed","template":"","meta":[],"product_brand":[],"product_cat":[491,698,471],"product_tag":[932,492,931,930,933],"class_list":{"0":"post-7991","1":"product","2":"type-product","3":"status-publish","4":"has-post-thumbnail","6":"product_cat-har","7":"product_cat-vores-nyeste-partier","8":"product_cat-produkter","9":"product_tag-ayverdisk-behandling-af-har","10":"product_tag-behandling-af-hartab","11":"product_tag-naturlig-behandling-mod-hartab","12":"product_tag-naturligt-remedie-mod-hartab","13":"product_tag-remedie-mod-tyndt-har","15":"first","16":"instock","17":"taxable","18":"shipping-taxable","19":"purchasable","20":"product-type-simple"},"yoast_head":"<!-- This site is optimized with the Yoast SEO plugin v24.9 - https:\/\/yoast.com\/wordpress\/plugins\/seo\/ -->\n<title>L\u00f8golie behandling af h\u00e5rtab - The Witchery CPH<\/title>\n<meta name=\"description\" content=\"Ansigtsmaske af lyser\u00f8d ler er rig p\u00e5 sporstoffer, og hj\u00e6lper de epidermale celler (overhudscellerne) med at regenerere, og underst\u00f8tter oprensningen af huden.\" \/>\n<meta name=\"robots\" content=\"index, follow, max-snippet:-1, max-image-preview:large, max-video-preview:-1\" \/>\n<link rel=\"canonical\" href=\"https:\/\/thewitcherycph.com\/da\/vare\/koldpresset-logolie-ayuvedisk-middel-mod-hartab\/\" \/>\n<meta property=\"og:locale\" content=\"da_DK\" \/>\n<meta property=\"og:type\" content=\"article\" \/>\n<meta property=\"og:title\" content=\"L\u00f8golie behandling af h\u00e5rtab - The Witchery CPH\" \/>\n<meta property=\"og:description\" content=\"Ansigtsmaske af lyser\u00f8d ler er rig p\u00e5 sporstoffer, og hj\u00e6lper de epidermale celler (overhudscellerne) med at regenerere, og underst\u00f8tter oprensningen af huden.\" \/>\n<meta property=\"og:url\" content=\"https:\/\/thewitcherycph.com\/da\/vare\/koldpresset-logolie-ayuvedisk-middel-mod-hartab\/\" \/>\n<meta property=\"og:site_name\" content=\"The Witchery CPH\" \/>\n<meta property=\"article:modified_time\" content=\"2026-03-28T12:13:57+00:00\" \/>\n<meta property=\"og:image\" content=\"https:\/\/thewitcherycph.com\/wp-content\/uploads\/2022\/07\/Onion-seed-oil-hair-loss-oil-treatment-the-witchery-cph-1.jpg\" \/>\n\t<meta property=\"og:image:width\" content=\"1400\" \/>\n\t<meta property=\"og:image:height\" content=\"1600\" \/>\n\t<meta property=\"og:image:type\" content=\"image\/jpeg\" \/>\n<meta name=\"twitter:card\" content=\"summary_large_image\" \/>\n<meta name=\"twitter:label1\" content=\"Estimeret l\u00e6setid\" \/>\n\t<meta name=\"twitter:data1\" content=\"3 minutter\" \/>\n<script type=\"application\/ld+json\" class=\"yoast-schema-graph\">{\"@context\":\"https:\/\/schema.org\",\"@graph\":[{\"@type\":\"WebPage\",\"@id\":\"https:\/\/thewitcherycph.com\/da\/vare\/koldpresset-logolie-ayuvedisk-middel-mod-hartab\/\",\"url\":\"https:\/\/thewitcherycph.com\/da\/vare\/koldpresset-logolie-ayuvedisk-middel-mod-hartab\/\",\"name\":\"L\u00f8golie behandling af h\u00e5rtab - The Witchery CPH\",\"isPartOf\":{\"@id\":\"https:\/\/thewitcherycph.com\/da\/#website\"},\"primaryImageOfPage\":{\"@id\":\"https:\/\/thewitcherycph.com\/da\/vare\/koldpresset-logolie-ayuvedisk-middel-mod-hartab\/#primaryimage\"},\"image\":{\"@id\":\"https:\/\/thewitcherycph.com\/da\/vare\/koldpresset-logolie-ayuvedisk-middel-mod-hartab\/#primaryimage\"},\"thumbnailUrl\":\"https:\/\/thewitcherycph.com\/wp-content\/uploads\/2022\/07\/Onion-seed-oil-hair-loss-oil-treatment-the-witchery-cph-1.jpg\",\"datePublished\":\"2026-03-28T12:13:50+00:00\",\"dateModified\":\"2026-03-28T12:13:57+00:00\",\"description\":\"Ansigtsmaske af lyser\u00f8d ler er rig p\u00e5 sporstoffer, og hj\u00e6lper de epidermale celler (overhudscellerne) med at regenerere, og underst\u00f8tter oprensningen af huden.\",\"breadcrumb\":{\"@id\":\"https:\/\/thewitcherycph.com\/da\/vare\/koldpresset-logolie-ayuvedisk-middel-mod-hartab\/#breadcrumb\"},\"inLanguage\":\"da-DK\",\"potentialAction\":[{\"@type\":\"ReadAction\",\"target\":[\"https:\/\/thewitcherycph.com\/da\/vare\/koldpresset-logolie-ayuvedisk-middel-mod-hartab\/\"]}]},{\"@type\":\"ImageObject\",\"inLanguage\":\"da-DK\",\"@id\":\"https:\/\/thewitcherycph.com\/da\/vare\/koldpresset-logolie-ayuvedisk-middel-mod-hartab\/#primaryimage\",\"url\":\"https:\/\/thewitcherycph.com\/wp-content\/uploads\/2022\/07\/Onion-seed-oil-hair-loss-oil-treatment-the-witchery-cph-1.jpg\",\"contentUrl\":\"https:\/\/thewitcherycph.com\/wp-content\/uploads\/2022\/07\/Onion-seed-oil-hair-loss-oil-treatment-the-witchery-cph-1.jpg\",\"width\":1400,\"height\":1600,\"caption\":\"Cold Pressed Onion Seed Oil Ayurvedic treatment for hair loss\"},{\"@type\":\"BreadcrumbList\",\"@id\":\"https:\/\/thewitcherycph.com\/da\/vare\/koldpresset-logolie-ayuvedisk-middel-mod-hartab\/#breadcrumb\",\"itemListElement\":[{\"@type\":\"ListItem\",\"position\":1,\"name\":\"Home\",\"item\":\"https:\/\/thewitcherycph.com\/da\/hjemside\/\"},{\"@type\":\"ListItem\",\"position\":2,\"name\":\"Butik\",\"item\":\"https:\/\/thewitcherycph.com\/da\/shop\/\"},{\"@type\":\"ListItem\",\"position\":3,\"name\":\"L\u00f8golie behandling af h\u00e5rtab\"}]},{\"@type\":\"WebSite\",\"@id\":\"https:\/\/thewitcherycph.com\/da\/#website\",\"url\":\"https:\/\/thewitcherycph.com\/da\/\",\"name\":\"The Witchery CPH\",\"description\":\"Sustainable Natural Skincare from Copenhagen\",\"potentialAction\":[{\"@type\":\"SearchAction\",\"target\":{\"@type\":\"EntryPoint\",\"urlTemplate\":\"https:\/\/thewitcherycph.com\/da\/?s={search_term_string}\"},\"query-input\":{\"@type\":\"PropertyValueSpecification\",\"valueRequired\":true,\"valueName\":\"search_term_string\"}}],\"inLanguage\":\"da-DK\"}]}<\/script>\n<!-- \/ Yoast SEO plugin. -->","yoast_head_json":{"title":"L\u00f8golie behandling af h\u00e5rtab - The Witchery CPH","description":"Ansigtsmaske af lyser\u00f8d ler er rig p\u00e5 sporstoffer, og hj\u00e6lper de epidermale celler (overhudscellerne) med at regenerere, og underst\u00f8tter oprensningen af huden.","robots":{"index":"index","follow":"follow","max-snippet":"max-snippet:-1","max-image-preview":"max-image-preview:large","max-video-preview":"max-video-preview:-1"},"canonical":"https:\/\/thewitcherycph.com\/da\/vare\/koldpresset-logolie-ayuvedisk-middel-mod-hartab\/","og_locale":"da_DK","og_type":"article","og_title":"L\u00f8golie behandling af h\u00e5rtab - The Witchery CPH","og_description":"Ansigtsmaske af lyser\u00f8d ler er rig p\u00e5 sporstoffer, og hj\u00e6lper de epidermale celler (overhudscellerne) med at regenerere, og underst\u00f8tter oprensningen af huden.","og_url":"https:\/\/thewitcherycph.com\/da\/vare\/koldpresset-logolie-ayuvedisk-middel-mod-hartab\/","og_site_name":"The Witchery CPH","article_modified_time":"2026-03-28T12:13:57+00:00","og_image":[{"width":1400,"height":1600,"url":"https:\/\/thewitcherycph.com\/wp-content\/uploads\/2022\/07\/Onion-seed-oil-hair-loss-oil-treatment-the-witchery-cph-1.jpg","type":"image\/jpeg"}],"twitter_card":"summary_large_image","twitter_misc":{"Estimeret l\u00e6setid":"3 minutter"},"schema":{"@context":"https:\/\/schema.org","@graph":[{"@type":"WebPage","@id":"https:\/\/thewitcherycph.com\/da\/vare\/koldpresset-logolie-ayuvedisk-middel-mod-hartab\/","url":"https:\/\/thewitcherycph.com\/da\/vare\/koldpresset-logolie-ayuvedisk-middel-mod-hartab\/","name":"L\u00f8golie behandling af h\u00e5rtab - The Witchery CPH","isPartOf":{"@id":"https:\/\/thewitcherycph.com\/da\/#website"},"primaryImageOfPage":{"@id":"https:\/\/thewitcherycph.com\/da\/vare\/koldpresset-logolie-ayuvedisk-middel-mod-hartab\/#primaryimage"},"image":{"@id":"https:\/\/thewitcherycph.com\/da\/vare\/koldpresset-logolie-ayuvedisk-middel-mod-hartab\/#primaryimage"},"thumbnailUrl":"https:\/\/thewitcherycph.com\/wp-content\/uploads\/2022\/07\/Onion-seed-oil-hair-loss-oil-treatment-the-witchery-cph-1.jpg","datePublished":"2026-03-28T12:13:50+00:00","dateModified":"2026-03-28T12:13:57+00:00","description":"Ansigtsmaske af lyser\u00f8d ler er rig p\u00e5 sporstoffer, og hj\u00e6lper de epidermale celler (overhudscellerne) med at regenerere, og underst\u00f8tter oprensningen af huden.","breadcrumb":{"@id":"https:\/\/thewitcherycph.com\/da\/vare\/koldpresset-logolie-ayuvedisk-middel-mod-hartab\/#breadcrumb"},"inLanguage":"da-DK","potentialAction":[{"@type":"ReadAction","target":["https:\/\/thewitcherycph.com\/da\/vare\/koldpresset-logolie-ayuvedisk-middel-mod-hartab\/"]}]},{"@type":"ImageObject","inLanguage":"da-DK","@id":"https:\/\/thewitcherycph.com\/da\/vare\/koldpresset-logolie-ayuvedisk-middel-mod-hartab\/#primaryimage","url":"https:\/\/thewitcherycph.com\/wp-content\/uploads\/2022\/07\/Onion-seed-oil-hair-loss-oil-treatment-the-witchery-cph-1.jpg","contentUrl":"https:\/\/thewitcherycph.com\/wp-content\/uploads\/2022\/07\/Onion-seed-oil-hair-loss-oil-treatment-the-witchery-cph-1.jpg","width":1400,"height":1600,"caption":"Cold Pressed Onion Seed Oil Ayurvedic treatment for hair loss"},{"@type":"BreadcrumbList","@id":"https:\/\/thewitcherycph.com\/da\/vare\/koldpresset-logolie-ayuvedisk-middel-mod-hartab\/#breadcrumb","itemListElement":[{"@type":"ListItem","position":1,"name":"Home","item":"https:\/\/thewitcherycph.com\/da\/hjemside\/"},{"@type":"ListItem","position":2,"name":"Butik","item":"https:\/\/thewitcherycph.com\/da\/shop\/"},{"@type":"ListItem","position":3,"name":"L\u00f8golie behandling af h\u00e5rtab"}]},{"@type":"WebSite","@id":"https:\/\/thewitcherycph.com\/da\/#website","url":"https:\/\/thewitcherycph.com\/da\/","name":"The Witchery CPH","description":"Sustainable Natural Skincare from Copenhagen","potentialAction":[{"@type":"SearchAction","target":{"@type":"EntryPoint","urlTemplate":"https:\/\/thewitcherycph.com\/da\/?s={search_term_string}"},"query-input":{"@type":"PropertyValueSpecification","valueRequired":true,"valueName":"search_term_string"}}],"inLanguage":"da-DK"}]}},"_links":{"self":[{"href":"https:\/\/thewitcherycph.com\/da\/wp-json\/wp\/v2\/product\/7991","targetHints":{"allow":["GET"]}}],"collection":[{"href":"https:\/\/thewitcherycph.com\/da\/wp-json\/wp\/v2\/product"}],"about":[{"href":"https:\/\/thewitcherycph.com\/da\/wp-json\/wp\/v2\/types\/product"}],"replies":[{"embeddable":true,"href":"https:\/\/thewitcherycph.com\/da\/wp-json\/wp\/v2\/comments?post=7991"}],"wp:featuredmedia":[{"embeddable":true,"href":"https:\/\/thewitcherycph.com\/da\/wp-json\/wp\/v2\/media\/5098"}],"wp:attachment":[{"href":"https:\/\/thewitcherycph.com\/da\/wp-json\/wp\/v2\/media?parent=7991"}],"wp:term":[{"taxonomy":"product_brand","embeddable":true,"href":"https:\/\/thewitcherycph.com\/da\/wp-json\/wp\/v2\/product_brand?post=7991"},{"taxonomy":"product_cat","embeddable":true,"href":"https:\/\/thewitcherycph.com\/da\/wp-json\/wp\/v2\/product_cat?post=7991"},{"taxonomy":"product_tag","embeddable":true,"href":"https:\/\/thewitcherycph.com\/da\/wp-json\/wp\/v2\/product_tag?post=7991"}],"curies":[{"name":"wp","href":"https:\/\/api.w.org\/{rel}","templated":true}]}}