{"id":7990,"date":"2026-03-28T11:31:20","date_gmt":"2026-03-28T11:31:20","guid":{"rendered":"https:\/\/thewitcherycph.com\/product\/oekologisk-helende-morgenfrue-ansigtstoner\/"},"modified":"2026-03-28T11:31:22","modified_gmt":"2026-03-28T11:31:22","slug":"oekologisk-helende-morgenfrue-ansigtstoner","status":"publish","type":"product","link":"https:\/\/thewitcherycph.com\/da\/vare\/oekologisk-helende-morgenfrue-ansigtstoner\/","title":{"rendered":"\u00d8kologisk, helende morgenfrue ansigtstoner"},"content":{"rendered":"<section class=\"wpb-content-wrapper\"><p>[vc_row][vc_column][konte_banner source=&#8221;external_link&#8221; text_position=&#8221;top-left&#8221; font_container=&#8221;font_size:40px&#8221; button_text=&#8221;&#8221; css=&#8221;.vc_custom_1620273975273{margin-bottom: 100px !important;}&#8221; custom_src=&#8221;https:\/\/thewitcherycph.com\/wp-content\/uploads\/2022\/08\/organic-calendula-natural-skin-healer-face-mist-the-witchery-cph-cover.jpg&#8221;]<br \/>\nMORGENFRUE<br \/>ANSIGTSTONER [\/konte_banner][\/vc_column][\/vc_row]<\/p>\n<p>[vc_row][vc_column width=&#8221;5\/6&#8243; offset=&#8221;vc_col-lg-offset-1 vc_col-md-offset-1&#8243;][vc_row_inner][vc_column_inner width=&#8221;1\/2&#8243;][vc_custom_heading text=&#8221; DE HELENDE FORDELE<br \/>VED MORGENFRUE<br \/>\n&#8221; use_theme_fonts=&#8221;yes&#8221; css=&#8221;.vc_custom_1536826700353{margin-top: 45px !important;margin-right: 65px !important;margin-bottom: 40px !important;margin-left: 65px !important;}&#8221;][vc_column_text css=&#8221;.vc_custom_1536826413162{margin-right: 65px !important;margin-bottom: 200px !important;margin-left: 65px !important;}&#8221;] Morgenfrue har v\u00e6ret kendt i flere \u00e5rhundrede som et naturligt hudplejeprodukt, der blev brugt mod s\u00e5r, udsl\u00e6t, eksem, akne, dermatitis og andre tilf\u00e6lde, hvor huden har brug for heling.<\/p>\n<p>Vores ansigtstoner er en naturlig hydrolat, hvilket betyder at den er fremstillet gennem dampdestillering af \u00f8kologiske morgenfrueblomster. Toneren er destilleret i en 1:5 ratio, hvilket g\u00f8r den ekstremt koncentreret ift. plantens n\u00e6ringsstoffer og olier.<br \/>\n[\/vc_column_text][vc_single_image source=&#8221;external_link&#8221; css=&#8221;.vc_custom_1620273997007{margin-right: 55px !important;}&#8221;<br \/>\ncustom_src=&#8221;https:\/\/thewitcherycph.com\/wp-content\/uploads\/2022\/08\/Organic-Calendula-Face-Mist-Hydrolate-The-Witchery-CPH-4.jpg&#8221;][\/vc_column_inner]<\/p>\n<p>[vc_column_inner width=&#8221;1\/2&#8243;][vc_single_image source=&#8221;external_link&#8221; alignment=&#8221;right&#8221; css=&#8221;.vc_custom_1620274010228{margin-bottom: 220px !important;margin-left: 60px !important;}&#8221; custom_src=&#8221;https:\/\/thewitcherycph.com\/wp-content\/uploads\/2022\/08\/Organic-Calendula-Face-Mist-Hydrolate-The-Witchery-CPH-2.jpg&#8221;][vc_custom_heading text=&#8221;ANVENDELSE&#8221; use_theme_fonts=&#8221;yes&#8221; css=&#8221;.vc_custom_1536826773205{margin-right: 90px !important;margin-bottom: 56px !important;margin-left: 60px !important;}&#8221;][vc_column_text css=&#8221;.vc_custom_1536826780690{margin-right: 90px !important;margin-left: 60px !important;}&#8221;]<\/p>\n<p>[vc_custom_heading text=&#8221;&#8221; use_theme_fonts=&#8221;yes&#8221; css=&#8221;.vc_custom_1536826773205{margin-right: 90px !important;margin-bottom: 56px !important;margin-left: 60px !important;}&#8221;][vc_column_text css=&#8221;.vc_custom_1536826780690{margin-right: 90px !important;margin-left: 60px !important;}&#8221;]<\/p>\n<p>P\u00e5f\u00f8r p\u00e5 ren hud f\u00f8r olie (eller creme).<\/p>\n<p>Du kan genp\u00e5f\u00f8re toneren, n\u00e5r end du har behov for det.<\/p>\n<p>Blomsterne bliver groet og destilleret af vores sk\u00f8nne bonde, Barbara, hvis planter gror, ligesom naturen \u00f8nsker det, i vildskab, og er nabo til en national skov, hvilket betyder ingen forurening eller krydskontaminering.<\/p>\n<p>[\/vc_column_text][\/vc_column_inner][\/vc_row_inner][\/vc_column][\/vc_row]<\/p>\n<h2><\/h2>\n<h2><\/h2>\n<h2><\/h2>\n<h2><\/h2>\n<p>&nbsp;<\/p>\n<p>&nbsp;<\/p>\n<h4>Alle vores produkter er lavet med europ\u00e6iske, b\u00e6redygtige ingredienser med mindst mulig spild. Vi er dedikerede til at g\u00f8re denne planet til et bedre sted og bruge de naturlige produkter, vi har lige uden foran vores d\u00f8r. Vi er The Witchery CPH og vi tror p\u00e5 naturens magi<\/h4>\n<p>&nbsp;<\/p>\n<p>FAQ<\/p>\n<hr>\n<p>Vi er cruelty-free, og vi tester aldrig p\u00e5 dyr. Alle produkter er lokale og b\u00e6redygtige. Alle vores produkter er lokale og b\u00e6redygtige. Vi bruger fr\u00f8, som er biprodukter af europ\u00e6isk f\u00f8devareproduktion, hvilket s\u00e6nker vores klimaaftryk og vandforbrug. Lokale fr\u00f8 betyder, at de ikke skal transporteres langt eller opbevares i lange perioder. De strenge regler for landbrug i EU sikrer ogs\u00e5, at vores fr\u00f8 har markedets h\u00f8jeste kvalitet. Dermed er vores produkter ikke bare b\u00e6redygtige, men ogs\u00e5 af fantastisk kvalitet.<\/p>\n<\/section>","protected":false},"excerpt":{"rendered":"<p>Vores \u00f8kologiske morgenfrue ansigtstoner er et rent, ikke-forarbejdet og 100% naturligt produkt.<\/p>\n<ul>\n<li>h\u00e5ndplukket og dampdestilleret \u00f8kologiske morgenfrueblomster<\/li>\n<li>morgenfrue er et traditionelt helende remedie mod udsl\u00e6t, s\u00e5r, dermatitis, eksem og akne<\/li>\n<li>vi anbefaler at bruge den efter ansigtsrens og f\u00f8r olie (eller creme)<\/li>\n<li>toneren er dampdestilleret 1:5, hvilket g\u00f8r den ekstrem potent<\/li>\n<li>mild blomsterduft<\/li>\n<\/ul>\n<p><span style=\"font-weight: 400;\"> Vores morgenfrue ansigtstoner er fremstillet ved at dampdestillere morgenfrueblomster, en plante der er brugt i \u00e5rhundrede til at hele huden.<\/span><\/p>\n","protected":false},"featured_media":6457,"comment_status":"open","ping_status":"closed","template":"","meta":[],"product_brand":[],"product_cat":[523,471,498,772,470,519],"product_tag":[927,928,926,925,929,924],"class_list":{"0":"post-7990","1":"product","2":"type-product","3":"status-publish","4":"has-post-thumbnail","6":"product_cat-aeldning-og-tor-hud","7":"product_cat-produkter","8":"product_cat-rodme-og-hudfolsomhed","9":"product_cat-sensitiv-hud","10":"product_cat-toners-hydrosoler","11":"product_cat-tor-hud","12":"product_tag-akne-ansigtstoner","13":"product_tag-dermatitis-remedie","14":"product_tag-helende-ansigtstoner","15":"product_tag-morgenfrue-ansigtstoner","16":"product_tag-morgenfrue-fordele","17":"product_tag-okologisk-morgenfrue-ansigtstoner","19":"first","20":"instock","21":"taxable","22":"shipping-taxable","23":"purchasable","24":"product-type-simple"},"yoast_head":"<!-- This site is optimized with the Yoast SEO plugin v24.9 - https:\/\/yoast.com\/wordpress\/plugins\/seo\/ -->\n<title>\u00d8kologisk, helende morgenfrue ansigtstoner - The Witchery CPH<\/title>\n<meta name=\"description\" content=\"Vores morgenfrue ansigtstoner er et produkt af at dampdestillere \u00f8kologiske morgenfruer. Morgenfrue er et traditionelt remedie mod dermatitis og akne\" \/>\n<meta name=\"robots\" content=\"index, follow, max-snippet:-1, max-image-preview:large, max-video-preview:-1\" \/>\n<link rel=\"canonical\" href=\"https:\/\/thewitcherycph.com\/da\/vare\/oekologisk-helende-morgenfrue-ansigtstoner\/\" \/>\n<meta property=\"og:locale\" content=\"da_DK\" \/>\n<meta property=\"og:type\" content=\"article\" \/>\n<meta property=\"og:title\" content=\"\u00d8kologisk, helende morgenfrue ansigtstoner - The Witchery CPH\" \/>\n<meta property=\"og:description\" content=\"Vores morgenfrue ansigtstoner er et produkt af at dampdestillere \u00f8kologiske morgenfruer. Morgenfrue er et traditionelt remedie mod dermatitis og akne\" \/>\n<meta property=\"og:url\" content=\"https:\/\/thewitcherycph.com\/da\/vare\/oekologisk-helende-morgenfrue-ansigtstoner\/\" \/>\n<meta property=\"og:site_name\" content=\"The Witchery CPH\" \/>\n<meta property=\"article:modified_time\" content=\"2026-03-28T11:31:22+00:00\" \/>\n<meta property=\"og:image\" content=\"https:\/\/thewitcherycph.com\/wp-content\/uploads\/2022\/08\/Organic-Calendula-Face-Mist-Hydrolate-The-Witchery-CPH-2.jpg\" \/>\n\t<meta property=\"og:image:width\" content=\"1400\" \/>\n\t<meta property=\"og:image:height\" content=\"1600\" \/>\n\t<meta property=\"og:image:type\" content=\"image\/jpeg\" \/>\n<meta name=\"twitter:card\" content=\"summary_large_image\" \/>\n<meta name=\"twitter:label1\" content=\"Estimeret l\u00e6setid\" \/>\n\t<meta name=\"twitter:data1\" content=\"3 minutter\" \/>\n<script type=\"application\/ld+json\" class=\"yoast-schema-graph\">{\"@context\":\"https:\/\/schema.org\",\"@graph\":[{\"@type\":\"WebPage\",\"@id\":\"https:\/\/thewitcherycph.com\/da\/vare\/oekologisk-helende-morgenfrue-ansigtstoner\/\",\"url\":\"https:\/\/thewitcherycph.com\/da\/vare\/oekologisk-helende-morgenfrue-ansigtstoner\/\",\"name\":\"\u00d8kologisk, helende morgenfrue ansigtstoner - The Witchery CPH\",\"isPartOf\":{\"@id\":\"https:\/\/thewitcherycph.com\/da\/#website\"},\"primaryImageOfPage\":{\"@id\":\"https:\/\/thewitcherycph.com\/da\/vare\/oekologisk-helende-morgenfrue-ansigtstoner\/#primaryimage\"},\"image\":{\"@id\":\"https:\/\/thewitcherycph.com\/da\/vare\/oekologisk-helende-morgenfrue-ansigtstoner\/#primaryimage\"},\"thumbnailUrl\":\"https:\/\/thewitcherycph.com\/wp-content\/uploads\/2022\/08\/Organic-Calendula-Face-Mist-Hydrolate-The-Witchery-CPH-2.jpg\",\"datePublished\":\"2026-03-28T11:31:20+00:00\",\"dateModified\":\"2026-03-28T11:31:22+00:00\",\"description\":\"Vores morgenfrue ansigtstoner er et produkt af at dampdestillere \u00f8kologiske morgenfruer. Morgenfrue er et traditionelt remedie mod dermatitis og akne\",\"breadcrumb\":{\"@id\":\"https:\/\/thewitcherycph.com\/da\/vare\/oekologisk-helende-morgenfrue-ansigtstoner\/#breadcrumb\"},\"inLanguage\":\"da-DK\",\"potentialAction\":[{\"@type\":\"ReadAction\",\"target\":[\"https:\/\/thewitcherycph.com\/da\/vare\/oekologisk-helende-morgenfrue-ansigtstoner\/\"]}]},{\"@type\":\"ImageObject\",\"inLanguage\":\"da-DK\",\"@id\":\"https:\/\/thewitcherycph.com\/da\/vare\/oekologisk-helende-morgenfrue-ansigtstoner\/#primaryimage\",\"url\":\"https:\/\/thewitcherycph.com\/wp-content\/uploads\/2022\/08\/Organic-Calendula-Face-Mist-Hydrolate-The-Witchery-CPH-2.jpg\",\"contentUrl\":\"https:\/\/thewitcherycph.com\/wp-content\/uploads\/2022\/08\/Organic-Calendula-Face-Mist-Hydrolate-The-Witchery-CPH-2.jpg\",\"width\":1400,\"height\":1600,\"caption\":\"Organic Calendula Face Tonic, a traditional remedy to heal the skin\"},{\"@type\":\"BreadcrumbList\",\"@id\":\"https:\/\/thewitcherycph.com\/da\/vare\/oekologisk-helende-morgenfrue-ansigtstoner\/#breadcrumb\",\"itemListElement\":[{\"@type\":\"ListItem\",\"position\":1,\"name\":\"Home\",\"item\":\"https:\/\/thewitcherycph.com\/da\/hjemside\/\"},{\"@type\":\"ListItem\",\"position\":2,\"name\":\"Butik\",\"item\":\"https:\/\/thewitcherycph.com\/da\/shop\/\"},{\"@type\":\"ListItem\",\"position\":3,\"name\":\"\u00d8kologisk, helende morgenfrue ansigtstoner\"}]},{\"@type\":\"WebSite\",\"@id\":\"https:\/\/thewitcherycph.com\/da\/#website\",\"url\":\"https:\/\/thewitcherycph.com\/da\/\",\"name\":\"The Witchery CPH\",\"description\":\"Sustainable Natural Skincare from Copenhagen\",\"potentialAction\":[{\"@type\":\"SearchAction\",\"target\":{\"@type\":\"EntryPoint\",\"urlTemplate\":\"https:\/\/thewitcherycph.com\/da\/?s={search_term_string}\"},\"query-input\":{\"@type\":\"PropertyValueSpecification\",\"valueRequired\":true,\"valueName\":\"search_term_string\"}}],\"inLanguage\":\"da-DK\"}]}<\/script>\n<!-- \/ Yoast SEO plugin. -->","yoast_head_json":{"title":"\u00d8kologisk, helende morgenfrue ansigtstoner - The Witchery CPH","description":"Vores morgenfrue ansigtstoner er et produkt af at dampdestillere \u00f8kologiske morgenfruer. Morgenfrue er et traditionelt remedie mod dermatitis og akne","robots":{"index":"index","follow":"follow","max-snippet":"max-snippet:-1","max-image-preview":"max-image-preview:large","max-video-preview":"max-video-preview:-1"},"canonical":"https:\/\/thewitcherycph.com\/da\/vare\/oekologisk-helende-morgenfrue-ansigtstoner\/","og_locale":"da_DK","og_type":"article","og_title":"\u00d8kologisk, helende morgenfrue ansigtstoner - The Witchery CPH","og_description":"Vores morgenfrue ansigtstoner er et produkt af at dampdestillere \u00f8kologiske morgenfruer. Morgenfrue er et traditionelt remedie mod dermatitis og akne","og_url":"https:\/\/thewitcherycph.com\/da\/vare\/oekologisk-helende-morgenfrue-ansigtstoner\/","og_site_name":"The Witchery CPH","article_modified_time":"2026-03-28T11:31:22+00:00","og_image":[{"width":1400,"height":1600,"url":"https:\/\/thewitcherycph.com\/wp-content\/uploads\/2022\/08\/Organic-Calendula-Face-Mist-Hydrolate-The-Witchery-CPH-2.jpg","type":"image\/jpeg"}],"twitter_card":"summary_large_image","twitter_misc":{"Estimeret l\u00e6setid":"3 minutter"},"schema":{"@context":"https:\/\/schema.org","@graph":[{"@type":"WebPage","@id":"https:\/\/thewitcherycph.com\/da\/vare\/oekologisk-helende-morgenfrue-ansigtstoner\/","url":"https:\/\/thewitcherycph.com\/da\/vare\/oekologisk-helende-morgenfrue-ansigtstoner\/","name":"\u00d8kologisk, helende morgenfrue ansigtstoner - The Witchery CPH","isPartOf":{"@id":"https:\/\/thewitcherycph.com\/da\/#website"},"primaryImageOfPage":{"@id":"https:\/\/thewitcherycph.com\/da\/vare\/oekologisk-helende-morgenfrue-ansigtstoner\/#primaryimage"},"image":{"@id":"https:\/\/thewitcherycph.com\/da\/vare\/oekologisk-helende-morgenfrue-ansigtstoner\/#primaryimage"},"thumbnailUrl":"https:\/\/thewitcherycph.com\/wp-content\/uploads\/2022\/08\/Organic-Calendula-Face-Mist-Hydrolate-The-Witchery-CPH-2.jpg","datePublished":"2026-03-28T11:31:20+00:00","dateModified":"2026-03-28T11:31:22+00:00","description":"Vores morgenfrue ansigtstoner er et produkt af at dampdestillere \u00f8kologiske morgenfruer. Morgenfrue er et traditionelt remedie mod dermatitis og akne","breadcrumb":{"@id":"https:\/\/thewitcherycph.com\/da\/vare\/oekologisk-helende-morgenfrue-ansigtstoner\/#breadcrumb"},"inLanguage":"da-DK","potentialAction":[{"@type":"ReadAction","target":["https:\/\/thewitcherycph.com\/da\/vare\/oekologisk-helende-morgenfrue-ansigtstoner\/"]}]},{"@type":"ImageObject","inLanguage":"da-DK","@id":"https:\/\/thewitcherycph.com\/da\/vare\/oekologisk-helende-morgenfrue-ansigtstoner\/#primaryimage","url":"https:\/\/thewitcherycph.com\/wp-content\/uploads\/2022\/08\/Organic-Calendula-Face-Mist-Hydrolate-The-Witchery-CPH-2.jpg","contentUrl":"https:\/\/thewitcherycph.com\/wp-content\/uploads\/2022\/08\/Organic-Calendula-Face-Mist-Hydrolate-The-Witchery-CPH-2.jpg","width":1400,"height":1600,"caption":"Organic Calendula Face Tonic, a traditional remedy to heal the skin"},{"@type":"BreadcrumbList","@id":"https:\/\/thewitcherycph.com\/da\/vare\/oekologisk-helende-morgenfrue-ansigtstoner\/#breadcrumb","itemListElement":[{"@type":"ListItem","position":1,"name":"Home","item":"https:\/\/thewitcherycph.com\/da\/hjemside\/"},{"@type":"ListItem","position":2,"name":"Butik","item":"https:\/\/thewitcherycph.com\/da\/shop\/"},{"@type":"ListItem","position":3,"name":"\u00d8kologisk, helende morgenfrue ansigtstoner"}]},{"@type":"WebSite","@id":"https:\/\/thewitcherycph.com\/da\/#website","url":"https:\/\/thewitcherycph.com\/da\/","name":"The Witchery CPH","description":"Sustainable Natural Skincare from Copenhagen","potentialAction":[{"@type":"SearchAction","target":{"@type":"EntryPoint","urlTemplate":"https:\/\/thewitcherycph.com\/da\/?s={search_term_string}"},"query-input":{"@type":"PropertyValueSpecification","valueRequired":true,"valueName":"search_term_string"}}],"inLanguage":"da-DK"}]}},"_links":{"self":[{"href":"https:\/\/thewitcherycph.com\/da\/wp-json\/wp\/v2\/product\/7990","targetHints":{"allow":["GET"]}}],"collection":[{"href":"https:\/\/thewitcherycph.com\/da\/wp-json\/wp\/v2\/product"}],"about":[{"href":"https:\/\/thewitcherycph.com\/da\/wp-json\/wp\/v2\/types\/product"}],"replies":[{"embeddable":true,"href":"https:\/\/thewitcherycph.com\/da\/wp-json\/wp\/v2\/comments?post=7990"}],"wp:featuredmedia":[{"embeddable":true,"href":"https:\/\/thewitcherycph.com\/da\/wp-json\/wp\/v2\/media\/6457"}],"wp:attachment":[{"href":"https:\/\/thewitcherycph.com\/da\/wp-json\/wp\/v2\/media?parent=7990"}],"wp:term":[{"taxonomy":"product_brand","embeddable":true,"href":"https:\/\/thewitcherycph.com\/da\/wp-json\/wp\/v2\/product_brand?post=7990"},{"taxonomy":"product_cat","embeddable":true,"href":"https:\/\/thewitcherycph.com\/da\/wp-json\/wp\/v2\/product_cat?post=7990"},{"taxonomy":"product_tag","embeddable":true,"href":"https:\/\/thewitcherycph.com\/da\/wp-json\/wp\/v2\/product_tag?post=7990"}],"curies":[{"name":"wp","href":"https:\/\/api.w.org\/{rel}","templated":true}]}}