{"id":7989,"date":"2026-03-28T11:09:46","date_gmt":"2026-03-28T11:09:46","guid":{"rendered":"https:\/\/thewitcherycph.com\/product\/oekologisk-lavendel-ansigtstoner\/"},"modified":"2026-03-28T11:09:48","modified_gmt":"2026-03-28T11:09:48","slug":"oekologisk-lavendel-ansigtstoner","status":"publish","type":"product","link":"https:\/\/thewitcherycph.com\/da\/vare\/oekologisk-lavendel-ansigtstoner\/","title":{"rendered":"\u00d8kologisk lavendel ansigtstoner"},"content":{"rendered":"<section class=\"wpb-content-wrapper\"><p>[vc_row][vc_column][konte_banner source=&#8221;external_link&#8221; text_position=&#8221;top-left&#8221; font_container=&#8221;font_size:40px&#8221; button_text=&#8221;&#8221; css=&#8221;.vc_custom_1620273975273{margin-bottom: 100px !important;}&#8221; custom_src=&#8221;https:\/\/thewitcherycph.com\/wp-content\/uploads\/2022\/08\/organic-lavender-face-mist-hydrosol-the-witchery-cph-covered.jpg&#8221;]<br \/>\n\u00d8KOLOGISK<br \/>BEROLIGENDE<br \/>LAVENDEL [\/konte_banner][\/vc_column][\/vc_row]<\/p>\n<p>[vc_row][vc_column width=&#8221;5\/6&#8243; offset=&#8221;vc_col-lg-offset-1 vc_col-md-offset-1&#8243;][vc_row_inner][vc_column_inner width=&#8221;1\/2&#8243;][vc_custom_heading text=&#8221; FORDELE VED<br \/>LAVENDELTONER<br \/>\n&#8221; use_theme_fonts=&#8221;yes&#8221; css=&#8221;.vc_custom_1536826700353{margin-top: 45px !important;margin-right: 65px !important;margin-bottom: 40px !important;margin-left: 65px !important;}&#8221;][vc_column_text css=&#8221;.vc_custom_1536826413162{margin-right: 65px !important;margin-bottom: 200px !important;margin-left: 65px !important;}&#8221;] Vores \u00f8kologiske og beroligende lavendel ansigtstoner er lavet ved at dampdestillere lavendlens blomster, stilke og blade groet af vores urtekyndige bonde. Den har en meget dybere duft end den kommercielle lavendel, du m\u00e5ske er vant til. Toneren indeholder naturligt partikler af lavendelolie.<\/p>\n<p>Lavendel er en vidunderlig urte brugt til at regenerere, berolige, bl\u00f8dg\u00f8re og oplive huden. Den er proppet med antioxidanter, der hj\u00e6lper huden med at forblive sund.<\/p>\n<p>Lavendel bliver is\u00e6r anbefalet til t\u00f8r hud, da den har fantastiske fugtgivende evner.<\/p>\n<p>Udover utallige fordele for huden er lavendel ogs\u00e5 det perfekte middel til et stresset og \u00e6ngsteligt sind. Det er videnskabeligt bevist, at lavendel afhj\u00e6lper angst og s\u00f8vnl\u00f8shed.<\/p>\n<p>[\/vc_column_text][vc_single_image source=&#8221;external_link&#8221; css=&#8221;.vc_custom_1620273997007{margin-right: 55px !important;}&#8221;<br \/>\ncustom_src=&#8221;https:\/\/thewitcherycph.com\/wp-content\/uploads\/2022\/08\/natural-skin-tonics-the-witchery-cph.jpg&#8221;][\/vc_column_inner]<\/p>\n<p>[vc_column_inner width=&#8221;1\/2&#8243;][vc_single_image source=&#8221;external_link&#8221; alignment=&#8221;right&#8221; css=&#8221;.vc_custom_1620274010228{margin-bottom: 220px !important;margin-left: 60px !important;}&#8221; custom_src=&#8221;https:\/\/thewitcherycph.com\/wp-content\/uploads\/2022\/08\/organic-lavender-face-mist-hydrosol-the-witchery-cph.jpg&#8221;][vc_custom_heading text=&#8221;ANVENDELSE&#8221; use_theme_fonts=&#8221;yes&#8221; css=&#8221;.vc_custom_1536826773205{margin-right: 90px !important;margin-bottom: 56px !important;margin-left: 60px !important;}&#8221;][vc_column_text css=&#8221;.vc_custom_1536826780690{margin-right: 90px !important;margin-left: 60px !important;}&#8221;]<\/p>\n<p>[vc_custom_heading text=&#8221;&#8221; use_theme_fonts=&#8221;yes&#8221; css=&#8221;.vc_custom_1536826773205{margin-right: 90px !important;margin-bottom: 56px !important;margin-left: 60px !important;}&#8221;][vc_column_text css=&#8221;.vc_custom_1536826780690{margin-right: 90px !important;margin-left: 60px !important;}&#8221;]<\/p>\n<p>Hvis du bruger den som toner &#8211; p\u00e5f\u00f8r p\u00e5 ansigtet, og f\u00f8lg op med en ansigtsolie (eller ansigtscreme).<\/p>\n<p>Vi anbefaler ogs\u00e5, at du bruger den, n\u00e5r som helst du har behov for at finde ro f.eks. p\u00e5 arbejdet, under en flyrejse, til yoga eller under meditation.<\/p>\n<p>[\/vc_column_text][\/vc_column_inner][\/vc_row_inner][\/vc_column][\/vc_row]<\/p>\n<h2><\/h2>\n<h2><\/h2>\n<h2><\/h2>\n<h2><\/h2>\n<p>&nbsp;<\/p>\n<p>&nbsp;<\/p>\n<h4>Alle vores produkter er lavet med europ\u00e6iske, b\u00e6redygtige ingredienser med mindst mulig spild. Vi er dedikerede til at g\u00f8re denne planet til et bedre sted og bruge de naturlige produkter, vi har lige uden foran vores d\u00f8r. Vi er The Witchery CPH og vi tror p\u00e5 naturens magi<\/h4>\n<p>&nbsp;<\/p>\n<p>FAQ<\/p>\n<hr>\n<p>Vi er cruelty-free, og vi tester aldrig p\u00e5 dyr. Alle produkter er lokale og b\u00e6redygtige. Alle vores produkter er lokale og b\u00e6redygtige. Vi bruger fr\u00f8, som er biprodukter af europ\u00e6isk f\u00f8devareproduktion, hvilket s\u00e6nker vores klimaaftryk og vandforbrug. Lokale fr\u00f8 betyder, at de ikke skal transporteres langt eller opbevares i lange perioder. De strenge regler for landbrug i EU sikrer ogs\u00e5, at vores fr\u00f8 har markedets h\u00f8jeste kvalitet. Dermed er vores produkter ikke bare b\u00e6redygtige, men ogs\u00e5 af fantastisk kvalitet.<\/p>\n<\/section>","protected":false},"excerpt":{"rendered":"<p>Vores \u00f8kologiske lavendel ansigtstoner er et rent produkt og 100% naturligt.<\/p>\n<ul>\n<li>h\u00e5ndplukket og dampdestilleret \u00f8kologisk lavendel<\/li>\n<li>beroligende, fugtgivende og regenererende<\/li>\n<li>beroliger sindet<\/li>\n<li>vi anbefaler is\u00e6r denne toner som del af en aftenrutine<\/li>\n<\/ul>\n<p><span style=\"font-weight: 400;\">Dette er ikke bare din s\u00e6dvanlige lavendeltoner. For at lave denne toner dampdestilleres b\u00e5de lavendlens blomster, stilke og blade Vores \u00f8kologiske og beroligende lavendel ansigtstoner kommer fra en h\u00e5ndv\u00e6rksproduktion p\u00e5 en lille g\u00e5rd drevet af en kvindelig bonde. Her bliver naturen taget h\u00e5nd om, og planterne h\u00e5ndplukkes med k\u00e6rlighed. Produktet er fra EU.<\/span><\/p>\n","protected":false},"featured_media":5248,"comment_status":"open","ping_status":"closed","template":"","meta":[],"product_brand":[],"product_cat":[523,471,498,470],"product_tag":[922,921,920,923],"class_list":{"0":"post-7989","1":"product","2":"type-product","3":"status-publish","4":"has-post-thumbnail","6":"product_cat-aeldning-og-tor-hud","7":"product_cat-produkter","8":"product_cat-rodme-og-hudfolsomhed","9":"product_cat-toners-hydrosoler","10":"product_tag-lavendel-hydrosol","11":"product_tag-lavendel-toner","12":"product_tag-lavendlens-fordele-for-huden","13":"product_tag-til-tor-hud","15":"first","16":"instock","17":"taxable","18":"shipping-taxable","19":"purchasable","20":"product-type-simple"},"yoast_head":"<!-- This site is optimized with the Yoast SEO plugin v24.9 - https:\/\/yoast.com\/wordpress\/plugins\/seo\/ -->\n<title>\u00d8kologisk lavendel ansigtstoner - The Witchery CPH<\/title>\n<meta name=\"description\" content=\"Vores \u00f8kologiske, beroligende lavendel ansigtstoner er lavet ved dampdestillering. Toneren regenererer og giver fugt til huden, og beroliger sindet.\" \/>\n<meta name=\"robots\" content=\"index, follow, max-snippet:-1, max-image-preview:large, max-video-preview:-1\" \/>\n<link rel=\"canonical\" href=\"https:\/\/thewitcherycph.com\/da\/vare\/oekologisk-lavendel-ansigtstoner\/\" \/>\n<meta property=\"og:locale\" content=\"da_DK\" \/>\n<meta property=\"og:type\" content=\"article\" \/>\n<meta property=\"og:title\" content=\"\u00d8kologisk lavendel ansigtstoner - The Witchery CPH\" \/>\n<meta property=\"og:description\" content=\"Vores \u00f8kologiske, beroligende lavendel ansigtstoner er lavet ved dampdestillering. Toneren regenererer og giver fugt til huden, og beroliger sindet.\" \/>\n<meta property=\"og:url\" content=\"https:\/\/thewitcherycph.com\/da\/vare\/oekologisk-lavendel-ansigtstoner\/\" \/>\n<meta property=\"og:site_name\" content=\"The Witchery CPH\" \/>\n<meta property=\"article:modified_time\" content=\"2026-03-28T11:09:48+00:00\" \/>\n<meta property=\"og:image\" content=\"https:\/\/thewitcherycph.com\/wp-content\/uploads\/2022\/08\/organic-lavender-face-mist-hydrosol-the-witchery-cph.jpg\" \/>\n\t<meta property=\"og:image:width\" content=\"1400\" \/>\n\t<meta property=\"og:image:height\" content=\"1600\" \/>\n\t<meta property=\"og:image:type\" content=\"image\/jpeg\" \/>\n<meta name=\"twitter:card\" content=\"summary_large_image\" \/>\n<meta name=\"twitter:label1\" content=\"Estimeret l\u00e6setid\" \/>\n\t<meta name=\"twitter:data1\" content=\"3 minutter\" \/>\n<script type=\"application\/ld+json\" class=\"yoast-schema-graph\">{\"@context\":\"https:\/\/schema.org\",\"@graph\":[{\"@type\":\"WebPage\",\"@id\":\"https:\/\/thewitcherycph.com\/da\/vare\/oekologisk-lavendel-ansigtstoner\/\",\"url\":\"https:\/\/thewitcherycph.com\/da\/vare\/oekologisk-lavendel-ansigtstoner\/\",\"name\":\"\u00d8kologisk lavendel ansigtstoner - The Witchery CPH\",\"isPartOf\":{\"@id\":\"https:\/\/thewitcherycph.com\/da\/#website\"},\"primaryImageOfPage\":{\"@id\":\"https:\/\/thewitcherycph.com\/da\/vare\/oekologisk-lavendel-ansigtstoner\/#primaryimage\"},\"image\":{\"@id\":\"https:\/\/thewitcherycph.com\/da\/vare\/oekologisk-lavendel-ansigtstoner\/#primaryimage\"},\"thumbnailUrl\":\"https:\/\/thewitcherycph.com\/wp-content\/uploads\/2022\/08\/organic-lavender-face-mist-hydrosol-the-witchery-cph.jpg\",\"datePublished\":\"2026-03-28T11:09:46+00:00\",\"dateModified\":\"2026-03-28T11:09:48+00:00\",\"description\":\"Vores \u00f8kologiske, beroligende lavendel ansigtstoner er lavet ved dampdestillering. Toneren regenererer og giver fugt til huden, og beroliger sindet.\",\"breadcrumb\":{\"@id\":\"https:\/\/thewitcherycph.com\/da\/vare\/oekologisk-lavendel-ansigtstoner\/#breadcrumb\"},\"inLanguage\":\"da-DK\",\"potentialAction\":[{\"@type\":\"ReadAction\",\"target\":[\"https:\/\/thewitcherycph.com\/da\/vare\/oekologisk-lavendel-ansigtstoner\/\"]}]},{\"@type\":\"ImageObject\",\"inLanguage\":\"da-DK\",\"@id\":\"https:\/\/thewitcherycph.com\/da\/vare\/oekologisk-lavendel-ansigtstoner\/#primaryimage\",\"url\":\"https:\/\/thewitcherycph.com\/wp-content\/uploads\/2022\/08\/organic-lavender-face-mist-hydrosol-the-witchery-cph.jpg\",\"contentUrl\":\"https:\/\/thewitcherycph.com\/wp-content\/uploads\/2022\/08\/organic-lavender-face-mist-hydrosol-the-witchery-cph.jpg\",\"width\":1400,\"height\":1600,\"caption\":\"organic lavender face mist hydrosol\"},{\"@type\":\"BreadcrumbList\",\"@id\":\"https:\/\/thewitcherycph.com\/da\/vare\/oekologisk-lavendel-ansigtstoner\/#breadcrumb\",\"itemListElement\":[{\"@type\":\"ListItem\",\"position\":1,\"name\":\"Home\",\"item\":\"https:\/\/thewitcherycph.com\/da\/hjemside\/\"},{\"@type\":\"ListItem\",\"position\":2,\"name\":\"Butik\",\"item\":\"https:\/\/thewitcherycph.com\/da\/shop\/\"},{\"@type\":\"ListItem\",\"position\":3,\"name\":\"\u00d8kologisk lavendel ansigtstoner\"}]},{\"@type\":\"WebSite\",\"@id\":\"https:\/\/thewitcherycph.com\/da\/#website\",\"url\":\"https:\/\/thewitcherycph.com\/da\/\",\"name\":\"The Witchery CPH\",\"description\":\"Sustainable Natural Skincare from Copenhagen\",\"potentialAction\":[{\"@type\":\"SearchAction\",\"target\":{\"@type\":\"EntryPoint\",\"urlTemplate\":\"https:\/\/thewitcherycph.com\/da\/?s={search_term_string}\"},\"query-input\":{\"@type\":\"PropertyValueSpecification\",\"valueRequired\":true,\"valueName\":\"search_term_string\"}}],\"inLanguage\":\"da-DK\"}]}<\/script>\n<!-- \/ Yoast SEO plugin. -->","yoast_head_json":{"title":"\u00d8kologisk lavendel ansigtstoner - The Witchery CPH","description":"Vores \u00f8kologiske, beroligende lavendel ansigtstoner er lavet ved dampdestillering. Toneren regenererer og giver fugt til huden, og beroliger sindet.","robots":{"index":"index","follow":"follow","max-snippet":"max-snippet:-1","max-image-preview":"max-image-preview:large","max-video-preview":"max-video-preview:-1"},"canonical":"https:\/\/thewitcherycph.com\/da\/vare\/oekologisk-lavendel-ansigtstoner\/","og_locale":"da_DK","og_type":"article","og_title":"\u00d8kologisk lavendel ansigtstoner - The Witchery CPH","og_description":"Vores \u00f8kologiske, beroligende lavendel ansigtstoner er lavet ved dampdestillering. Toneren regenererer og giver fugt til huden, og beroliger sindet.","og_url":"https:\/\/thewitcherycph.com\/da\/vare\/oekologisk-lavendel-ansigtstoner\/","og_site_name":"The Witchery CPH","article_modified_time":"2026-03-28T11:09:48+00:00","og_image":[{"width":1400,"height":1600,"url":"https:\/\/thewitcherycph.com\/wp-content\/uploads\/2022\/08\/organic-lavender-face-mist-hydrosol-the-witchery-cph.jpg","type":"image\/jpeg"}],"twitter_card":"summary_large_image","twitter_misc":{"Estimeret l\u00e6setid":"3 minutter"},"schema":{"@context":"https:\/\/schema.org","@graph":[{"@type":"WebPage","@id":"https:\/\/thewitcherycph.com\/da\/vare\/oekologisk-lavendel-ansigtstoner\/","url":"https:\/\/thewitcherycph.com\/da\/vare\/oekologisk-lavendel-ansigtstoner\/","name":"\u00d8kologisk lavendel ansigtstoner - The Witchery CPH","isPartOf":{"@id":"https:\/\/thewitcherycph.com\/da\/#website"},"primaryImageOfPage":{"@id":"https:\/\/thewitcherycph.com\/da\/vare\/oekologisk-lavendel-ansigtstoner\/#primaryimage"},"image":{"@id":"https:\/\/thewitcherycph.com\/da\/vare\/oekologisk-lavendel-ansigtstoner\/#primaryimage"},"thumbnailUrl":"https:\/\/thewitcherycph.com\/wp-content\/uploads\/2022\/08\/organic-lavender-face-mist-hydrosol-the-witchery-cph.jpg","datePublished":"2026-03-28T11:09:46+00:00","dateModified":"2026-03-28T11:09:48+00:00","description":"Vores \u00f8kologiske, beroligende lavendel ansigtstoner er lavet ved dampdestillering. Toneren regenererer og giver fugt til huden, og beroliger sindet.","breadcrumb":{"@id":"https:\/\/thewitcherycph.com\/da\/vare\/oekologisk-lavendel-ansigtstoner\/#breadcrumb"},"inLanguage":"da-DK","potentialAction":[{"@type":"ReadAction","target":["https:\/\/thewitcherycph.com\/da\/vare\/oekologisk-lavendel-ansigtstoner\/"]}]},{"@type":"ImageObject","inLanguage":"da-DK","@id":"https:\/\/thewitcherycph.com\/da\/vare\/oekologisk-lavendel-ansigtstoner\/#primaryimage","url":"https:\/\/thewitcherycph.com\/wp-content\/uploads\/2022\/08\/organic-lavender-face-mist-hydrosol-the-witchery-cph.jpg","contentUrl":"https:\/\/thewitcherycph.com\/wp-content\/uploads\/2022\/08\/organic-lavender-face-mist-hydrosol-the-witchery-cph.jpg","width":1400,"height":1600,"caption":"organic lavender face mist hydrosol"},{"@type":"BreadcrumbList","@id":"https:\/\/thewitcherycph.com\/da\/vare\/oekologisk-lavendel-ansigtstoner\/#breadcrumb","itemListElement":[{"@type":"ListItem","position":1,"name":"Home","item":"https:\/\/thewitcherycph.com\/da\/hjemside\/"},{"@type":"ListItem","position":2,"name":"Butik","item":"https:\/\/thewitcherycph.com\/da\/shop\/"},{"@type":"ListItem","position":3,"name":"\u00d8kologisk lavendel ansigtstoner"}]},{"@type":"WebSite","@id":"https:\/\/thewitcherycph.com\/da\/#website","url":"https:\/\/thewitcherycph.com\/da\/","name":"The Witchery CPH","description":"Sustainable Natural Skincare from Copenhagen","potentialAction":[{"@type":"SearchAction","target":{"@type":"EntryPoint","urlTemplate":"https:\/\/thewitcherycph.com\/da\/?s={search_term_string}"},"query-input":{"@type":"PropertyValueSpecification","valueRequired":true,"valueName":"search_term_string"}}],"inLanguage":"da-DK"}]}},"_links":{"self":[{"href":"https:\/\/thewitcherycph.com\/da\/wp-json\/wp\/v2\/product\/7989","targetHints":{"allow":["GET"]}}],"collection":[{"href":"https:\/\/thewitcherycph.com\/da\/wp-json\/wp\/v2\/product"}],"about":[{"href":"https:\/\/thewitcherycph.com\/da\/wp-json\/wp\/v2\/types\/product"}],"replies":[{"embeddable":true,"href":"https:\/\/thewitcherycph.com\/da\/wp-json\/wp\/v2\/comments?post=7989"}],"wp:featuredmedia":[{"embeddable":true,"href":"https:\/\/thewitcherycph.com\/da\/wp-json\/wp\/v2\/media\/5248"}],"wp:attachment":[{"href":"https:\/\/thewitcherycph.com\/da\/wp-json\/wp\/v2\/media?parent=7989"}],"wp:term":[{"taxonomy":"product_brand","embeddable":true,"href":"https:\/\/thewitcherycph.com\/da\/wp-json\/wp\/v2\/product_brand?post=7989"},{"taxonomy":"product_cat","embeddable":true,"href":"https:\/\/thewitcherycph.com\/da\/wp-json\/wp\/v2\/product_cat?post=7989"},{"taxonomy":"product_tag","embeddable":true,"href":"https:\/\/thewitcherycph.com\/da\/wp-json\/wp\/v2\/product_tag?post=7989"}],"curies":[{"name":"wp","href":"https:\/\/api.w.org\/{rel}","templated":true}]}}