{"id":7973,"date":"2026-03-21T14:57:57","date_gmt":"2026-03-21T14:57:57","guid":{"rendered":"https:\/\/thewitcherycph.com\/product\/haandlavet-rapsvokslys-med-citrongraes-lille\/"},"modified":"2026-03-21T14:58:00","modified_gmt":"2026-03-21T14:58:00","slug":"haandlavet-rapsvokslys-med-citrongraes-lille","status":"publish","type":"product","link":"https:\/\/thewitcherycph.com\/da\/vare\/haandlavet-rapsvokslys-med-citrongraes-lille\/","title":{"rendered":"H\u00e5ndlavet rapsvokslys med citrongr\u00e6s &#8211; lille"},"content":{"rendered":"<section class=\"wpb-content-wrapper\"><p>[vc_row][vc_column][konte_banner source=&#8221;external_link&#8221; text_position=&#8221;top-left&#8221; font_container=&#8221;font_size:40px&#8221; button_text=&#8221;&#8221; css=&#8221;.vc_custom_1620273975273{margin-bottom: 100px !important;}&#8221; custom_src=&#8221;https:\/\/thewitcherycph.com\/wp-content\/uploads\/2024\/09\/handmade-rapeseed-wax-organic-candles-with-dry-flowers-cover.jpg&#8221;]<br \/>\nH\u00c5NDLAVET<br \/>CITRONGR\u00c6SLYS [\/konte_banner][\/vc_column][\/vc_row]<\/p>\n<p>[vc_row][vc_column width=&#8221;5\/6&#8243; offset=&#8221;vc_col-lg-offset-1 vc_col-md-offset-1&#8243;][vc_row_inner][vc_column_inner width=&#8221;1\/2&#8243;][vc_custom_heading text=&#8221;<br \/>\nEFFEKT AF <br \/>CITRONGR\u00c6S<br \/>\n&#8221; use_theme_fonts=&#8221;yes&#8221; css=&#8221;.vc_custom_1536826700353{margin-top: 45px !important;margin-right: 65px !important;margin-bottom: 40px !important;margin-left: 65px !important;}&#8221;][vc_column_text css=&#8221;.vc_custom_1536826413162{margin-right: 65px !important;margin-bottom: 200px !important;margin-left: 65px !important;}&#8221;] Ligesom med lavendel er det videnskabeligt bevist, at citrongr\u00e6s har en beroligende effekt p\u00e5 dig og dit sind. Duften af citrongr\u00e6s giver en f\u00f8lelse af frig\u00f8relse fra angst og anden stress.<\/p>\n<p>Vi elsker citrongr\u00e6s under meditation og afslapning. De er ogs\u00e5 en smuk gave til enhver naturelsker.<\/p>\n<p>[\/vc_column_text][vc_single_image source=&#8221;external_link&#8221; css=&#8221;.vc_custom_1620273997007{margin-right: 55px !important;}&#8221;<br \/>\ncustom_src=&#8221;https:\/\/thewitcherycph.com\/wp-content\/uploads\/2024\/09\/handmade-rapeseed-wax-lemongrass-organic-candle-with-dry-flowers-large-4.jpg&#8221;][\/vc_column_inner]<\/p>\n<p>[vc_column_inner width=&#8221;1\/2&#8243;][vc_single_image source=&#8221;external_link&#8221; alignment=&#8221;right&#8221; css=&#8221;.vc_custom_1620274010228{margin-bottom: 220px !important;margin-left: 60px !important;}&#8221; custom_src=&#8221;https:\/\/thewitcherycph.com\/wp-content\/uploads\/2024\/09\/handmade-rapeseed-wax-lemongrass-organic-candle-with-dry-meadow-flowers-large-2.jpg&#8221;][vc_custom_heading text=&#8221;Hvorfor rapsvoks&#8221; use_theme_fonts=&#8221;yes&#8221; css=&#8221;.vc_custom_1536826773205{margin-right: 90px !important;margin-bottom: 56px !important;margin-left: 60px !important;}&#8221;][vc_column_text css=&#8221;.vc_custom_1536826780690{margin-right: 90px !important;margin-left: 60px !important;}&#8221;]<\/p>\n<p>[vc_custom_heading text=&#8221;&#8221; use_theme_fonts=&#8221;yes&#8221; css=&#8221;.vc_custom_1536826773205{margin-right: 90px !important;margin-bottom: 56px !important;margin-left: 60px !important;}&#8221;][vc_column_text css=&#8221;.vc_custom_1536826780690{margin-right: 90px !important;margin-left: 60px !important;}&#8221;]<\/p>\n<p>Raps er en almindelig afgr\u00f8de, der gror i det nordlige Europa, og laver en sk\u00f8n, b\u00e6redygtig voks, der kan bruges til lys. <\/p>\n<p>You may know rapeseed oil, commonly used in cooking in Scandinavia. The oil also makes a great candle wax, which is a more sustainable alternative to soy wax.<\/p>\n<p>The candles also feature dry wild meadow flowers and a cotton wick. The candles are scented with lavender oil.<br \/>\n[\/vc_column_text][\/vc_column_inner][\/vc_row_inner][\/vc_column][\/vc_row]<\/p>\n<h2><\/h2>\n<h2><\/h2>\n<h2><\/h2>\n<h2><\/h2>\n<p>&nbsp;<\/p>\n<p>&nbsp;<\/p>\n<h4>Alle vores produkter er lavet med europ\u00e6iske, b\u00e6redygtige ingredienser med mindst mulig spild. Vi er dedikerede til at g\u00f8re denne planet til et bedre sted og bruge de naturlige produkter, vi har lige uden foran vores d\u00f8r. Vi er The Witchery CPH, og vi tror p\u00e5 naturens magi.<\/h4>\n<p>&nbsp;<\/p>\n<p>FAQ<\/p>\n<hr>\n<p>Vi er cruelty-free, og vi tester aldrig p\u00e5 dyr. Alle produkter er lokale og b\u00e6redygtige. Alle vores produkter er lokale og b\u00e6redygtige. Vi bruger fr\u00f8, som er biprodukter af europ\u00e6isk f\u00f8devareproduktion, hvilket s\u00e6nker vores klimaaftryk og vandforbrug. Lokale fr\u00f8 betyder, at de ikke skal transporteres langt eller opbevares i lange perioder. De strenge regler for landbrug i EU sikrer ogs\u00e5, at vores fr\u00f8 har markedets h\u00f8jeste kvalitet. Dermed er vores produkter ikke bare b\u00e6redygtige, men ogs\u00e5 af fantastisk kvalitet.<\/p>\n<\/section>","protected":false},"excerpt":{"rendered":"<p>Dette lys er h\u00e5ndlavet fra 100% \u00f8kologisk rapsvoks, en afgr\u00f8de der vokser rundt om i det nordlige Europa. Dette lys er lavet med en bomuldsv\u00e6ge, t\u00f8rrede, vilde engblomster og \u00f8kologisk \u00e6terisk olie af citrongr\u00e6s.<\/p>\n<ul>\n<li>b\u00e6redygtigt lys af rapsvoks<\/li>\n<li>20 timers br\u00e6ndetid<\/li>\n<li>lavet med smukke, t\u00f8rrede, vilde engblomster<\/li>\n<li>tilsat duft af \u00f8kologisk citrongr\u00e6s \u00e6terisk olie<\/li>\n<li>en smuk og milj\u00f8venlig gave <\/li>\n<li>bomuldsv\u00e6ge<\/li>\n<li>h\u00e5ndlavet<\/li>\n<\/ul>\n<p><span style=\"font-weight: 400;\">Vi elsker at bruge disse lys til meditation, manifestering og afslapning \ud83d\ude42 De er perfekte til sensuelle aftener og regnvejrsdage. H\u00e5ndlavet af GardeniaEco<\/span><\/p>\n","protected":false},"featured_media":6611,"comment_status":"open","ping_status":"closed","template":"","meta":[],"product_brand":[],"product_cat":[861,471],"product_tag":[905,906,865,863,862,864],"class_list":{"0":"post-7973","1":"product","2":"type-product","3":"status-publish","4":"has-post-thumbnail","6":"product_cat-lys","7":"product_cat-produkter","8":"product_tag-citrongraes-lys","9":"product_tag-lys-med-engblomster","10":"product_tag-lys-med-torrede-blomster","11":"product_tag-okologisk-lys","12":"product_tag-rapslys","13":"product_tag-rapsvoks","15":"first","16":"outofstock","17":"taxable","18":"shipping-taxable","19":"purchasable","20":"product-type-simple"},"yoast_head":"<!-- This site is optimized with the Yoast SEO plugin v24.9 - https:\/\/yoast.com\/wordpress\/plugins\/seo\/ -->\n<title>H\u00e5ndlavet rapsvokslys med citrongr\u00e6s - lille - The Witchery CPH<\/title>\n<meta name=\"description\" content=\"Vores h\u00e5ndlavede \u00f8kologiske rapsvokslys med vilde engblomster og citrongr\u00e6s \u00e6terisk olie er en smuk naturlig gave til sig selv eller dine n\u00e6rmeste.\" \/>\n<meta name=\"robots\" content=\"index, follow, max-snippet:-1, max-image-preview:large, max-video-preview:-1\" \/>\n<link rel=\"canonical\" href=\"https:\/\/thewitcherycph.com\/da\/vare\/haandlavet-rapsvokslys-med-citrongraes-lille\/\" \/>\n<meta property=\"og:locale\" content=\"da_DK\" \/>\n<meta property=\"og:type\" content=\"article\" \/>\n<meta property=\"og:title\" content=\"H\u00e5ndlavet rapsvokslys med citrongr\u00e6s - lille - The Witchery CPH\" \/>\n<meta property=\"og:description\" content=\"Vores h\u00e5ndlavede \u00f8kologiske rapsvokslys med vilde engblomster og citrongr\u00e6s \u00e6terisk olie er en smuk naturlig gave til sig selv eller dine n\u00e6rmeste.\" \/>\n<meta property=\"og:url\" content=\"https:\/\/thewitcherycph.com\/da\/vare\/haandlavet-rapsvokslys-med-citrongraes-lille\/\" \/>\n<meta property=\"og:site_name\" content=\"The Witchery CPH\" \/>\n<meta property=\"article:modified_time\" content=\"2026-03-21T14:58:00+00:00\" \/>\n<meta property=\"og:image\" content=\"https:\/\/thewitcherycph.com\/wp-content\/uploads\/2024\/09\/handmade-rapeseed-wax-lemongrass-organic-candle-with-dry-flowers-small-1.jpg\" \/>\n\t<meta property=\"og:image:width\" content=\"1400\" \/>\n\t<meta property=\"og:image:height\" content=\"1600\" \/>\n\t<meta property=\"og:image:type\" content=\"image\/jpeg\" \/>\n<meta name=\"twitter:card\" content=\"summary_large_image\" \/>\n<meta name=\"twitter:label1\" content=\"Estimeret l\u00e6setid\" \/>\n\t<meta name=\"twitter:data1\" content=\"3 minutter\" \/>\n<script type=\"application\/ld+json\" class=\"yoast-schema-graph\">{\"@context\":\"https:\/\/schema.org\",\"@graph\":[{\"@type\":\"WebPage\",\"@id\":\"https:\/\/thewitcherycph.com\/da\/vare\/haandlavet-rapsvokslys-med-citrongraes-lille\/\",\"url\":\"https:\/\/thewitcherycph.com\/da\/vare\/haandlavet-rapsvokslys-med-citrongraes-lille\/\",\"name\":\"H\u00e5ndlavet rapsvokslys med citrongr\u00e6s - lille - The Witchery CPH\",\"isPartOf\":{\"@id\":\"https:\/\/thewitcherycph.com\/da\/#website\"},\"primaryImageOfPage\":{\"@id\":\"https:\/\/thewitcherycph.com\/da\/vare\/haandlavet-rapsvokslys-med-citrongraes-lille\/#primaryimage\"},\"image\":{\"@id\":\"https:\/\/thewitcherycph.com\/da\/vare\/haandlavet-rapsvokslys-med-citrongraes-lille\/#primaryimage\"},\"thumbnailUrl\":\"https:\/\/thewitcherycph.com\/wp-content\/uploads\/2024\/09\/handmade-rapeseed-wax-lemongrass-organic-candle-with-dry-flowers-small-1.jpg\",\"datePublished\":\"2026-03-21T14:57:57+00:00\",\"dateModified\":\"2026-03-21T14:58:00+00:00\",\"description\":\"Vores h\u00e5ndlavede \u00f8kologiske rapsvokslys med vilde engblomster og citrongr\u00e6s \u00e6terisk olie er en smuk naturlig gave til sig selv eller dine n\u00e6rmeste.\",\"breadcrumb\":{\"@id\":\"https:\/\/thewitcherycph.com\/da\/vare\/haandlavet-rapsvokslys-med-citrongraes-lille\/#breadcrumb\"},\"inLanguage\":\"da-DK\",\"potentialAction\":[{\"@type\":\"ReadAction\",\"target\":[\"https:\/\/thewitcherycph.com\/da\/vare\/haandlavet-rapsvokslys-med-citrongraes-lille\/\"]}]},{\"@type\":\"ImageObject\",\"inLanguage\":\"da-DK\",\"@id\":\"https:\/\/thewitcherycph.com\/da\/vare\/haandlavet-rapsvokslys-med-citrongraes-lille\/#primaryimage\",\"url\":\"https:\/\/thewitcherycph.com\/wp-content\/uploads\/2024\/09\/handmade-rapeseed-wax-lemongrass-organic-candle-with-dry-flowers-small-1.jpg\",\"contentUrl\":\"https:\/\/thewitcherycph.com\/wp-content\/uploads\/2024\/09\/handmade-rapeseed-wax-lemongrass-organic-candle-with-dry-flowers-small-1.jpg\",\"width\":1400,\"height\":1600,\"caption\":\"handmade organic rapeseed candle with meadow flowers and lemongrass essential oil\"},{\"@type\":\"BreadcrumbList\",\"@id\":\"https:\/\/thewitcherycph.com\/da\/vare\/haandlavet-rapsvokslys-med-citrongraes-lille\/#breadcrumb\",\"itemListElement\":[{\"@type\":\"ListItem\",\"position\":1,\"name\":\"Home\",\"item\":\"https:\/\/thewitcherycph.com\/da\/hjemside\/\"},{\"@type\":\"ListItem\",\"position\":2,\"name\":\"Butik\",\"item\":\"https:\/\/thewitcherycph.com\/da\/shop\/\"},{\"@type\":\"ListItem\",\"position\":3,\"name\":\"H\u00e5ndlavet rapsvokslys med citrongr\u00e6s &#8211; lille\"}]},{\"@type\":\"WebSite\",\"@id\":\"https:\/\/thewitcherycph.com\/da\/#website\",\"url\":\"https:\/\/thewitcherycph.com\/da\/\",\"name\":\"The Witchery CPH\",\"description\":\"Sustainable Natural Skincare from Copenhagen\",\"potentialAction\":[{\"@type\":\"SearchAction\",\"target\":{\"@type\":\"EntryPoint\",\"urlTemplate\":\"https:\/\/thewitcherycph.com\/da\/?s={search_term_string}\"},\"query-input\":{\"@type\":\"PropertyValueSpecification\",\"valueRequired\":true,\"valueName\":\"search_term_string\"}}],\"inLanguage\":\"da-DK\"}]}<\/script>\n<!-- \/ Yoast SEO plugin. -->","yoast_head_json":{"title":"H\u00e5ndlavet rapsvokslys med citrongr\u00e6s - lille - The Witchery CPH","description":"Vores h\u00e5ndlavede \u00f8kologiske rapsvokslys med vilde engblomster og citrongr\u00e6s \u00e6terisk olie er en smuk naturlig gave til sig selv eller dine n\u00e6rmeste.","robots":{"index":"index","follow":"follow","max-snippet":"max-snippet:-1","max-image-preview":"max-image-preview:large","max-video-preview":"max-video-preview:-1"},"canonical":"https:\/\/thewitcherycph.com\/da\/vare\/haandlavet-rapsvokslys-med-citrongraes-lille\/","og_locale":"da_DK","og_type":"article","og_title":"H\u00e5ndlavet rapsvokslys med citrongr\u00e6s - lille - The Witchery CPH","og_description":"Vores h\u00e5ndlavede \u00f8kologiske rapsvokslys med vilde engblomster og citrongr\u00e6s \u00e6terisk olie er en smuk naturlig gave til sig selv eller dine n\u00e6rmeste.","og_url":"https:\/\/thewitcherycph.com\/da\/vare\/haandlavet-rapsvokslys-med-citrongraes-lille\/","og_site_name":"The Witchery CPH","article_modified_time":"2026-03-21T14:58:00+00:00","og_image":[{"width":1400,"height":1600,"url":"https:\/\/thewitcherycph.com\/wp-content\/uploads\/2024\/09\/handmade-rapeseed-wax-lemongrass-organic-candle-with-dry-flowers-small-1.jpg","type":"image\/jpeg"}],"twitter_card":"summary_large_image","twitter_misc":{"Estimeret l\u00e6setid":"3 minutter"},"schema":{"@context":"https:\/\/schema.org","@graph":[{"@type":"WebPage","@id":"https:\/\/thewitcherycph.com\/da\/vare\/haandlavet-rapsvokslys-med-citrongraes-lille\/","url":"https:\/\/thewitcherycph.com\/da\/vare\/haandlavet-rapsvokslys-med-citrongraes-lille\/","name":"H\u00e5ndlavet rapsvokslys med citrongr\u00e6s - lille - The Witchery CPH","isPartOf":{"@id":"https:\/\/thewitcherycph.com\/da\/#website"},"primaryImageOfPage":{"@id":"https:\/\/thewitcherycph.com\/da\/vare\/haandlavet-rapsvokslys-med-citrongraes-lille\/#primaryimage"},"image":{"@id":"https:\/\/thewitcherycph.com\/da\/vare\/haandlavet-rapsvokslys-med-citrongraes-lille\/#primaryimage"},"thumbnailUrl":"https:\/\/thewitcherycph.com\/wp-content\/uploads\/2024\/09\/handmade-rapeseed-wax-lemongrass-organic-candle-with-dry-flowers-small-1.jpg","datePublished":"2026-03-21T14:57:57+00:00","dateModified":"2026-03-21T14:58:00+00:00","description":"Vores h\u00e5ndlavede \u00f8kologiske rapsvokslys med vilde engblomster og citrongr\u00e6s \u00e6terisk olie er en smuk naturlig gave til sig selv eller dine n\u00e6rmeste.","breadcrumb":{"@id":"https:\/\/thewitcherycph.com\/da\/vare\/haandlavet-rapsvokslys-med-citrongraes-lille\/#breadcrumb"},"inLanguage":"da-DK","potentialAction":[{"@type":"ReadAction","target":["https:\/\/thewitcherycph.com\/da\/vare\/haandlavet-rapsvokslys-med-citrongraes-lille\/"]}]},{"@type":"ImageObject","inLanguage":"da-DK","@id":"https:\/\/thewitcherycph.com\/da\/vare\/haandlavet-rapsvokslys-med-citrongraes-lille\/#primaryimage","url":"https:\/\/thewitcherycph.com\/wp-content\/uploads\/2024\/09\/handmade-rapeseed-wax-lemongrass-organic-candle-with-dry-flowers-small-1.jpg","contentUrl":"https:\/\/thewitcherycph.com\/wp-content\/uploads\/2024\/09\/handmade-rapeseed-wax-lemongrass-organic-candle-with-dry-flowers-small-1.jpg","width":1400,"height":1600,"caption":"handmade organic rapeseed candle with meadow flowers and lemongrass essential oil"},{"@type":"BreadcrumbList","@id":"https:\/\/thewitcherycph.com\/da\/vare\/haandlavet-rapsvokslys-med-citrongraes-lille\/#breadcrumb","itemListElement":[{"@type":"ListItem","position":1,"name":"Home","item":"https:\/\/thewitcherycph.com\/da\/hjemside\/"},{"@type":"ListItem","position":2,"name":"Butik","item":"https:\/\/thewitcherycph.com\/da\/shop\/"},{"@type":"ListItem","position":3,"name":"H\u00e5ndlavet rapsvokslys med citrongr\u00e6s &#8211; lille"}]},{"@type":"WebSite","@id":"https:\/\/thewitcherycph.com\/da\/#website","url":"https:\/\/thewitcherycph.com\/da\/","name":"The Witchery CPH","description":"Sustainable Natural Skincare from Copenhagen","potentialAction":[{"@type":"SearchAction","target":{"@type":"EntryPoint","urlTemplate":"https:\/\/thewitcherycph.com\/da\/?s={search_term_string}"},"query-input":{"@type":"PropertyValueSpecification","valueRequired":true,"valueName":"search_term_string"}}],"inLanguage":"da-DK"}]}},"_links":{"self":[{"href":"https:\/\/thewitcherycph.com\/da\/wp-json\/wp\/v2\/product\/7973","targetHints":{"allow":["GET"]}}],"collection":[{"href":"https:\/\/thewitcherycph.com\/da\/wp-json\/wp\/v2\/product"}],"about":[{"href":"https:\/\/thewitcherycph.com\/da\/wp-json\/wp\/v2\/types\/product"}],"replies":[{"embeddable":true,"href":"https:\/\/thewitcherycph.com\/da\/wp-json\/wp\/v2\/comments?post=7973"}],"wp:featuredmedia":[{"embeddable":true,"href":"https:\/\/thewitcherycph.com\/da\/wp-json\/wp\/v2\/media\/6611"}],"wp:attachment":[{"href":"https:\/\/thewitcherycph.com\/da\/wp-json\/wp\/v2\/media?parent=7973"}],"wp:term":[{"taxonomy":"product_brand","embeddable":true,"href":"https:\/\/thewitcherycph.com\/da\/wp-json\/wp\/v2\/product_brand?post=7973"},{"taxonomy":"product_cat","embeddable":true,"href":"https:\/\/thewitcherycph.com\/da\/wp-json\/wp\/v2\/product_cat?post=7973"},{"taxonomy":"product_tag","embeddable":true,"href":"https:\/\/thewitcherycph.com\/da\/wp-json\/wp\/v2\/product_tag?post=7973"}],"curies":[{"name":"wp","href":"https:\/\/api.w.org\/{rel}","templated":true}]}}