{"id":7844,"date":"2024-12-03T22:19:00","date_gmt":"2026-02-13T15:50:39","guid":{"rendered":"https:\/\/thewitcherycph.com\/product\/skab-dit-eget-saet-to-olier-en-ansigtstoner\/"},"modified":"2026-03-27T16:25:04","modified_gmt":"2026-03-27T16:25:04","slug":"skab-dit-eget-saet-to-olier-en-ansigtstoner","status":"publish","type":"product","link":"https:\/\/thewitcherycph.com\/da\/vare\/skab-dit-eget-saet-to-olier-en-ansigtstoner\/","title":{"rendered":"Skab dit eget s\u00e6t: to olier + \u00e9n ansigtstoner"},"content":{"rendered":"<section class=\"wpb-content-wrapper\"><p>[vc_row][vc_column][konte_banner source=&#8221;external_link&#8221; text_position=&#8221;top-left&#8221; font_container=&#8221;font_size:40px&#8221; button_text=&#8221;&#8221; css=&#8221;.vc_custom_1620273975273{margin-bottom: 100px !important;}&#8221; custom_src=&#8221;https:\/\/thewitcherycph.com\/wp-content\/uploads\/2024\/10\/blackcurrant-elderflower-antioxidant-face-oil-the-witchery-cph-cover.jpg&#8221;]<br \/>\nLAV DIT EGET <br \/>NATURLIGE HUDPLEJES\u00c6T [\/konte_banner][\/vc_column][\/vc_row]<\/p>\n<p>[vc_row][vc_column width=&#8221;5\/6&#8243; offset=&#8221;vc_col-lg-offset-1 vc_col-md-offset-1&#8243;][vc_row_inner][vc_column_inner width=&#8221;1\/2&#8243;][vc_custom_heading text=&#8221;<br \/>\nFORDELE VED AT BRUGE<br \/>KOLDPRESSEDE OLIER<br \/>\n&#8221; use_theme_fonts=&#8221;yes&#8221; css=&#8221;.vc_custom_1536826700353{margin-top: 45px !important;margin-right: 65px !important;margin-bottom: 40px !important;margin-left: 65px !important;}&#8221;][vc_column_text css=&#8221;.vc_custom_1536826413162{margin-right: 65px !important;margin-bottom: 200px !important;margin-left: 65px !important;}&#8221;] Koldpressede olier er ekstremt gode for din hud. Alle olierne er lavet ved at koldpresse planternes fr\u00f8 og kerner, som er plantens eget DNA. Koldpressede olier bevarer og reparerer hudens barriere, forsegler hudens naturlige fugtindhold og tilf\u00f8rer et ton af n\u00e6ringsstoffer, vitaminer og k\u00e6rlighed. <\/p>\n<p>Vi arbejder udelukkende med europ\u00e6iske planter, som du sandsynligvis kender fra frugt og gr\u00f8nt afdelingen i dit lokale supermarked. Vi tror p\u00e5 at mad er sk\u00f8nhed. <\/p>\n<p>Olier fra frugter er som oftest mere fl\u00f8jlslignende og dr\u00f8je end olier fra gr\u00f8ntsager. Dog ikke altid. St\u00f8rstedelen af vores frugtolier er 100% nulspild, da de er erhvervet fra juice- og syltet\u00f8jsproduktioner.<\/p>\n<p>[\/vc_column_text][vc_single_image source=&#8221;external_link&#8221; css=&#8221;.vc_custom_1620273997007{margin-right: 55px !important;}&#8221;<br \/>\ncustom_src=&#8221;https:\/\/thewitcherycph.com\/wp-content\/uploads\/2024\/10\/blackcurrant-elderflower-antioxidant-face-oil-the-witchery-cph-1.jpg&#8221;][\/vc_column_inner]<\/p>\n<p>[vc_column_inner width=&#8221;1\/2&#8243;][vc_single_image source=&#8221;external_link&#8221; alignment=&#8221;right&#8221; css=&#8221;.vc_custom_1620274010228{margin-bottom: 220px !important;margin-left: 60px !important;}&#8221; custom_src=&#8221;https:\/\/thewitcherycph.com\/wp-content\/uploads\/2024\/10\/blackcurrant-elderflower-antioxidant-face-oil-the-witchery-cph-3.jpg&#8221;][vc_custom_heading text=&#8221;ANVENDELSE&#8221; use_theme_fonts=&#8221;yes&#8221; css=&#8221;.vc_custom_1536826773205{margin-right: 90px !important;margin-bottom: 56px !important;margin-left: 60px !important;}&#8221;][vc_column_text css=&#8221;.vc_custom_1536826780690{margin-right: 90px !important;margin-left: 60px !important;}&#8221;]<\/p>\n<p>[vc_custom_heading text=&#8221;&#8221; use_theme_fonts=&#8221;yes&#8221; css=&#8221;.vc_custom_1536826773205{margin-right: 90px !important;margin-bottom: 56px !important;margin-left: 60px !important;}&#8221;][vc_column_text css=&#8221;.vc_custom_1536826780690{margin-right: 90px !important;margin-left: 60px !important;}&#8221;]<\/p>\n<p>Vi anbefaler at v\u00e6lge \u00e9n dagsolie og \u00e9n natolie for at f\u00e5 s\u00e5 mange forskellige n\u00e6ringsstoffer som muligt.<\/p>\n<p>P\u00e5f\u00f8r p\u00e5 ren hud. For bedste resultat p\u00e5f\u00f8r efter ansigtstoner.<\/p>\n<p>Du kan snildt springe dagcremen over, og udelukkende bruge olie. Det g\u00f8r vi selv og st\u00f8rstedelen af vores kunder.<br \/>Hvis du gerne vil forts\u00e6tte med at bruge creme, s\u00e5 p\u00e5f\u00f8r olien inden cremen. <\/p>\n<p>Vi anbefaler at massere ansigtet blidt under p\u00e5f\u00f8ringen, for lidt ekstra selvfork\u00e6lelse, og for at stimulere lymfesystemet.<\/p>\n<p>Olien er nyligt koldpresset fra lokale fr\u00f8 og kerner, uforarbejdet og uraffineret. 100% naturlig.<br \/>Brug indenfor 12 m\u00e5neder efter \u00e5bning.<\/p>\n<p>[\/vc_column_text][\/vc_column_inner][\/vc_row_inner][\/vc_column][\/vc_row]<\/p>\n<h2><\/h2>\n<h2><\/h2>\n<h2><\/h2>\n<h2><\/h2>\n<p>&nbsp;<\/p>\n<p>&nbsp;<\/p>\n<h4>Alle vores produkter er lavet med europ\u00e6iske, b\u00e6redygtige ingredienser med mindst mulig spild. Vi er dedikerede til at g\u00f8re denne planet til et bedre sted og bruge de naturlige produkter, vi har lige uden foran vores d\u00f8r. Vi er The Witchery CPH, og vi tror p\u00e5 naturens magi.<\/h4>\n<p>&nbsp;<\/p>\n<p>FAQ<\/p>\n<hr>\n<p>Vi er cruelty-free, og vi tester aldrig p\u00e5 dyr. Alle produkter er lokale og b\u00e6redygtige. Alle vores produkter er lokale og b\u00e6redygtige. Vi bruger fr\u00f8, som er biprodukter af europ\u00e6isk f\u00f8devareproduktion, hvilket s\u00e6nker vores klimaaftryk og vandforbrug. Lokale fr\u00f8 betyder, at de ikke skal transporteres langt eller opbevares i lange perioder. De strenge regler for landbrug i EU sikrer ogs\u00e5, at vores fr\u00f8 har markedets h\u00f8jeste kvalitet. Dermed er vores produkter ikke bare b\u00e6redygtige, men ogs\u00e5 af fantastisk kvalitet.<\/p>\n<\/section>","protected":false},"excerpt":{"rendered":"<p>Sammens\u00e6t det perfekte husplejes\u00e6t med to koldpressede olier (f.eks. en dags- og en natolie) og \u00e9n frisk, botanisk ansigtstoner, og spar 125 kroner.<\/p>\n<p>Vores olier er rige p\u00e5 fedtopl\u00f8selige n\u00e6ringsstoffer (f.eks. vitamin E og A), og vores tonere supplerer med vandopl\u00f8selige n\u00e6ringsstoffer. De to typer af hudpleje arbejder fantastisk sammen, og forsyner dig tilsammen med den mest effektive hudplejerutine. <br \/>P\u00e5f\u00f8r toneren f\u00f8r olie, for at forsegle alle n\u00e6ringsstofferne og sikre bedst mulig optagelse. Desuden holder olien l\u00e6ngere p\u00e5 huden, hvis du p\u00e5f\u00f8rer en toner \ud83d\ude42    <\/p>\n<ul>\n<li><a href=\"https:\/\/thewitcherycph.com\/product\/vitamin-c-tomato-havtorn-face-oil\/\"><strong>Tomat + Havtorn <\/strong><\/a>&#8211; vitamin C dagsolie tilf\u00f8jer en naturlig gl\u00f8d, neutraliserer r\u00f8de og bl\u00e5 nuancer i huden, og er desuden utrolig let og helende, perfekt til alle.<\/li>\n<\/ul>\n<\/li>\n<\/ul>\n<ul>\n<li><a href=\"https:\/\/thewitcherycph.com\/product\/the-perfect-healer-rosehip-havtorn-face-oil\/\"><strong>Hypen + Havtorn <\/strong><\/a>&#8211; vitamin C dagsolie er en smule t\u00f8rrere end Tomat + Havtorn, perfekt til dem, hvis hud har behov for heling, eller til dem, der er allergisk overfor tomat.<\/li>\n<li><a href=\"https:\/\/thewitcherycph.com\/product\/rejuvenating-roseship-face-oil\/\"><strong>Hypen Olie<\/strong><\/a> &#8211; er en naturlig kilde til tretinoin, og den perfekte dags- og natolie til t\u00f8r og tr\u00e6t hud, der har brug for hj\u00e6lp med cellefornyelse (foryngelse) og heling af akne, ar, eksem og psoriasis. <\/li>\n<li><a href=\"https:\/\/thewitcherycph.com\/product\/natural-retinol-carrot-broccoli-seed-night-oil\/\"><strong>Broccoli + Gulerod<\/strong><\/a> &#8211; vitamin A helende natolie er helende for selv de dybere lag af huden, og s\u00e5 \u00f8ger den fornyelsen af hudceller. Dufter af gulerod.  <\/li>\n<li><a href=\"https:\/\/thewitcherycph.com\/product\/vitamin-a-broccoli-quince-face-oil\/\/\"><strong>Broccoli + Kv\u00e6de <\/strong><\/a>&#8211; helende A-vitamin natolie. Dybt helende og fornyende. Duft: neutral  <\/li>\n<li><a href=\"https:\/\/thewitcherycph.com\/product\/skin-nourishing-forest-fruit-face-oil\/\"><strong>Haveb\u00e6r <\/strong><\/a>&#8211; er en let, fugtgivende olie, fyldt med vitamin E og antioxidanter. Perfekt til yngre hud eller enhver, der leder efter en neutral, alsidig, naturlig olie. <\/li>\n<li><a href=\"https:\/\/thewitcherycph.com\/product\/natural-super-moisturiser-cold-pressed-no-waste-plum-pomegranate-face-oil\/\"><strong>Blomme + granat\u00e6ble<\/strong><\/a> &#8211; ekstremt fugtgivende, beroligende og elsket af huden med en fl\u00f8jlslignende f\u00f8lelse, velegnet til t\u00f8r hud. Dufter af marzipan. <\/li>\n<li><a href=\"https:\/\/thewitcherycph.com\/product\/blackberry-dill-face-and-neck-oil\/\"><strong>Bromb\u00e6r + Dild <\/strong><\/a>&#8211; en fl\u00f8jlsbl\u00f8d olie, der \u00f8ger produktionen af elastin i huden. Dufter af lakrids.<\/li>\n<li><a href=\"https:\/\/thewitcherycph.com\/product\/collagen-boosting-apple-seed-face-oil\/\"><strong>\u00c6ble <\/strong><\/a>&#8211; er en sk\u00f8n olie, der f\u00f8les som silke, og reducere r\u00f8dme i huden. Meget let og n\u00e6rende olie, der ogs\u00e5 giver et boost til kollagenproduktionen. <\/li>\n<li><a href=\"https:\/\/thewitcherycph.com\/product\/sebum-balancing-hazelnut-face-oil\/\"><strong>Hasseln\u00f8d <\/strong><\/a>&#8211; er rig p\u00e5 vitamin E, og hj\u00e6lper med at regulere talgproduktion. Perfekt til yngre og olieret hud. Dufter af hasseln\u00f8d.  <\/li>\n<li>alle olierne er nyligt koldpressede, og er alle rige p\u00e5 E-vitamin<\/li>\n<li>alle olierne genopretter hudens naturlige barriere<\/li>\n<p>Ansigtstonere:<\/p>\n<li><a href=\"https:\/\/thewitcherycph.com\/product\/organic-calming-lavender-mist\/\"><strong>Lavendel toner <\/strong>&#8211;<\/a> heler, fugter og beroliger. Dufter af en dyb, tr\u00e6lignende lavendel. Destilleret 1:5 <\/li>\n<\/ul>\n<\/li>\n<\/ul>\n<ul>\n<li style=\"list-style-type: none;\">\n<ul>\n<li><strong><a href=\"https:\/\/thewitcherycph.com\/product\/organic-calendula-healing-face-mist\/\">Morgenfrue toner <\/a><\/strong>&#8211; heler, beroliger og forynger, god til enhver form for hudproblemer. Destilleret 1:5<\/li>\n<li><a href=\"https:\/\/thewitcherycph.com\/product\/organic-forest-grown-nettle-skin-tonic\/\"><strong>Br\u00e6nden\u00e6lde toner <\/strong><\/a>&#8211; meget helende, perfekt til sensitiv, overreagerende hud. Destilleret 1:5<\/li>\n<li><a href=\"https:\/\/thewitcherycph.com\/product\/organic-rose-hydrosol\/\"><strong>Damascus rose toner <\/strong><\/a>&#8211; fugtgivende, astringerende og tilf\u00f8jer gl\u00f8d. Destilleret 1:5 <\/li>\n<li><a href=\"https:\/\/thewitcherycph.com\/product\/organic-healing-chamomile-face-mist\/\"><strong>Kamille toner &#8211;<\/strong><\/a> heler, beroliger og bl\u00f8dg\u00f8r, perfekt til alle typer hudproblemer. Destilleret 1:5<\/li>\n<li><a href=\"https:\/\/thewitcherycph.com\/product\/organic-healing-chamomile-face-mist\/\"><strong>L\u00f8vefod toner <\/strong><\/a>&#8211; antioxidant, toner og hj\u00e6lper med misfarve (r\u00f8dme, m\u00f8rke plamager, o.lign.). God til alle hudtyper.<\/li>\n<li><a href=\"https:\/\/thewitcherycph.com\/product\/organic-lemon-balm-face-mist\/\"><strong>Citronmelisse toner &#8211;<\/strong><\/a> heler, beroliger og renser. God til alle hudtyper.<\/li>\n<li><a href=\"https:\/\/thewitcherycph.com\/product\/organic-echinacea-face-mist\/\"><strong>Purpursolhat toner &#8211;<\/strong><\/a> giver fugt, heler og beskytter huden mod frie radikaler. God til alle hudtyper, is\u00e6r t\u00f8r hud.<\/li>\n<li><a href=\"https:\/\/thewitcherycph.com\/product\/organic-sage-face-tonic\/\"><strong>Salvie toner &#8211;<\/strong><\/a> heler hud med tendens til akne, olieret og inflammeret hud. Is\u00e6r god i varmere klimaer. Destilleret 1:5 <\/li>\n<li><a href=\"https:\/\/thewitcherycph.com\/product\/organic-elderflower-face-tonic\/\"><strong>Hyldeblomst toner &#8211;<\/strong><\/a> fugtgivende og beskyttende. God til t\u00f8r og moden hud. <\/li>\n<li><a href=\"https:\/\/thewitcherycph.com\/product\/organic-tansy-face-mist\/\"><strong>Rejnfan &#8211;<\/strong><\/a> helende og god mod akne, udbrud, inflammation og dermatitis.<\/li>\n<\/ul>\n<\/li>\n<\/ul>\n","protected":false},"featured_media":6892,"comment_status":"open","ping_status":"closed","template":"","meta":[],"product_brand":[],"product_cat":[522,518,490,520,521,471,519],"product_tag":[860,805,811,806,808,858,859,800],"class_list":{"0":"post-7844","1":"product","2":"type-product","3":"status-publish","4":"has-post-thumbnail","6":"product_cat-ansigt","7":"product_cat-ansigtsolier","8":"product_cat-hudplejesaet","9":"product_cat-moden-hud","10":"product_cat-normal-og-blandet-hud","11":"product_cat-produkter","12":"product_cat-tor-hud","13":"product_tag-ansigtsolie-til-moden-hud","14":"product_tag-ansigtsolie-til-overgangsalder","15":"product_tag-natolie","16":"product_tag-naturlig-fugtighedsgiver","17":"product_tag-naturlig-retinol","18":"product_tag-olie-til-tor-hud-da","19":"product_tag-regenerativ-ansigtsolie","20":"product_tag-uforarbejdet-ansigtsolie","22":"first","23":"instock","24":"taxable","25":"shipping-taxable","26":"purchasable","27":"product-type-variable"},"yoast_head":"<!-- This site is optimized with the Yoast SEO plugin v24.9 - https:\/\/yoast.com\/wordpress\/plugins\/seo\/ -->\n<title>Skab dit eget s\u00e6t: to olier + \u00e9n ansigtstoner - The Witchery CPH<\/title>\n<meta name=\"description\" content=\"Sammens\u00e6t dit eget naturlige hudplejes\u00e6t med to koldpressede olier og \u00e9n friskt destilleret botanisk ansigtstoner for at skabe den perfekte hudplejerutine.\" \/>\n<meta name=\"robots\" content=\"index, follow, max-snippet:-1, max-image-preview:large, max-video-preview:-1\" \/>\n<link rel=\"canonical\" href=\"https:\/\/thewitcherycph.com\/da\/vare\/skab-dit-eget-saet-to-olier-en-ansigtstoner\/\" \/>\n<meta property=\"og:locale\" content=\"da_DK\" \/>\n<meta property=\"og:type\" content=\"article\" \/>\n<meta property=\"og:title\" content=\"Skab dit eget s\u00e6t: to olier + \u00e9n ansigtstoner - The Witchery CPH\" \/>\n<meta property=\"og:description\" content=\"Sammens\u00e6t dit eget naturlige hudplejes\u00e6t med to koldpressede olier og \u00e9n friskt destilleret botanisk ansigtstoner for at skabe den perfekte hudplejerutine.\" \/>\n<meta property=\"og:url\" content=\"https:\/\/thewitcherycph.com\/da\/vare\/skab-dit-eget-saet-to-olier-en-ansigtstoner\/\" \/>\n<meta property=\"og:site_name\" content=\"The Witchery CPH\" \/>\n<meta property=\"article:modified_time\" content=\"2026-03-27T16:25:04+00:00\" \/>\n<meta property=\"og:image\" content=\"https:\/\/thewitcherycph.com\/wp-content\/uploads\/2024\/12\/make-you-own-natural-skincare-set-the-witchery-cph.jpg\" \/>\n\t<meta property=\"og:image:width\" content=\"1400\" \/>\n\t<meta property=\"og:image:height\" content=\"1600\" \/>\n\t<meta property=\"og:image:type\" content=\"image\/jpeg\" \/>\n<meta name=\"twitter:card\" content=\"summary_large_image\" \/>\n<meta name=\"twitter:label1\" content=\"Estimeret l\u00e6setid\" \/>\n\t<meta name=\"twitter:data1\" content=\"3 minutter\" \/>\n<script type=\"application\/ld+json\" class=\"yoast-schema-graph\">{\"@context\":\"https:\/\/schema.org\",\"@graph\":[{\"@type\":\"WebPage\",\"@id\":\"https:\/\/thewitcherycph.com\/da\/vare\/skab-dit-eget-saet-to-olier-en-ansigtstoner\/\",\"url\":\"https:\/\/thewitcherycph.com\/da\/vare\/skab-dit-eget-saet-to-olier-en-ansigtstoner\/\",\"name\":\"Skab dit eget s\u00e6t: to olier + \u00e9n ansigtstoner - The Witchery CPH\",\"isPartOf\":{\"@id\":\"https:\/\/thewitcherycph.com\/da\/#website\"},\"primaryImageOfPage\":{\"@id\":\"https:\/\/thewitcherycph.com\/da\/vare\/skab-dit-eget-saet-to-olier-en-ansigtstoner\/#primaryimage\"},\"image\":{\"@id\":\"https:\/\/thewitcherycph.com\/da\/vare\/skab-dit-eget-saet-to-olier-en-ansigtstoner\/#primaryimage\"},\"thumbnailUrl\":\"https:\/\/thewitcherycph.com\/wp-content\/uploads\/2024\/12\/make-you-own-natural-skincare-set-the-witchery-cph.jpg\",\"datePublished\":\"2026-02-13T15:50:39+00:00\",\"dateModified\":\"2026-03-27T16:25:04+00:00\",\"description\":\"Sammens\u00e6t dit eget naturlige hudplejes\u00e6t med to koldpressede olier og \u00e9n friskt destilleret botanisk ansigtstoner for at skabe den perfekte hudplejerutine.\",\"breadcrumb\":{\"@id\":\"https:\/\/thewitcherycph.com\/da\/vare\/skab-dit-eget-saet-to-olier-en-ansigtstoner\/#breadcrumb\"},\"inLanguage\":\"da-DK\",\"potentialAction\":[{\"@type\":\"ReadAction\",\"target\":[\"https:\/\/thewitcherycph.com\/da\/vare\/skab-dit-eget-saet-to-olier-en-ansigtstoner\/\"]}]},{\"@type\":\"ImageObject\",\"inLanguage\":\"da-DK\",\"@id\":\"https:\/\/thewitcherycph.com\/da\/vare\/skab-dit-eget-saet-to-olier-en-ansigtstoner\/#primaryimage\",\"url\":\"https:\/\/thewitcherycph.com\/wp-content\/uploads\/2024\/12\/make-you-own-natural-skincare-set-the-witchery-cph.jpg\",\"contentUrl\":\"https:\/\/thewitcherycph.com\/wp-content\/uploads\/2024\/12\/make-you-own-natural-skincare-set-the-witchery-cph.jpg\",\"width\":1400,\"height\":1600,\"caption\":\"make your own natural skincare set of face oils and botanical mist\"},{\"@type\":\"BreadcrumbList\",\"@id\":\"https:\/\/thewitcherycph.com\/da\/vare\/skab-dit-eget-saet-to-olier-en-ansigtstoner\/#breadcrumb\",\"itemListElement\":[{\"@type\":\"ListItem\",\"position\":1,\"name\":\"Home\",\"item\":\"https:\/\/thewitcherycph.com\/da\/hjemside\/\"},{\"@type\":\"ListItem\",\"position\":2,\"name\":\"Butik\",\"item\":\"https:\/\/thewitcherycph.com\/da\/shop\/\"},{\"@type\":\"ListItem\",\"position\":3,\"name\":\"Skab dit eget s\u00e6t: to olier + \u00e9n ansigtstoner\"}]},{\"@type\":\"WebSite\",\"@id\":\"https:\/\/thewitcherycph.com\/da\/#website\",\"url\":\"https:\/\/thewitcherycph.com\/da\/\",\"name\":\"The Witchery CPH\",\"description\":\"Sustainable Natural Skincare from Copenhagen\",\"potentialAction\":[{\"@type\":\"SearchAction\",\"target\":{\"@type\":\"EntryPoint\",\"urlTemplate\":\"https:\/\/thewitcherycph.com\/da\/?s={search_term_string}\"},\"query-input\":{\"@type\":\"PropertyValueSpecification\",\"valueRequired\":true,\"valueName\":\"search_term_string\"}}],\"inLanguage\":\"da-DK\"}]}<\/script>\n<!-- \/ Yoast SEO plugin. -->","yoast_head_json":{"title":"Skab dit eget s\u00e6t: to olier + \u00e9n ansigtstoner - The Witchery CPH","description":"Sammens\u00e6t dit eget naturlige hudplejes\u00e6t med to koldpressede olier og \u00e9n friskt destilleret botanisk ansigtstoner for at skabe den perfekte hudplejerutine.","robots":{"index":"index","follow":"follow","max-snippet":"max-snippet:-1","max-image-preview":"max-image-preview:large","max-video-preview":"max-video-preview:-1"},"canonical":"https:\/\/thewitcherycph.com\/da\/vare\/skab-dit-eget-saet-to-olier-en-ansigtstoner\/","og_locale":"da_DK","og_type":"article","og_title":"Skab dit eget s\u00e6t: to olier + \u00e9n ansigtstoner - The Witchery CPH","og_description":"Sammens\u00e6t dit eget naturlige hudplejes\u00e6t med to koldpressede olier og \u00e9n friskt destilleret botanisk ansigtstoner for at skabe den perfekte hudplejerutine.","og_url":"https:\/\/thewitcherycph.com\/da\/vare\/skab-dit-eget-saet-to-olier-en-ansigtstoner\/","og_site_name":"The Witchery CPH","article_modified_time":"2026-03-27T16:25:04+00:00","og_image":[{"width":1400,"height":1600,"url":"https:\/\/thewitcherycph.com\/wp-content\/uploads\/2024\/12\/make-you-own-natural-skincare-set-the-witchery-cph.jpg","type":"image\/jpeg"}],"twitter_card":"summary_large_image","twitter_misc":{"Estimeret l\u00e6setid":"3 minutter"},"schema":{"@context":"https:\/\/schema.org","@graph":[{"@type":"WebPage","@id":"https:\/\/thewitcherycph.com\/da\/vare\/skab-dit-eget-saet-to-olier-en-ansigtstoner\/","url":"https:\/\/thewitcherycph.com\/da\/vare\/skab-dit-eget-saet-to-olier-en-ansigtstoner\/","name":"Skab dit eget s\u00e6t: to olier + \u00e9n ansigtstoner - The Witchery CPH","isPartOf":{"@id":"https:\/\/thewitcherycph.com\/da\/#website"},"primaryImageOfPage":{"@id":"https:\/\/thewitcherycph.com\/da\/vare\/skab-dit-eget-saet-to-olier-en-ansigtstoner\/#primaryimage"},"image":{"@id":"https:\/\/thewitcherycph.com\/da\/vare\/skab-dit-eget-saet-to-olier-en-ansigtstoner\/#primaryimage"},"thumbnailUrl":"https:\/\/thewitcherycph.com\/wp-content\/uploads\/2024\/12\/make-you-own-natural-skincare-set-the-witchery-cph.jpg","datePublished":"2026-02-13T15:50:39+00:00","dateModified":"2026-03-27T16:25:04+00:00","description":"Sammens\u00e6t dit eget naturlige hudplejes\u00e6t med to koldpressede olier og \u00e9n friskt destilleret botanisk ansigtstoner for at skabe den perfekte hudplejerutine.","breadcrumb":{"@id":"https:\/\/thewitcherycph.com\/da\/vare\/skab-dit-eget-saet-to-olier-en-ansigtstoner\/#breadcrumb"},"inLanguage":"da-DK","potentialAction":[{"@type":"ReadAction","target":["https:\/\/thewitcherycph.com\/da\/vare\/skab-dit-eget-saet-to-olier-en-ansigtstoner\/"]}]},{"@type":"ImageObject","inLanguage":"da-DK","@id":"https:\/\/thewitcherycph.com\/da\/vare\/skab-dit-eget-saet-to-olier-en-ansigtstoner\/#primaryimage","url":"https:\/\/thewitcherycph.com\/wp-content\/uploads\/2024\/12\/make-you-own-natural-skincare-set-the-witchery-cph.jpg","contentUrl":"https:\/\/thewitcherycph.com\/wp-content\/uploads\/2024\/12\/make-you-own-natural-skincare-set-the-witchery-cph.jpg","width":1400,"height":1600,"caption":"make your own natural skincare set of face oils and botanical mist"},{"@type":"BreadcrumbList","@id":"https:\/\/thewitcherycph.com\/da\/vare\/skab-dit-eget-saet-to-olier-en-ansigtstoner\/#breadcrumb","itemListElement":[{"@type":"ListItem","position":1,"name":"Home","item":"https:\/\/thewitcherycph.com\/da\/hjemside\/"},{"@type":"ListItem","position":2,"name":"Butik","item":"https:\/\/thewitcherycph.com\/da\/shop\/"},{"@type":"ListItem","position":3,"name":"Skab dit eget s\u00e6t: to olier + \u00e9n ansigtstoner"}]},{"@type":"WebSite","@id":"https:\/\/thewitcherycph.com\/da\/#website","url":"https:\/\/thewitcherycph.com\/da\/","name":"The Witchery CPH","description":"Sustainable Natural Skincare from Copenhagen","potentialAction":[{"@type":"SearchAction","target":{"@type":"EntryPoint","urlTemplate":"https:\/\/thewitcherycph.com\/da\/?s={search_term_string}"},"query-input":{"@type":"PropertyValueSpecification","valueRequired":true,"valueName":"search_term_string"}}],"inLanguage":"da-DK"}]}},"_links":{"self":[{"href":"https:\/\/thewitcherycph.com\/da\/wp-json\/wp\/v2\/product\/7844","targetHints":{"allow":["GET"]}}],"collection":[{"href":"https:\/\/thewitcherycph.com\/da\/wp-json\/wp\/v2\/product"}],"about":[{"href":"https:\/\/thewitcherycph.com\/da\/wp-json\/wp\/v2\/types\/product"}],"replies":[{"embeddable":true,"href":"https:\/\/thewitcherycph.com\/da\/wp-json\/wp\/v2\/comments?post=7844"}],"wp:featuredmedia":[{"embeddable":true,"href":"https:\/\/thewitcherycph.com\/da\/wp-json\/wp\/v2\/media\/6892"}],"wp:attachment":[{"href":"https:\/\/thewitcherycph.com\/da\/wp-json\/wp\/v2\/media?parent=7844"}],"wp:term":[{"taxonomy":"product_brand","embeddable":true,"href":"https:\/\/thewitcherycph.com\/da\/wp-json\/wp\/v2\/product_brand?post=7844"},{"taxonomy":"product_cat","embeddable":true,"href":"https:\/\/thewitcherycph.com\/da\/wp-json\/wp\/v2\/product_cat?post=7844"},{"taxonomy":"product_tag","embeddable":true,"href":"https:\/\/thewitcherycph.com\/da\/wp-json\/wp\/v2\/product_tag?post=7844"}],"curies":[{"name":"wp","href":"https:\/\/api.w.org\/{rel}","templated":true}]}}