{"id":7806,"date":"2025-05-22T09:43:23","date_gmt":"2026-01-25T16:04:50","guid":{"rendered":"https:\/\/thewitcherycph.com\/product\/oekologisk-pink-grapefrugt-aeterisk-olie\/"},"modified":"2026-01-25T16:04:50","modified_gmt":"2026-01-25T16:04:50","slug":"okologisk-pink-grapefrugt-aeterisk-olie","status":"publish","type":"product","link":"https:\/\/thewitcherycph.com\/da\/vare\/okologisk-pink-grapefrugt-aeterisk-olie\/","title":{"rendered":"\u00d8kologisk pink grapefrugt \u00e6terisk olie"},"content":{"rendered":"","protected":false},"excerpt":{"rendered":"<p>Pink grapefrugt \u00e6terisk olie er en meget velduftende olie lavet p\u00e5 dampdistillerede skaller fra pink grapefrugt. Vores \u00e6teriske olier med citrus er produceret p\u00e5 en lille, familiedrevet plantage i Sicilien.<\/p>\n<ul>\n<li>\u00f8kologisk h\u00e5ndv\u00e6rksproduktion<\/li>\n<li>duft: frisk citrus, opfriskende<\/li>\n<li>beroligende og forfriskende effekt p\u00e5 det centrale nervesystem<\/li>\n<li>antibakteriel og svampedr\u00e6bende<\/li>\n<li>lysner huden, og afhj\u00e6lper pigmentering<\/li>\n<li>perfekt til diffuser <\/li>\n<li>brug i aromaterapi<\/li>\n<li>tilf\u00f8j til DYI kosmetik<\/li>\n<li>p\u00e5f\u00f8r et par dr\u00e5ber til en klud og h\u00e6ng den i badet for en spaoplevelse derhjemme<\/li>\n<li>farve: gennemsigtig<\/li>\n<li> tilf\u00f8j et par dr\u00e5ber til din n\u00e6ste t\u00f8jvask\n<li>Dette produkt er fri for syntetiske ingredienser, konserveringsmidler, giftige kemikalier, parabener, tils\u00e6tningsstoffer og alt andet un\u00f8dvendigt.<\/li>\n<li>Brug indenfor 12 m\u00e5neder efter \u00e5bning, hold v\u00e6k fra direkte sol og varme.<\/li>\n<\/ul>\n<p><span style=\"font-weight: 400;\">\u00c6teriske olier er rene og st\u00e6rke ekstrakter fra planter. De anbefales ikke til indvortes brug. Fortynd olien med en baseolie, hvis du \u00f8nsker at bruge olien p\u00e5 huden. Alle vores ingredienser kommer fra europ\u00e6iske landpersoner. Vi tilf\u00f8jer ikke nogle syntetiske tils\u00e6tningsstoffer til vores produkter.    <\/span><\/p>\n","protected":false},"featured_media":7283,"comment_status":"open","ping_status":"closed","template":"","meta":[],"product_brand":[],"product_cat":[817,698,471],"product_tag":[851,850,853,849,848,852],"class_list":{"0":"post-7806","1":"product","2":"type-product","3":"status-publish","4":"has-post-thumbnail","6":"product_cat-aeteriske-olier","7":"product_cat-vores-nyeste-partier","8":"product_cat-produkter","9":"product_tag-fordelene-ved-pink-grapefrugt-aeterisk-olie","10":"product_tag-grapefrugt-olie","11":"product_tag-italiensk-aeterisk-olie","12":"product_tag-okologisk-pink-grapefrugt-aeterisk-olie","13":"product_tag-pink-grapefrugt-aeterisk-olie","14":"product_tag-pink-grapefrugt-aeterisk-olie-fordele","16":"first","17":"instock","18":"taxable","19":"shipping-taxable","20":"purchasable","21":"product-type-simple"},"yoast_head":"<!-- This site is optimized with the Yoast SEO plugin v24.9 - https:\/\/yoast.com\/wordpress\/plugins\/seo\/ -->\n<title>\u00d8kologisk pink grapefrugt \u00e6terisk olie - The Witchery CPH<\/title>\n<meta name=\"description\" content=\"Vores \u00f8kologiske pink grapefrugt \u00e6teriske olie er produceret p\u00e5 en familiedrevet plantage i Sicilien. Den perfekte olie til DIY hudpleje, aromaterapi og diffuser\" \/>\n<meta name=\"robots\" content=\"index, follow, max-snippet:-1, max-image-preview:large, max-video-preview:-1\" \/>\n<link rel=\"canonical\" href=\"https:\/\/thewitcherycph.com\/da\/vare\/okologisk-pink-grapefrugt-aeterisk-olie\/\" \/>\n<meta property=\"og:locale\" content=\"da_DK\" \/>\n<meta property=\"og:type\" content=\"article\" \/>\n<meta property=\"og:title\" content=\"\u00d8kologisk pink grapefrugt \u00e6terisk olie - The Witchery CPH\" \/>\n<meta property=\"og:description\" content=\"Vores \u00f8kologiske pink grapefrugt \u00e6teriske olie er produceret p\u00e5 en familiedrevet plantage i Sicilien. Den perfekte olie til DIY hudpleje, aromaterapi og diffuser\" \/>\n<meta property=\"og:url\" content=\"https:\/\/thewitcherycph.com\/da\/vare\/okologisk-pink-grapefrugt-aeterisk-olie\/\" \/>\n<meta property=\"og:site_name\" content=\"The Witchery CPH\" \/>\n<meta property=\"og:image\" content=\"https:\/\/thewitcherycph.com\/wp-content\/uploads\/2025\/05\/organic-pink-grapefruit-essential-oil-from-Sicily-The-Witchery-CPH.jpg\" \/>\n\t<meta property=\"og:image:width\" content=\"1400\" \/>\n\t<meta property=\"og:image:height\" content=\"1600\" \/>\n\t<meta property=\"og:image:type\" content=\"image\/jpeg\" \/>\n<meta name=\"twitter:card\" content=\"summary_large_image\" \/>\n<script type=\"application\/ld+json\" class=\"yoast-schema-graph\">{\"@context\":\"https:\/\/schema.org\",\"@graph\":[{\"@type\":\"WebPage\",\"@id\":\"https:\/\/thewitcherycph.com\/da\/vare\/okologisk-pink-grapefrugt-aeterisk-olie\/\",\"url\":\"https:\/\/thewitcherycph.com\/da\/vare\/okologisk-pink-grapefrugt-aeterisk-olie\/\",\"name\":\"\u00d8kologisk pink grapefrugt \u00e6terisk olie - The Witchery CPH\",\"isPartOf\":{\"@id\":\"https:\/\/thewitcherycph.com\/da\/#website\"},\"primaryImageOfPage\":{\"@id\":\"https:\/\/thewitcherycph.com\/da\/vare\/okologisk-pink-grapefrugt-aeterisk-olie\/#primaryimage\"},\"image\":{\"@id\":\"https:\/\/thewitcherycph.com\/da\/vare\/okologisk-pink-grapefrugt-aeterisk-olie\/#primaryimage\"},\"thumbnailUrl\":\"https:\/\/thewitcherycph.com\/wp-content\/uploads\/2025\/05\/organic-pink-grapefruit-essential-oil-from-Sicily-The-Witchery-CPH.jpg\",\"datePublished\":\"2026-01-25T16:04:50+00:00\",\"description\":\"Vores \u00f8kologiske pink grapefrugt \u00e6teriske olie er produceret p\u00e5 en familiedrevet plantage i Sicilien. Den perfekte olie til DIY hudpleje, aromaterapi og diffuser\",\"breadcrumb\":{\"@id\":\"https:\/\/thewitcherycph.com\/da\/vare\/okologisk-pink-grapefrugt-aeterisk-olie\/#breadcrumb\"},\"inLanguage\":\"da-DK\",\"potentialAction\":[{\"@type\":\"ReadAction\",\"target\":[\"https:\/\/thewitcherycph.com\/da\/vare\/okologisk-pink-grapefrugt-aeterisk-olie\/\"]}]},{\"@type\":\"ImageObject\",\"inLanguage\":\"da-DK\",\"@id\":\"https:\/\/thewitcherycph.com\/da\/vare\/okologisk-pink-grapefrugt-aeterisk-olie\/#primaryimage\",\"url\":\"https:\/\/thewitcherycph.com\/wp-content\/uploads\/2025\/05\/organic-pink-grapefruit-essential-oil-from-Sicily-The-Witchery-CPH.jpg\",\"contentUrl\":\"https:\/\/thewitcherycph.com\/wp-content\/uploads\/2025\/05\/organic-pink-grapefruit-essential-oil-from-Sicily-The-Witchery-CPH.jpg\",\"width\":1400,\"height\":1600,\"caption\":\"Organic Pink Grapefruit Essential Oil -small artisanal production Sicily, Italy\"},{\"@type\":\"BreadcrumbList\",\"@id\":\"https:\/\/thewitcherycph.com\/da\/vare\/okologisk-pink-grapefrugt-aeterisk-olie\/#breadcrumb\",\"itemListElement\":[{\"@type\":\"ListItem\",\"position\":1,\"name\":\"Home\",\"item\":\"https:\/\/thewitcherycph.com\/da\/hjemside\/\"},{\"@type\":\"ListItem\",\"position\":2,\"name\":\"Butik\",\"item\":\"https:\/\/thewitcherycph.com\/da\/shop\/\"},{\"@type\":\"ListItem\",\"position\":3,\"name\":\"\u00d8kologisk pink grapefrugt \u00e6terisk olie\"}]},{\"@type\":\"WebSite\",\"@id\":\"https:\/\/thewitcherycph.com\/da\/#website\",\"url\":\"https:\/\/thewitcherycph.com\/da\/\",\"name\":\"The Witchery CPH\",\"description\":\"Sustainable Natural Skincare from Copenhagen\",\"potentialAction\":[{\"@type\":\"SearchAction\",\"target\":{\"@type\":\"EntryPoint\",\"urlTemplate\":\"https:\/\/thewitcherycph.com\/da\/?s={search_term_string}\"},\"query-input\":{\"@type\":\"PropertyValueSpecification\",\"valueRequired\":true,\"valueName\":\"search_term_string\"}}],\"inLanguage\":\"da-DK\"}]}<\/script>\n<!-- \/ Yoast SEO plugin. -->","yoast_head_json":{"title":"\u00d8kologisk pink grapefrugt \u00e6terisk olie - The Witchery CPH","description":"Vores \u00f8kologiske pink grapefrugt \u00e6teriske olie er produceret p\u00e5 en familiedrevet plantage i Sicilien. Den perfekte olie til DIY hudpleje, aromaterapi og diffuser","robots":{"index":"index","follow":"follow","max-snippet":"max-snippet:-1","max-image-preview":"max-image-preview:large","max-video-preview":"max-video-preview:-1"},"canonical":"https:\/\/thewitcherycph.com\/da\/vare\/okologisk-pink-grapefrugt-aeterisk-olie\/","og_locale":"da_DK","og_type":"article","og_title":"\u00d8kologisk pink grapefrugt \u00e6terisk olie - The Witchery CPH","og_description":"Vores \u00f8kologiske pink grapefrugt \u00e6teriske olie er produceret p\u00e5 en familiedrevet plantage i Sicilien. Den perfekte olie til DIY hudpleje, aromaterapi og diffuser","og_url":"https:\/\/thewitcherycph.com\/da\/vare\/okologisk-pink-grapefrugt-aeterisk-olie\/","og_site_name":"The Witchery CPH","og_image":[{"width":1400,"height":1600,"url":"https:\/\/thewitcherycph.com\/wp-content\/uploads\/2025\/05\/organic-pink-grapefruit-essential-oil-from-Sicily-The-Witchery-CPH.jpg","type":"image\/jpeg"}],"twitter_card":"summary_large_image","schema":{"@context":"https:\/\/schema.org","@graph":[{"@type":"WebPage","@id":"https:\/\/thewitcherycph.com\/da\/vare\/okologisk-pink-grapefrugt-aeterisk-olie\/","url":"https:\/\/thewitcherycph.com\/da\/vare\/okologisk-pink-grapefrugt-aeterisk-olie\/","name":"\u00d8kologisk pink grapefrugt \u00e6terisk olie - The Witchery CPH","isPartOf":{"@id":"https:\/\/thewitcherycph.com\/da\/#website"},"primaryImageOfPage":{"@id":"https:\/\/thewitcherycph.com\/da\/vare\/okologisk-pink-grapefrugt-aeterisk-olie\/#primaryimage"},"image":{"@id":"https:\/\/thewitcherycph.com\/da\/vare\/okologisk-pink-grapefrugt-aeterisk-olie\/#primaryimage"},"thumbnailUrl":"https:\/\/thewitcherycph.com\/wp-content\/uploads\/2025\/05\/organic-pink-grapefruit-essential-oil-from-Sicily-The-Witchery-CPH.jpg","datePublished":"2026-01-25T16:04:50+00:00","description":"Vores \u00f8kologiske pink grapefrugt \u00e6teriske olie er produceret p\u00e5 en familiedrevet plantage i Sicilien. Den perfekte olie til DIY hudpleje, aromaterapi og diffuser","breadcrumb":{"@id":"https:\/\/thewitcherycph.com\/da\/vare\/okologisk-pink-grapefrugt-aeterisk-olie\/#breadcrumb"},"inLanguage":"da-DK","potentialAction":[{"@type":"ReadAction","target":["https:\/\/thewitcherycph.com\/da\/vare\/okologisk-pink-grapefrugt-aeterisk-olie\/"]}]},{"@type":"ImageObject","inLanguage":"da-DK","@id":"https:\/\/thewitcherycph.com\/da\/vare\/okologisk-pink-grapefrugt-aeterisk-olie\/#primaryimage","url":"https:\/\/thewitcherycph.com\/wp-content\/uploads\/2025\/05\/organic-pink-grapefruit-essential-oil-from-Sicily-The-Witchery-CPH.jpg","contentUrl":"https:\/\/thewitcherycph.com\/wp-content\/uploads\/2025\/05\/organic-pink-grapefruit-essential-oil-from-Sicily-The-Witchery-CPH.jpg","width":1400,"height":1600,"caption":"Organic Pink Grapefruit Essential Oil -small artisanal production Sicily, Italy"},{"@type":"BreadcrumbList","@id":"https:\/\/thewitcherycph.com\/da\/vare\/okologisk-pink-grapefrugt-aeterisk-olie\/#breadcrumb","itemListElement":[{"@type":"ListItem","position":1,"name":"Home","item":"https:\/\/thewitcherycph.com\/da\/hjemside\/"},{"@type":"ListItem","position":2,"name":"Butik","item":"https:\/\/thewitcherycph.com\/da\/shop\/"},{"@type":"ListItem","position":3,"name":"\u00d8kologisk pink grapefrugt \u00e6terisk olie"}]},{"@type":"WebSite","@id":"https:\/\/thewitcherycph.com\/da\/#website","url":"https:\/\/thewitcherycph.com\/da\/","name":"The Witchery CPH","description":"Sustainable Natural Skincare from Copenhagen","potentialAction":[{"@type":"SearchAction","target":{"@type":"EntryPoint","urlTemplate":"https:\/\/thewitcherycph.com\/da\/?s={search_term_string}"},"query-input":{"@type":"PropertyValueSpecification","valueRequired":true,"valueName":"search_term_string"}}],"inLanguage":"da-DK"}]}},"_links":{"self":[{"href":"https:\/\/thewitcherycph.com\/da\/wp-json\/wp\/v2\/product\/7806","targetHints":{"allow":["GET"]}}],"collection":[{"href":"https:\/\/thewitcherycph.com\/da\/wp-json\/wp\/v2\/product"}],"about":[{"href":"https:\/\/thewitcherycph.com\/da\/wp-json\/wp\/v2\/types\/product"}],"replies":[{"embeddable":true,"href":"https:\/\/thewitcherycph.com\/da\/wp-json\/wp\/v2\/comments?post=7806"}],"wp:featuredmedia":[{"embeddable":true,"href":"https:\/\/thewitcherycph.com\/da\/wp-json\/wp\/v2\/media\/7283"}],"wp:attachment":[{"href":"https:\/\/thewitcherycph.com\/da\/wp-json\/wp\/v2\/media?parent=7806"}],"wp:term":[{"taxonomy":"product_brand","embeddable":true,"href":"https:\/\/thewitcherycph.com\/da\/wp-json\/wp\/v2\/product_brand?post=7806"},{"taxonomy":"product_cat","embeddable":true,"href":"https:\/\/thewitcherycph.com\/da\/wp-json\/wp\/v2\/product_cat?post=7806"},{"taxonomy":"product_tag","embeddable":true,"href":"https:\/\/thewitcherycph.com\/da\/wp-json\/wp\/v2\/product_tag?post=7806"}],"curies":[{"name":"wp","href":"https:\/\/api.w.org\/{rel}","templated":true}]}}