{"id":7805,"date":"2025-05-13T07:42:29","date_gmt":"2026-01-25T16:04:48","guid":{"rendered":"https:\/\/thewitcherycph.com\/product\/oekologisk-bergamotte-aeterisk-olie\/"},"modified":"2026-01-25T16:04:48","modified_gmt":"2026-01-25T16:04:48","slug":"okologisk-bergamotte-aeterisk-olie","status":"publish","type":"product","link":"https:\/\/thewitcherycph.com\/da\/vare\/okologisk-bergamotte-aeterisk-olie\/","title":{"rendered":"\u00d8kologisk bergamotte \u00e6terisk olie"},"content":{"rendered":"<p>&nbsp;<\/p>\n<h4>Alle vores produkter er lavet med europ\u00e6iske, b\u00e6redygtige ingredienser med mindst mulig spild. Vi er dedikerede til at g\u00f8re denne planet til et bedre sted og bruge de naturlige produkter, vi har lige uden foran vores d\u00f8r. Vi er The Witchery CPH, og vi tror p\u00e5 naturens magi.<\/h4>\n<p>&nbsp;<\/p>\n<p>FAQ<\/p>\n<hr>\n<p>Vi er cruelty-free, og vi tester aldrig p\u00e5 dyr. Alle produkter er lokale og b\u00e6redygtige. Alle vores produkter er lokale og b\u00e6redygtige. Vi bruger fr\u00f8, som er biprodukter af europ\u00e6isk f\u00f8devareproduktion, hvilket s\u00e6nker vores klimaaftryk og vandforbrug. Lokale fr\u00f8 betyder, at de ikke skal transporteres langt eller opbevares i lange perioder. De strenge regler for landbrug i EU sikrer ogs\u00e5, at vores fr\u00f8 har markedets h\u00f8jeste kvalitet. Dermed er vores produkter ikke bare b\u00e6redygtige, men ogs\u00e5 af fantastisk kvalitet.<\/p>\n","protected":false},"excerpt":{"rendered":"<p>Vores \u00f8kologiske \u00e6teriske olie med bergamotte er lavet p\u00e5 dampdistilleret bergamotteskal. Vores \u00e6teriske olier er lavet p\u00e5 en lille, familiedrevet plantage i Sicilien.<\/p>\n<ul>\n<li>\u00f8kologisk h\u00e5ndv\u00e6rksproduktion<\/li>\n<li>duften skaber velv\u00e6re, l\u00f8fter hum\u00f8ret og hj\u00e6lper dig med at slappe af<\/li>\n<li> antibakteriel og svampedr\u00e6bende<\/li>\n<li>kan bruges til hjemmelavet kosmetik<\/li>\n<li>god olie til en diffuser <\/li>\n<li>tilf\u00f8j et par dr\u00e5ber til v\u00e6ggene i din brusekabine, og lad dampen fra et varmt brusebad sprede en aromatisk duft <\/li>\n<li>ikke til indvortes brug <\/li>\n<li>Dette produkt er fri for syntetiske ingredienser, konserveringsmidler, giftige kemikalier, parabener, tils\u00e6tningsstoffer og alt andet un\u00f8dvendigt.<\/li>\n<li>Brug indenfor 12 m\u00e5neder efter \u00e5bning, hold v\u00e6k fra direkte sol og varme.<\/li>\n<\/ul>\n<p><span style=\"font-weight: 400;\">\u00c6teriske olier er rene og potente planteekstrakter. De anbefales ikke til invortes brug. Alle vores ingredienser er fra europ\u00e6isk landbrug. Vi tilf\u00f8jer ikke syntetiske tils\u00e6tningsstoffer til vores produkter.<\/span><\/p>\n","protected":false},"featured_media":7254,"comment_status":"open","ping_status":"closed","template":"","meta":[],"product_brand":[],"product_cat":[817,698,471],"product_tag":[846,847,845,844,843],"class_list":{"0":"post-7805","1":"product","2":"type-product","3":"status-publish","4":"has-post-thumbnail","6":"product_cat-aeteriske-olier","7":"product_cat-vores-nyeste-partier","8":"product_cat-produkter","9":"product_tag-bergamotte","10":"product_tag-bergamotte-aeterisk-olie","11":"product_tag-bergamotte-aeterisk-olie-fordele","12":"product_tag-okologisk-aeterisk-olie-med-bergamotte","13":"product_tag-okologisk-bergamotteolie","15":"first","16":"instock","17":"taxable","18":"shipping-taxable","19":"purchasable","20":"product-type-simple"},"yoast_head":"<!-- This site is optimized with the Yoast SEO plugin v24.9 - https:\/\/yoast.com\/wordpress\/plugins\/seo\/ -->\n<title>\u00d8kologisk bergamotte \u00e6terisk olie - The Witchery CPH<\/title>\n<meta name=\"description\" content=\"Vores \u00f8kologiske \u00e6teriske olie med bergamotte er lavet af skallen af friske bergamottefrugter fra en familiedrevet plantage i Sicilien. En perfekt olie til dem, der elsker duften af citrus og tr\u00e6.\" \/>\n<meta name=\"robots\" content=\"index, follow, max-snippet:-1, max-image-preview:large, max-video-preview:-1\" \/>\n<link rel=\"canonical\" href=\"https:\/\/thewitcherycph.com\/da\/vare\/okologisk-bergamotte-aeterisk-olie\/\" \/>\n<meta property=\"og:locale\" content=\"da_DK\" \/>\n<meta property=\"og:type\" content=\"article\" \/>\n<meta property=\"og:title\" content=\"\u00d8kologisk bergamotte \u00e6terisk olie - The Witchery CPH\" \/>\n<meta property=\"og:description\" content=\"Vores \u00f8kologiske \u00e6teriske olie med bergamotte er lavet af skallen af friske bergamottefrugter fra en familiedrevet plantage i Sicilien. En perfekt olie til dem, der elsker duften af citrus og tr\u00e6.\" \/>\n<meta property=\"og:url\" content=\"https:\/\/thewitcherycph.com\/da\/vare\/okologisk-bergamotte-aeterisk-olie\/\" \/>\n<meta property=\"og:site_name\" content=\"The Witchery CPH\" \/>\n<meta property=\"og:image\" content=\"https:\/\/thewitcherycph.com\/wp-content\/uploads\/2025\/05\/Organic-bergamot-essential-oil-from-Sicily-The-Witchery-CPH.jpg\" \/>\n\t<meta property=\"og:image:width\" content=\"1400\" \/>\n\t<meta property=\"og:image:height\" content=\"1600\" \/>\n\t<meta property=\"og:image:type\" content=\"image\/jpeg\" \/>\n<meta name=\"twitter:card\" content=\"summary_large_image\" \/>\n<meta name=\"twitter:label1\" content=\"Estimeret l\u00e6setid\" \/>\n\t<meta name=\"twitter:data1\" content=\"1 minut\" \/>\n<script type=\"application\/ld+json\" class=\"yoast-schema-graph\">{\"@context\":\"https:\/\/schema.org\",\"@graph\":[{\"@type\":\"WebPage\",\"@id\":\"https:\/\/thewitcherycph.com\/da\/vare\/okologisk-bergamotte-aeterisk-olie\/\",\"url\":\"https:\/\/thewitcherycph.com\/da\/vare\/okologisk-bergamotte-aeterisk-olie\/\",\"name\":\"\u00d8kologisk bergamotte \u00e6terisk olie - The Witchery CPH\",\"isPartOf\":{\"@id\":\"https:\/\/thewitcherycph.com\/da\/#website\"},\"primaryImageOfPage\":{\"@id\":\"https:\/\/thewitcherycph.com\/da\/vare\/okologisk-bergamotte-aeterisk-olie\/#primaryimage\"},\"image\":{\"@id\":\"https:\/\/thewitcherycph.com\/da\/vare\/okologisk-bergamotte-aeterisk-olie\/#primaryimage\"},\"thumbnailUrl\":\"https:\/\/thewitcherycph.com\/wp-content\/uploads\/2025\/05\/Organic-bergamot-essential-oil-from-Sicily-The-Witchery-CPH.jpg\",\"datePublished\":\"2026-01-25T16:04:48+00:00\",\"description\":\"Vores \u00f8kologiske \u00e6teriske olie med bergamotte er lavet af skallen af friske bergamottefrugter fra en familiedrevet plantage i Sicilien. En perfekt olie til dem, der elsker duften af citrus og tr\u00e6.\",\"breadcrumb\":{\"@id\":\"https:\/\/thewitcherycph.com\/da\/vare\/okologisk-bergamotte-aeterisk-olie\/#breadcrumb\"},\"inLanguage\":\"da-DK\",\"potentialAction\":[{\"@type\":\"ReadAction\",\"target\":[\"https:\/\/thewitcherycph.com\/da\/vare\/okologisk-bergamotte-aeterisk-olie\/\"]}]},{\"@type\":\"ImageObject\",\"inLanguage\":\"da-DK\",\"@id\":\"https:\/\/thewitcherycph.com\/da\/vare\/okologisk-bergamotte-aeterisk-olie\/#primaryimage\",\"url\":\"https:\/\/thewitcherycph.com\/wp-content\/uploads\/2025\/05\/Organic-bergamot-essential-oil-from-Sicily-The-Witchery-CPH.jpg\",\"contentUrl\":\"https:\/\/thewitcherycph.com\/wp-content\/uploads\/2025\/05\/Organic-bergamot-essential-oil-from-Sicily-The-Witchery-CPH.jpg\",\"width\":1400,\"height\":1600,\"caption\":\"organic bergamot essential oil\"},{\"@type\":\"BreadcrumbList\",\"@id\":\"https:\/\/thewitcherycph.com\/da\/vare\/okologisk-bergamotte-aeterisk-olie\/#breadcrumb\",\"itemListElement\":[{\"@type\":\"ListItem\",\"position\":1,\"name\":\"Home\",\"item\":\"https:\/\/thewitcherycph.com\/da\/hjemside\/\"},{\"@type\":\"ListItem\",\"position\":2,\"name\":\"Butik\",\"item\":\"https:\/\/thewitcherycph.com\/da\/shop\/\"},{\"@type\":\"ListItem\",\"position\":3,\"name\":\"\u00d8kologisk bergamotte \u00e6terisk olie\"}]},{\"@type\":\"WebSite\",\"@id\":\"https:\/\/thewitcherycph.com\/da\/#website\",\"url\":\"https:\/\/thewitcherycph.com\/da\/\",\"name\":\"The Witchery CPH\",\"description\":\"Sustainable Natural Skincare from Copenhagen\",\"potentialAction\":[{\"@type\":\"SearchAction\",\"target\":{\"@type\":\"EntryPoint\",\"urlTemplate\":\"https:\/\/thewitcherycph.com\/da\/?s={search_term_string}\"},\"query-input\":{\"@type\":\"PropertyValueSpecification\",\"valueRequired\":true,\"valueName\":\"search_term_string\"}}],\"inLanguage\":\"da-DK\"}]}<\/script>\n<!-- \/ Yoast SEO plugin. -->","yoast_head_json":{"title":"\u00d8kologisk bergamotte \u00e6terisk olie - The Witchery CPH","description":"Vores \u00f8kologiske \u00e6teriske olie med bergamotte er lavet af skallen af friske bergamottefrugter fra en familiedrevet plantage i Sicilien. En perfekt olie til dem, der elsker duften af citrus og tr\u00e6.","robots":{"index":"index","follow":"follow","max-snippet":"max-snippet:-1","max-image-preview":"max-image-preview:large","max-video-preview":"max-video-preview:-1"},"canonical":"https:\/\/thewitcherycph.com\/da\/vare\/okologisk-bergamotte-aeterisk-olie\/","og_locale":"da_DK","og_type":"article","og_title":"\u00d8kologisk bergamotte \u00e6terisk olie - The Witchery CPH","og_description":"Vores \u00f8kologiske \u00e6teriske olie med bergamotte er lavet af skallen af friske bergamottefrugter fra en familiedrevet plantage i Sicilien. En perfekt olie til dem, der elsker duften af citrus og tr\u00e6.","og_url":"https:\/\/thewitcherycph.com\/da\/vare\/okologisk-bergamotte-aeterisk-olie\/","og_site_name":"The Witchery CPH","og_image":[{"width":1400,"height":1600,"url":"https:\/\/thewitcherycph.com\/wp-content\/uploads\/2025\/05\/Organic-bergamot-essential-oil-from-Sicily-The-Witchery-CPH.jpg","type":"image\/jpeg"}],"twitter_card":"summary_large_image","twitter_misc":{"Estimeret l\u00e6setid":"1 minut"},"schema":{"@context":"https:\/\/schema.org","@graph":[{"@type":"WebPage","@id":"https:\/\/thewitcherycph.com\/da\/vare\/okologisk-bergamotte-aeterisk-olie\/","url":"https:\/\/thewitcherycph.com\/da\/vare\/okologisk-bergamotte-aeterisk-olie\/","name":"\u00d8kologisk bergamotte \u00e6terisk olie - The Witchery CPH","isPartOf":{"@id":"https:\/\/thewitcherycph.com\/da\/#website"},"primaryImageOfPage":{"@id":"https:\/\/thewitcherycph.com\/da\/vare\/okologisk-bergamotte-aeterisk-olie\/#primaryimage"},"image":{"@id":"https:\/\/thewitcherycph.com\/da\/vare\/okologisk-bergamotte-aeterisk-olie\/#primaryimage"},"thumbnailUrl":"https:\/\/thewitcherycph.com\/wp-content\/uploads\/2025\/05\/Organic-bergamot-essential-oil-from-Sicily-The-Witchery-CPH.jpg","datePublished":"2026-01-25T16:04:48+00:00","description":"Vores \u00f8kologiske \u00e6teriske olie med bergamotte er lavet af skallen af friske bergamottefrugter fra en familiedrevet plantage i Sicilien. En perfekt olie til dem, der elsker duften af citrus og tr\u00e6.","breadcrumb":{"@id":"https:\/\/thewitcherycph.com\/da\/vare\/okologisk-bergamotte-aeterisk-olie\/#breadcrumb"},"inLanguage":"da-DK","potentialAction":[{"@type":"ReadAction","target":["https:\/\/thewitcherycph.com\/da\/vare\/okologisk-bergamotte-aeterisk-olie\/"]}]},{"@type":"ImageObject","inLanguage":"da-DK","@id":"https:\/\/thewitcherycph.com\/da\/vare\/okologisk-bergamotte-aeterisk-olie\/#primaryimage","url":"https:\/\/thewitcherycph.com\/wp-content\/uploads\/2025\/05\/Organic-bergamot-essential-oil-from-Sicily-The-Witchery-CPH.jpg","contentUrl":"https:\/\/thewitcherycph.com\/wp-content\/uploads\/2025\/05\/Organic-bergamot-essential-oil-from-Sicily-The-Witchery-CPH.jpg","width":1400,"height":1600,"caption":"organic bergamot essential oil"},{"@type":"BreadcrumbList","@id":"https:\/\/thewitcherycph.com\/da\/vare\/okologisk-bergamotte-aeterisk-olie\/#breadcrumb","itemListElement":[{"@type":"ListItem","position":1,"name":"Home","item":"https:\/\/thewitcherycph.com\/da\/hjemside\/"},{"@type":"ListItem","position":2,"name":"Butik","item":"https:\/\/thewitcherycph.com\/da\/shop\/"},{"@type":"ListItem","position":3,"name":"\u00d8kologisk bergamotte \u00e6terisk olie"}]},{"@type":"WebSite","@id":"https:\/\/thewitcherycph.com\/da\/#website","url":"https:\/\/thewitcherycph.com\/da\/","name":"The Witchery CPH","description":"Sustainable Natural Skincare from Copenhagen","potentialAction":[{"@type":"SearchAction","target":{"@type":"EntryPoint","urlTemplate":"https:\/\/thewitcherycph.com\/da\/?s={search_term_string}"},"query-input":{"@type":"PropertyValueSpecification","valueRequired":true,"valueName":"search_term_string"}}],"inLanguage":"da-DK"}]}},"_links":{"self":[{"href":"https:\/\/thewitcherycph.com\/da\/wp-json\/wp\/v2\/product\/7805","targetHints":{"allow":["GET"]}}],"collection":[{"href":"https:\/\/thewitcherycph.com\/da\/wp-json\/wp\/v2\/product"}],"about":[{"href":"https:\/\/thewitcherycph.com\/da\/wp-json\/wp\/v2\/types\/product"}],"replies":[{"embeddable":true,"href":"https:\/\/thewitcherycph.com\/da\/wp-json\/wp\/v2\/comments?post=7805"}],"wp:featuredmedia":[{"embeddable":true,"href":"https:\/\/thewitcherycph.com\/da\/wp-json\/wp\/v2\/media\/7254"}],"wp:attachment":[{"href":"https:\/\/thewitcherycph.com\/da\/wp-json\/wp\/v2\/media?parent=7805"}],"wp:term":[{"taxonomy":"product_brand","embeddable":true,"href":"https:\/\/thewitcherycph.com\/da\/wp-json\/wp\/v2\/product_brand?post=7805"},{"taxonomy":"product_cat","embeddable":true,"href":"https:\/\/thewitcherycph.com\/da\/wp-json\/wp\/v2\/product_cat?post=7805"},{"taxonomy":"product_tag","embeddable":true,"href":"https:\/\/thewitcherycph.com\/da\/wp-json\/wp\/v2\/product_tag?post=7805"}],"curies":[{"name":"wp","href":"https:\/\/api.w.org\/{rel}","templated":true}]}}