{"id":7800,"date":"2025-03-05T11:08:39","date_gmt":"2026-01-23T21:57:38","guid":{"rendered":"https:\/\/thewitcherycph.com\/product\/spinatolie-til-ansigtsrens\/"},"modified":"2026-04-08T10:52:50","modified_gmt":"2026-04-08T10:52:50","slug":"spinatolie-til-ansigtsrens","status":"publish","type":"product","link":"https:\/\/thewitcherycph.com\/da\/vare\/spinatolie-til-ansigtsrens\/","title":{"rendered":"Spinatolie til ansigtsrens"},"content":{"rendered":"<section class=\"wpb-content-wrapper\"><p>[vc_row][vc_column][konte_banner source=&#8221;external_link&#8221; text_position=&#8221;top-left&#8221; font_container=&#8221;font_size:40px&#8221; button_text=&#8221;&#8221; css=&#8221;.vc_custom_1620273975273{margin-bottom: 100px !important;}&#8221; custom_src=&#8221;https:\/\/thewitcherycph.com\/wp-content\/uploads\/2025\/03\/spinach-oil-face-wash-cold-presed-the-witchery-cph-cover.jpg&#8221;]<br \/>\nSPINATFR\u00d8OLIE<br \/>ANIGTSRENS [\/konte_banner][\/vc_column][\/vc_row]<\/p>\n<p>[vc_row][vc_column width=&#8221;5\/6&#8243; offset=&#8221;vc_col-lg-offset-1 vc_col-md-offset-1&#8243;][vc_row_inner][vc_column_inner width=&#8221;1\/2&#8243;][vc_custom_heading text=&#8221;<br \/>\nFORDELENE VED<br \/>\nSPINATFR\u00d8OLIE<br \/>\n&#8221; use_theme_fonts=&#8221;yes&#8221; css=&#8221;.vc_custom_1536826700353{margin-top: 45px !important;margin-right: 65px !important;margin-bottom: 40px !important;margin-left: 65px !important;}&#8221;][vc_column_text css=&#8221;.vc_custom_1536826413162{margin-right: 65px !important;margin-bottom: 200px !important;margin-left: 65px !important;}&#8221;] Spinatfr\u00f8olie er rig p\u00e5 vitamin E og A. Vitamin E beroliger og udglatter huden, og er ekstremt fugtgivende og bl\u00f8dg\u00f8rende. Vitamin A f\u00e5r huden til at forny og hele hurtigere.<\/p>\n<p>Olien er lavet ved at koldpresse friske fr\u00f8 fra spinatplanten.<\/p>\n<p>Spinatfr\u00f8olie er let og ikke komedogen, hvilket betyder at den ikke stopper hudens porer.<\/p>\n<p>Den silikonelignende tekstur hj\u00e6lper med at fjerne skidt, makeup, overskydende olie og talg og d\u00f8de hudceller. <\/p>\n<p>[\/vc_column_text][vc_single_image source=&#8221;external_link&#8221; css=&#8221;.vc_custom_1620273997007{margin-right: 55px !important;}&#8221;<br \/>\ncustom_src=&#8221;https:\/\/thewitcherycph.com\/wp-content\/uploads\/2025\/03\/spinach-oil-face-wash-cold-presed-the-witchery-cph.jpg&#8221;][\/vc_column_inner]<\/p>\n<p>[vc_column_inner width=&#8221;1\/2&#8243;][vc_single_image source=&#8221;external_link&#8221; alignment=&#8221;right&#8221; css=&#8221;.vc_custom_1620274010228{margin-bottom: 220px !important;margin-left: 60px !important;}&#8221; custom_src=&#8221;https:\/\/thewitcherycph.com\/wp-content\/uploads\/2025\/03\/skin-benefits-of-spinach-oil.jpg&#8221;][vc_custom_heading text=&#8221;ANVENDELSE&#8221; use_theme_fonts=&#8221;yes&#8221; css=&#8221;.vc_custom_1536826773205{margin-right: 90px !important;margin-bottom: 56px !important;margin-left: 60px !important;}&#8221;][vc_column_text css=&#8221;.vc_custom_1536826780690{margin-right: 90px !important;margin-left: 60px !important;}&#8221;]<\/p>\n<p>[vc_custom_heading text=&#8221;&#8221; use_theme_fonts=&#8221;yes&#8221; css=&#8221;.vc_custom_1536826773205{margin-right: 90px !important;margin-bottom: 56px !important;margin-left: 60px !important;}&#8221;][vc_column_text css=&#8221;.vc_custom_1536826780690{margin-right: 90px !important;margin-left: 60px !important;}&#8221;]<\/p>\n<p>S\u00c5DAN BRUGER DU DEN<\/p>\n<p>G\u00f8r dit ansigt fugtigt med en smule vand, h\u00e6ld en m\u00e6ngde olie ud i din h\u00e5nd, der svarer til en 5 krone, og mass\u00e9r olien ind i huden.<\/p>\n<p>Skyld dit ansigt med vand, og fjern olien med en vatrondel eller vaskeklud. Gentag indtil din hud er ren. <\/p>\n<p>Hvis du bruger meget h\u00e5rdf\u00f8r makeup, anbefaler vi at vaske to gange.<br \/>\n[\/vc_column_text][\/vc_column_inner][\/vc_row_inner][\/vc_column][\/vc_row]<\/p>\n<h2><\/h2>\n<h2><\/h2>\n<h2><\/h2>\n<h2><\/h2>\n<p>&nbsp;<\/p>\n<p>&nbsp;<\/p>\n<h4>Alle vores produkter er lavet med europ\u00e6iske, b\u00e6redygtige ingredienser med mindst mulig spild. Vi er dedikerede til at g\u00f8re denne planet til et bedre sted og bruge de naturlige produkter, vi har lige uden foran vores d\u00f8r. Vi er The Witchery CPH, og vi tror p\u00e5 naturens magi.<\/h4>\n<p>&nbsp;<\/p>\n<p>FAQ<\/p>\n<hr>\n<p>Vi er cruelty-free, og vi tester aldrig p\u00e5 dyr. Alle produkter er lokale og b\u00e6redygtige. Alle vores produkter er lokale og b\u00e6redygtige. Vi bruger fr\u00f8, som er biprodukter af europ\u00e6isk f\u00f8devareproduktion, hvilket s\u00e6nker vores klimaaftryk og vandforbrug. Lokale fr\u00f8 betyder, at de ikke skal transporteres langt eller opbevares i lange perioder. De strenge regler for landbrug i EU sikrer ogs\u00e5, at vores fr\u00f8 har markedets h\u00f8jeste kvalitet. Dermed er vores produkter ikke bare b\u00e6redygtige, men ogs\u00e5 af fantastisk kvalitet.<\/p>\n<\/section>","protected":false},"excerpt":{"rendered":"<p>Spinatolien er et alternativ til vores k\u00e5lolie, da det nu er spinats\u00e6son.<\/p>\n<ul>\n<li>fyldt med vitamin E og A<\/li>\n<li>b\u00e5de fugtgivende, cellefornyende og foryngende <\/li>\n<li>ikke komedogen (pore-stoppende) <\/li>\n<li>silikonelignende tekstur perfekt til rensning af huden<\/li>\n<li>l\u00f8sner og fjerner d\u00f8de hudceller, afhj\u00e6lper urenheder<\/li>\n<li>antiinflammatorisk og helende<\/li>\n<li>Dette produkt er fri for syntetiske ingredienser, konserveringsmidler, giftige kemikalier, parabener, tils\u00e6tningsstoffer og alt andet un\u00f8dvendigt.<\/li>\n<li>Brug indenfor 12 m\u00e5neder efter \u00e5bning, hold v\u00e6k fra direkte sol og varme.<\/li>\n<li>Europ\u00e6iske fr\u00f8, kerner og planter <\/li>\n<\/ul>\n","protected":false},"featured_media":7669,"comment_status":"open","ping_status":"closed","template":"","meta":[],"product_brand":[],"product_cat":[827,698,471],"product_tag":[833,830,834,828,832,831,829],"class_list":{"0":"post-7800","1":"product","2":"type-product","3":"status-publish","4":"has-post-thumbnail","6":"product_cat-ansigtsrens","7":"product_cat-vores-nyeste-partier","8":"product_cat-produkter","9":"product_tag-foryngende-ansigtsrens","10":"product_tag-makeup-fjerner","11":"product_tag-olie-rens","12":"product_tag-olie-til-ansigtsrens","13":"product_tag-spinat-ansigtsrens","14":"product_tag-spinatfroolie","15":"product_tag-vitamin-e-olie","17":"first","18":"instock","19":"sale","20":"taxable","21":"shipping-taxable","22":"purchasable","23":"product-type-simple"},"yoast_head":"<!-- This site is optimized with the Yoast SEO plugin v24.9 - https:\/\/yoast.com\/wordpress\/plugins\/seo\/ -->\n<title>Spinatolie til ansigtsrens - The Witchery CPH<\/title>\n<meta name=\"description\" content=\"Ja, denne l\u00e6kre rensende ansigtsolie er lavet p\u00e5 koldpressede spinatfr\u00f8. Den er b\u00e5de fugtgivende, foryngende og helende\" \/>\n<meta name=\"robots\" content=\"index, follow, max-snippet:-1, max-image-preview:large, max-video-preview:-1\" \/>\n<link rel=\"canonical\" href=\"https:\/\/thewitcherycph.com\/da\/vare\/spinatolie-til-ansigtsrens\/\" \/>\n<meta property=\"og:locale\" content=\"da_DK\" \/>\n<meta property=\"og:type\" content=\"article\" \/>\n<meta property=\"og:title\" content=\"Spinatolie til ansigtsrens - The Witchery CPH\" \/>\n<meta property=\"og:description\" content=\"Ja, denne l\u00e6kre rensende ansigtsolie er lavet p\u00e5 koldpressede spinatfr\u00f8. Den er b\u00e5de fugtgivende, foryngende og helende\" \/>\n<meta property=\"og:url\" content=\"https:\/\/thewitcherycph.com\/da\/vare\/spinatolie-til-ansigtsrens\/\" \/>\n<meta property=\"og:site_name\" content=\"The Witchery CPH\" \/>\n<meta property=\"article:modified_time\" content=\"2026-04-08T10:52:50+00:00\" \/>\n<meta property=\"og:image\" content=\"https:\/\/thewitcherycph.com\/wp-content\/uploads\/2025\/03\/spinach-oil-face-wash-cold-presed-the-witchery-cph-2.jpg\" \/>\n\t<meta property=\"og:image:width\" content=\"1400\" \/>\n\t<meta property=\"og:image:height\" content=\"1600\" \/>\n\t<meta property=\"og:image:type\" content=\"image\/jpeg\" \/>\n<meta name=\"twitter:card\" content=\"summary_large_image\" \/>\n<meta name=\"twitter:label1\" content=\"Estimeret l\u00e6setid\" \/>\n\t<meta name=\"twitter:data1\" content=\"3 minutter\" \/>\n<script type=\"application\/ld+json\" class=\"yoast-schema-graph\">{\"@context\":\"https:\/\/schema.org\",\"@graph\":[{\"@type\":\"WebPage\",\"@id\":\"https:\/\/thewitcherycph.com\/da\/vare\/spinatolie-til-ansigtsrens\/\",\"url\":\"https:\/\/thewitcherycph.com\/da\/vare\/spinatolie-til-ansigtsrens\/\",\"name\":\"Spinatolie til ansigtsrens - The Witchery CPH\",\"isPartOf\":{\"@id\":\"https:\/\/thewitcherycph.com\/da\/#website\"},\"primaryImageOfPage\":{\"@id\":\"https:\/\/thewitcherycph.com\/da\/vare\/spinatolie-til-ansigtsrens\/#primaryimage\"},\"image\":{\"@id\":\"https:\/\/thewitcherycph.com\/da\/vare\/spinatolie-til-ansigtsrens\/#primaryimage\"},\"thumbnailUrl\":\"https:\/\/thewitcherycph.com\/wp-content\/uploads\/2025\/03\/spinach-oil-face-wash-cold-presed-the-witchery-cph-2.jpg\",\"datePublished\":\"2026-01-23T21:57:38+00:00\",\"dateModified\":\"2026-04-08T10:52:50+00:00\",\"description\":\"Ja, denne l\u00e6kre rensende ansigtsolie er lavet p\u00e5 koldpressede spinatfr\u00f8. Den er b\u00e5de fugtgivende, foryngende og helende\",\"breadcrumb\":{\"@id\":\"https:\/\/thewitcherycph.com\/da\/vare\/spinatolie-til-ansigtsrens\/#breadcrumb\"},\"inLanguage\":\"da-DK\",\"potentialAction\":[{\"@type\":\"ReadAction\",\"target\":[\"https:\/\/thewitcherycph.com\/da\/vare\/spinatolie-til-ansigtsrens\/\"]}]},{\"@type\":\"ImageObject\",\"inLanguage\":\"da-DK\",\"@id\":\"https:\/\/thewitcherycph.com\/da\/vare\/spinatolie-til-ansigtsrens\/#primaryimage\",\"url\":\"https:\/\/thewitcherycph.com\/wp-content\/uploads\/2025\/03\/spinach-oil-face-wash-cold-presed-the-witchery-cph-2.jpg\",\"contentUrl\":\"https:\/\/thewitcherycph.com\/wp-content\/uploads\/2025\/03\/spinach-oil-face-wash-cold-presed-the-witchery-cph-2.jpg\",\"width\":1400,\"height\":1600,\"caption\":\"Spinach Oil Face Wash\"},{\"@type\":\"BreadcrumbList\",\"@id\":\"https:\/\/thewitcherycph.com\/da\/vare\/spinatolie-til-ansigtsrens\/#breadcrumb\",\"itemListElement\":[{\"@type\":\"ListItem\",\"position\":1,\"name\":\"Home\",\"item\":\"https:\/\/thewitcherycph.com\/da\/hjemside\/\"},{\"@type\":\"ListItem\",\"position\":2,\"name\":\"Butik\",\"item\":\"https:\/\/thewitcherycph.com\/da\/shop\/\"},{\"@type\":\"ListItem\",\"position\":3,\"name\":\"Spinatolie til ansigtsrens\"}]},{\"@type\":\"WebSite\",\"@id\":\"https:\/\/thewitcherycph.com\/da\/#website\",\"url\":\"https:\/\/thewitcherycph.com\/da\/\",\"name\":\"The Witchery CPH\",\"description\":\"Sustainable Natural Skincare from Copenhagen\",\"potentialAction\":[{\"@type\":\"SearchAction\",\"target\":{\"@type\":\"EntryPoint\",\"urlTemplate\":\"https:\/\/thewitcherycph.com\/da\/?s={search_term_string}\"},\"query-input\":{\"@type\":\"PropertyValueSpecification\",\"valueRequired\":true,\"valueName\":\"search_term_string\"}}],\"inLanguage\":\"da-DK\"}]}<\/script>\n<!-- \/ Yoast SEO plugin. -->","yoast_head_json":{"title":"Spinatolie til ansigtsrens - The Witchery CPH","description":"Ja, denne l\u00e6kre rensende ansigtsolie er lavet p\u00e5 koldpressede spinatfr\u00f8. Den er b\u00e5de fugtgivende, foryngende og helende","robots":{"index":"index","follow":"follow","max-snippet":"max-snippet:-1","max-image-preview":"max-image-preview:large","max-video-preview":"max-video-preview:-1"},"canonical":"https:\/\/thewitcherycph.com\/da\/vare\/spinatolie-til-ansigtsrens\/","og_locale":"da_DK","og_type":"article","og_title":"Spinatolie til ansigtsrens - The Witchery CPH","og_description":"Ja, denne l\u00e6kre rensende ansigtsolie er lavet p\u00e5 koldpressede spinatfr\u00f8. Den er b\u00e5de fugtgivende, foryngende og helende","og_url":"https:\/\/thewitcherycph.com\/da\/vare\/spinatolie-til-ansigtsrens\/","og_site_name":"The Witchery CPH","article_modified_time":"2026-04-08T10:52:50+00:00","og_image":[{"width":1400,"height":1600,"url":"https:\/\/thewitcherycph.com\/wp-content\/uploads\/2025\/03\/spinach-oil-face-wash-cold-presed-the-witchery-cph-2.jpg","type":"image\/jpeg"}],"twitter_card":"summary_large_image","twitter_misc":{"Estimeret l\u00e6setid":"3 minutter"},"schema":{"@context":"https:\/\/schema.org","@graph":[{"@type":"WebPage","@id":"https:\/\/thewitcherycph.com\/da\/vare\/spinatolie-til-ansigtsrens\/","url":"https:\/\/thewitcherycph.com\/da\/vare\/spinatolie-til-ansigtsrens\/","name":"Spinatolie til ansigtsrens - The Witchery CPH","isPartOf":{"@id":"https:\/\/thewitcherycph.com\/da\/#website"},"primaryImageOfPage":{"@id":"https:\/\/thewitcherycph.com\/da\/vare\/spinatolie-til-ansigtsrens\/#primaryimage"},"image":{"@id":"https:\/\/thewitcherycph.com\/da\/vare\/spinatolie-til-ansigtsrens\/#primaryimage"},"thumbnailUrl":"https:\/\/thewitcherycph.com\/wp-content\/uploads\/2025\/03\/spinach-oil-face-wash-cold-presed-the-witchery-cph-2.jpg","datePublished":"2026-01-23T21:57:38+00:00","dateModified":"2026-04-08T10:52:50+00:00","description":"Ja, denne l\u00e6kre rensende ansigtsolie er lavet p\u00e5 koldpressede spinatfr\u00f8. Den er b\u00e5de fugtgivende, foryngende og helende","breadcrumb":{"@id":"https:\/\/thewitcherycph.com\/da\/vare\/spinatolie-til-ansigtsrens\/#breadcrumb"},"inLanguage":"da-DK","potentialAction":[{"@type":"ReadAction","target":["https:\/\/thewitcherycph.com\/da\/vare\/spinatolie-til-ansigtsrens\/"]}]},{"@type":"ImageObject","inLanguage":"da-DK","@id":"https:\/\/thewitcherycph.com\/da\/vare\/spinatolie-til-ansigtsrens\/#primaryimage","url":"https:\/\/thewitcherycph.com\/wp-content\/uploads\/2025\/03\/spinach-oil-face-wash-cold-presed-the-witchery-cph-2.jpg","contentUrl":"https:\/\/thewitcherycph.com\/wp-content\/uploads\/2025\/03\/spinach-oil-face-wash-cold-presed-the-witchery-cph-2.jpg","width":1400,"height":1600,"caption":"Spinach Oil Face Wash"},{"@type":"BreadcrumbList","@id":"https:\/\/thewitcherycph.com\/da\/vare\/spinatolie-til-ansigtsrens\/#breadcrumb","itemListElement":[{"@type":"ListItem","position":1,"name":"Home","item":"https:\/\/thewitcherycph.com\/da\/hjemside\/"},{"@type":"ListItem","position":2,"name":"Butik","item":"https:\/\/thewitcherycph.com\/da\/shop\/"},{"@type":"ListItem","position":3,"name":"Spinatolie til ansigtsrens"}]},{"@type":"WebSite","@id":"https:\/\/thewitcherycph.com\/da\/#website","url":"https:\/\/thewitcherycph.com\/da\/","name":"The Witchery CPH","description":"Sustainable Natural Skincare from Copenhagen","potentialAction":[{"@type":"SearchAction","target":{"@type":"EntryPoint","urlTemplate":"https:\/\/thewitcherycph.com\/da\/?s={search_term_string}"},"query-input":{"@type":"PropertyValueSpecification","valueRequired":true,"valueName":"search_term_string"}}],"inLanguage":"da-DK"}]}},"_links":{"self":[{"href":"https:\/\/thewitcherycph.com\/da\/wp-json\/wp\/v2\/product\/7800","targetHints":{"allow":["GET"]}}],"collection":[{"href":"https:\/\/thewitcherycph.com\/da\/wp-json\/wp\/v2\/product"}],"about":[{"href":"https:\/\/thewitcherycph.com\/da\/wp-json\/wp\/v2\/types\/product"}],"replies":[{"embeddable":true,"href":"https:\/\/thewitcherycph.com\/da\/wp-json\/wp\/v2\/comments?post=7800"}],"wp:featuredmedia":[{"embeddable":true,"href":"https:\/\/thewitcherycph.com\/da\/wp-json\/wp\/v2\/media\/7669"}],"wp:attachment":[{"href":"https:\/\/thewitcherycph.com\/da\/wp-json\/wp\/v2\/media?parent=7800"}],"wp:term":[{"taxonomy":"product_brand","embeddable":true,"href":"https:\/\/thewitcherycph.com\/da\/wp-json\/wp\/v2\/product_brand?post=7800"},{"taxonomy":"product_cat","embeddable":true,"href":"https:\/\/thewitcherycph.com\/da\/wp-json\/wp\/v2\/product_cat?post=7800"},{"taxonomy":"product_tag","embeddable":true,"href":"https:\/\/thewitcherycph.com\/da\/wp-json\/wp\/v2\/product_tag?post=7800"}],"curies":[{"name":"wp","href":"https:\/\/api.w.org\/{rel}","templated":true}]}}