{"id":7794,"date":"2025-01-10T14:22:10","date_gmt":"2026-01-19T15:34:39","guid":{"rendered":"https:\/\/thewitcherycph.com\/product\/toerret-oekologisk-braendenaelde\/"},"modified":"2026-01-19T15:34:39","modified_gmt":"2026-01-19T15:34:39","slug":"torrede-okologiske-braendenaelder","status":"publish","type":"product","link":"https:\/\/thewitcherycph.com\/da\/vare\/torrede-okologiske-braendenaelder\/","title":{"rendered":"T\u00f8rret \u00f8kologisk br\u00e6nden\u00e6lde"},"content":{"rendered":"<p>&nbsp;<\/p>\n<h4>Alle vores produkter er lavet med europ\u00e6iske, b\u00e6redygtige ingredienser med mindst mulig spild. Vi er dedikerede til at g\u00f8re denne planet til et bedre sted og bruge de naturlige produkter, vi har lige uden foran vores d\u00f8r. Vi er The Witchery CPH og vi tror p\u00e5 naturens magi<\/h4>\n<p>&nbsp;<\/p>\n<p>FAQ<\/p>\n<hr>\n<p>Vi er cruelty-free, og vi tester aldrig p\u00e5 dyr. Alle produkter er lokale og b\u00e6redygtige. Alle vores produkter er lokale og b\u00e6redygtige. Vi bruger fr\u00f8, som er biprodukter af europ\u00e6isk f\u00f8devareproduktion, hvilket s\u00e6nker vores klimaaftryk og vandforbrug. Lokale fr\u00f8 betyder, at de ikke skal transporteres langt eller opbevares i lange perioder. De strenge regler for landbrug i EU sikrer ogs\u00e5, at vores fr\u00f8 har markedets h\u00f8jeste kvalitet. Dermed er vores produkter ikke bare b\u00e6redygtige, men ogs\u00e5 af fantastisk kvalitet.<\/p>\n","protected":false},"excerpt":{"rendered":"<p>Vores br\u00e6nden\u00e6lder er \u00f8kologiske og dyrket i skoven. Bladende er hele, ikke i pulverform. <\/p>\n<ul>\n<li>ekstremt antiinflammatorisk<\/li>\n<li>et naturligt remedie mod allergi<\/li>\n<li>rig p\u00e5 antioxidanter<\/li>\n<li>underst\u00f8tter knoglehelbred<\/li>\n<li>helende egenskaber for huden<\/li>\n<li>kan afhj\u00e6lpe slidgigt og inflammation i leddene<\/li>\n<li>fremmer ford\u00f8jelsen og tarmhelbredet<\/li>\n<\/ul>\n<p><span style=\"font-weight: 400;\"> Hvis du bruger bladene til te: Kom et par blade i en kop, h\u00e6ld kogende vand over, d\u00e6k koppen til og lad brygge i 5-8 minutter. Du kan tilf\u00f8je honning eller citron efter pr\u00e6ference.  <\/span><\/p>\n","protected":false},"featured_media":6957,"comment_status":"open","ping_status":"closed","template":"","meta":[],"product_brand":[],"product_cat":[471],"product_tag":[474,823,824,822,472,825],"class_list":{"0":"post-7794","1":"product","2":"type-product","3":"status-publish","4":"has-post-thumbnail","6":"product_cat-produkter","7":"product_tag-braendenaelde","8":"product_tag-braendenaelde-fordele","9":"product_tag-braendenaelde-te-fordele","10":"product_tag-braendenaelder","11":"product_tag-naelde-hud-fordele","12":"product_tag-okologiske-braendenaelde","14":"first","15":"instock","16":"taxable","17":"shipping-taxable","18":"purchasable","19":"product-type-simple"},"yoast_head":"<!-- This site is optimized with the Yoast SEO plugin v24.9 - https:\/\/yoast.com\/wordpress\/plugins\/seo\/ -->\n<title>T\u00f8rret \u00f8kologisk br\u00e6nden\u00e6lde - The Witchery CPH<\/title>\n<meta name=\"description\" content=\"Vores \u00f8kologiske br\u00e6nden\u00e6ldeblade dyrket i skoven er rige p\u00e5 antioxidanter, vitaminer og er proppet med antiinflammatoriske egenskaber\" \/>\n<meta name=\"robots\" content=\"index, follow, max-snippet:-1, max-image-preview:large, max-video-preview:-1\" \/>\n<link rel=\"canonical\" href=\"https:\/\/thewitcherycph.com\/da\/vare\/torrede-okologiske-braendenaelder\/\" \/>\n<meta property=\"og:locale\" content=\"da_DK\" \/>\n<meta property=\"og:type\" content=\"article\" \/>\n<meta property=\"og:title\" content=\"T\u00f8rret \u00f8kologisk br\u00e6nden\u00e6lde - The Witchery CPH\" \/>\n<meta property=\"og:description\" content=\"Vores \u00f8kologiske br\u00e6nden\u00e6ldeblade dyrket i skoven er rige p\u00e5 antioxidanter, vitaminer og er proppet med antiinflammatoriske egenskaber\" \/>\n<meta property=\"og:url\" content=\"https:\/\/thewitcherycph.com\/da\/vare\/torrede-okologiske-braendenaelder\/\" \/>\n<meta property=\"og:site_name\" content=\"The Witchery CPH\" \/>\n<meta property=\"og:image\" content=\"https:\/\/thewitcherycph.com\/wp-content\/uploads\/2025\/01\/dry-organic-stinging-nettle-leaves-for-tea.jpg\" \/>\n\t<meta property=\"og:image:width\" content=\"1400\" \/>\n\t<meta property=\"og:image:height\" content=\"1600\" \/>\n\t<meta property=\"og:image:type\" content=\"image\/jpeg\" \/>\n<meta name=\"twitter:card\" content=\"summary_large_image\" \/>\n<meta name=\"twitter:label1\" content=\"Estimeret l\u00e6setid\" \/>\n\t<meta name=\"twitter:data1\" content=\"1 minut\" \/>\n<script type=\"application\/ld+json\" class=\"yoast-schema-graph\">{\"@context\":\"https:\/\/schema.org\",\"@graph\":[{\"@type\":\"WebPage\",\"@id\":\"https:\/\/thewitcherycph.com\/da\/vare\/torrede-okologiske-braendenaelder\/\",\"url\":\"https:\/\/thewitcherycph.com\/da\/vare\/torrede-okologiske-braendenaelder\/\",\"name\":\"T\u00f8rret \u00f8kologisk br\u00e6nden\u00e6lde - The Witchery CPH\",\"isPartOf\":{\"@id\":\"https:\/\/thewitcherycph.com\/da\/#website\"},\"primaryImageOfPage\":{\"@id\":\"https:\/\/thewitcherycph.com\/da\/vare\/torrede-okologiske-braendenaelder\/#primaryimage\"},\"image\":{\"@id\":\"https:\/\/thewitcherycph.com\/da\/vare\/torrede-okologiske-braendenaelder\/#primaryimage\"},\"thumbnailUrl\":\"https:\/\/thewitcherycph.com\/wp-content\/uploads\/2025\/01\/dry-organic-stinging-nettle-leaves-for-tea.jpg\",\"datePublished\":\"2026-01-19T15:34:39+00:00\",\"description\":\"Vores \u00f8kologiske br\u00e6nden\u00e6ldeblade dyrket i skoven er rige p\u00e5 antioxidanter, vitaminer og er proppet med antiinflammatoriske egenskaber\",\"breadcrumb\":{\"@id\":\"https:\/\/thewitcherycph.com\/da\/vare\/torrede-okologiske-braendenaelder\/#breadcrumb\"},\"inLanguage\":\"da-DK\",\"potentialAction\":[{\"@type\":\"ReadAction\",\"target\":[\"https:\/\/thewitcherycph.com\/da\/vare\/torrede-okologiske-braendenaelder\/\"]}]},{\"@type\":\"ImageObject\",\"inLanguage\":\"da-DK\",\"@id\":\"https:\/\/thewitcherycph.com\/da\/vare\/torrede-okologiske-braendenaelder\/#primaryimage\",\"url\":\"https:\/\/thewitcherycph.com\/wp-content\/uploads\/2025\/01\/dry-organic-stinging-nettle-leaves-for-tea.jpg\",\"contentUrl\":\"https:\/\/thewitcherycph.com\/wp-content\/uploads\/2025\/01\/dry-organic-stinging-nettle-leaves-for-tea.jpg\",\"width\":1400,\"height\":1600,\"caption\":\"organic stinging nettle leaves\"},{\"@type\":\"BreadcrumbList\",\"@id\":\"https:\/\/thewitcherycph.com\/da\/vare\/torrede-okologiske-braendenaelder\/#breadcrumb\",\"itemListElement\":[{\"@type\":\"ListItem\",\"position\":1,\"name\":\"Home\",\"item\":\"https:\/\/thewitcherycph.com\/da\/hjemside\/\"},{\"@type\":\"ListItem\",\"position\":2,\"name\":\"Butik\",\"item\":\"https:\/\/thewitcherycph.com\/da\/shop\/\"},{\"@type\":\"ListItem\",\"position\":3,\"name\":\"T\u00f8rret \u00f8kologisk br\u00e6nden\u00e6lde\"}]},{\"@type\":\"WebSite\",\"@id\":\"https:\/\/thewitcherycph.com\/da\/#website\",\"url\":\"https:\/\/thewitcherycph.com\/da\/\",\"name\":\"The Witchery CPH\",\"description\":\"Sustainable Natural Skincare from Copenhagen\",\"potentialAction\":[{\"@type\":\"SearchAction\",\"target\":{\"@type\":\"EntryPoint\",\"urlTemplate\":\"https:\/\/thewitcherycph.com\/da\/?s={search_term_string}\"},\"query-input\":{\"@type\":\"PropertyValueSpecification\",\"valueRequired\":true,\"valueName\":\"search_term_string\"}}],\"inLanguage\":\"da-DK\"}]}<\/script>\n<!-- \/ Yoast SEO plugin. -->","yoast_head_json":{"title":"T\u00f8rret \u00f8kologisk br\u00e6nden\u00e6lde - The Witchery CPH","description":"Vores \u00f8kologiske br\u00e6nden\u00e6ldeblade dyrket i skoven er rige p\u00e5 antioxidanter, vitaminer og er proppet med antiinflammatoriske egenskaber","robots":{"index":"index","follow":"follow","max-snippet":"max-snippet:-1","max-image-preview":"max-image-preview:large","max-video-preview":"max-video-preview:-1"},"canonical":"https:\/\/thewitcherycph.com\/da\/vare\/torrede-okologiske-braendenaelder\/","og_locale":"da_DK","og_type":"article","og_title":"T\u00f8rret \u00f8kologisk br\u00e6nden\u00e6lde - The Witchery CPH","og_description":"Vores \u00f8kologiske br\u00e6nden\u00e6ldeblade dyrket i skoven er rige p\u00e5 antioxidanter, vitaminer og er proppet med antiinflammatoriske egenskaber","og_url":"https:\/\/thewitcherycph.com\/da\/vare\/torrede-okologiske-braendenaelder\/","og_site_name":"The Witchery CPH","og_image":[{"width":1400,"height":1600,"url":"https:\/\/thewitcherycph.com\/wp-content\/uploads\/2025\/01\/dry-organic-stinging-nettle-leaves-for-tea.jpg","type":"image\/jpeg"}],"twitter_card":"summary_large_image","twitter_misc":{"Estimeret l\u00e6setid":"1 minut"},"schema":{"@context":"https:\/\/schema.org","@graph":[{"@type":"WebPage","@id":"https:\/\/thewitcherycph.com\/da\/vare\/torrede-okologiske-braendenaelder\/","url":"https:\/\/thewitcherycph.com\/da\/vare\/torrede-okologiske-braendenaelder\/","name":"T\u00f8rret \u00f8kologisk br\u00e6nden\u00e6lde - The Witchery CPH","isPartOf":{"@id":"https:\/\/thewitcherycph.com\/da\/#website"},"primaryImageOfPage":{"@id":"https:\/\/thewitcherycph.com\/da\/vare\/torrede-okologiske-braendenaelder\/#primaryimage"},"image":{"@id":"https:\/\/thewitcherycph.com\/da\/vare\/torrede-okologiske-braendenaelder\/#primaryimage"},"thumbnailUrl":"https:\/\/thewitcherycph.com\/wp-content\/uploads\/2025\/01\/dry-organic-stinging-nettle-leaves-for-tea.jpg","datePublished":"2026-01-19T15:34:39+00:00","description":"Vores \u00f8kologiske br\u00e6nden\u00e6ldeblade dyrket i skoven er rige p\u00e5 antioxidanter, vitaminer og er proppet med antiinflammatoriske egenskaber","breadcrumb":{"@id":"https:\/\/thewitcherycph.com\/da\/vare\/torrede-okologiske-braendenaelder\/#breadcrumb"},"inLanguage":"da-DK","potentialAction":[{"@type":"ReadAction","target":["https:\/\/thewitcherycph.com\/da\/vare\/torrede-okologiske-braendenaelder\/"]}]},{"@type":"ImageObject","inLanguage":"da-DK","@id":"https:\/\/thewitcherycph.com\/da\/vare\/torrede-okologiske-braendenaelder\/#primaryimage","url":"https:\/\/thewitcherycph.com\/wp-content\/uploads\/2025\/01\/dry-organic-stinging-nettle-leaves-for-tea.jpg","contentUrl":"https:\/\/thewitcherycph.com\/wp-content\/uploads\/2025\/01\/dry-organic-stinging-nettle-leaves-for-tea.jpg","width":1400,"height":1600,"caption":"organic stinging nettle leaves"},{"@type":"BreadcrumbList","@id":"https:\/\/thewitcherycph.com\/da\/vare\/torrede-okologiske-braendenaelder\/#breadcrumb","itemListElement":[{"@type":"ListItem","position":1,"name":"Home","item":"https:\/\/thewitcherycph.com\/da\/hjemside\/"},{"@type":"ListItem","position":2,"name":"Butik","item":"https:\/\/thewitcherycph.com\/da\/shop\/"},{"@type":"ListItem","position":3,"name":"T\u00f8rret \u00f8kologisk br\u00e6nden\u00e6lde"}]},{"@type":"WebSite","@id":"https:\/\/thewitcherycph.com\/da\/#website","url":"https:\/\/thewitcherycph.com\/da\/","name":"The Witchery CPH","description":"Sustainable Natural Skincare from Copenhagen","potentialAction":[{"@type":"SearchAction","target":{"@type":"EntryPoint","urlTemplate":"https:\/\/thewitcherycph.com\/da\/?s={search_term_string}"},"query-input":{"@type":"PropertyValueSpecification","valueRequired":true,"valueName":"search_term_string"}}],"inLanguage":"da-DK"}]}},"_links":{"self":[{"href":"https:\/\/thewitcherycph.com\/da\/wp-json\/wp\/v2\/product\/7794","targetHints":{"allow":["GET"]}}],"collection":[{"href":"https:\/\/thewitcherycph.com\/da\/wp-json\/wp\/v2\/product"}],"about":[{"href":"https:\/\/thewitcherycph.com\/da\/wp-json\/wp\/v2\/types\/product"}],"replies":[{"embeddable":true,"href":"https:\/\/thewitcherycph.com\/da\/wp-json\/wp\/v2\/comments?post=7794"}],"wp:featuredmedia":[{"embeddable":true,"href":"https:\/\/thewitcherycph.com\/da\/wp-json\/wp\/v2\/media\/6957"}],"wp:attachment":[{"href":"https:\/\/thewitcherycph.com\/da\/wp-json\/wp\/v2\/media?parent=7794"}],"wp:term":[{"taxonomy":"product_brand","embeddable":true,"href":"https:\/\/thewitcherycph.com\/da\/wp-json\/wp\/v2\/product_brand?post=7794"},{"taxonomy":"product_cat","embeddable":true,"href":"https:\/\/thewitcherycph.com\/da\/wp-json\/wp\/v2\/product_cat?post=7794"},{"taxonomy":"product_tag","embeddable":true,"href":"https:\/\/thewitcherycph.com\/da\/wp-json\/wp\/v2\/product_tag?post=7794"}],"curies":[{"name":"wp","href":"https:\/\/api.w.org\/{rel}","templated":true}]}}