{"id":7791,"date":"2026-01-17T13:01:35","date_gmt":"2026-01-17T13:01:35","guid":{"rendered":"https:\/\/thewitcherycph.com\/product\/tomat-havtorn-solkysset-ansigtsolie\/"},"modified":"2026-01-17T13:01:43","modified_gmt":"2026-01-17T13:01:43","slug":"tomat-havtorn-solkysset-ansigtsolie","status":"publish","type":"product","link":"https:\/\/thewitcherycph.com\/da\/vare\/tomat-havtorn-solkysset-ansigtsolie\/","title":{"rendered":"Tomat + havtorn solkysset ansigtsolie"},"content":{"rendered":"<section class=\"wpb-content-wrapper\"><p>[vc_row][vc_column][konte_banner source=&#8221;external_link&#8221; text_position=&#8221;top-left&#8221; font_container=&#8221;font_size:40px&#8221; button_text=&#8221;&#8221; css=&#8221;.vc_custom_1620273975273{margin-bottom: 100px !important;}&#8221; custom_src=&#8221;https:\/\/thewitcherycph.com\/wp-content\/uploads\/2022\/10\/tomato-sea-buckthorn-seed-face-oil-the-witchery-cph-cover.jpg&#8221;]<br \/>\nFORDELENE VED<br \/>TOMAT + HAVTORN<br \/>\nANSIGTSOLIE [\/konte_banner][\/vc_column][\/vc_row]<\/p>\n<p>[vc_row][vc_column width=&#8221;5\/6&#8243; offset=&#8221;vc_col-lg-offset-1 vc_col-md-offset-1&#8243;][vc_row_inner][vc_column_inner width=&#8221;1\/2&#8243;][vc_custom_heading text=&#8221;<br \/>\nEN ANSIGTSOLIE<br \/>RIG P\u00c5 C-VITAMIN<br \/>\n&#8221; use_theme_fonts=&#8221;yes&#8221; css=&#8221;.vc_custom_1536826700353{margin-top: 45px !important;margin-right: 65px !important;margin-bottom: 40px !important;margin-left: 65px !important;}&#8221;][vc_column_text css=&#8221;.vc_custom_1536826413162{margin-right: 65px !important;margin-bottom: 200px !important;margin-left: 65px !important;}&#8221;] Hvis du leder efter en olie rig p\u00e5 C-vitamin, led ikke l\u00e6ngere! Tomat og havtorn er begge naturligt potente kilder til C-vitamin, en af de bedste stoffer til en dagsrutine, da den fremmer kollagenproduktionen, og holder huden frisk og sund. <br \/>Olien indeholder ogs\u00e5 SOD antioxidanter, der beskytter huden mod frie radikaler og andre skadende forhold, som huden uds\u00e6ttes for i l\u00f8bet af en dag f.eks. koldt vejr og UV-str\u00e5ling.   <\/p>\n<p>Olien er et tro vidunder. Fyldt med vitaminer og godhed, men stadig let og ikke fedtende. Olien kan sagtens bruges med makeup ogs\u00e5.  <\/p>\n<p>Hvad vi og vores kunder elsker ved tomat + havtorn ansigtsolien er, at den efterlader \u00f8jeblikkeligt huden med en solkysset gl\u00f8d, v\u00e6kker huden op og f\u00e5r den til at se frisk og sund ud.<\/p>\n<p>[\/vc_column_text][vc_single_image source=&#8221;external_link&#8221; css=&#8221;.vc_custom_1620273997007{margin-right: 55px !important;}&#8221;<br \/>\ncustom_src=&#8221;https:\/\/thewitcherycph.com\/wp-content\/uploads\/2022\/10\/tomato-seabuckthorn-seed-face-oil-the-witchery-cph-2.jpg&#8221;][\/vc_column_inner]<\/p>\n<p>[vc_column_inner width=&#8221;1\/2&#8243;][vc_single_image source=&#8221;external_link&#8221; alignment=&#8221;right&#8221; css=&#8221;.vc_custom_1620274010228{margin-bottom: 220px !important;margin-left: 60px !important;}&#8221; custom_src=&#8221;https:\/\/thewitcherycph.com\/wp-content\/uploads\/2022\/10\/tomato-seabuckthorn-seed-face-oil-the-witchery-cph.jpg&#8221;][vc_custom_heading text=&#8221;ANVENDELSE&#8221; use_theme_fonts=&#8221;yes&#8221; css=&#8221;.vc_custom_1536826773205{margin-right: 90px !important;margin-bottom: 56px !important;margin-left: 60px !important;}&#8221;][vc_column_text css=&#8221;.vc_custom_1536826780690{margin-right: 90px !important;margin-left: 60px !important;}&#8221;]<\/p>\n<p>[vc_custom_heading text=&#8221;&#8221; use_theme_fonts=&#8221;yes&#8221; css=&#8221;.vc_custom_1536826773205{margin-right: 90px !important;margin-bottom: 56px !important;margin-left: 60px !important;}&#8221;][vc_column_text css=&#8221;.vc_custom_1536826780690{margin-right: 90px !important;margin-left: 60px !important;}&#8221;]<\/p>\n<p>P\u00e5f\u00f8r p\u00e5 ren hud inden ansigtscreme. Du kan endda undv\u00e6re cremen, da olien er nok til at holde din hud fugtig og skinnende. <\/p>\n<p>Vi anbefaler at bruge en af vores botaniske ansigts tonere inden p\u00e5f\u00f8ring.<\/p>\n<p>Vi anbefaler den til alle hudtyper, selv sensitiv, akneramt og r\u00f8d hud. Den er is\u00e6r god til 30+.<\/p>\n<p>[\/vc_column_text][\/vc_column_inner][\/vc_row_inner][\/vc_column][\/vc_row]<\/p>\n<h2><\/h2>\n<h2><\/h2>\n<h2><\/h2>\n<h2><\/h2>\n<p>&nbsp;<\/p>\n<p>&nbsp;<\/p>\n<h4>Alle vores produkter er lavet med europ\u00e6iske, b\u00e6redygtige ingredienser med mindst mulig spild. Vi er dedikerede til at g\u00f8re denne planet til et bedre sted og bruge de naturlige produkter, vi har lige uden foran vores d\u00f8r. Vi er The Witchery CPH og vi tror p\u00e5 naturens magi<\/h4>\n<p>&nbsp;<\/p>\n<p>FAQ<\/p>\n<hr>\n<p>Vi er cruelty-free, og vi tester aldrig p\u00e5 dyr. Alle produkter er lokale og b\u00e6redygtige. Alle vores produkter er lokale og b\u00e6redygtige. Vi bruger fr\u00f8, som er biprodukter af europ\u00e6isk f\u00f8devareproduktion, hvilket s\u00e6nker vores klimaaftryk og vandforbrug. Lokale fr\u00f8 betyder, at de ikke skal transporteres langt eller opbevares i lange perioder. De strenge regler for landbrug i EU sikrer ogs\u00e5, at vores fr\u00f8 har markedets h\u00f8jeste kvalitet. Dermed er vores produkter ikke bare b\u00e6redygtige, men ogs\u00e5 af fantastisk kvalitet.<\/p>\n<\/section>","protected":false},"excerpt":{"rendered":"<p>Tomat + havtorn ansigtsolien er koldpresset, uforarbejdet og 100% naturlig.<\/p>\n<ul>\n<li>fyldt med vitamin C, E og A og SOD antioxidanter<\/li>\n<li>afhj\u00e6lper solskader, rynker, fine linjer og pigmentering<\/li>\n<li>beskytter huden mod frie radikaler<\/li>\n<li>en sk\u00f8n fugtgiver<\/li>\n<li>afhj\u00e6lper for tidlig aldring<\/li>\n<li>\u00f8ger kollagenproduktionen<\/li>\n<li>den mest perfekte dagsolie<\/li>\n<li>giver huden en solkysset gl\u00f8d <\/li>\n<li>til alle hudtyper, specielt 30+<\/li>\n<\/ul>\n<p><span style=\"font-weight: 400;\">Vores koldpressede tomat + havtorn ansigtsolie lavet p\u00e5 europ\u00e6iske fr\u00f8 er en meget let, men kraftfuld olie, nok en af de bedste olier til din dagsrutine. Derfor er en ogs\u00e5 en af vores best-sellers!  <\/span><\/p>\n","protected":false},"featured_media":5367,"comment_status":"open","ping_status":"closed","template":"","meta":[],"product_brand":[],"product_cat":[523,522,518,532,520,521,471,519,698],"product_tag":[],"class_list":{"0":"post-7791","1":"product","2":"type-product","3":"status-publish","4":"has-post-thumbnail","6":"product_cat-aeldning-og-tor-hud","7":"product_cat-ansigt","8":"product_cat-ansigtsolier","9":"product_cat-konditionering-og-glod","10":"product_cat-moden-hud","11":"product_cat-normal-og-blandet-hud","12":"product_cat-produkter","13":"product_cat-tor-hud","14":"product_cat-vores-nyeste-partier","16":"first","17":"instock","18":"taxable","19":"shipping-taxable","20":"purchasable","21":"product-type-simple"},"yoast_head":"<!-- This site is optimized with the Yoast SEO plugin v24.9 - https:\/\/yoast.com\/wordpress\/plugins\/seo\/ -->\n<title>Tomat + havtorn solkysset ansigtsolie - The Witchery CPH<\/title>\n<meta name=\"description\" content=\"Vores koldpressede tomat + havtorn ansigtsolie er en C-vitamin-bombe. Det er den perfekte dagsolie, da den beskytter, fugter og giver din hud en naturlig gl\u00f8d.\" \/>\n<meta name=\"robots\" content=\"index, follow, max-snippet:-1, max-image-preview:large, max-video-preview:-1\" \/>\n<link rel=\"canonical\" href=\"https:\/\/thewitcherycph.com\/da\/vare\/tomat-havtorn-solkysset-ansigtsolie\/\" \/>\n<meta property=\"og:locale\" content=\"da_DK\" \/>\n<meta property=\"og:type\" content=\"article\" \/>\n<meta property=\"og:title\" content=\"Tomat + havtorn solkysset ansigtsolie - The Witchery CPH\" \/>\n<meta property=\"og:description\" content=\"Vores koldpressede tomat + havtorn ansigtsolie er en C-vitamin-bombe. Det er den perfekte dagsolie, da den beskytter, fugter og giver din hud en naturlig gl\u00f8d.\" \/>\n<meta property=\"og:url\" content=\"https:\/\/thewitcherycph.com\/da\/vare\/tomat-havtorn-solkysset-ansigtsolie\/\" \/>\n<meta property=\"og:site_name\" content=\"The Witchery CPH\" \/>\n<meta property=\"article:modified_time\" content=\"2026-01-17T13:01:43+00:00\" \/>\n<meta property=\"og:image\" content=\"https:\/\/thewitcherycph.com\/wp-content\/uploads\/2022\/10\/tomato-seabuckthorn-seed-face-oil-the-witchery-cph.jpg\" \/>\n\t<meta property=\"og:image:width\" content=\"1400\" \/>\n\t<meta property=\"og:image:height\" content=\"1600\" \/>\n\t<meta property=\"og:image:type\" content=\"image\/jpeg\" \/>\n<meta name=\"twitter:card\" content=\"summary_large_image\" \/>\n<meta name=\"twitter:label1\" content=\"Estimeret l\u00e6setid\" \/>\n\t<meta name=\"twitter:data1\" content=\"3 minutter\" \/>\n<script type=\"application\/ld+json\" class=\"yoast-schema-graph\">{\"@context\":\"https:\/\/schema.org\",\"@graph\":[{\"@type\":\"WebPage\",\"@id\":\"https:\/\/thewitcherycph.com\/da\/vare\/tomat-havtorn-solkysset-ansigtsolie\/\",\"url\":\"https:\/\/thewitcherycph.com\/da\/vare\/tomat-havtorn-solkysset-ansigtsolie\/\",\"name\":\"Tomat + havtorn solkysset ansigtsolie - The Witchery CPH\",\"isPartOf\":{\"@id\":\"https:\/\/thewitcherycph.com\/da\/#website\"},\"primaryImageOfPage\":{\"@id\":\"https:\/\/thewitcherycph.com\/da\/vare\/tomat-havtorn-solkysset-ansigtsolie\/#primaryimage\"},\"image\":{\"@id\":\"https:\/\/thewitcherycph.com\/da\/vare\/tomat-havtorn-solkysset-ansigtsolie\/#primaryimage\"},\"thumbnailUrl\":\"https:\/\/thewitcherycph.com\/wp-content\/uploads\/2022\/10\/tomato-seabuckthorn-seed-face-oil-the-witchery-cph.jpg\",\"datePublished\":\"2026-01-17T13:01:35+00:00\",\"dateModified\":\"2026-01-17T13:01:43+00:00\",\"description\":\"Vores koldpressede tomat + havtorn ansigtsolie er en C-vitamin-bombe. Det er den perfekte dagsolie, da den beskytter, fugter og giver din hud en naturlig gl\u00f8d.\",\"breadcrumb\":{\"@id\":\"https:\/\/thewitcherycph.com\/da\/vare\/tomat-havtorn-solkysset-ansigtsolie\/#breadcrumb\"},\"inLanguage\":\"da-DK\",\"potentialAction\":[{\"@type\":\"ReadAction\",\"target\":[\"https:\/\/thewitcherycph.com\/da\/vare\/tomat-havtorn-solkysset-ansigtsolie\/\"]}]},{\"@type\":\"ImageObject\",\"inLanguage\":\"da-DK\",\"@id\":\"https:\/\/thewitcherycph.com\/da\/vare\/tomat-havtorn-solkysset-ansigtsolie\/#primaryimage\",\"url\":\"https:\/\/thewitcherycph.com\/wp-content\/uploads\/2022\/10\/tomato-seabuckthorn-seed-face-oil-the-witchery-cph.jpg\",\"contentUrl\":\"https:\/\/thewitcherycph.com\/wp-content\/uploads\/2022\/10\/tomato-seabuckthorn-seed-face-oil-the-witchery-cph.jpg\",\"width\":1400,\"height\":1600,\"caption\":\"cold pressed tomato sea buckthorn vitamin C face oil\"},{\"@type\":\"BreadcrumbList\",\"@id\":\"https:\/\/thewitcherycph.com\/da\/vare\/tomat-havtorn-solkysset-ansigtsolie\/#breadcrumb\",\"itemListElement\":[{\"@type\":\"ListItem\",\"position\":1,\"name\":\"Home\",\"item\":\"https:\/\/thewitcherycph.com\/da\/hjemside\/\"},{\"@type\":\"ListItem\",\"position\":2,\"name\":\"Butik\",\"item\":\"https:\/\/thewitcherycph.com\/da\/shop\/\"},{\"@type\":\"ListItem\",\"position\":3,\"name\":\"Tomat + havtorn solkysset ansigtsolie\"}]},{\"@type\":\"WebSite\",\"@id\":\"https:\/\/thewitcherycph.com\/da\/#website\",\"url\":\"https:\/\/thewitcherycph.com\/da\/\",\"name\":\"The Witchery CPH\",\"description\":\"Sustainable Natural Skincare from Copenhagen\",\"potentialAction\":[{\"@type\":\"SearchAction\",\"target\":{\"@type\":\"EntryPoint\",\"urlTemplate\":\"https:\/\/thewitcherycph.com\/da\/?s={search_term_string}\"},\"query-input\":{\"@type\":\"PropertyValueSpecification\",\"valueRequired\":true,\"valueName\":\"search_term_string\"}}],\"inLanguage\":\"da-DK\"}]}<\/script>\n<!-- \/ Yoast SEO plugin. -->","yoast_head_json":{"title":"Tomat + havtorn solkysset ansigtsolie - The Witchery CPH","description":"Vores koldpressede tomat + havtorn ansigtsolie er en C-vitamin-bombe. Det er den perfekte dagsolie, da den beskytter, fugter og giver din hud en naturlig gl\u00f8d.","robots":{"index":"index","follow":"follow","max-snippet":"max-snippet:-1","max-image-preview":"max-image-preview:large","max-video-preview":"max-video-preview:-1"},"canonical":"https:\/\/thewitcherycph.com\/da\/vare\/tomat-havtorn-solkysset-ansigtsolie\/","og_locale":"da_DK","og_type":"article","og_title":"Tomat + havtorn solkysset ansigtsolie - The Witchery CPH","og_description":"Vores koldpressede tomat + havtorn ansigtsolie er en C-vitamin-bombe. Det er den perfekte dagsolie, da den beskytter, fugter og giver din hud en naturlig gl\u00f8d.","og_url":"https:\/\/thewitcherycph.com\/da\/vare\/tomat-havtorn-solkysset-ansigtsolie\/","og_site_name":"The Witchery CPH","article_modified_time":"2026-01-17T13:01:43+00:00","og_image":[{"width":1400,"height":1600,"url":"https:\/\/thewitcherycph.com\/wp-content\/uploads\/2022\/10\/tomato-seabuckthorn-seed-face-oil-the-witchery-cph.jpg","type":"image\/jpeg"}],"twitter_card":"summary_large_image","twitter_misc":{"Estimeret l\u00e6setid":"3 minutter"},"schema":{"@context":"https:\/\/schema.org","@graph":[{"@type":"WebPage","@id":"https:\/\/thewitcherycph.com\/da\/vare\/tomat-havtorn-solkysset-ansigtsolie\/","url":"https:\/\/thewitcherycph.com\/da\/vare\/tomat-havtorn-solkysset-ansigtsolie\/","name":"Tomat + havtorn solkysset ansigtsolie - The Witchery CPH","isPartOf":{"@id":"https:\/\/thewitcherycph.com\/da\/#website"},"primaryImageOfPage":{"@id":"https:\/\/thewitcherycph.com\/da\/vare\/tomat-havtorn-solkysset-ansigtsolie\/#primaryimage"},"image":{"@id":"https:\/\/thewitcherycph.com\/da\/vare\/tomat-havtorn-solkysset-ansigtsolie\/#primaryimage"},"thumbnailUrl":"https:\/\/thewitcherycph.com\/wp-content\/uploads\/2022\/10\/tomato-seabuckthorn-seed-face-oil-the-witchery-cph.jpg","datePublished":"2026-01-17T13:01:35+00:00","dateModified":"2026-01-17T13:01:43+00:00","description":"Vores koldpressede tomat + havtorn ansigtsolie er en C-vitamin-bombe. Det er den perfekte dagsolie, da den beskytter, fugter og giver din hud en naturlig gl\u00f8d.","breadcrumb":{"@id":"https:\/\/thewitcherycph.com\/da\/vare\/tomat-havtorn-solkysset-ansigtsolie\/#breadcrumb"},"inLanguage":"da-DK","potentialAction":[{"@type":"ReadAction","target":["https:\/\/thewitcherycph.com\/da\/vare\/tomat-havtorn-solkysset-ansigtsolie\/"]}]},{"@type":"ImageObject","inLanguage":"da-DK","@id":"https:\/\/thewitcherycph.com\/da\/vare\/tomat-havtorn-solkysset-ansigtsolie\/#primaryimage","url":"https:\/\/thewitcherycph.com\/wp-content\/uploads\/2022\/10\/tomato-seabuckthorn-seed-face-oil-the-witchery-cph.jpg","contentUrl":"https:\/\/thewitcherycph.com\/wp-content\/uploads\/2022\/10\/tomato-seabuckthorn-seed-face-oil-the-witchery-cph.jpg","width":1400,"height":1600,"caption":"cold pressed tomato sea buckthorn vitamin C face oil"},{"@type":"BreadcrumbList","@id":"https:\/\/thewitcherycph.com\/da\/vare\/tomat-havtorn-solkysset-ansigtsolie\/#breadcrumb","itemListElement":[{"@type":"ListItem","position":1,"name":"Home","item":"https:\/\/thewitcherycph.com\/da\/hjemside\/"},{"@type":"ListItem","position":2,"name":"Butik","item":"https:\/\/thewitcherycph.com\/da\/shop\/"},{"@type":"ListItem","position":3,"name":"Tomat + havtorn solkysset ansigtsolie"}]},{"@type":"WebSite","@id":"https:\/\/thewitcherycph.com\/da\/#website","url":"https:\/\/thewitcherycph.com\/da\/","name":"The Witchery CPH","description":"Sustainable Natural Skincare from Copenhagen","potentialAction":[{"@type":"SearchAction","target":{"@type":"EntryPoint","urlTemplate":"https:\/\/thewitcherycph.com\/da\/?s={search_term_string}"},"query-input":{"@type":"PropertyValueSpecification","valueRequired":true,"valueName":"search_term_string"}}],"inLanguage":"da-DK"}]}},"_links":{"self":[{"href":"https:\/\/thewitcherycph.com\/da\/wp-json\/wp\/v2\/product\/7791","targetHints":{"allow":["GET"]}}],"collection":[{"href":"https:\/\/thewitcherycph.com\/da\/wp-json\/wp\/v2\/product"}],"about":[{"href":"https:\/\/thewitcherycph.com\/da\/wp-json\/wp\/v2\/types\/product"}],"replies":[{"embeddable":true,"href":"https:\/\/thewitcherycph.com\/da\/wp-json\/wp\/v2\/comments?post=7791"}],"wp:featuredmedia":[{"embeddable":true,"href":"https:\/\/thewitcherycph.com\/da\/wp-json\/wp\/v2\/media\/5367"}],"wp:attachment":[{"href":"https:\/\/thewitcherycph.com\/da\/wp-json\/wp\/v2\/media?parent=7791"}],"wp:term":[{"taxonomy":"product_brand","embeddable":true,"href":"https:\/\/thewitcherycph.com\/da\/wp-json\/wp\/v2\/product_brand?post=7791"},{"taxonomy":"product_cat","embeddable":true,"href":"https:\/\/thewitcherycph.com\/da\/wp-json\/wp\/v2\/product_cat?post=7791"},{"taxonomy":"product_tag","embeddable":true,"href":"https:\/\/thewitcherycph.com\/da\/wp-json\/wp\/v2\/product_tag?post=7791"}],"curies":[{"name":"wp","href":"https:\/\/api.w.org\/{rel}","templated":true}]}}