{"id":7790,"date":"2025-05-22T13:59:55","date_gmt":"2026-01-17T13:01:31","guid":{"rendered":"https:\/\/thewitcherycph.com\/product\/siciliansk-lime-aeterisk-olie\/"},"modified":"2026-01-17T13:01:31","modified_gmt":"2026-01-17T13:01:31","slug":"sicilian-lime-essential-oil","status":"publish","type":"product","link":"https:\/\/thewitcherycph.com\/da\/vare\/sicilian-lime-essential-oil\/","title":{"rendered":"Siciliansk lime \u00e6terisk olie"},"content":{"rendered":"","protected":false},"excerpt":{"rendered":"<p>Lime \u00e6terisk olie er en eget velduftende olie, lavet ved at dampdistillere skallen fra limefrugten. Vores \u00e6teriske olier med citrusduft kommer alle fra en lille, familiedrevet plantage i Sicilien. <\/p>\n<ul>\n<li>lille h\u00e5ndv\u00e6rksproduktion<\/li>\n<li>duft: let, frisk og forfriskende<\/li>\n<li>beroligende og forfriskende effekt p\u00e5 det centrale nervesystem<\/li>\n<li>antibakteriel og svampedr\u00e6bende<\/li>\n<li>lysner huden, og afhj\u00e6lper pigmentering<\/li>\n<li>perfekt til diffuser <\/li>\n<li>brug i aromaterapi<\/li>\n<li>tilf\u00f8j til DYI kosmetik<\/li>\n<li>p\u00e5f\u00f8r et par dr\u00e5ber til en klud og h\u00e6ng den i badet for en spaoplevelse derhjemme<\/li>\n<li>farve: gennemsigtig<\/li>\n<li> tilf\u00f8j et par dr\u00e5ber til din n\u00e6ste t\u00f8jvask\n<li>Dette produkt er fri for syntetiske ingredienser, konserveringsmidler, giftige kemikalier, parabener, tils\u00e6tningsstoffer og alt andet un\u00f8dvendigt.<\/li>\n<li>Brug indenfor 12 m\u00e5neder efter \u00e5bning, hold v\u00e6k fra direkte sol og varme.<\/li>\n<\/ul>\n<p><span style=\"font-weight: 400;\">\u00c6teriske olier er rene og st\u00e6rke ekstrakter fra planter. De anbefales ikke til indvortes brug. Fortynd olien med en baseolie, hvis du \u00f8nsker at bruge olien p\u00e5 huden. Alle vores ingredienser kommer fra europ\u00e6iske landpersoner. Vi tilf\u00f8jer ikke nogle syntetiske tils\u00e6tningsstoffer til vores produkter.    <\/span><\/p>\n","protected":false},"featured_media":7297,"comment_status":"open","ping_status":"closed","template":"","meta":[],"product_brand":[],"product_cat":[817,698,471],"product_tag":[819,820,821,818],"class_list":{"0":"post-7790","1":"product","2":"type-product","3":"status-publish","4":"has-post-thumbnail","6":"product_cat-aeteriske-olier","7":"product_cat-vores-nyeste-partier","8":"product_cat-produkter","9":"product_tag-lime-aeterisk-olie","10":"product_tag-lime-aeterisk-olie-fordele","11":"product_tag-lime-olie","12":"product_tag-siciliansk-aeterisk-olie","14":"first","15":"instock","16":"taxable","17":"shipping-taxable","18":"purchasable","19":"product-type-simple"},"yoast_head":"<!-- This site is optimized with the Yoast SEO plugin v24.9 - https:\/\/yoast.com\/wordpress\/plugins\/seo\/ -->\n<title>Siciliansk lime \u00e6terisk olie - The Witchery CPH<\/title>\n<meta name=\"description\" content=\"Vores sicilianske lime \u00e6teriske olie er produceret p\u00e5 en familiedrevet plantage i Sicilien. Det er den perfekte olie til DIY hudplejeprodukter, aromaterapi og diffusere\" \/>\n<meta name=\"robots\" content=\"index, follow, max-snippet:-1, max-image-preview:large, max-video-preview:-1\" \/>\n<link rel=\"canonical\" href=\"https:\/\/thewitcherycph.com\/da\/vare\/sicilian-lime-essential-oil\/\" \/>\n<meta property=\"og:locale\" content=\"da_DK\" \/>\n<meta property=\"og:type\" content=\"article\" \/>\n<meta property=\"og:title\" content=\"Siciliansk lime \u00e6terisk olie - The Witchery CPH\" \/>\n<meta property=\"og:description\" content=\"Vores sicilianske lime \u00e6teriske olie er produceret p\u00e5 en familiedrevet plantage i Sicilien. Det er den perfekte olie til DIY hudplejeprodukter, aromaterapi og diffusere\" \/>\n<meta property=\"og:url\" content=\"https:\/\/thewitcherycph.com\/da\/vare\/sicilian-lime-essential-oil\/\" \/>\n<meta property=\"og:site_name\" content=\"The Witchery CPH\" \/>\n<meta property=\"og:image\" content=\"https:\/\/thewitcherycph.com\/wp-content\/uploads\/2025\/05\/lime-essential-oil-from-sicily-italy.jpg\" \/>\n\t<meta property=\"og:image:width\" content=\"1400\" \/>\n\t<meta property=\"og:image:height\" content=\"1600\" \/>\n\t<meta property=\"og:image:type\" content=\"image\/jpeg\" \/>\n<meta name=\"twitter:card\" content=\"summary_large_image\" \/>\n<script type=\"application\/ld+json\" class=\"yoast-schema-graph\">{\"@context\":\"https:\/\/schema.org\",\"@graph\":[{\"@type\":\"WebPage\",\"@id\":\"https:\/\/thewitcherycph.com\/da\/vare\/sicilian-lime-essential-oil\/\",\"url\":\"https:\/\/thewitcherycph.com\/da\/vare\/sicilian-lime-essential-oil\/\",\"name\":\"Siciliansk lime \u00e6terisk olie - The Witchery CPH\",\"isPartOf\":{\"@id\":\"https:\/\/thewitcherycph.com\/da\/#website\"},\"primaryImageOfPage\":{\"@id\":\"https:\/\/thewitcherycph.com\/da\/vare\/sicilian-lime-essential-oil\/#primaryimage\"},\"image\":{\"@id\":\"https:\/\/thewitcherycph.com\/da\/vare\/sicilian-lime-essential-oil\/#primaryimage\"},\"thumbnailUrl\":\"https:\/\/thewitcherycph.com\/wp-content\/uploads\/2025\/05\/lime-essential-oil-from-sicily-italy.jpg\",\"datePublished\":\"2026-01-17T13:01:31+00:00\",\"description\":\"Vores sicilianske lime \u00e6teriske olie er produceret p\u00e5 en familiedrevet plantage i Sicilien. Det er den perfekte olie til DIY hudplejeprodukter, aromaterapi og diffusere\",\"breadcrumb\":{\"@id\":\"https:\/\/thewitcherycph.com\/da\/vare\/sicilian-lime-essential-oil\/#breadcrumb\"},\"inLanguage\":\"da-DK\",\"potentialAction\":[{\"@type\":\"ReadAction\",\"target\":[\"https:\/\/thewitcherycph.com\/da\/vare\/sicilian-lime-essential-oil\/\"]}]},{\"@type\":\"ImageObject\",\"inLanguage\":\"da-DK\",\"@id\":\"https:\/\/thewitcherycph.com\/da\/vare\/sicilian-lime-essential-oil\/#primaryimage\",\"url\":\"https:\/\/thewitcherycph.com\/wp-content\/uploads\/2025\/05\/lime-essential-oil-from-sicily-italy.jpg\",\"contentUrl\":\"https:\/\/thewitcherycph.com\/wp-content\/uploads\/2025\/05\/lime-essential-oil-from-sicily-italy.jpg\",\"width\":1400,\"height\":1600,\"caption\":\"lime essential oil from Sicily , italy\"},{\"@type\":\"BreadcrumbList\",\"@id\":\"https:\/\/thewitcherycph.com\/da\/vare\/sicilian-lime-essential-oil\/#breadcrumb\",\"itemListElement\":[{\"@type\":\"ListItem\",\"position\":1,\"name\":\"Home\",\"item\":\"https:\/\/thewitcherycph.com\/da\/hjemside\/\"},{\"@type\":\"ListItem\",\"position\":2,\"name\":\"Butik\",\"item\":\"https:\/\/thewitcherycph.com\/da\/shop\/\"},{\"@type\":\"ListItem\",\"position\":3,\"name\":\"Siciliansk lime \u00e6terisk olie\"}]},{\"@type\":\"WebSite\",\"@id\":\"https:\/\/thewitcherycph.com\/da\/#website\",\"url\":\"https:\/\/thewitcherycph.com\/da\/\",\"name\":\"The Witchery CPH\",\"description\":\"Sustainable Natural Skincare from Copenhagen\",\"potentialAction\":[{\"@type\":\"SearchAction\",\"target\":{\"@type\":\"EntryPoint\",\"urlTemplate\":\"https:\/\/thewitcherycph.com\/da\/?s={search_term_string}\"},\"query-input\":{\"@type\":\"PropertyValueSpecification\",\"valueRequired\":true,\"valueName\":\"search_term_string\"}}],\"inLanguage\":\"da-DK\"}]}<\/script>\n<!-- \/ Yoast SEO plugin. -->","yoast_head_json":{"title":"Siciliansk lime \u00e6terisk olie - The Witchery CPH","description":"Vores sicilianske lime \u00e6teriske olie er produceret p\u00e5 en familiedrevet plantage i Sicilien. Det er den perfekte olie til DIY hudplejeprodukter, aromaterapi og diffusere","robots":{"index":"index","follow":"follow","max-snippet":"max-snippet:-1","max-image-preview":"max-image-preview:large","max-video-preview":"max-video-preview:-1"},"canonical":"https:\/\/thewitcherycph.com\/da\/vare\/sicilian-lime-essential-oil\/","og_locale":"da_DK","og_type":"article","og_title":"Siciliansk lime \u00e6terisk olie - The Witchery CPH","og_description":"Vores sicilianske lime \u00e6teriske olie er produceret p\u00e5 en familiedrevet plantage i Sicilien. Det er den perfekte olie til DIY hudplejeprodukter, aromaterapi og diffusere","og_url":"https:\/\/thewitcherycph.com\/da\/vare\/sicilian-lime-essential-oil\/","og_site_name":"The Witchery CPH","og_image":[{"width":1400,"height":1600,"url":"https:\/\/thewitcherycph.com\/wp-content\/uploads\/2025\/05\/lime-essential-oil-from-sicily-italy.jpg","type":"image\/jpeg"}],"twitter_card":"summary_large_image","schema":{"@context":"https:\/\/schema.org","@graph":[{"@type":"WebPage","@id":"https:\/\/thewitcherycph.com\/da\/vare\/sicilian-lime-essential-oil\/","url":"https:\/\/thewitcherycph.com\/da\/vare\/sicilian-lime-essential-oil\/","name":"Siciliansk lime \u00e6terisk olie - The Witchery CPH","isPartOf":{"@id":"https:\/\/thewitcherycph.com\/da\/#website"},"primaryImageOfPage":{"@id":"https:\/\/thewitcherycph.com\/da\/vare\/sicilian-lime-essential-oil\/#primaryimage"},"image":{"@id":"https:\/\/thewitcherycph.com\/da\/vare\/sicilian-lime-essential-oil\/#primaryimage"},"thumbnailUrl":"https:\/\/thewitcherycph.com\/wp-content\/uploads\/2025\/05\/lime-essential-oil-from-sicily-italy.jpg","datePublished":"2026-01-17T13:01:31+00:00","description":"Vores sicilianske lime \u00e6teriske olie er produceret p\u00e5 en familiedrevet plantage i Sicilien. Det er den perfekte olie til DIY hudplejeprodukter, aromaterapi og diffusere","breadcrumb":{"@id":"https:\/\/thewitcherycph.com\/da\/vare\/sicilian-lime-essential-oil\/#breadcrumb"},"inLanguage":"da-DK","potentialAction":[{"@type":"ReadAction","target":["https:\/\/thewitcherycph.com\/da\/vare\/sicilian-lime-essential-oil\/"]}]},{"@type":"ImageObject","inLanguage":"da-DK","@id":"https:\/\/thewitcherycph.com\/da\/vare\/sicilian-lime-essential-oil\/#primaryimage","url":"https:\/\/thewitcherycph.com\/wp-content\/uploads\/2025\/05\/lime-essential-oil-from-sicily-italy.jpg","contentUrl":"https:\/\/thewitcherycph.com\/wp-content\/uploads\/2025\/05\/lime-essential-oil-from-sicily-italy.jpg","width":1400,"height":1600,"caption":"lime essential oil from Sicily , italy"},{"@type":"BreadcrumbList","@id":"https:\/\/thewitcherycph.com\/da\/vare\/sicilian-lime-essential-oil\/#breadcrumb","itemListElement":[{"@type":"ListItem","position":1,"name":"Home","item":"https:\/\/thewitcherycph.com\/da\/hjemside\/"},{"@type":"ListItem","position":2,"name":"Butik","item":"https:\/\/thewitcherycph.com\/da\/shop\/"},{"@type":"ListItem","position":3,"name":"Siciliansk lime \u00e6terisk olie"}]},{"@type":"WebSite","@id":"https:\/\/thewitcherycph.com\/da\/#website","url":"https:\/\/thewitcherycph.com\/da\/","name":"The Witchery CPH","description":"Sustainable Natural Skincare from Copenhagen","potentialAction":[{"@type":"SearchAction","target":{"@type":"EntryPoint","urlTemplate":"https:\/\/thewitcherycph.com\/da\/?s={search_term_string}"},"query-input":{"@type":"PropertyValueSpecification","valueRequired":true,"valueName":"search_term_string"}}],"inLanguage":"da-DK"}]}},"_links":{"self":[{"href":"https:\/\/thewitcherycph.com\/da\/wp-json\/wp\/v2\/product\/7790","targetHints":{"allow":["GET"]}}],"collection":[{"href":"https:\/\/thewitcherycph.com\/da\/wp-json\/wp\/v2\/product"}],"about":[{"href":"https:\/\/thewitcherycph.com\/da\/wp-json\/wp\/v2\/types\/product"}],"replies":[{"embeddable":true,"href":"https:\/\/thewitcherycph.com\/da\/wp-json\/wp\/v2\/comments?post=7790"}],"wp:featuredmedia":[{"embeddable":true,"href":"https:\/\/thewitcherycph.com\/da\/wp-json\/wp\/v2\/media\/7297"}],"wp:attachment":[{"href":"https:\/\/thewitcherycph.com\/da\/wp-json\/wp\/v2\/media?parent=7790"}],"wp:term":[{"taxonomy":"product_brand","embeddable":true,"href":"https:\/\/thewitcherycph.com\/da\/wp-json\/wp\/v2\/product_brand?post=7790"},{"taxonomy":"product_cat","embeddable":true,"href":"https:\/\/thewitcherycph.com\/da\/wp-json\/wp\/v2\/product_cat?post=7790"},{"taxonomy":"product_tag","embeddable":true,"href":"https:\/\/thewitcherycph.com\/da\/wp-json\/wp\/v2\/product_tag?post=7790"}],"curies":[{"name":"wp","href":"https:\/\/api.w.org\/{rel}","templated":true}]}}