{"id":7783,"date":"2021-06-16T09:13:14","date_gmt":"2026-01-13T14:55:29","guid":{"rendered":"https:\/\/thewitcherycph.com\/product\/naturlig-retinol-broccoli-gulerod-ansigtsolie\/"},"modified":"2026-04-12T10:41:36","modified_gmt":"2026-04-12T10:41:36","slug":"naturlig-retinol-broccoli-gulerod-ansigtsolie","status":"publish","type":"product","link":"https:\/\/thewitcherycph.com\/da\/vare\/naturlig-retinol-broccoli-gulerod-ansigtsolie\/","title":{"rendered":"Naturlig retinol broccoli + gulerod ansigtsolie"},"content":{"rendered":"<p>&nbsp;<\/p>\n<h1><span style=\"font-weight: 400;\">Denne lille eliksir hj\u00e6lper huden med at holde sig fugtig, fyldig og tonet. <\/span><\/h1>\n<p><span style=\"font-weight: 400;\">Broccoli + gulerod ansigtsolie er en vidunderlig sammens\u00e6tning af koldpresset broccoli- og gulerodskerneolie, en naturlig, plantebaseret kilde til vitamin A (retinol) og vitamin E.<\/span><\/p>\n<p><span style=\"font-weight: 400;\">Udover at v\u00e6re utrolig rig p\u00e5 vitamin A og E<\/span> <span style=\"font-weight: 400;\">er denne jordn\u00e6re olie proppet med kraftfulde antioxidanter,<\/span> <b>der beskytter og reparerer huden. <\/b><span style=\"font-weight: 400;\"> Derfor er den is\u00e6r god til hud, der er blevet p\u00e5virket af stressfaktorer som kulde, UV-str\u00e5ling, luftforurening og tid.  Olien er desuden rig p\u00e5 fedtsyrer, som hj\u00e6lper din hud til at forny sig selv og holde sig sund. De h\u00f8je procenter af linolsyre fremmer effekten af ceramider i hudens \u00f8verste lag, hvilket tilf\u00f8rer fugt til huden og efterlader den sund og fyldig.<\/span><\/p>\n<p>Vi anbefaler olien til dem, der er nerv\u00f8se for bivirkningerne ved syntetisk retinol, og foretr\u00e6kker et naturligt alternativ. Olien er blid og delikat, og kan bruges dagligt. Vi anbefaler at bruge den om aftenen, s\u00e5 olien kan arbejde, mens huden slapper af.  <\/p>\n<p>Denne meget helende olie anbefaler vi ogs\u00e5 til dem, der lider af kronisk t\u00f8rhed, psoriasis og eksem.<\/p>\n<p><span style=\"font-weight: 400;\">Dryp 3-5 dr\u00e5ber p\u00e5 h\u00e5ndfladen og mass\u00e9r den ind i huden. Du kan ogs\u00e5 blande et par dr\u00e5ber ind i din ansigtscreme. Brug den n\u00e5r som helst, n\u00e5r din hud har brug for lidt k\u00e6rlighed.<\/span><\/p>\n<p>&nbsp;<\/p>\n<p>FAQ<\/p>\n<p>Q: Har jeg brug for en creme og en olie? No. Du kan bruge begge, men vi bruger f.eks. slet ikke fugtighedscreme. Hvorfor ikke? Fordi en god olie er alt du har brug for. Den tilf\u00f8rer fugt, beskytter, plejer og tilf\u00f8rer en sk\u00f8n gl\u00f8d. Derudover er olier den bedste og mest direkte m\u00e5de at tilf\u00f8re plantebaseret l\u00e6kkerhed til huden. Vi tager bare fr\u00f8ene, koldpresser dem og h\u00e6lder dem p\u00e5 flaske. Vi bruger ikke konserveringsmidler eller fillers. Olier er den reneste planteform og klar til at bruges og nydes. Vi synes, at mange fugtighedscremer er fyldt med for mange konserveringsmidler og syntetiske kemikalier, der kun er tilf\u00f8rt for at undg\u00e5 at mikrober vokser i dem (du putter jo trods alt fingeren i cremen hver gang du bruger den). Vi foretr\u00e6kker kun at bruge olier.<\/p>\n<hr>\n<p>Vi er cruelty-free, og vi tester aldrig p\u00e5 dyr. Alle produkter er lokale og b\u00e6redygtige. Alle vores produkter er lokale og b\u00e6redygtige. Vi bruger fr\u00f8, som er biprodukter af europ\u00e6isk f\u00f8devareproduktion, hvilket s\u00e6nker vores klimaaftryk og vandforbrug. Lokale fr\u00f8 betyder, at de ikke skal transporteres langt eller opbevares i lange perioder. De strenge regler for landbrug i EU sikrer ogs\u00e5, at vores fr\u00f8 har markedets h\u00f8jeste kvalitet. Dermed er vores produkter ikke bare b\u00e6redygtige, men ogs\u00e5 af fantastisk kvalitet.<\/p>\n","protected":false},"excerpt":{"rendered":"<p>En af de bedste kilder til naturlig retinol, der holder huden sund og j\u00e6vn.<\/p>\n<ul>\n<li>En sk\u00f8n blanding af gulerod- og broccoliolie<\/li>\n<li>Til alle hudtyper, is\u00e6r moden, aldrende og akneramt hud.<\/li>\n<li>Meget let olie, der ikke efterlader huden fedtet<\/li>\n<li>Naturlig kilde til retinol<\/li>\n<li>Rig p\u00e5 E-vitamin, der heler og beskytter huden<\/li>\n<li>Stimulerer kollagenproduktionen, og styrker cellefornyelsen<\/li>\n<\/ul>\n<p><span style=\"font-weight: 400;\">Vores broccoli + gulerod ansigtsolie er en must-have for alles aftenrutine, is\u00e6r hvis du leder efter en natulig og blid form for retinol.<br \/>\n<\/span><\/p>\n","protected":false},"featured_media":3981,"comment_status":"open","ping_status":"closed","template":"","meta":[],"product_brand":[],"product_cat":[523,518,520,519,698,471],"product_tag":[257,261,255],"class_list":{"0":"post-7783","1":"product","2":"type-product","3":"status-publish","4":"has-post-thumbnail","6":"product_cat-aeldning-og-tor-hud","7":"product_cat-ansigtsolier","8":"product_cat-moden-hud","9":"product_cat-tor-hud","10":"product_cat-vores-nyeste-partier","11":"product_cat-produkter","12":"product_tag-glodende-hud","13":"product_tag-moden-hud","14":"product_tag-tor-hud","16":"first","17":"onbackorder","18":"taxable","19":"shipping-taxable","20":"purchasable","21":"product-type-simple"},"yoast_head":"<!-- This site is optimized with the Yoast SEO plugin v24.9 - https:\/\/yoast.com\/wordpress\/plugins\/seo\/ -->\n<title>Naturlig retinol broccoli + gulerod ansigtsolie - The Witchery CPH<\/title>\n<meta name=\"description\" content=\"Vores broccoli + gulerod ansigtsolie er en af vores bedste naturlige kilder til retinol, et stof der anbefales til moden hud og hud med tendens til irritation og udbrud. Olien er kollagenboostende og foryngende.\" \/>\n<meta name=\"robots\" content=\"index, follow, max-snippet:-1, max-image-preview:large, max-video-preview:-1\" \/>\n<link rel=\"canonical\" href=\"https:\/\/thewitcherycph.com\/da\/vare\/naturlig-retinol-broccoli-gulerod-ansigtsolie\/\" \/>\n<meta property=\"og:locale\" content=\"da_DK\" \/>\n<meta property=\"og:type\" content=\"article\" \/>\n<meta property=\"og:title\" content=\"Naturlig retinol broccoli + gulerod ansigtsolie - The Witchery CPH\" \/>\n<meta property=\"og:description\" content=\"Vores broccoli + gulerod ansigtsolie er en af vores bedste naturlige kilder til retinol, et stof der anbefales til moden hud og hud med tendens til irritation og udbrud. Olien er kollagenboostende og foryngende.\" \/>\n<meta property=\"og:url\" content=\"https:\/\/thewitcherycph.com\/da\/vare\/naturlig-retinol-broccoli-gulerod-ansigtsolie\/\" \/>\n<meta property=\"og:site_name\" content=\"The Witchery CPH\" \/>\n<meta property=\"article:modified_time\" content=\"2026-04-12T10:41:36+00:00\" \/>\n<meta property=\"og:image\" content=\"https:\/\/thewitcherycph.com\/wp-content\/uploads\/2021\/06\/A-super-healer-face-oil-the-witchery-cph.jpg\" \/>\n\t<meta property=\"og:image:width\" content=\"1400\" \/>\n\t<meta property=\"og:image:height\" content=\"1600\" \/>\n\t<meta property=\"og:image:type\" content=\"image\/jpeg\" \/>\n<meta name=\"twitter:card\" content=\"summary_large_image\" \/>\n<meta name=\"twitter:label1\" content=\"Estimeret l\u00e6setid\" \/>\n\t<meta name=\"twitter:data1\" content=\"2 minutter\" \/>\n<script type=\"application\/ld+json\" class=\"yoast-schema-graph\">{\"@context\":\"https:\/\/schema.org\",\"@graph\":[{\"@type\":\"WebPage\",\"@id\":\"https:\/\/thewitcherycph.com\/da\/vare\/naturlig-retinol-broccoli-gulerod-ansigtsolie\/\",\"url\":\"https:\/\/thewitcherycph.com\/da\/vare\/naturlig-retinol-broccoli-gulerod-ansigtsolie\/\",\"name\":\"Naturlig retinol broccoli + gulerod ansigtsolie - The Witchery CPH\",\"isPartOf\":{\"@id\":\"https:\/\/thewitcherycph.com\/da\/#website\"},\"primaryImageOfPage\":{\"@id\":\"https:\/\/thewitcherycph.com\/da\/vare\/naturlig-retinol-broccoli-gulerod-ansigtsolie\/#primaryimage\"},\"image\":{\"@id\":\"https:\/\/thewitcherycph.com\/da\/vare\/naturlig-retinol-broccoli-gulerod-ansigtsolie\/#primaryimage\"},\"thumbnailUrl\":\"https:\/\/thewitcherycph.com\/wp-content\/uploads\/2021\/06\/A-super-healer-face-oil-the-witchery-cph.jpg\",\"datePublished\":\"2026-01-13T14:55:29+00:00\",\"dateModified\":\"2026-04-12T10:41:36+00:00\",\"description\":\"Vores broccoli + gulerod ansigtsolie er en af vores bedste naturlige kilder til retinol, et stof der anbefales til moden hud og hud med tendens til irritation og udbrud. Olien er kollagenboostende og foryngende.\",\"breadcrumb\":{\"@id\":\"https:\/\/thewitcherycph.com\/da\/vare\/naturlig-retinol-broccoli-gulerod-ansigtsolie\/#breadcrumb\"},\"inLanguage\":\"da-DK\",\"potentialAction\":[{\"@type\":\"ReadAction\",\"target\":[\"https:\/\/thewitcherycph.com\/da\/vare\/naturlig-retinol-broccoli-gulerod-ansigtsolie\/\"]}]},{\"@type\":\"ImageObject\",\"inLanguage\":\"da-DK\",\"@id\":\"https:\/\/thewitcherycph.com\/da\/vare\/naturlig-retinol-broccoli-gulerod-ansigtsolie\/#primaryimage\",\"url\":\"https:\/\/thewitcherycph.com\/wp-content\/uploads\/2021\/06\/A-super-healer-face-oil-the-witchery-cph.jpg\",\"contentUrl\":\"https:\/\/thewitcherycph.com\/wp-content\/uploads\/2021\/06\/A-super-healer-face-oil-the-witchery-cph.jpg\",\"width\":1400,\"height\":1600,\"caption\":\"Super Healer Face Oil Broccoli and Carrot seed oil\"},{\"@type\":\"BreadcrumbList\",\"@id\":\"https:\/\/thewitcherycph.com\/da\/vare\/naturlig-retinol-broccoli-gulerod-ansigtsolie\/#breadcrumb\",\"itemListElement\":[{\"@type\":\"ListItem\",\"position\":1,\"name\":\"Home\",\"item\":\"https:\/\/thewitcherycph.com\/da\/hjemside\/\"},{\"@type\":\"ListItem\",\"position\":2,\"name\":\"Butik\",\"item\":\"https:\/\/thewitcherycph.com\/da\/shop\/\"},{\"@type\":\"ListItem\",\"position\":3,\"name\":\"Naturlig retinol broccoli + gulerod ansigtsolie\"}]},{\"@type\":\"WebSite\",\"@id\":\"https:\/\/thewitcherycph.com\/da\/#website\",\"url\":\"https:\/\/thewitcherycph.com\/da\/\",\"name\":\"The Witchery CPH\",\"description\":\"Sustainable Natural Skincare from Copenhagen\",\"potentialAction\":[{\"@type\":\"SearchAction\",\"target\":{\"@type\":\"EntryPoint\",\"urlTemplate\":\"https:\/\/thewitcherycph.com\/da\/?s={search_term_string}\"},\"query-input\":{\"@type\":\"PropertyValueSpecification\",\"valueRequired\":true,\"valueName\":\"search_term_string\"}}],\"inLanguage\":\"da-DK\"}]}<\/script>\n<!-- \/ Yoast SEO plugin. -->","yoast_head_json":{"title":"Naturlig retinol broccoli + gulerod ansigtsolie - The Witchery CPH","description":"Vores broccoli + gulerod ansigtsolie er en af vores bedste naturlige kilder til retinol, et stof der anbefales til moden hud og hud med tendens til irritation og udbrud. Olien er kollagenboostende og foryngende.","robots":{"index":"index","follow":"follow","max-snippet":"max-snippet:-1","max-image-preview":"max-image-preview:large","max-video-preview":"max-video-preview:-1"},"canonical":"https:\/\/thewitcherycph.com\/da\/vare\/naturlig-retinol-broccoli-gulerod-ansigtsolie\/","og_locale":"da_DK","og_type":"article","og_title":"Naturlig retinol broccoli + gulerod ansigtsolie - The Witchery CPH","og_description":"Vores broccoli + gulerod ansigtsolie er en af vores bedste naturlige kilder til retinol, et stof der anbefales til moden hud og hud med tendens til irritation og udbrud. Olien er kollagenboostende og foryngende.","og_url":"https:\/\/thewitcherycph.com\/da\/vare\/naturlig-retinol-broccoli-gulerod-ansigtsolie\/","og_site_name":"The Witchery CPH","article_modified_time":"2026-04-12T10:41:36+00:00","og_image":[{"width":1400,"height":1600,"url":"https:\/\/thewitcherycph.com\/wp-content\/uploads\/2021\/06\/A-super-healer-face-oil-the-witchery-cph.jpg","type":"image\/jpeg"}],"twitter_card":"summary_large_image","twitter_misc":{"Estimeret l\u00e6setid":"2 minutter"},"schema":{"@context":"https:\/\/schema.org","@graph":[{"@type":"WebPage","@id":"https:\/\/thewitcherycph.com\/da\/vare\/naturlig-retinol-broccoli-gulerod-ansigtsolie\/","url":"https:\/\/thewitcherycph.com\/da\/vare\/naturlig-retinol-broccoli-gulerod-ansigtsolie\/","name":"Naturlig retinol broccoli + gulerod ansigtsolie - The Witchery CPH","isPartOf":{"@id":"https:\/\/thewitcherycph.com\/da\/#website"},"primaryImageOfPage":{"@id":"https:\/\/thewitcherycph.com\/da\/vare\/naturlig-retinol-broccoli-gulerod-ansigtsolie\/#primaryimage"},"image":{"@id":"https:\/\/thewitcherycph.com\/da\/vare\/naturlig-retinol-broccoli-gulerod-ansigtsolie\/#primaryimage"},"thumbnailUrl":"https:\/\/thewitcherycph.com\/wp-content\/uploads\/2021\/06\/A-super-healer-face-oil-the-witchery-cph.jpg","datePublished":"2026-01-13T14:55:29+00:00","dateModified":"2026-04-12T10:41:36+00:00","description":"Vores broccoli + gulerod ansigtsolie er en af vores bedste naturlige kilder til retinol, et stof der anbefales til moden hud og hud med tendens til irritation og udbrud. Olien er kollagenboostende og foryngende.","breadcrumb":{"@id":"https:\/\/thewitcherycph.com\/da\/vare\/naturlig-retinol-broccoli-gulerod-ansigtsolie\/#breadcrumb"},"inLanguage":"da-DK","potentialAction":[{"@type":"ReadAction","target":["https:\/\/thewitcherycph.com\/da\/vare\/naturlig-retinol-broccoli-gulerod-ansigtsolie\/"]}]},{"@type":"ImageObject","inLanguage":"da-DK","@id":"https:\/\/thewitcherycph.com\/da\/vare\/naturlig-retinol-broccoli-gulerod-ansigtsolie\/#primaryimage","url":"https:\/\/thewitcherycph.com\/wp-content\/uploads\/2021\/06\/A-super-healer-face-oil-the-witchery-cph.jpg","contentUrl":"https:\/\/thewitcherycph.com\/wp-content\/uploads\/2021\/06\/A-super-healer-face-oil-the-witchery-cph.jpg","width":1400,"height":1600,"caption":"Super Healer Face Oil Broccoli and Carrot seed oil"},{"@type":"BreadcrumbList","@id":"https:\/\/thewitcherycph.com\/da\/vare\/naturlig-retinol-broccoli-gulerod-ansigtsolie\/#breadcrumb","itemListElement":[{"@type":"ListItem","position":1,"name":"Home","item":"https:\/\/thewitcherycph.com\/da\/hjemside\/"},{"@type":"ListItem","position":2,"name":"Butik","item":"https:\/\/thewitcherycph.com\/da\/shop\/"},{"@type":"ListItem","position":3,"name":"Naturlig retinol broccoli + gulerod ansigtsolie"}]},{"@type":"WebSite","@id":"https:\/\/thewitcherycph.com\/da\/#website","url":"https:\/\/thewitcherycph.com\/da\/","name":"The Witchery CPH","description":"Sustainable Natural Skincare from Copenhagen","potentialAction":[{"@type":"SearchAction","target":{"@type":"EntryPoint","urlTemplate":"https:\/\/thewitcherycph.com\/da\/?s={search_term_string}"},"query-input":{"@type":"PropertyValueSpecification","valueRequired":true,"valueName":"search_term_string"}}],"inLanguage":"da-DK"}]}},"_links":{"self":[{"href":"https:\/\/thewitcherycph.com\/da\/wp-json\/wp\/v2\/product\/7783","targetHints":{"allow":["GET"]}}],"collection":[{"href":"https:\/\/thewitcherycph.com\/da\/wp-json\/wp\/v2\/product"}],"about":[{"href":"https:\/\/thewitcherycph.com\/da\/wp-json\/wp\/v2\/types\/product"}],"replies":[{"embeddable":true,"href":"https:\/\/thewitcherycph.com\/da\/wp-json\/wp\/v2\/comments?post=7783"}],"wp:featuredmedia":[{"embeddable":true,"href":"https:\/\/thewitcherycph.com\/da\/wp-json\/wp\/v2\/media\/3981"}],"wp:attachment":[{"href":"https:\/\/thewitcherycph.com\/da\/wp-json\/wp\/v2\/media?parent=7783"}],"wp:term":[{"taxonomy":"product_brand","embeddable":true,"href":"https:\/\/thewitcherycph.com\/da\/wp-json\/wp\/v2\/product_brand?post=7783"},{"taxonomy":"product_cat","embeddable":true,"href":"https:\/\/thewitcherycph.com\/da\/wp-json\/wp\/v2\/product_cat?post=7783"},{"taxonomy":"product_tag","embeddable":true,"href":"https:\/\/thewitcherycph.com\/da\/wp-json\/wp\/v2\/product_tag?post=7783"}],"curies":[{"name":"wp","href":"https:\/\/api.w.org\/{rel}","templated":true}]}}