{"id":7779,"date":"2022-10-11T09:13:32","date_gmt":"2026-01-12T16:01:41","guid":{"rendered":"https:\/\/thewitcherycph.com\/product\/kollagen-boostende-aeblekerne-ansigtsolie\/"},"modified":"2026-01-12T16:01:43","modified_gmt":"2026-01-12T16:01:43","slug":"kollagen-boostende-aeblekerne-ansigtsolie","status":"publish","type":"product","link":"https:\/\/thewitcherycph.com\/da\/vare\/kollagen-boostende-aeblekerne-ansigtsolie\/","title":{"rendered":"Kollagen-boostende \u00e6blekerne ansigtsolie"},"content":{"rendered":"<section class=\"wpb-content-wrapper\"><p>[vc_row][vc_column][konte_banner source=&#8221;external_link&#8221; text_position=&#8221;top-left&#8221; font_container=&#8221;font_size:40px&#8221; button_text=&#8221;&#8221; css=&#8221;.vc_custom_1620273975273{margin-bottom: 100px !important;}&#8221; custom_src=&#8221;https:\/\/thewitcherycph.com\/wp-content\/uploads\/2022\/10\/apple-seed-face-oil-the-witchery-cph-cover.jpg&#8221;]<br \/>\nFORDELE VED<br \/>\u00c6BLEKERNEOLIE [\/konte_banner][\/vc_column][\/vc_row]<\/p>\n<p>[vc_row][vc_column width=&#8221;5\/6&#8243; offset=&#8221;vc_col-lg-offset-1 vc_col-md-offset-1&#8243;][vc_row_inner][vc_column_inner width=&#8221;1\/2&#8243;][vc_custom_heading text=&#8221;<br \/>\nEN NATURLIG KOLLAGEN-BOOSTER<br \/>\n&#8221; use_theme_fonts=&#8221;yes&#8221; css=&#8221;.vc_custom_1536826700353{margin-top: 45px !important;margin-right: 65px !important;margin-bottom: 40px !important;margin-left: 65px !important;}&#8221;][vc_column_text css=&#8221;.vc_custom_1536826413162{margin-right: 65px !important;margin-bottom: 200px !important;margin-left: 65px !important;}&#8221;] &#8220;An apple a day will keep the doctor away&#8221; &#8211; og et par dr\u00e5ber \u00e6blekerneolie vil booste din kollagenproduktion, afhj\u00e6lpe r\u00f8dme, hydrere din hud og efterlade den smuk. \u00c6blekerneolie er en nul spild olie. <\/p>\n<p>\u00c6blekerneolie er rig p\u00e5 vitamin E, en af de mest kraftfulde antioxidanter.<\/p>\n<p>Vitamin E beskytter huden mod bl.a. frie radikaler, og bl\u00f8dg\u00f8r ogs\u00e5 huden. Olien fremmer kollagenproduktionen, og hj\u00e6lper med at reducere r\u00f8dme og inflammation. Kollagen er det stof i huden, der bevare hudens fylde og smidighed, og har derfor en anti-aging effekt. Olien reducerer yderligere synligheden af fine linjer. \u00c6lekerneolie er desuden en let og ikke-komedogen ansigtsolie, der alts\u00e5 ikke tilstopper porerne.    <\/p>\n<p>\u00c6bler er m\u00e5ske en af de mest danske frugter, og vi elsker at vores \u00e6blekerneolie er s\u00e5 b\u00e6redygtig og nypresset fra de mest vidunderlige, friske kerner. Olien er fuldkommen nul spild, og er derfor ikke kun en m\u00e5de at holde din egen hud sund og beskyttet p\u00e5, men ogs\u00e5 planeten.<\/p>\n<p>[\/vc_column_text][vc_single_image source=&#8221;external_link&#8221; css=&#8221;.vc_custom_1620273997007{margin-right: 55px !important;}&#8221;<br \/>\ncustom_src=&#8221;https:\/\/thewitcherycph.com\/wp-content\/uploads\/2022\/10\/apple-seed-face-oil-the-witchery-cph.jpg&#8221;][\/vc_column_inner]<\/p>\n<p>[vc_column_inner width=&#8221;1\/2&#8243;][vc_single_image source=&#8221;external_link&#8221; alignment=&#8221;right&#8221; css=&#8221;.vc_custom_1620274010228{margin-bottom: 220px !important;margin-left: 60px !important;}&#8221; custom_src=&#8221;https:\/\/thewitcherycph.com\/wp-content\/uploads\/2022\/10\/apple-seed-face-oil-the-witchery-cph-2.jpg&#8221;][vc_custom_heading text=&#8221;ANVENDELSE&#8221; use_theme_fonts=&#8221;yes&#8221; css=&#8221;.vc_custom_1536826773205{margin-right: 90px !important;margin-bottom: 56px !important;margin-left: 60px !important;}&#8221;][vc_column_text css=&#8221;.vc_custom_1536826780690{margin-right: 90px !important;margin-left: 60px !important;}&#8221;]<\/p>\n<p>[vc_custom_heading text=&#8221;&#8221; use_theme_fonts=&#8221;yes&#8221; css=&#8221;.vc_custom_1536826773205{margin-right: 90px !important;margin-bottom: 56px !important;margin-left: 60px !important;}&#8221;][vc_column_text css=&#8221;.vc_custom_1536826780690{margin-right: 90px !important;margin-left: 60px !important;}&#8221;]<\/p>\n<p>P\u00e5f\u00f8r p\u00e5 ren hud inden ansigtscreme. Du kan endda undv\u00e6re cremen, da olien er nok til at holde din hud fugtig og skinnende. <\/p>\n<p>Vi anbefaler at bruge en af vores botaniske ansigts tonere inden p\u00e5f\u00f8ring.<\/p>\n<p>Anbefalet til alle hudetyper, is\u00e6r til dem over 30, n\u00e5r kollagenproduktionen kan bruge en hj\u00e6lpende h\u00e5nd.<\/p>\n<p>[\/vc_column_text][\/vc_column_inner][\/vc_row_inner][\/vc_column][\/vc_row]<\/p>\n<h2><\/h2>\n<h2><\/h2>\n<h2><\/h2>\n<h2><\/h2>\n<p>&nbsp;<\/p>\n<p>&nbsp;<\/p>\n<h4>Alle vores produkter er lavet med europ\u00e6iske, b\u00e6redygtige ingredienser med mindst mulig spild. Vi er dedikerede til at g\u00f8re denne planet til et bedre sted og bruge de naturlige produkter, vi har lige uden foran vores d\u00f8r. Vi er The Witchery CPH og vi tror p\u00e5 naturens magi<\/h4>\n<p>&nbsp;<\/p>\n<p>FAQ<\/p>\n<hr>\n<p>Vi er cruelty-free, og vi tester aldrig p\u00e5 dyr. Alle produkter er lokale og b\u00e6redygtige. Alle vores produkter er lokale og b\u00e6redygtige. Vi bruger fr\u00f8, som er biprodukter af europ\u00e6isk f\u00f8devareproduktion, hvilket s\u00e6nker vores klimaaftryk og vandforbrug. Lokale fr\u00f8 betyder, at de ikke skal transporteres langt eller opbevares i lange perioder. De strenge regler for landbrug i EU sikrer ogs\u00e5, at vores fr\u00f8 har markedets h\u00f8jeste kvalitet. Dermed er vores produkter ikke bare b\u00e6redygtige, men ogs\u00e5 af fantastisk kvalitet.<\/p>\n<\/section>","protected":false},"excerpt":{"rendered":"<p>Vores \u00e6blekerneolie er koldpresset, uforarbejdet og 100% naturlig.<\/p>\n<ul>\n<li>fyldt med vitamin E, naturens egen bedste antioxidant<\/li>\n<li>en meget let, silkelignende olie, der hydrerer huden<\/li>\n<li>\u00f8ger kollagenproduktionen<\/li>\n<li>holder huden sund, frisk og smidig<\/li>\n<li>afhj\u00e6lper for tidlig aldring<\/li>\n<li>afhj\u00e6lper r\u00f8dme og irritation<\/li>\n<li>bedst til brug om dagen<\/li>\n<li>til alle hudtyper, specielt 30+<\/li>\n<\/ul>\n<p><span style=\"font-weight: 400;\">Vores koldpressede \u00e6blekerneolie har en silkelignende tekstur, og er den perfekte dagsolie til alle over 30. Desuden er olie 100% nulspild, og lavet af europ\u00e6iske kerner.  <\/span><\/p>\n","protected":false},"featured_media":5343,"comment_status":"open","ping_status":"closed","template":"","meta":[],"product_brand":[],"product_cat":[523,522,518,520,521,471,498,812,519],"product_tag":[813,816,815,814],"class_list":{"0":"post-7779","1":"product","2":"type-product","3":"status-publish","4":"has-post-thumbnail","6":"product_cat-aeldning-og-tor-hud","7":"product_cat-ansigt","8":"product_cat-ansigtsolier","9":"product_cat-moden-hud","10":"product_cat-normal-og-blandet-hud","11":"product_cat-produkter","12":"product_cat-rodme-og-hudfolsomhed","13":"product_cat-sale","14":"product_cat-tor-hud","15":"product_tag-aeblekerneolie","16":"product_tag-baeredygtig","17":"product_tag-baeredygtig-ansigtsolie","18":"product_tag-fordelene-ved-aeblekerneolie","20":"first","21":"instock","22":"taxable","23":"shipping-taxable","24":"purchasable","25":"product-type-simple"},"yoast_head":"<!-- This site is optimized with the Yoast SEO plugin v24.9 - https:\/\/yoast.com\/wordpress\/plugins\/seo\/ -->\n<title>Kollagen-boostende \u00e6blekerne ansigtsolie - The Witchery CPH<\/title>\n<meta name=\"description\" content=\"Vores koldpressede \u00e6blekerneolie \u00f8ger ikke kun kollagenproduktionen, men er ogs\u00e5 fugtgivende, og efterlader huden smuk efter p\u00e5f\u00f8ring. Den perfekte lette dagsolie.\" \/>\n<meta name=\"robots\" content=\"index, follow, max-snippet:-1, max-image-preview:large, max-video-preview:-1\" \/>\n<link rel=\"canonical\" href=\"https:\/\/thewitcherycph.com\/da\/vare\/kollagen-boostende-aeblekerne-ansigtsolie\/\" \/>\n<meta property=\"og:locale\" content=\"da_DK\" \/>\n<meta property=\"og:type\" content=\"article\" \/>\n<meta property=\"og:title\" content=\"Kollagen-boostende \u00e6blekerne ansigtsolie - The Witchery CPH\" \/>\n<meta property=\"og:description\" content=\"Vores koldpressede \u00e6blekerneolie \u00f8ger ikke kun kollagenproduktionen, men er ogs\u00e5 fugtgivende, og efterlader huden smuk efter p\u00e5f\u00f8ring. Den perfekte lette dagsolie.\" \/>\n<meta property=\"og:url\" content=\"https:\/\/thewitcherycph.com\/da\/vare\/kollagen-boostende-aeblekerne-ansigtsolie\/\" \/>\n<meta property=\"og:site_name\" content=\"The Witchery CPH\" \/>\n<meta property=\"article:modified_time\" content=\"2026-01-12T16:01:43+00:00\" \/>\n<meta property=\"og:image\" content=\"https:\/\/thewitcherycph.com\/wp-content\/uploads\/2022\/10\/apple-seed-face-oil-the-witchery-cph-2.jpg\" \/>\n\t<meta property=\"og:image:width\" content=\"1400\" \/>\n\t<meta property=\"og:image:height\" content=\"1600\" \/>\n\t<meta property=\"og:image:type\" content=\"image\/jpeg\" \/>\n<meta name=\"twitter:card\" content=\"summary_large_image\" \/>\n<meta name=\"twitter:label1\" content=\"Estimeret l\u00e6setid\" \/>\n\t<meta name=\"twitter:data1\" content=\"3 minutter\" \/>\n<script type=\"application\/ld+json\" class=\"yoast-schema-graph\">{\"@context\":\"https:\/\/schema.org\",\"@graph\":[{\"@type\":\"WebPage\",\"@id\":\"https:\/\/thewitcherycph.com\/da\/vare\/kollagen-boostende-aeblekerne-ansigtsolie\/\",\"url\":\"https:\/\/thewitcherycph.com\/da\/vare\/kollagen-boostende-aeblekerne-ansigtsolie\/\",\"name\":\"Kollagen-boostende \u00e6blekerne ansigtsolie - The Witchery CPH\",\"isPartOf\":{\"@id\":\"https:\/\/thewitcherycph.com\/da\/#website\"},\"primaryImageOfPage\":{\"@id\":\"https:\/\/thewitcherycph.com\/da\/vare\/kollagen-boostende-aeblekerne-ansigtsolie\/#primaryimage\"},\"image\":{\"@id\":\"https:\/\/thewitcherycph.com\/da\/vare\/kollagen-boostende-aeblekerne-ansigtsolie\/#primaryimage\"},\"thumbnailUrl\":\"https:\/\/thewitcherycph.com\/wp-content\/uploads\/2022\/10\/apple-seed-face-oil-the-witchery-cph-2.jpg\",\"datePublished\":\"2026-01-12T16:01:41+00:00\",\"dateModified\":\"2026-01-12T16:01:43+00:00\",\"description\":\"Vores koldpressede \u00e6blekerneolie \u00f8ger ikke kun kollagenproduktionen, men er ogs\u00e5 fugtgivende, og efterlader huden smuk efter p\u00e5f\u00f8ring. Den perfekte lette dagsolie.\",\"breadcrumb\":{\"@id\":\"https:\/\/thewitcherycph.com\/da\/vare\/kollagen-boostende-aeblekerne-ansigtsolie\/#breadcrumb\"},\"inLanguage\":\"da-DK\",\"potentialAction\":[{\"@type\":\"ReadAction\",\"target\":[\"https:\/\/thewitcherycph.com\/da\/vare\/kollagen-boostende-aeblekerne-ansigtsolie\/\"]}]},{\"@type\":\"ImageObject\",\"inLanguage\":\"da-DK\",\"@id\":\"https:\/\/thewitcherycph.com\/da\/vare\/kollagen-boostende-aeblekerne-ansigtsolie\/#primaryimage\",\"url\":\"https:\/\/thewitcherycph.com\/wp-content\/uploads\/2022\/10\/apple-seed-face-oil-the-witchery-cph-2.jpg\",\"contentUrl\":\"https:\/\/thewitcherycph.com\/wp-content\/uploads\/2022\/10\/apple-seed-face-oil-the-witchery-cph-2.jpg\",\"width\":1400,\"height\":1600,\"caption\":\"cold pressed apple seed oil is a light, silky oil that helps with skin redness\"},{\"@type\":\"BreadcrumbList\",\"@id\":\"https:\/\/thewitcherycph.com\/da\/vare\/kollagen-boostende-aeblekerne-ansigtsolie\/#breadcrumb\",\"itemListElement\":[{\"@type\":\"ListItem\",\"position\":1,\"name\":\"Home\",\"item\":\"https:\/\/thewitcherycph.com\/da\/hjemside\/\"},{\"@type\":\"ListItem\",\"position\":2,\"name\":\"Butik\",\"item\":\"https:\/\/thewitcherycph.com\/da\/shop\/\"},{\"@type\":\"ListItem\",\"position\":3,\"name\":\"Kollagen-boostende \u00e6blekerne ansigtsolie\"}]},{\"@type\":\"WebSite\",\"@id\":\"https:\/\/thewitcherycph.com\/da\/#website\",\"url\":\"https:\/\/thewitcherycph.com\/da\/\",\"name\":\"The Witchery CPH\",\"description\":\"Sustainable Natural Skincare from Copenhagen\",\"potentialAction\":[{\"@type\":\"SearchAction\",\"target\":{\"@type\":\"EntryPoint\",\"urlTemplate\":\"https:\/\/thewitcherycph.com\/da\/?s={search_term_string}\"},\"query-input\":{\"@type\":\"PropertyValueSpecification\",\"valueRequired\":true,\"valueName\":\"search_term_string\"}}],\"inLanguage\":\"da-DK\"}]}<\/script>\n<!-- \/ Yoast SEO plugin. -->","yoast_head_json":{"title":"Kollagen-boostende \u00e6blekerne ansigtsolie - The Witchery CPH","description":"Vores koldpressede \u00e6blekerneolie \u00f8ger ikke kun kollagenproduktionen, men er ogs\u00e5 fugtgivende, og efterlader huden smuk efter p\u00e5f\u00f8ring. Den perfekte lette dagsolie.","robots":{"index":"index","follow":"follow","max-snippet":"max-snippet:-1","max-image-preview":"max-image-preview:large","max-video-preview":"max-video-preview:-1"},"canonical":"https:\/\/thewitcherycph.com\/da\/vare\/kollagen-boostende-aeblekerne-ansigtsolie\/","og_locale":"da_DK","og_type":"article","og_title":"Kollagen-boostende \u00e6blekerne ansigtsolie - The Witchery CPH","og_description":"Vores koldpressede \u00e6blekerneolie \u00f8ger ikke kun kollagenproduktionen, men er ogs\u00e5 fugtgivende, og efterlader huden smuk efter p\u00e5f\u00f8ring. Den perfekte lette dagsolie.","og_url":"https:\/\/thewitcherycph.com\/da\/vare\/kollagen-boostende-aeblekerne-ansigtsolie\/","og_site_name":"The Witchery CPH","article_modified_time":"2026-01-12T16:01:43+00:00","og_image":[{"width":1400,"height":1600,"url":"https:\/\/thewitcherycph.com\/wp-content\/uploads\/2022\/10\/apple-seed-face-oil-the-witchery-cph-2.jpg","type":"image\/jpeg"}],"twitter_card":"summary_large_image","twitter_misc":{"Estimeret l\u00e6setid":"3 minutter"},"schema":{"@context":"https:\/\/schema.org","@graph":[{"@type":"WebPage","@id":"https:\/\/thewitcherycph.com\/da\/vare\/kollagen-boostende-aeblekerne-ansigtsolie\/","url":"https:\/\/thewitcherycph.com\/da\/vare\/kollagen-boostende-aeblekerne-ansigtsolie\/","name":"Kollagen-boostende \u00e6blekerne ansigtsolie - The Witchery CPH","isPartOf":{"@id":"https:\/\/thewitcherycph.com\/da\/#website"},"primaryImageOfPage":{"@id":"https:\/\/thewitcherycph.com\/da\/vare\/kollagen-boostende-aeblekerne-ansigtsolie\/#primaryimage"},"image":{"@id":"https:\/\/thewitcherycph.com\/da\/vare\/kollagen-boostende-aeblekerne-ansigtsolie\/#primaryimage"},"thumbnailUrl":"https:\/\/thewitcherycph.com\/wp-content\/uploads\/2022\/10\/apple-seed-face-oil-the-witchery-cph-2.jpg","datePublished":"2026-01-12T16:01:41+00:00","dateModified":"2026-01-12T16:01:43+00:00","description":"Vores koldpressede \u00e6blekerneolie \u00f8ger ikke kun kollagenproduktionen, men er ogs\u00e5 fugtgivende, og efterlader huden smuk efter p\u00e5f\u00f8ring. Den perfekte lette dagsolie.","breadcrumb":{"@id":"https:\/\/thewitcherycph.com\/da\/vare\/kollagen-boostende-aeblekerne-ansigtsolie\/#breadcrumb"},"inLanguage":"da-DK","potentialAction":[{"@type":"ReadAction","target":["https:\/\/thewitcherycph.com\/da\/vare\/kollagen-boostende-aeblekerne-ansigtsolie\/"]}]},{"@type":"ImageObject","inLanguage":"da-DK","@id":"https:\/\/thewitcherycph.com\/da\/vare\/kollagen-boostende-aeblekerne-ansigtsolie\/#primaryimage","url":"https:\/\/thewitcherycph.com\/wp-content\/uploads\/2022\/10\/apple-seed-face-oil-the-witchery-cph-2.jpg","contentUrl":"https:\/\/thewitcherycph.com\/wp-content\/uploads\/2022\/10\/apple-seed-face-oil-the-witchery-cph-2.jpg","width":1400,"height":1600,"caption":"cold pressed apple seed oil is a light, silky oil that helps with skin redness"},{"@type":"BreadcrumbList","@id":"https:\/\/thewitcherycph.com\/da\/vare\/kollagen-boostende-aeblekerne-ansigtsolie\/#breadcrumb","itemListElement":[{"@type":"ListItem","position":1,"name":"Home","item":"https:\/\/thewitcherycph.com\/da\/hjemside\/"},{"@type":"ListItem","position":2,"name":"Butik","item":"https:\/\/thewitcherycph.com\/da\/shop\/"},{"@type":"ListItem","position":3,"name":"Kollagen-boostende \u00e6blekerne ansigtsolie"}]},{"@type":"WebSite","@id":"https:\/\/thewitcherycph.com\/da\/#website","url":"https:\/\/thewitcherycph.com\/da\/","name":"The Witchery CPH","description":"Sustainable Natural Skincare from Copenhagen","potentialAction":[{"@type":"SearchAction","target":{"@type":"EntryPoint","urlTemplate":"https:\/\/thewitcherycph.com\/da\/?s={search_term_string}"},"query-input":{"@type":"PropertyValueSpecification","valueRequired":true,"valueName":"search_term_string"}}],"inLanguage":"da-DK"}]}},"_links":{"self":[{"href":"https:\/\/thewitcherycph.com\/da\/wp-json\/wp\/v2\/product\/7779","targetHints":{"allow":["GET"]}}],"collection":[{"href":"https:\/\/thewitcherycph.com\/da\/wp-json\/wp\/v2\/product"}],"about":[{"href":"https:\/\/thewitcherycph.com\/da\/wp-json\/wp\/v2\/types\/product"}],"replies":[{"embeddable":true,"href":"https:\/\/thewitcherycph.com\/da\/wp-json\/wp\/v2\/comments?post=7779"}],"wp:featuredmedia":[{"embeddable":true,"href":"https:\/\/thewitcherycph.com\/da\/wp-json\/wp\/v2\/media\/5343"}],"wp:attachment":[{"href":"https:\/\/thewitcherycph.com\/da\/wp-json\/wp\/v2\/media?parent=7779"}],"wp:term":[{"taxonomy":"product_brand","embeddable":true,"href":"https:\/\/thewitcherycph.com\/da\/wp-json\/wp\/v2\/product_brand?post=7779"},{"taxonomy":"product_cat","embeddable":true,"href":"https:\/\/thewitcherycph.com\/da\/wp-json\/wp\/v2\/product_cat?post=7779"},{"taxonomy":"product_tag","embeddable":true,"href":"https:\/\/thewitcherycph.com\/da\/wp-json\/wp\/v2\/product_tag?post=7779"}],"curies":[{"name":"wp","href":"https:\/\/api.w.org\/{rel}","templated":true}]}}