{"id":7778,"date":"2024-02-03T13:54:52","date_gmt":"2026-01-12T15:45:33","guid":{"rendered":"https:\/\/thewitcherycph.com\/product\/naturlig-retinol-broccoli-spinat-ansigtsolie\/"},"modified":"2026-03-30T22:35:17","modified_gmt":"2026-03-30T22:35:17","slug":"naturlig-retinol-broccoli-spinat-ansigtsolie","status":"publish","type":"product","link":"https:\/\/thewitcherycph.com\/da\/vare\/naturlig-retinol-broccoli-spinat-ansigtsolie\/","title":{"rendered":"Naturlig retinol broccoli + spinat ansigtsolie"},"content":{"rendered":"<section class=\"wpb-content-wrapper\"><p>[vc_row][vc_column][konte_banner source=&#8221;external_link&#8221; text_position=&#8221;top-left&#8221; font_container=&#8221;font_size:40px&#8221; button_text=&#8221;&#8221; css=&#8221;.vc_custom_1620273975273{margin-bottom: 100px !important;}&#8221; custom_src=&#8221;https:\/\/thewitcherycph.com\/wp-content\/uploads\/2024\/02\/cold-pressed-broccoli-spinach-oil-natural-retinol-the-witchery-cph-cover.jpg&#8221;]<br \/>\nBROCCOLI + SPINAT<br \/>ANSIGTSNATOLIE [\/konte_banner][\/vc_column][\/vc_row]<\/p>\n<p>[vc_row][vc_column width=&#8221;5\/6&#8243; offset=&#8221;vc_col-lg-offset-1 vc_col-md-offset-1&#8243;][vc_row_inner][vc_column_inner width=&#8221;1\/2&#8243;][vc_custom_heading text=&#8221;<br \/>\nFORDELENE VED VORES<br \/>BROCCOLI + SPINAT ANSIGTSOLIE<br \/>\n&#8221; use_theme_fonts=&#8221;yes&#8221; css=&#8221;.vc_custom_1536826700353{margin-top: 45px !important;margin-right: 65px !important;margin-bottom: 40px !important;margin-left: 65px !important;}&#8221;][vc_column_text css=&#8221;.vc_custom_1536826413162{margin-right: 65px !important;margin-bottom: 200px !important;margin-left: 65px !important;}&#8221;] Hvis du har moden hud, er omkring de 30 eller d\u00f8jer med akne- og eksemudbrud, eller m\u00e5ske bare f\u00f8ler din hud tr\u00e6nger til lidt k\u00e6rlighed, b\u00f8r du overveje an olie rig p\u00e5 A-vitamin til din aftenrutine. Vitamin A fremmer hudens egen fornyelsesproces, hj\u00e6lper mod u\u00f8nsket tekstur, heler og plejer. <\/p>\n<p>Broccoli er en af de bedste olier til at holde huden sund og smidig, og blandet med spinatolie bliver den til den l\u00e6kreste natolie.<\/p>\n<p>I mods\u00e6tning til syntetiske produkter med A-vitamin, der ofte kommer med en masse bivirkninger, er et naturligt alternativ et sikkert valg selv for dem med sensitiv hud.<\/p>\n<p>Olien f\u00f8les let, og b\u00f8r p\u00e5f\u00f8res om aftenen.<\/p>\n<p>[\/vc_column_text][vc_single_image source=&#8221;external_link&#8221; css=&#8221;.vc_custom_1620273997007{margin-right: 55px !important;}&#8221;<br \/>\ncustom_src=&#8221;https:\/\/thewitcherycph.com\/wp-content\/uploads\/2024\/02\/Broccoli-Spinach-Cold-pressed-Natural-vitamin-A-Face-Oil-The-Withchery-CPH-.jpg&#8221;][\/vc_column_inner]<\/p>\n<p>[vc_column_inner width=&#8221;1\/2&#8243;][vc_single_image source=&#8221;external_link&#8221; alignment=&#8221;right&#8221; css=&#8221;.vc_custom_1620274010228{margin-bottom: 220px !important;margin-left: 60px !important;}&#8221; custom_src=&#8221;https:\/\/thewitcherycph.com\/wp-content\/uploads\/2024\/02\/Broccoli-Spinach-Cold-pressed-Natural-vitamin-A-Face-Oil-The-Withchery-CPH-2.jpg&#8221;][vc_custom_heading text=&#8221;ANVENDELSE&#8221; use_theme_fonts=&#8221;yes&#8221; css=&#8221;.vc_custom_1536826773205{margin-right: 90px !important;margin-bottom: 56px !important;margin-left: 60px !important;}&#8221;][vc_column_text css=&#8221;.vc_custom_1536826780690{margin-right: 90px !important;margin-left: 60px !important;}&#8221;]<\/p>\n<p>[vc_custom_heading text=&#8221;&#8221; use_theme_fonts=&#8221;yes&#8221; css=&#8221;.vc_custom_1536826773205{margin-right: 90px !important;margin-bottom: 56px !important;margin-left: 60px !important;}&#8221;][vc_column_text css=&#8221;.vc_custom_1536826780690{margin-right: 90px !important;margin-left: 60px !important;}&#8221;]<\/p>\n<p>P\u00e5f\u00f8r p\u00e5 ren hud. For bedste resultat p\u00e5f\u00f8r efter ansigtstoner.<\/p>\n<p>Du kan springe dagcremen over, og udelukkende bruge olie. Det g\u00f8r vi og st\u00f8rstedelen af vores kunder.<br \/>Hvis du ikke kan undv\u00e6re din dagcreme, s\u00e5 p\u00e5f\u00f8r olien inden cremen. <\/p>\n<p>Vi anbefaler at massere ansigtet blidt under p\u00e5f\u00f8ringen, for lidt ekstra selvfork\u00e6lelse, og for at stimulere lymfesystemet.<\/p>\n<p>Olien er nyligt koldpresset fra lokale fr\u00f8 og kerner, uforarbejdet og uraffineret. 100% naturlig.<br \/>Brug indenfor 12 m\u00e5neder efter \u00e5bning.<\/p>\n<p>[\/vc_column_text][\/vc_column_inner][\/vc_row_inner][\/vc_column][\/vc_row]<\/p>\n<h2><\/h2>\n<h2><\/h2>\n<h2><\/h2>\n<h2><\/h2>\n<p>&nbsp;<\/p>\n<p>&nbsp;<\/p>\n<h4>Alle vores produkter er lavet med europ\u00e6iske, b\u00e6redygtige ingredienser med mindst mulig spild. Vi er dedikerede til at g\u00f8re denne planet til et bedre sted og bruge de naturlige produkter, vi har lige uden foran vores d\u00f8r. Vi er The Witchery CPH, og vi tror p\u00e5 naturens magi.<\/h4>\n<p>&nbsp;<\/p>\n<p>FAQ<\/p>\n<hr>\n<p>Vi er cruelty-free, og vi tester aldrig p\u00e5 dyr. Alle produkter er lokale og b\u00e6redygtige. Alle vores produkter er lokale og b\u00e6redygtige. Vi bruger fr\u00f8, som er biprodukter af europ\u00e6isk f\u00f8devareproduktion, hvilket s\u00e6nker vores klimaaftryk og vandforbrug. Lokale fr\u00f8 betyder, at de ikke skal transporteres langt eller opbevares i lange perioder. De strenge regler for landbrug i EU sikrer ogs\u00e5, at vores fr\u00f8 har markedets h\u00f8jeste kvalitet. Dermed er vores produkter ikke bare b\u00e6redygtige, men ogs\u00e5 af fantastisk kvalitet.<\/p>\n<\/section>","protected":false},"excerpt":{"rendered":"<p>Olien kommer snart igen.<\/p>\n<p>Denne magiske eleksir indeholder krafterne fra to potente gr\u00f8nsager: <strong>Broccoli + spinat.<\/strong> Olien er ekstremt rig p\u00e5 naturlig retinol, en helende og foryngende form for vitamin A. Dette er en super natolie til alle over 30. <\/p>\n<ul>\n<li>fyldt med A-vitamin, E-vitamin og antioxidanter<\/li>\n<li>en fantastisk ansigtsolie til moden hud, hud med tendens til udbrud i form af akne, eksem, psoriasis, mm.<\/li>\n<li>for\u00f8ger kollagenproduktionen, heler og forynger huden<\/li>\n<li>en mere sikkert alternativ til syntetisk retinol<\/li>\n<li>udglatter, bl\u00f8dg\u00f8r og udligner tekstur i huden<\/li>\n<li>brug i stedet for (eller f\u00f8r) natcreme<\/li>\n<li>en superfood for huden<\/li>\n<li>duft: neutral<\/li>\n<li>Dette produkt er fri for syntetiske ingredienser, konserveringsmidler, giftige kemikalier, parabener, tils\u00e6tningsstoffer og alt andet un\u00f8dvendigt.<\/li>\n<li>Brug indenfor 12 m\u00e5neder efter \u00e5bning, hold v\u00e6k fra direkte sol og varme.<\/li>\n<\/ul>\n<p><span style=\"font-weight: 400;\">Hvis du er over 30, kan du overveje at indf\u00f8rer en natolie rig p\u00e5 A-vitamin, som fremmer fornyelsen af hudcellerne, og neds\u00e6nker aldringsprocessen. Denne olie er en mere neutralduftende variant af vores bestseller <a href=\"https:\/\/thewitcherycph.com\/product\/natural-retinol-carrot-broccoli-seed-oil\/\"><strong>Broccoli + gulerod ansigtsolie<\/strong><\/a>. <\/span><\/p>\n","protected":false},"featured_media":6135,"comment_status":"open","ping_status":"closed","template":"","meta":[],"product_brand":[],"product_cat":[523,522,518,520,521,519,698,471],"product_tag":[805,807,811,806,808,809,800,810],"class_list":{"0":"post-7778","1":"product","2":"type-product","3":"status-publish","4":"has-post-thumbnail","6":"product_cat-aeldning-og-tor-hud","7":"product_cat-ansigt","8":"product_cat-ansigtsolier","9":"product_cat-moden-hud","10":"product_cat-normal-og-blandet-hud","11":"product_cat-tor-hud","12":"product_cat-vores-nyeste-partier","13":"product_cat-produkter","14":"product_tag-ansigtsolie-til-overgangsalder","15":"product_tag-frisk-ansigtsolie","16":"product_tag-natolie","17":"product_tag-naturlig-fugtighedsgiver","18":"product_tag-naturlig-retinol","19":"product_tag-naturlig-vitamin-a-olie","20":"product_tag-uforarbejdet-ansigtsolie","21":"product_tag-vitamin-a-olie","23":"first","24":"outofstock","25":"taxable","26":"shipping-taxable","27":"purchasable","28":"product-type-simple"},"yoast_head":"<!-- This site is optimized with the Yoast SEO plugin v24.9 - https:\/\/yoast.com\/wordpress\/plugins\/seo\/ -->\n<title>Naturlig retinol broccoli + spinat ansigtsolie - The Witchery CPH<\/title>\n<meta name=\"description\" content=\"Broccoli + spinat ansigtsolie er et fantastisk alternativ til syntetisk retinol. Olien er ekstremt rig p\u00e5 naturlig vitamin A, der fornyer og forynger moden hud.\" \/>\n<meta name=\"robots\" content=\"index, follow, max-snippet:-1, max-image-preview:large, max-video-preview:-1\" \/>\n<link rel=\"canonical\" href=\"https:\/\/thewitcherycph.com\/da\/vare\/naturlig-retinol-broccoli-spinat-ansigtsolie\/\" \/>\n<meta property=\"og:locale\" content=\"da_DK\" \/>\n<meta property=\"og:type\" content=\"article\" \/>\n<meta property=\"og:title\" content=\"Naturlig retinol broccoli + spinat ansigtsolie - The Witchery CPH\" \/>\n<meta property=\"og:description\" content=\"Broccoli + spinat ansigtsolie er et fantastisk alternativ til syntetisk retinol. Olien er ekstremt rig p\u00e5 naturlig vitamin A, der fornyer og forynger moden hud.\" \/>\n<meta property=\"og:url\" content=\"https:\/\/thewitcherycph.com\/da\/vare\/naturlig-retinol-broccoli-spinat-ansigtsolie\/\" \/>\n<meta property=\"og:site_name\" content=\"The Witchery CPH\" \/>\n<meta property=\"article:modified_time\" content=\"2026-03-30T22:35:17+00:00\" \/>\n<meta property=\"og:image\" content=\"https:\/\/thewitcherycph.com\/wp-content\/uploads\/2024\/02\/Broccoli-Spinach-Cold-pressed-Natural-vitamin-A-Face-Oil-The-Withchery-CPH-2.jpg\" \/>\n\t<meta property=\"og:image:width\" content=\"1400\" \/>\n\t<meta property=\"og:image:height\" content=\"1600\" \/>\n\t<meta property=\"og:image:type\" content=\"image\/jpeg\" \/>\n<meta name=\"twitter:card\" content=\"summary_large_image\" \/>\n<meta name=\"twitter:label1\" content=\"Estimeret l\u00e6setid\" \/>\n\t<meta name=\"twitter:data1\" content=\"3 minutter\" \/>\n<script type=\"application\/ld+json\" class=\"yoast-schema-graph\">{\"@context\":\"https:\/\/schema.org\",\"@graph\":[{\"@type\":\"WebPage\",\"@id\":\"https:\/\/thewitcherycph.com\/da\/vare\/naturlig-retinol-broccoli-spinat-ansigtsolie\/\",\"url\":\"https:\/\/thewitcherycph.com\/da\/vare\/naturlig-retinol-broccoli-spinat-ansigtsolie\/\",\"name\":\"Naturlig retinol broccoli + spinat ansigtsolie - The Witchery CPH\",\"isPartOf\":{\"@id\":\"https:\/\/thewitcherycph.com\/da\/#website\"},\"primaryImageOfPage\":{\"@id\":\"https:\/\/thewitcherycph.com\/da\/vare\/naturlig-retinol-broccoli-spinat-ansigtsolie\/#primaryimage\"},\"image\":{\"@id\":\"https:\/\/thewitcherycph.com\/da\/vare\/naturlig-retinol-broccoli-spinat-ansigtsolie\/#primaryimage\"},\"thumbnailUrl\":\"https:\/\/thewitcherycph.com\/wp-content\/uploads\/2024\/02\/Broccoli-Spinach-Cold-pressed-Natural-vitamin-A-Face-Oil-The-Withchery-CPH-2.jpg\",\"datePublished\":\"2026-01-12T15:45:33+00:00\",\"dateModified\":\"2026-03-30T22:35:17+00:00\",\"description\":\"Broccoli + spinat ansigtsolie er et fantastisk alternativ til syntetisk retinol. Olien er ekstremt rig p\u00e5 naturlig vitamin A, der fornyer og forynger moden hud.\",\"breadcrumb\":{\"@id\":\"https:\/\/thewitcherycph.com\/da\/vare\/naturlig-retinol-broccoli-spinat-ansigtsolie\/#breadcrumb\"},\"inLanguage\":\"da-DK\",\"potentialAction\":[{\"@type\":\"ReadAction\",\"target\":[\"https:\/\/thewitcherycph.com\/da\/vare\/naturlig-retinol-broccoli-spinat-ansigtsolie\/\"]}]},{\"@type\":\"ImageObject\",\"inLanguage\":\"da-DK\",\"@id\":\"https:\/\/thewitcherycph.com\/da\/vare\/naturlig-retinol-broccoli-spinat-ansigtsolie\/#primaryimage\",\"url\":\"https:\/\/thewitcherycph.com\/wp-content\/uploads\/2024\/02\/Broccoli-Spinach-Cold-pressed-Natural-vitamin-A-Face-Oil-The-Withchery-CPH-2.jpg\",\"contentUrl\":\"https:\/\/thewitcherycph.com\/wp-content\/uploads\/2024\/02\/Broccoli-Spinach-Cold-pressed-Natural-vitamin-A-Face-Oil-The-Withchery-CPH-2.jpg\",\"width\":1400,\"height\":1600,\"caption\":\"Night Oil Natural Retinol Broccoli Spinach Cold Pressed Oil\"},{\"@type\":\"BreadcrumbList\",\"@id\":\"https:\/\/thewitcherycph.com\/da\/vare\/naturlig-retinol-broccoli-spinat-ansigtsolie\/#breadcrumb\",\"itemListElement\":[{\"@type\":\"ListItem\",\"position\":1,\"name\":\"Home\",\"item\":\"https:\/\/thewitcherycph.com\/da\/hjemside\/\"},{\"@type\":\"ListItem\",\"position\":2,\"name\":\"Butik\",\"item\":\"https:\/\/thewitcherycph.com\/da\/shop\/\"},{\"@type\":\"ListItem\",\"position\":3,\"name\":\"Naturlig retinol broccoli + spinat ansigtsolie\"}]},{\"@type\":\"WebSite\",\"@id\":\"https:\/\/thewitcherycph.com\/da\/#website\",\"url\":\"https:\/\/thewitcherycph.com\/da\/\",\"name\":\"The Witchery CPH\",\"description\":\"Sustainable Natural Skincare from Copenhagen\",\"potentialAction\":[{\"@type\":\"SearchAction\",\"target\":{\"@type\":\"EntryPoint\",\"urlTemplate\":\"https:\/\/thewitcherycph.com\/da\/?s={search_term_string}\"},\"query-input\":{\"@type\":\"PropertyValueSpecification\",\"valueRequired\":true,\"valueName\":\"search_term_string\"}}],\"inLanguage\":\"da-DK\"}]}<\/script>\n<!-- \/ Yoast SEO plugin. -->","yoast_head_json":{"title":"Naturlig retinol broccoli + spinat ansigtsolie - The Witchery CPH","description":"Broccoli + spinat ansigtsolie er et fantastisk alternativ til syntetisk retinol. Olien er ekstremt rig p\u00e5 naturlig vitamin A, der fornyer og forynger moden hud.","robots":{"index":"index","follow":"follow","max-snippet":"max-snippet:-1","max-image-preview":"max-image-preview:large","max-video-preview":"max-video-preview:-1"},"canonical":"https:\/\/thewitcherycph.com\/da\/vare\/naturlig-retinol-broccoli-spinat-ansigtsolie\/","og_locale":"da_DK","og_type":"article","og_title":"Naturlig retinol broccoli + spinat ansigtsolie - The Witchery CPH","og_description":"Broccoli + spinat ansigtsolie er et fantastisk alternativ til syntetisk retinol. Olien er ekstremt rig p\u00e5 naturlig vitamin A, der fornyer og forynger moden hud.","og_url":"https:\/\/thewitcherycph.com\/da\/vare\/naturlig-retinol-broccoli-spinat-ansigtsolie\/","og_site_name":"The Witchery CPH","article_modified_time":"2026-03-30T22:35:17+00:00","og_image":[{"width":1400,"height":1600,"url":"https:\/\/thewitcherycph.com\/wp-content\/uploads\/2024\/02\/Broccoli-Spinach-Cold-pressed-Natural-vitamin-A-Face-Oil-The-Withchery-CPH-2.jpg","type":"image\/jpeg"}],"twitter_card":"summary_large_image","twitter_misc":{"Estimeret l\u00e6setid":"3 minutter"},"schema":{"@context":"https:\/\/schema.org","@graph":[{"@type":"WebPage","@id":"https:\/\/thewitcherycph.com\/da\/vare\/naturlig-retinol-broccoli-spinat-ansigtsolie\/","url":"https:\/\/thewitcherycph.com\/da\/vare\/naturlig-retinol-broccoli-spinat-ansigtsolie\/","name":"Naturlig retinol broccoli + spinat ansigtsolie - The Witchery CPH","isPartOf":{"@id":"https:\/\/thewitcherycph.com\/da\/#website"},"primaryImageOfPage":{"@id":"https:\/\/thewitcherycph.com\/da\/vare\/naturlig-retinol-broccoli-spinat-ansigtsolie\/#primaryimage"},"image":{"@id":"https:\/\/thewitcherycph.com\/da\/vare\/naturlig-retinol-broccoli-spinat-ansigtsolie\/#primaryimage"},"thumbnailUrl":"https:\/\/thewitcherycph.com\/wp-content\/uploads\/2024\/02\/Broccoli-Spinach-Cold-pressed-Natural-vitamin-A-Face-Oil-The-Withchery-CPH-2.jpg","datePublished":"2026-01-12T15:45:33+00:00","dateModified":"2026-03-30T22:35:17+00:00","description":"Broccoli + spinat ansigtsolie er et fantastisk alternativ til syntetisk retinol. Olien er ekstremt rig p\u00e5 naturlig vitamin A, der fornyer og forynger moden hud.","breadcrumb":{"@id":"https:\/\/thewitcherycph.com\/da\/vare\/naturlig-retinol-broccoli-spinat-ansigtsolie\/#breadcrumb"},"inLanguage":"da-DK","potentialAction":[{"@type":"ReadAction","target":["https:\/\/thewitcherycph.com\/da\/vare\/naturlig-retinol-broccoli-spinat-ansigtsolie\/"]}]},{"@type":"ImageObject","inLanguage":"da-DK","@id":"https:\/\/thewitcherycph.com\/da\/vare\/naturlig-retinol-broccoli-spinat-ansigtsolie\/#primaryimage","url":"https:\/\/thewitcherycph.com\/wp-content\/uploads\/2024\/02\/Broccoli-Spinach-Cold-pressed-Natural-vitamin-A-Face-Oil-The-Withchery-CPH-2.jpg","contentUrl":"https:\/\/thewitcherycph.com\/wp-content\/uploads\/2024\/02\/Broccoli-Spinach-Cold-pressed-Natural-vitamin-A-Face-Oil-The-Withchery-CPH-2.jpg","width":1400,"height":1600,"caption":"Night Oil Natural Retinol Broccoli Spinach Cold Pressed Oil"},{"@type":"BreadcrumbList","@id":"https:\/\/thewitcherycph.com\/da\/vare\/naturlig-retinol-broccoli-spinat-ansigtsolie\/#breadcrumb","itemListElement":[{"@type":"ListItem","position":1,"name":"Home","item":"https:\/\/thewitcherycph.com\/da\/hjemside\/"},{"@type":"ListItem","position":2,"name":"Butik","item":"https:\/\/thewitcherycph.com\/da\/shop\/"},{"@type":"ListItem","position":3,"name":"Naturlig retinol broccoli + spinat ansigtsolie"}]},{"@type":"WebSite","@id":"https:\/\/thewitcherycph.com\/da\/#website","url":"https:\/\/thewitcherycph.com\/da\/","name":"The Witchery CPH","description":"Sustainable Natural Skincare from Copenhagen","potentialAction":[{"@type":"SearchAction","target":{"@type":"EntryPoint","urlTemplate":"https:\/\/thewitcherycph.com\/da\/?s={search_term_string}"},"query-input":{"@type":"PropertyValueSpecification","valueRequired":true,"valueName":"search_term_string"}}],"inLanguage":"da-DK"}]}},"_links":{"self":[{"href":"https:\/\/thewitcherycph.com\/da\/wp-json\/wp\/v2\/product\/7778","targetHints":{"allow":["GET"]}}],"collection":[{"href":"https:\/\/thewitcherycph.com\/da\/wp-json\/wp\/v2\/product"}],"about":[{"href":"https:\/\/thewitcherycph.com\/da\/wp-json\/wp\/v2\/types\/product"}],"replies":[{"embeddable":true,"href":"https:\/\/thewitcherycph.com\/da\/wp-json\/wp\/v2\/comments?post=7778"}],"wp:featuredmedia":[{"embeddable":true,"href":"https:\/\/thewitcherycph.com\/da\/wp-json\/wp\/v2\/media\/6135"}],"wp:attachment":[{"href":"https:\/\/thewitcherycph.com\/da\/wp-json\/wp\/v2\/media?parent=7778"}],"wp:term":[{"taxonomy":"product_brand","embeddable":true,"href":"https:\/\/thewitcherycph.com\/da\/wp-json\/wp\/v2\/product_brand?post=7778"},{"taxonomy":"product_cat","embeddable":true,"href":"https:\/\/thewitcherycph.com\/da\/wp-json\/wp\/v2\/product_cat?post=7778"},{"taxonomy":"product_tag","embeddable":true,"href":"https:\/\/thewitcherycph.com\/da\/wp-json\/wp\/v2\/product_tag?post=7778"}],"curies":[{"name":"wp","href":"https:\/\/api.w.org\/{rel}","templated":true}]}}