{"id":7774,"date":"2025-04-02T20:27:05","date_gmt":"2026-01-10T13:37:20","guid":{"rendered":"https:\/\/thewitcherycph.com\/product\/kaempenatlys-kvindehelende-ansigtsolie\/"},"modified":"2026-04-05T22:20:43","modified_gmt":"2026-04-05T22:20:43","slug":"kaempenatlys-kvindehelende-ansigtsolie","status":"publish","type":"product","link":"https:\/\/thewitcherycph.com\/da\/vare\/kaempenatlys-kvindehelende-ansigtsolie\/","title":{"rendered":"K\u00e6mpenatlys kvindehelende ansigtsolie"},"content":{"rendered":"<section class=\"wpb-content-wrapper\"><p>[vc_row][vc_column][konte_banner source=&#8221;external_link&#8221; text_position=&#8221;top-left&#8221; font_container=&#8221;font_size:40px&#8221; button_text=&#8221;&#8221; css=&#8221;.vc_custom_1620273975273{margin-bottom: 100px !important;}&#8221; custom_src=&#8221;https:\/\/thewitcherycph.com\/wp-content\/uploads\/2025\/04\/Evening-Primrose-Face-Oil-cover-the-witchery-cph.jpg&#8221;]<br \/>\nTALGREGULERENDE<br \/>\nHASSELN\u00d8D ANSIGTSOLIE [\/konte_banner][\/vc_column][\/vc_row]<\/p>\n<p>[vc_row][vc_column width=&#8221;5\/6&#8243; offset=&#8221;vc_col-lg-offset-1 vc_col-md-offset-1&#8243;][vc_row_inner][vc_column_inner width=&#8221;1\/2&#8243;][vc_custom_heading text=&#8221;<br \/>\nFORDELE VED<br \/>HASSELN\u00d8DDEOLIE<br \/>\n&#8221; use_theme_fonts=&#8221;yes&#8221; css=&#8221;.vc_custom_1536826700353{margin-top: 45px !important;margin-right: 65px !important;margin-bottom: 40px !important;margin-left: 65px !important;}&#8221;][vc_column_text css=&#8221;.vc_custom_1536826413162{margin-right: 65px !important;margin-bottom: 200px !important;margin-left: 65px !important;}&#8221;] K\u00e6mpenatlys er en meget almindelig plante, der tilf\u00e6ldigvis ogs\u00e5 er en enormt potent og helende plante. Blomsten er lukket om dagen, men \u00e5bner sig om aftenen, n\u00e5r solnedgangen bringer stilhed over marker og enge. <\/p>\n<p>Olien best\u00e5r udelukkende af koldpresset olie fra blomstens fr\u00f8, og den er l\u00e6nge blevet benyttet til at hele og balancere det kvindelige hormonsystem.<\/p>\n<p>K\u00e6mpenatlysolien er fantastisk rig p\u00e5 linolsyre (74%), et stof der heler og gendanner hudens naturlige barriere. Olien er derudover rig p\u00e5 vitamin E, naturens bedste antioxidant og fugtgiver, og omega-6 fedtsyre, der holder p\u00e5 fugten i huden og heler. Olien kan afhj\u00e6lpe hudproblemer forbundet med hormonel ubalance.   <\/p>\n<p>K\u00e6mpenatlysolie tilstopper ikke hudens porer, afhj\u00e6lper udbrud og flare-ups. Vi anbefaler den til alle hudtyper, selv de mest sensitive.<\/p>\n<p>[\/vc_column_text][vc_single_image source=&#8221;external_link&#8221; css=&#8221;.vc_custom_1620273997007{margin-right: 55px !important;}&#8221;<br \/>\ncustom_src=&#8221;https:\/\/thewitcherycph.com\/wp-content\/uploads\/2025\/04\/evening-primrose-face-oil-the-witchery-cph.jpg&#8221;][\/vc_column_inner]<\/p>\n<p>[vc_column_inner width=&#8221;1\/2&#8243;][vc_single_image source=&#8221;external_link&#8221; alignment=&#8221;right&#8221; css=&#8221;.vc_custom_1620274010228{margin-bottom: 220px !important;margin-left: 60px !important;}&#8221; custom_src=&#8221;https:\/\/thewitcherycph.com\/wp-content\/uploads\/2025\/04\/evening-primrose-face-oil-the-witchery-cph-3.jpg&#8221;][vc_custom_heading text=&#8221;ANVENDELSE&#8221; use_theme_fonts=&#8221;yes&#8221; css=&#8221;.vc_custom_1536826773205{margin-right: 90px !important;margin-bottom: 56px !important;margin-left: 60px !important;}&#8221;][vc_column_text css=&#8221;.vc_custom_1536826780690{margin-right: 90px !important;margin-left: 60px !important;}&#8221;]<\/p>\n<p>[vc_custom_heading text=&#8221;&#8221; use_theme_fonts=&#8221;yes&#8221; css=&#8221;.vc_custom_1536826773205{margin-right: 90px !important;margin-bottom: 56px !important;margin-left: 60px !important;}&#8221;][vc_column_text css=&#8221;.vc_custom_1536826780690{margin-right: 90px !important;margin-left: 60px !important;}&#8221;]<\/p>\n<p>P\u00e5f\u00f8r p\u00e5 ren hud. For bedste resultat p\u00e5f\u00f8r efter ansigtstoner.<\/p>\n<p>Du kan springe dagcremen over, og udelukkende bruge olie. Det g\u00f8r vi og st\u00f8rstedelen af vores kunder.<br \/>Hvis du ikke kan undv\u00e6re din dagcreme, s\u00e5 p\u00e5f\u00f8r olien inden cremen. <\/p>\n<p>Vi anbefaler at massere ansigtet blidt under p\u00e5f\u00f8ringen, for lidt ekstra selvfork\u00e6lelse, og for at stimulere lymfesystemet.<\/p>\n<p>The product is freshly cold-pressed from Evening Primrose seeds, unprocessed, and unrefined. 100% natural. Use within 12 months from opening.<\/p>\n<p>[\/vc_column_text][\/vc_column_inner][\/vc_row_inner][\/vc_column][\/vc_row]<\/p>\n<h2><\/h2>\n<h2><\/h2>\n<h2><\/h2>\n<h2><\/h2>\n<p>&nbsp;<\/p>\n<p>&nbsp;<\/p>\n<h4>Alle vores produkter er lavet med europ\u00e6iske, b\u00e6redygtige ingredienser med mindst mulig spild. Vi er dedikerede til at g\u00f8re denne planet til et bedre sted og bruge de naturlige produkter, vi har lige uden foran vores d\u00f8r. Vi er The Witchery CPH, og vi tror p\u00e5 naturens magi.<\/h4>\n<p>&nbsp;<\/p>\n<p>FAQ<\/p>\n<hr>\n<p>Vi er cruelty-free, og vi tester aldrig p\u00e5 dyr. Alle produkter er lokale og b\u00e6redygtige. Alle vores produkter er lokale og b\u00e6redygtige. Vi bruger fr\u00f8, som er biprodukter af europ\u00e6isk f\u00f8devareproduktion, hvilket s\u00e6nker vores klimaaftryk og vandforbrug. Lokale fr\u00f8 betyder, at de ikke skal transporteres langt eller opbevares i lange perioder. De strenge regler for landbrug i EU sikrer ogs\u00e5, at vores fr\u00f8 har markedets h\u00f8jeste kvalitet. Dermed er vores produkter ikke bare b\u00e6redygtige, men ogs\u00e5 af fantastisk kvalitet.<\/p>\n<\/section>","protected":false},"excerpt":{"rendered":"<p>K\u00e6mpenatlysolie er traditionelt blevet brugt til at underst\u00f8tte kvinders helbred, og har gennem tiden st\u00e5et kvinder bi gennem deres hormonelle cyklus. Olien er desuden en sk\u00f8n fugtgivende olie, der heler, n\u00e6rer og plejer selv den mest sensitive hud.<\/p>\n<ul>\n<li>Fyldt med E-vitamin<\/li>\n<li>Utrolig rig p\u00e5 linolsyre<\/li>\n<li>Gendanner og heler hudens barriere<\/li>\n<li>Beskytter, fornyer og beroliger huden<\/li>\n<li>Fremmer anti-aging mekanismer<\/li>\n<li>Hj\u00e6lper mod dermatitis &#8211; psoriasis og eksem<\/li>\n<li>Duft: let blomstret\n<li>Dette produkt er fri for syntetiske ingredienser, konserveringsmidler, giftige kemikalier, parabener, tils\u00e6tningsstoffer og alt andet un\u00f8dvendigt.<\/li>\n<li>Brug indenfor 12 m\u00e5neder efter \u00e5bning, hold v\u00e6k fra direkte sol og varme.<\/li>\n<li>Europ\u00e6iske fr\u00f8, kerner og planter<\/li>\n<\/ul>\n<p><span style=\"font-weight: 400;\">Vi benytter ikke baseolier, vores olier indeholder blot, hvad der st\u00e5r p\u00e5 etiketten. I dette tilf\u00e6lde koldpresset hasseln\u00f8ddeolie. <\/span><\/p>\n","protected":false},"featured_media":7164,"comment_status":"open","ping_status":"closed","template":"","meta":[],"product_brand":[],"product_cat":[523,522,518,520,521,519,698,471],"product_tag":[804,801,802,803,800],"class_list":{"0":"post-7774","1":"product","2":"type-product","3":"status-publish","4":"has-post-thumbnail","6":"product_cat-aeldning-og-tor-hud","7":"product_cat-ansigt","8":"product_cat-ansigtsolier","9":"product_cat-moden-hud","10":"product_cat-normal-og-blandet-hud","11":"product_cat-tor-hud","12":"product_cat-vores-nyeste-partier","13":"product_cat-produkter","14":"product_tag-helende-ansigtsolie","15":"product_tag-kaempenatlysolie","16":"product_tag-koldpresset-kaempenatlysolie","17":"product_tag-olie-til-kvindens-helbred","18":"product_tag-uforarbejdet-ansigtsolie","20":"first","21":"instock","22":"taxable","23":"shipping-taxable","24":"purchasable","25":"product-type-simple"},"yoast_head":"<!-- This site is optimized with the Yoast SEO plugin v24.9 - https:\/\/yoast.com\/wordpress\/plugins\/seo\/ -->\n<title>K\u00e6mpenatlys kvindehelende ansigtsolie - The Witchery CPH<\/title>\n<meta name=\"description\" content=\"K\u00e6mpenatlysolie er traditionelt forbundet med kvindens helbred, da den blandt andet er hormonregulerende. Det er ogs\u00e5 den perfekte ansigtsolie, der heler og n\u00e6rer huden.\" \/>\n<meta name=\"robots\" content=\"index, follow, max-snippet:-1, max-image-preview:large, max-video-preview:-1\" \/>\n<link rel=\"canonical\" href=\"https:\/\/thewitcherycph.com\/da\/vare\/kaempenatlys-kvindehelende-ansigtsolie\/\" \/>\n<meta property=\"og:locale\" content=\"da_DK\" \/>\n<meta property=\"og:type\" content=\"article\" \/>\n<meta property=\"og:title\" content=\"K\u00e6mpenatlys kvindehelende ansigtsolie - The Witchery CPH\" \/>\n<meta property=\"og:description\" content=\"K\u00e6mpenatlysolie er traditionelt forbundet med kvindens helbred, da den blandt andet er hormonregulerende. Det er ogs\u00e5 den perfekte ansigtsolie, der heler og n\u00e6rer huden.\" \/>\n<meta property=\"og:url\" content=\"https:\/\/thewitcherycph.com\/da\/vare\/kaempenatlys-kvindehelende-ansigtsolie\/\" \/>\n<meta property=\"og:site_name\" content=\"The Witchery CPH\" \/>\n<meta property=\"article:modified_time\" content=\"2026-04-05T22:20:43+00:00\" \/>\n<meta property=\"og:image\" content=\"https:\/\/thewitcherycph.com\/wp-content\/uploads\/2025\/04\/evening-primrose-face-oil-the-witchery-cph.jpg\" \/>\n\t<meta property=\"og:image:width\" content=\"1400\" \/>\n\t<meta property=\"og:image:height\" content=\"1600\" \/>\n\t<meta property=\"og:image:type\" content=\"image\/jpeg\" \/>\n<meta name=\"twitter:card\" content=\"summary_large_image\" \/>\n<meta name=\"twitter:label1\" content=\"Estimeret l\u00e6setid\" \/>\n\t<meta name=\"twitter:data1\" content=\"3 minutter\" \/>\n<script type=\"application\/ld+json\" class=\"yoast-schema-graph\">{\"@context\":\"https:\/\/schema.org\",\"@graph\":[{\"@type\":\"WebPage\",\"@id\":\"https:\/\/thewitcherycph.com\/da\/vare\/kaempenatlys-kvindehelende-ansigtsolie\/\",\"url\":\"https:\/\/thewitcherycph.com\/da\/vare\/kaempenatlys-kvindehelende-ansigtsolie\/\",\"name\":\"K\u00e6mpenatlys kvindehelende ansigtsolie - The Witchery CPH\",\"isPartOf\":{\"@id\":\"https:\/\/thewitcherycph.com\/da\/#website\"},\"primaryImageOfPage\":{\"@id\":\"https:\/\/thewitcherycph.com\/da\/vare\/kaempenatlys-kvindehelende-ansigtsolie\/#primaryimage\"},\"image\":{\"@id\":\"https:\/\/thewitcherycph.com\/da\/vare\/kaempenatlys-kvindehelende-ansigtsolie\/#primaryimage\"},\"thumbnailUrl\":\"https:\/\/thewitcherycph.com\/wp-content\/uploads\/2025\/04\/evening-primrose-face-oil-the-witchery-cph.jpg\",\"datePublished\":\"2026-01-10T13:37:20+00:00\",\"dateModified\":\"2026-04-05T22:20:43+00:00\",\"description\":\"K\u00e6mpenatlysolie er traditionelt forbundet med kvindens helbred, da den blandt andet er hormonregulerende. Det er ogs\u00e5 den perfekte ansigtsolie, der heler og n\u00e6rer huden.\",\"breadcrumb\":{\"@id\":\"https:\/\/thewitcherycph.com\/da\/vare\/kaempenatlys-kvindehelende-ansigtsolie\/#breadcrumb\"},\"inLanguage\":\"da-DK\",\"potentialAction\":[{\"@type\":\"ReadAction\",\"target\":[\"https:\/\/thewitcherycph.com\/da\/vare\/kaempenatlys-kvindehelende-ansigtsolie\/\"]}]},{\"@type\":\"ImageObject\",\"inLanguage\":\"da-DK\",\"@id\":\"https:\/\/thewitcherycph.com\/da\/vare\/kaempenatlys-kvindehelende-ansigtsolie\/#primaryimage\",\"url\":\"https:\/\/thewitcherycph.com\/wp-content\/uploads\/2025\/04\/evening-primrose-face-oil-the-witchery-cph.jpg\",\"contentUrl\":\"https:\/\/thewitcherycph.com\/wp-content\/uploads\/2025\/04\/evening-primrose-face-oil-the-witchery-cph.jpg\",\"width\":1400,\"height\":1600,\"caption\":\"evening primrose healing face oil for hormonal skin\"},{\"@type\":\"BreadcrumbList\",\"@id\":\"https:\/\/thewitcherycph.com\/da\/vare\/kaempenatlys-kvindehelende-ansigtsolie\/#breadcrumb\",\"itemListElement\":[{\"@type\":\"ListItem\",\"position\":1,\"name\":\"Home\",\"item\":\"https:\/\/thewitcherycph.com\/da\/hjemside\/\"},{\"@type\":\"ListItem\",\"position\":2,\"name\":\"Butik\",\"item\":\"https:\/\/thewitcherycph.com\/da\/shop\/\"},{\"@type\":\"ListItem\",\"position\":3,\"name\":\"K\u00e6mpenatlys kvindehelende ansigtsolie\"}]},{\"@type\":\"WebSite\",\"@id\":\"https:\/\/thewitcherycph.com\/da\/#website\",\"url\":\"https:\/\/thewitcherycph.com\/da\/\",\"name\":\"The Witchery CPH\",\"description\":\"Sustainable Natural Skincare from Copenhagen\",\"potentialAction\":[{\"@type\":\"SearchAction\",\"target\":{\"@type\":\"EntryPoint\",\"urlTemplate\":\"https:\/\/thewitcherycph.com\/da\/?s={search_term_string}\"},\"query-input\":{\"@type\":\"PropertyValueSpecification\",\"valueRequired\":true,\"valueName\":\"search_term_string\"}}],\"inLanguage\":\"da-DK\"}]}<\/script>\n<!-- \/ Yoast SEO plugin. -->","yoast_head_json":{"title":"K\u00e6mpenatlys kvindehelende ansigtsolie - The Witchery CPH","description":"K\u00e6mpenatlysolie er traditionelt forbundet med kvindens helbred, da den blandt andet er hormonregulerende. Det er ogs\u00e5 den perfekte ansigtsolie, der heler og n\u00e6rer huden.","robots":{"index":"index","follow":"follow","max-snippet":"max-snippet:-1","max-image-preview":"max-image-preview:large","max-video-preview":"max-video-preview:-1"},"canonical":"https:\/\/thewitcherycph.com\/da\/vare\/kaempenatlys-kvindehelende-ansigtsolie\/","og_locale":"da_DK","og_type":"article","og_title":"K\u00e6mpenatlys kvindehelende ansigtsolie - The Witchery CPH","og_description":"K\u00e6mpenatlysolie er traditionelt forbundet med kvindens helbred, da den blandt andet er hormonregulerende. Det er ogs\u00e5 den perfekte ansigtsolie, der heler og n\u00e6rer huden.","og_url":"https:\/\/thewitcherycph.com\/da\/vare\/kaempenatlys-kvindehelende-ansigtsolie\/","og_site_name":"The Witchery CPH","article_modified_time":"2026-04-05T22:20:43+00:00","og_image":[{"width":1400,"height":1600,"url":"https:\/\/thewitcherycph.com\/wp-content\/uploads\/2025\/04\/evening-primrose-face-oil-the-witchery-cph.jpg","type":"image\/jpeg"}],"twitter_card":"summary_large_image","twitter_misc":{"Estimeret l\u00e6setid":"3 minutter"},"schema":{"@context":"https:\/\/schema.org","@graph":[{"@type":"WebPage","@id":"https:\/\/thewitcherycph.com\/da\/vare\/kaempenatlys-kvindehelende-ansigtsolie\/","url":"https:\/\/thewitcherycph.com\/da\/vare\/kaempenatlys-kvindehelende-ansigtsolie\/","name":"K\u00e6mpenatlys kvindehelende ansigtsolie - The Witchery CPH","isPartOf":{"@id":"https:\/\/thewitcherycph.com\/da\/#website"},"primaryImageOfPage":{"@id":"https:\/\/thewitcherycph.com\/da\/vare\/kaempenatlys-kvindehelende-ansigtsolie\/#primaryimage"},"image":{"@id":"https:\/\/thewitcherycph.com\/da\/vare\/kaempenatlys-kvindehelende-ansigtsolie\/#primaryimage"},"thumbnailUrl":"https:\/\/thewitcherycph.com\/wp-content\/uploads\/2025\/04\/evening-primrose-face-oil-the-witchery-cph.jpg","datePublished":"2026-01-10T13:37:20+00:00","dateModified":"2026-04-05T22:20:43+00:00","description":"K\u00e6mpenatlysolie er traditionelt forbundet med kvindens helbred, da den blandt andet er hormonregulerende. Det er ogs\u00e5 den perfekte ansigtsolie, der heler og n\u00e6rer huden.","breadcrumb":{"@id":"https:\/\/thewitcherycph.com\/da\/vare\/kaempenatlys-kvindehelende-ansigtsolie\/#breadcrumb"},"inLanguage":"da-DK","potentialAction":[{"@type":"ReadAction","target":["https:\/\/thewitcherycph.com\/da\/vare\/kaempenatlys-kvindehelende-ansigtsolie\/"]}]},{"@type":"ImageObject","inLanguage":"da-DK","@id":"https:\/\/thewitcherycph.com\/da\/vare\/kaempenatlys-kvindehelende-ansigtsolie\/#primaryimage","url":"https:\/\/thewitcherycph.com\/wp-content\/uploads\/2025\/04\/evening-primrose-face-oil-the-witchery-cph.jpg","contentUrl":"https:\/\/thewitcherycph.com\/wp-content\/uploads\/2025\/04\/evening-primrose-face-oil-the-witchery-cph.jpg","width":1400,"height":1600,"caption":"evening primrose healing face oil for hormonal skin"},{"@type":"BreadcrumbList","@id":"https:\/\/thewitcherycph.com\/da\/vare\/kaempenatlys-kvindehelende-ansigtsolie\/#breadcrumb","itemListElement":[{"@type":"ListItem","position":1,"name":"Home","item":"https:\/\/thewitcherycph.com\/da\/hjemside\/"},{"@type":"ListItem","position":2,"name":"Butik","item":"https:\/\/thewitcherycph.com\/da\/shop\/"},{"@type":"ListItem","position":3,"name":"K\u00e6mpenatlys kvindehelende ansigtsolie"}]},{"@type":"WebSite","@id":"https:\/\/thewitcherycph.com\/da\/#website","url":"https:\/\/thewitcherycph.com\/da\/","name":"The Witchery CPH","description":"Sustainable Natural Skincare from Copenhagen","potentialAction":[{"@type":"SearchAction","target":{"@type":"EntryPoint","urlTemplate":"https:\/\/thewitcherycph.com\/da\/?s={search_term_string}"},"query-input":{"@type":"PropertyValueSpecification","valueRequired":true,"valueName":"search_term_string"}}],"inLanguage":"da-DK"}]}},"_links":{"self":[{"href":"https:\/\/thewitcherycph.com\/da\/wp-json\/wp\/v2\/product\/7774","targetHints":{"allow":["GET"]}}],"collection":[{"href":"https:\/\/thewitcherycph.com\/da\/wp-json\/wp\/v2\/product"}],"about":[{"href":"https:\/\/thewitcherycph.com\/da\/wp-json\/wp\/v2\/types\/product"}],"replies":[{"embeddable":true,"href":"https:\/\/thewitcherycph.com\/da\/wp-json\/wp\/v2\/comments?post=7774"}],"wp:featuredmedia":[{"embeddable":true,"href":"https:\/\/thewitcherycph.com\/da\/wp-json\/wp\/v2\/media\/7164"}],"wp:attachment":[{"href":"https:\/\/thewitcherycph.com\/da\/wp-json\/wp\/v2\/media?parent=7774"}],"wp:term":[{"taxonomy":"product_brand","embeddable":true,"href":"https:\/\/thewitcherycph.com\/da\/wp-json\/wp\/v2\/product_brand?post=7774"},{"taxonomy":"product_cat","embeddable":true,"href":"https:\/\/thewitcherycph.com\/da\/wp-json\/wp\/v2\/product_cat?post=7774"},{"taxonomy":"product_tag","embeddable":true,"href":"https:\/\/thewitcherycph.com\/da\/wp-json\/wp\/v2\/product_tag?post=7774"}],"curies":[{"name":"wp","href":"https:\/\/api.w.org\/{rel}","templated":true}]}}