{"id":7769,"date":"2025-06-01T20:46:50","date_gmt":"2026-01-06T14:50:01","guid":{"rendered":"https:\/\/thewitcherycph.com\/product\/den-perfekte-heler-hypen-havtorn-ansigtsolie\/"},"modified":"2026-01-06T14:50:04","modified_gmt":"2026-01-06T14:50:04","slug":"den-perfekte-heler-hypen-havtorn-ansigtsolie","status":"publish","type":"product","link":"https:\/\/thewitcherycph.com\/da\/vare\/den-perfekte-heler-hypen-havtorn-ansigtsolie\/","title":{"rendered":"Den perfekte heler hypen + havtorn ansigtsolie"},"content":{"rendered":"<section class=\"wpb-content-wrapper\"><p>[vc_row][vc_column][konte_banner source=&#8221;external_link&#8221; text_position=&#8221;top-left&#8221; font_container=&#8221;font_size:40px&#8221; button_text=&#8221;&#8221; css=&#8221;.vc_custom_1620273975273{margin-bottom: 100px !important;}&#8221; custom_src=&#8221;https:\/\/thewitcherycph.com\/wp-content\/uploads\/2025\/06\/sea-buckthorn-face-oil-benefits.jpg&#8221;]<br \/>\n<span style=\"color: #ffffff;\">HYPEN + HAVTORN<br \/>\n<span style=\"color: #ffffff;\">EN HELER FRA KYSTEN<\/span><\/span> [\/konte_banner][\/vc_column][\/vc_row]<\/p>\n<p>[vc_row][vc_column width=&#8221;5\/6&#8243; offset=&#8221;vc_col-lg-offset-1 vc_col-md-offset-1&#8243;][vc_row_inner][vc_column_inner width=&#8221;1\/2&#8243;][vc_custom_heading text=&#8221;<br \/>\nFORDELENE VED<br \/>HYPEN OG HAVTORN<br \/>\n&#8221; use_theme_fonts=&#8221;yes&#8221; css=&#8221;.vc_custom_1536826700353{margin-top: 45px !important;margin-right: 65px !important;margin-bottom: 40px !important;margin-left: 65px !important;}&#8221;][vc_column_text css=&#8221;.vc_custom_1536826413162{margin-right: 65px !important;margin-bottom: 200px !important;margin-left: 65px !important;}&#8221;] B\u00e5de hypen og havtorn er kystplanter, der gror p\u00e5 den nordlige halvkugle. De danske kyster og strande er fyldt med disse b\u00e6r, og vi elsker dem! <\/p>\n<p>Hypen er en superplante, fyldt med vitamin E, A (tretinoin) og C. Det er p\u00e5vist, at hypenolie hj\u00e6lper med at hele og reducere synligheden af hudtraumer og ar fra eksem, psoriasis, t\u00f8r hud og akne. Den hj\u00e6lper ogs\u00e5 med at \u00f8ge cellefornyelsen hos moden hud.  <\/p>\n<p>Havtorn er ekstremt rig p\u00e5 vitamin C, antioxidanter og omega-7 fedtsyre, der hj\u00e6lper med at beskytte og holde huden fugtig. <\/p>\n<p>Olien f\u00f8les let p\u00e5 huden, og absorberes hurtigt.<\/p>\n<p>[\/vc_column_text][vc_single_image source=&#8221;external_link&#8221; css=&#8221;.vc_custom_1620273997007{margin-right: 55px !important;}&#8221;<br \/>\ncustom_src=&#8221;https:\/\/thewitcherycph.com\/wp-content\/uploads\/2025\/06\/rosehip-havtorn-the-witchery-cph-2.jpg&#8221;][\/vc_column_inner]<\/p>\n<p>[vc_column_inner width=&#8221;1\/2&#8243;][vc_single_image source=&#8221;external_link&#8221; alignment=&#8221;right&#8221; css=&#8221;.vc_custom_1620274010228{margin-bottom: 220px !important;margin-left: 60px !important;}&#8221; custom_src=&#8221;https:\/\/thewitcherycph.com\/wp-content\/uploads\/2021\/08\/sea-buckthorn-oil-skin-benefits.jpg&#8221;]<\/p>\n<p>[vc_custom_heading text=&#8221;ANVENDELSE&#8221; use_theme_fonts=&#8221;yes&#8221; css=&#8221;.vc_custom_1536826773205{margin-right: 90px !important;margin-bottom: 56px !important;margin-left: 60px !important;}&#8221;][vc_column_text css=&#8221;.vc_custom_1536826780690{margin-right: 90px !important;margin-left: 60px !important;}&#8221;]<\/p>\n<p>[vc_custom_heading text=&#8221;&#8221; use_theme_fonts=&#8221;yes&#8221; css=&#8221;.vc_custom_1536826773205{margin-right: 90px !important;margin-bottom: 56px !important;margin-left: 60px !important;}&#8221;][vc_column_text css=&#8221;.vc_custom_1536826780690{margin-right: 90px !important;margin-left: 60px !important;}&#8221;]<\/p>\n<p>P\u00e5f\u00f8r p\u00e5 ren hud. For bedste resultat p\u00e5f\u00f8r efter ansigtstoner.<\/p>\n<p>Du kan springe dagcremen over, og udelukkende bruge olie. Det g\u00f8r vi og st\u00f8rstedelen af vores kunder.<br \/>Hvis du ikke kan undv\u00e6re din dagcreme, s\u00e5 p\u00e5f\u00f8r olien inden cremen. <\/p>\n<p>Vi anbefaler at massere ansigtet blidt under p\u00e5f\u00f8ringen, for lidt ekstra selvfork\u00e6lelse, og for at stimulere lymfesystemet.<\/p>\n<p>Hypen + havtorn ansigtsolien giver din hud en let gl\u00f8d, der f\u00e5r dig til at se solkysset ud. Vi anbefaler at bruge olien som en dagsolie.<\/p>\n<p>Glem ikke solcreme ovenp\u00e5 olien &#8211; eller en stor solhat<\/p>\n<p>Produktet er nypresset, og indeholder udelukkende olie fra havtorn- og hypenfr\u00f8. Uforarbejdet, uraffineret og 100% naturligt. Brug indenfor 12 m\u00e5neder efter \u00e5bning.<\/p>\n<p>[\/vc_column_text][\/vc_column_inner][\/vc_row_inner][\/vc_column][\/vc_row]<\/p>\n<h2><\/h2>\n<h2><\/h2>\n<h2><\/h2>\n<h2><\/h2>\n<p>&nbsp;<\/p>\n<p>&nbsp;<\/p>\n<h4>Alle vores produkter er lavet med europ\u00e6iske, b\u00e6redygtige ingredienser med mindst mulig spild. Vi er dedikerede til at g\u00f8re denne planet til et bedre sted og bruge de naturlige produkter, vi har lige uden foran vores d\u00f8r. Vi er The Witchery CPH, og vi tror p\u00e5 naturens magi.<\/h4>\n<p>&nbsp;<\/p>\n<p>FAQ<\/p>\n<hr>\n<p>Vi er cruelty-free, og vi tester aldrig p\u00e5 dyr. Alle produkter er lokale og b\u00e6redygtige. Alle vores produkter er lokale og b\u00e6redygtige. Vi bruger fr\u00f8, som er biprodukter af europ\u00e6isk f\u00f8devareproduktion, hvilket s\u00e6nker vores klimaaftryk og vandforbrug. Lokale fr\u00f8 betyder, at de ikke skal transporteres langt eller opbevares i lange perioder. De strenge regler for landbrug i EU sikrer ogs\u00e5, at vores fr\u00f8 har markedets h\u00f8jeste kvalitet. Dermed er vores produkter ikke bare b\u00e6redygtige, men ogs\u00e5 af fantastisk kvalitet.<\/p>\n<\/section>","protected":false},"excerpt":{"rendered":"<p>B\u00e5de hypen og havtorn vokser n\u00e6r havet mod nord. De er &#8216;superplanter&#8217;, hvad ang\u00e5r helende, plejende og foryngende egenskaber. Olien giver dig en solkysset gl\u00f8d, neutraliserer r\u00f8dme og for dig til at ligne en undersk\u00f8n havnymfe.   <\/p>\n<ul>\n<li>fyldt med vitamin E, A og C<\/li>\n<li>hypenolie er en naturlig kilde til vitamin C og tretinoin, der er en kraftig form for vitamin A<\/li>\n<li>gendanner, heler og beskytter huden<\/li>\n<li>F\u00e5r huden til at se yngre ud, og fremskynder cellefornyelse<\/li>\n<li>havtorn er rig p\u00e5 vitamin C og omega 7, en fedtsyre der hj\u00e6lper huden med at bevare fugt<\/li>\n<li>en perfekt dagsolie, der tilf\u00f8jer gl\u00f8d, og neutraliserer r\u00f8dme<\/li>\n<li>duft: neutral<\/li>\n<li>Dette produkt er fri for syntetiske ingredienser, konserveringsmidler, giftige kemikalier, parabener, tils\u00e6tningsstoffer og alt andet un\u00f8dvendigt.<\/li>\n<li>anbefalet til tr\u00e6t, t\u00f8r, inflammeret og moden hud<\/li>\n<li>Brug indenfor 12 m\u00e5neder efter \u00e5bning, hold v\u00e6k fra direkte sol og varme.<\/li>\n<li>Europ\u00e6iske fr\u00f8, kerner og planter<\/li>\n<\/ul>\n<p><span style=\"font-weight: 400;\">Vi anbefaler olien til brug om dagen pga. indholdet af vitamin C. Olien tilstopper ikke porer, fungerer perfekt med makeup, og frisker din hud op b\u00e5de p\u00e5 l\u00e6ngere sigt, men ogs\u00e5 direkte ved p\u00e5f\u00f8ring.  <\/span><\/p>\n","protected":false},"featured_media":7329,"comment_status":"open","ping_status":"closed","template":"","meta":[],"product_brand":[],"product_cat":[523,522,518,520,521,471,519,698],"product_tag":[796,799,794,797,793,775,795,798],"class_list":{"0":"post-7769","1":"product","2":"type-product","3":"status-publish","4":"has-post-thumbnail","6":"product_cat-aeldning-og-tor-hud","7":"product_cat-ansigt","8":"product_cat-ansigtsolier","9":"product_cat-moden-hud","10":"product_cat-normal-og-blandet-hud","11":"product_cat-produkter","12":"product_cat-tor-hud","13":"product_cat-vores-nyeste-partier","14":"product_tag-akne-ansigtsolie","15":"product_tag-anti-age-olie","16":"product_tag-anti-inflammation-olie","17":"product_tag-eksem-ansigtsolie","18":"product_tag-koldpresset-havtornolie","19":"product_tag-koldt-presset-hypenolie","20":"product_tag-moden-hud-ansigtsolie","21":"product_tag-olie-til-moden-hud-da","23":"first","24":"instock","25":"taxable","26":"shipping-taxable","27":"purchasable","28":"product-type-simple"},"yoast_head":"<!-- This site is optimized with the Yoast SEO plugin v24.9 - https:\/\/yoast.com\/wordpress\/plugins\/seo\/ -->\n<title>Den perfekte heler hypen + havtorn ansigtsolie - The Witchery CPH<\/title>\n<meta name=\"description\" content=\"Vores hypen + havtorn ansigtsolie indkapsler den magiske kraft i de to nordiske kystb\u00e6r, og skaber en helende olie velegnet til inflammeret og moden hud\" \/>\n<meta name=\"robots\" content=\"index, follow, max-snippet:-1, max-image-preview:large, max-video-preview:-1\" \/>\n<link rel=\"canonical\" href=\"https:\/\/thewitcherycph.com\/da\/vare\/den-perfekte-heler-hypen-havtorn-ansigtsolie\/\" \/>\n<meta property=\"og:locale\" content=\"da_DK\" \/>\n<meta property=\"og:type\" content=\"article\" \/>\n<meta property=\"og:title\" content=\"Den perfekte heler hypen + havtorn ansigtsolie - The Witchery CPH\" \/>\n<meta property=\"og:description\" content=\"Vores hypen + havtorn ansigtsolie indkapsler den magiske kraft i de to nordiske kystb\u00e6r, og skaber en helende olie velegnet til inflammeret og moden hud\" \/>\n<meta property=\"og:url\" content=\"https:\/\/thewitcherycph.com\/da\/vare\/den-perfekte-heler-hypen-havtorn-ansigtsolie\/\" \/>\n<meta property=\"og:site_name\" content=\"The Witchery CPH\" \/>\n<meta property=\"article:modified_time\" content=\"2026-01-06T14:50:04+00:00\" \/>\n<meta property=\"og:image\" content=\"https:\/\/thewitcherycph.com\/wp-content\/uploads\/2025\/06\/rosehip-havtorn-the-witchery-cph-2.jpg\" \/>\n\t<meta property=\"og:image:width\" content=\"1400\" \/>\n\t<meta property=\"og:image:height\" content=\"1600\" \/>\n\t<meta property=\"og:image:type\" content=\"image\/jpeg\" \/>\n<meta name=\"twitter:card\" content=\"summary_large_image\" \/>\n<meta name=\"twitter:label1\" content=\"Estimeret l\u00e6setid\" \/>\n\t<meta name=\"twitter:data1\" content=\"3 minutter\" \/>\n<script type=\"application\/ld+json\" class=\"yoast-schema-graph\">{\"@context\":\"https:\/\/schema.org\",\"@graph\":[{\"@type\":\"WebPage\",\"@id\":\"https:\/\/thewitcherycph.com\/da\/vare\/den-perfekte-heler-hypen-havtorn-ansigtsolie\/\",\"url\":\"https:\/\/thewitcherycph.com\/da\/vare\/den-perfekte-heler-hypen-havtorn-ansigtsolie\/\",\"name\":\"Den perfekte heler hypen + havtorn ansigtsolie - The Witchery CPH\",\"isPartOf\":{\"@id\":\"https:\/\/thewitcherycph.com\/da\/#website\"},\"primaryImageOfPage\":{\"@id\":\"https:\/\/thewitcherycph.com\/da\/vare\/den-perfekte-heler-hypen-havtorn-ansigtsolie\/#primaryimage\"},\"image\":{\"@id\":\"https:\/\/thewitcherycph.com\/da\/vare\/den-perfekte-heler-hypen-havtorn-ansigtsolie\/#primaryimage\"},\"thumbnailUrl\":\"https:\/\/thewitcherycph.com\/wp-content\/uploads\/2025\/06\/rosehip-havtorn-the-witchery-cph-2.jpg\",\"datePublished\":\"2026-01-06T14:50:01+00:00\",\"dateModified\":\"2026-01-06T14:50:04+00:00\",\"description\":\"Vores hypen + havtorn ansigtsolie indkapsler den magiske kraft i de to nordiske kystb\u00e6r, og skaber en helende olie velegnet til inflammeret og moden hud\",\"breadcrumb\":{\"@id\":\"https:\/\/thewitcherycph.com\/da\/vare\/den-perfekte-heler-hypen-havtorn-ansigtsolie\/#breadcrumb\"},\"inLanguage\":\"da-DK\",\"potentialAction\":[{\"@type\":\"ReadAction\",\"target\":[\"https:\/\/thewitcherycph.com\/da\/vare\/den-perfekte-heler-hypen-havtorn-ansigtsolie\/\"]}]},{\"@type\":\"ImageObject\",\"inLanguage\":\"da-DK\",\"@id\":\"https:\/\/thewitcherycph.com\/da\/vare\/den-perfekte-heler-hypen-havtorn-ansigtsolie\/#primaryimage\",\"url\":\"https:\/\/thewitcherycph.com\/wp-content\/uploads\/2025\/06\/rosehip-havtorn-the-witchery-cph-2.jpg\",\"contentUrl\":\"https:\/\/thewitcherycph.com\/wp-content\/uploads\/2025\/06\/rosehip-havtorn-the-witchery-cph-2.jpg\",\"width\":1400,\"height\":1600,\"caption\":\"The Perfect Healer Rosehip + Sea Buckthorn Face Oil\"},{\"@type\":\"BreadcrumbList\",\"@id\":\"https:\/\/thewitcherycph.com\/da\/vare\/den-perfekte-heler-hypen-havtorn-ansigtsolie\/#breadcrumb\",\"itemListElement\":[{\"@type\":\"ListItem\",\"position\":1,\"name\":\"Home\",\"item\":\"https:\/\/thewitcherycph.com\/da\/hjemside\/\"},{\"@type\":\"ListItem\",\"position\":2,\"name\":\"Butik\",\"item\":\"https:\/\/thewitcherycph.com\/da\/shop\/\"},{\"@type\":\"ListItem\",\"position\":3,\"name\":\"Den perfekte heler hypen + havtorn ansigtsolie\"}]},{\"@type\":\"WebSite\",\"@id\":\"https:\/\/thewitcherycph.com\/da\/#website\",\"url\":\"https:\/\/thewitcherycph.com\/da\/\",\"name\":\"The Witchery CPH\",\"description\":\"Sustainable Natural Skincare from Copenhagen\",\"potentialAction\":[{\"@type\":\"SearchAction\",\"target\":{\"@type\":\"EntryPoint\",\"urlTemplate\":\"https:\/\/thewitcherycph.com\/da\/?s={search_term_string}\"},\"query-input\":{\"@type\":\"PropertyValueSpecification\",\"valueRequired\":true,\"valueName\":\"search_term_string\"}}],\"inLanguage\":\"da-DK\"}]}<\/script>\n<!-- \/ Yoast SEO plugin. -->","yoast_head_json":{"title":"Den perfekte heler hypen + havtorn ansigtsolie - The Witchery CPH","description":"Vores hypen + havtorn ansigtsolie indkapsler den magiske kraft i de to nordiske kystb\u00e6r, og skaber en helende olie velegnet til inflammeret og moden hud","robots":{"index":"index","follow":"follow","max-snippet":"max-snippet:-1","max-image-preview":"max-image-preview:large","max-video-preview":"max-video-preview:-1"},"canonical":"https:\/\/thewitcherycph.com\/da\/vare\/den-perfekte-heler-hypen-havtorn-ansigtsolie\/","og_locale":"da_DK","og_type":"article","og_title":"Den perfekte heler hypen + havtorn ansigtsolie - The Witchery CPH","og_description":"Vores hypen + havtorn ansigtsolie indkapsler den magiske kraft i de to nordiske kystb\u00e6r, og skaber en helende olie velegnet til inflammeret og moden hud","og_url":"https:\/\/thewitcherycph.com\/da\/vare\/den-perfekte-heler-hypen-havtorn-ansigtsolie\/","og_site_name":"The Witchery CPH","article_modified_time":"2026-01-06T14:50:04+00:00","og_image":[{"width":1400,"height":1600,"url":"https:\/\/thewitcherycph.com\/wp-content\/uploads\/2025\/06\/rosehip-havtorn-the-witchery-cph-2.jpg","type":"image\/jpeg"}],"twitter_card":"summary_large_image","twitter_misc":{"Estimeret l\u00e6setid":"3 minutter"},"schema":{"@context":"https:\/\/schema.org","@graph":[{"@type":"WebPage","@id":"https:\/\/thewitcherycph.com\/da\/vare\/den-perfekte-heler-hypen-havtorn-ansigtsolie\/","url":"https:\/\/thewitcherycph.com\/da\/vare\/den-perfekte-heler-hypen-havtorn-ansigtsolie\/","name":"Den perfekte heler hypen + havtorn ansigtsolie - The Witchery CPH","isPartOf":{"@id":"https:\/\/thewitcherycph.com\/da\/#website"},"primaryImageOfPage":{"@id":"https:\/\/thewitcherycph.com\/da\/vare\/den-perfekte-heler-hypen-havtorn-ansigtsolie\/#primaryimage"},"image":{"@id":"https:\/\/thewitcherycph.com\/da\/vare\/den-perfekte-heler-hypen-havtorn-ansigtsolie\/#primaryimage"},"thumbnailUrl":"https:\/\/thewitcherycph.com\/wp-content\/uploads\/2025\/06\/rosehip-havtorn-the-witchery-cph-2.jpg","datePublished":"2026-01-06T14:50:01+00:00","dateModified":"2026-01-06T14:50:04+00:00","description":"Vores hypen + havtorn ansigtsolie indkapsler den magiske kraft i de to nordiske kystb\u00e6r, og skaber en helende olie velegnet til inflammeret og moden hud","breadcrumb":{"@id":"https:\/\/thewitcherycph.com\/da\/vare\/den-perfekte-heler-hypen-havtorn-ansigtsolie\/#breadcrumb"},"inLanguage":"da-DK","potentialAction":[{"@type":"ReadAction","target":["https:\/\/thewitcherycph.com\/da\/vare\/den-perfekte-heler-hypen-havtorn-ansigtsolie\/"]}]},{"@type":"ImageObject","inLanguage":"da-DK","@id":"https:\/\/thewitcherycph.com\/da\/vare\/den-perfekte-heler-hypen-havtorn-ansigtsolie\/#primaryimage","url":"https:\/\/thewitcherycph.com\/wp-content\/uploads\/2025\/06\/rosehip-havtorn-the-witchery-cph-2.jpg","contentUrl":"https:\/\/thewitcherycph.com\/wp-content\/uploads\/2025\/06\/rosehip-havtorn-the-witchery-cph-2.jpg","width":1400,"height":1600,"caption":"The Perfect Healer Rosehip + Sea Buckthorn Face Oil"},{"@type":"BreadcrumbList","@id":"https:\/\/thewitcherycph.com\/da\/vare\/den-perfekte-heler-hypen-havtorn-ansigtsolie\/#breadcrumb","itemListElement":[{"@type":"ListItem","position":1,"name":"Home","item":"https:\/\/thewitcherycph.com\/da\/hjemside\/"},{"@type":"ListItem","position":2,"name":"Butik","item":"https:\/\/thewitcherycph.com\/da\/shop\/"},{"@type":"ListItem","position":3,"name":"Den perfekte heler hypen + havtorn ansigtsolie"}]},{"@type":"WebSite","@id":"https:\/\/thewitcherycph.com\/da\/#website","url":"https:\/\/thewitcherycph.com\/da\/","name":"The Witchery CPH","description":"Sustainable Natural Skincare from Copenhagen","potentialAction":[{"@type":"SearchAction","target":{"@type":"EntryPoint","urlTemplate":"https:\/\/thewitcherycph.com\/da\/?s={search_term_string}"},"query-input":{"@type":"PropertyValueSpecification","valueRequired":true,"valueName":"search_term_string"}}],"inLanguage":"da-DK"}]}},"_links":{"self":[{"href":"https:\/\/thewitcherycph.com\/da\/wp-json\/wp\/v2\/product\/7769","targetHints":{"allow":["GET"]}}],"collection":[{"href":"https:\/\/thewitcherycph.com\/da\/wp-json\/wp\/v2\/product"}],"about":[{"href":"https:\/\/thewitcherycph.com\/da\/wp-json\/wp\/v2\/types\/product"}],"replies":[{"embeddable":true,"href":"https:\/\/thewitcherycph.com\/da\/wp-json\/wp\/v2\/comments?post=7769"}],"wp:featuredmedia":[{"embeddable":true,"href":"https:\/\/thewitcherycph.com\/da\/wp-json\/wp\/v2\/media\/7329"}],"wp:attachment":[{"href":"https:\/\/thewitcherycph.com\/da\/wp-json\/wp\/v2\/media?parent=7769"}],"wp:term":[{"taxonomy":"product_brand","embeddable":true,"href":"https:\/\/thewitcherycph.com\/da\/wp-json\/wp\/v2\/product_brand?post=7769"},{"taxonomy":"product_cat","embeddable":true,"href":"https:\/\/thewitcherycph.com\/da\/wp-json\/wp\/v2\/product_cat?post=7769"},{"taxonomy":"product_tag","embeddable":true,"href":"https:\/\/thewitcherycph.com\/da\/wp-json\/wp\/v2\/product_tag?post=7769"}],"curies":[{"name":"wp","href":"https:\/\/api.w.org\/{rel}","templated":true}]}}