{"id":7768,"date":"2026-01-06T14:00:27","date_gmt":"2026-01-06T14:00:27","guid":{"rendered":"https:\/\/thewitcherycph.com\/product\/talgregulerende-hasselnoed-ansigtsolie\/"},"modified":"2026-01-06T14:07:14","modified_gmt":"2026-01-06T14:07:14","slug":"talgregulerende-hasselnoed-ansigtsolie","status":"publish","type":"product","link":"https:\/\/thewitcherycph.com\/da\/vare\/talgregulerende-hasselnoed-ansigtsolie\/","title":{"rendered":"Talgregulerende hasseln\u00f8d ansigtsolie"},"content":{"rendered":"<section class=\"wpb-content-wrapper\"><p>[vc_row][vc_column][konte_banner source=&#8221;external_link&#8221; text_position=&#8221;top-left&#8221; font_container=&#8221;font_size:40px&#8221; button_text=&#8221;&#8221; css=&#8221;.vc_custom_1620273975273{margin-bottom: 100px !important;}&#8221; custom_src=&#8221;https:\/\/thewitcherycph.com\/wp-content\/uploads\/2025\/04\/Evening-Primrose-Face-Oil-cover-the-witchery-cph.jpg&#8221;]<br \/>\nTALGREGULERENDE<br \/>HASSELN\u00d8D ANSIGTSOLIE [\/konte_banner][\/vc_column][\/vc_row]<\/p>\n<p>[vc_row][vc_column width=&#8221;5\/6&#8243; offset=&#8221;vc_col-lg-offset-1 vc_col-md-offset-1&#8243;][vc_row_inner][vc_column_inner width=&#8221;1\/2&#8243;][vc_custom_heading text=&#8221;<br \/>\nFORDELE VED<br \/>HASSELN\u00d8DDEOLIE<br \/>\n&#8221; use_theme_fonts=&#8221;yes&#8221; css=&#8221;.vc_custom_1536826700353{margin-top: 45px !important;margin-right: 65px !important;margin-bottom: 40px !important;margin-left: 65px !important;}&#8221;][vc_column_text css=&#8221;.vc_custom_1536826413162{margin-right: 65px !important;margin-bottom: 200px !important;margin-left: 65px !important;}&#8221;] Hasseln\u00f8d ansigtsolien er lavet p\u00e5 koldpressede hasseln\u00f8dder. Olien f\u00f8les let p\u00e5 huden, den absorberes hurtigt, og dufter vidunderligt af hasseln\u00f8d. <\/p>\n<p>Olien benyttes til at regulere produktionen af talg, og s\u00e5 plejer og fugter den ogs\u00e5 huden.<\/p>\n<p>Hasseln\u00f8ddeolien absorberes let af huden, og giver huden en naturlig gl\u00f8d og et dewy look. Olien virker godt med makeup. Vi anbefaler olien til yngre hud.<\/p>\n<p>[\/vc_column_text][vc_single_image source=&#8221;external_link&#8221; css=&#8221;.vc_custom_1620273997007{margin-right: 55px !important;}&#8221;<br \/>\ncustom_src=&#8221;https:\/\/thewitcherycph.com\/wp-content\/uploads\/2025\/04\/evening-primrose-face-oil-the-witchery-cph.jpg&#8221;][\/vc_column_inner]<\/p>\n<p>[vc_column_inner width=&#8221;1\/2&#8243;][vc_single_image source=&#8221;external_link&#8221; alignment=&#8221;right&#8221; css=&#8221;.vc_custom_1620274010228{margin-bottom: 220px !important;margin-left: 60px !important;}&#8221; custom_src=&#8221;https:\/\/thewitcherycph.com\/wp-content\/uploads\/2025\/04\/evening-primrose-face-oil-the-witchery-cph-3.jpg&#8221;][vc_custom_heading text=&#8221;ANVENDELSE&#8221; use_theme_fonts=&#8221;yes&#8221; css=&#8221;.vc_custom_1536826773205{margin-right: 90px !important;margin-bottom: 56px !important;margin-left: 60px !important;}&#8221;][vc_column_text css=&#8221;.vc_custom_1536826780690{margin-right: 90px !important;margin-left: 60px !important;}&#8221;]<\/p>\n<p>[vc_custom_heading text=&#8221;&#8221; use_theme_fonts=&#8221;yes&#8221; css=&#8221;.vc_custom_1536826773205{margin-right: 90px !important;margin-bottom: 56px !important;margin-left: 60px !important;}&#8221;][vc_column_text css=&#8221;.vc_custom_1536826780690{margin-right: 90px !important;margin-left: 60px !important;}&#8221;]<\/p>\n<p>P\u00e5f\u00f8r p\u00e5 ren hud. For bedste resultat p\u00e5f\u00f8r efter ansigtstoner.<\/p>\n<p>Du kan springe dagcremen over, og udelukkende bruge olie. Det g\u00f8r vi og st\u00f8rstedelen af vores kunder.<br \/>Hvis du ikke kan undv\u00e6re din dagcreme, s\u00e5 p\u00e5f\u00f8r olien inden cremen. <\/p>\n<p>Vi anbefaler at massere ansigtet blidt under p\u00e5f\u00f8ringen, for lidt ekstra selvfork\u00e6lelse, og for at stimulere lymfesystemet.<\/p>\n<p>The product is freshly cold-pressed from Evening Primrose seeds, unprocessed, and unrefined. 100% natural. Use within 12 months from opening.<\/p>\n<p>[\/vc_column_text][\/vc_column_inner][\/vc_row_inner][\/vc_column][\/vc_row]<\/p>\n<h2><\/h2>\n<h2><\/h2>\n<h2><\/h2>\n<h2><\/h2>\n<p>&nbsp;<\/p>\n<p>&nbsp;<\/p>\n<h4>Alle vores produkter er lavet med europ\u00e6iske, b\u00e6redygtige ingredienser med mindst mulig spild. Vi er dedikerede til at g\u00f8re denne planet til et bedre sted og bruge de naturlige produkter, vi har lige uden foran vores d\u00f8r. Vi er The Witchery CPH, og vi tror p\u00e5 naturens magi.<\/h4>\n<p>&nbsp;<\/p>\n<p>FAQ<\/p>\n<hr>\n<p>Vi er cruelty-free, og vi tester aldrig p\u00e5 dyr. Alle produkter er lokale og b\u00e6redygtige. Alle vores produkter er lokale og b\u00e6redygtige. Vi bruger fr\u00f8, som er biprodukter af europ\u00e6isk f\u00f8devareproduktion, hvilket s\u00e6nker vores klimaaftryk og vandforbrug. Lokale fr\u00f8 betyder, at de ikke skal transporteres langt eller opbevares i lange perioder. De strenge regler for landbrug i EU sikrer ogs\u00e5, at vores fr\u00f8 har markedets h\u00f8jeste kvalitet. Dermed er vores produkter ikke bare b\u00e6redygtige, men ogs\u00e5 af fantastisk kvalitet.<\/p>\n<\/section>","protected":false},"excerpt":{"rendered":"<p>Vores hasseln\u00f8d ansigtsolie er lavet udelukkende p\u00e5 koldpressede hasseln\u00f8dder. Den dufter sk\u00f8nt af hasseln\u00f8dder, og er en virkelig l\u00e6kker tilf\u00f8jelse til en naturlig hudplejerutine. <\/p>\n<ul>\n<li>Fyldt med E-vitamin<\/li>\n<li>regulerer og balancerer produktionen af talg<\/li>\n<li>absorberes let af huden<\/li>\n<li>en sk\u00f8n fugtgivende dagsolie til yngre hud<\/li>\n<li>fungerer godt med makeup <\/li>\n<li>til yngre hudtyper<\/li>\n<li>til for olieret, mixed og normal hud <\/li>\n<li>duft: n\u00f8dder<\/li>\n<li>Dette produkt er fri for syntetiske ingredienser, konserveringsmidler, giftige kemikalier, parabener, tils\u00e6tningsstoffer og alt andet un\u00f8dvendigt.<\/li>\n<li>Brug indenfor 12 m\u00e5neder efter \u00e5bning, hold v\u00e6k fra direkte sol og varme.<\/li>\n<\/ul>\n<p><span style=\"font-weight: 400;\">Vi benytter ikke baseolier, vores olier indeholder blot, hvad der st\u00e5r p\u00e5 etiketten. I dette tilf\u00e6lde koldpresset hasseln\u00f8ddeolie. <\/span><\/p>\n","protected":false},"featured_media":7184,"comment_status":"open","ping_status":"closed","template":"","meta":[],"product_brand":[],"product_cat":[523,522,518,520,521,519,698,471],"product_tag":[791,788,789,787,792,776,790],"class_list":{"0":"post-7768","1":"product","2":"type-product","3":"status-publish","4":"has-post-thumbnail","6":"product_cat-aeldning-og-tor-hud","7":"product_cat-ansigt","8":"product_cat-ansigtsolier","9":"product_cat-moden-hud","10":"product_cat-normal-og-blandet-hud","11":"product_cat-tor-hud","12":"product_cat-vores-nyeste-partier","13":"product_cat-produkter","14":"product_tag-ansigtsolie-til-ung-hud","15":"product_tag-fordele-ved-hasselnoddeolie-for-huden","16":"product_tag-hasselnod","17":"product_tag-hasselnoddeolie","18":"product_tag-koldpresset-hasselnoddeolie","19":"product_tag-olie-til-tor-hud","20":"product_tag-talgregulerende-olie","22":"first","23":"instock","24":"taxable","25":"shipping-taxable","26":"purchasable","27":"product-type-simple"},"yoast_head":"<!-- This site is optimized with the Yoast SEO plugin v24.9 - https:\/\/yoast.com\/wordpress\/plugins\/seo\/ -->\n<title>Talgregulerende hasseln\u00f8d ansigtsolie - The Witchery CPH<\/title>\n<meta name=\"description\" content=\"Vores koldpressede hasseln\u00f8ddeolie hj\u00e6lper med at regulere kroppens talgproduktion, og beskytter og plejer huden. Det er en fantastisk olie til yngre hud.\" \/>\n<meta name=\"robots\" content=\"index, follow, max-snippet:-1, max-image-preview:large, max-video-preview:-1\" \/>\n<link rel=\"canonical\" href=\"https:\/\/thewitcherycph.com\/da\/vare\/talgregulerende-hasselnoed-ansigtsolie\/\" \/>\n<meta property=\"og:locale\" content=\"da_DK\" \/>\n<meta property=\"og:type\" content=\"article\" \/>\n<meta property=\"og:title\" content=\"Talgregulerende hasseln\u00f8d ansigtsolie - The Witchery CPH\" \/>\n<meta property=\"og:description\" content=\"Vores koldpressede hasseln\u00f8ddeolie hj\u00e6lper med at regulere kroppens talgproduktion, og beskytter og plejer huden. Det er en fantastisk olie til yngre hud.\" \/>\n<meta property=\"og:url\" content=\"https:\/\/thewitcherycph.com\/da\/vare\/talgregulerende-hasselnoed-ansigtsolie\/\" \/>\n<meta property=\"og:site_name\" content=\"The Witchery CPH\" \/>\n<meta property=\"article:modified_time\" content=\"2026-01-06T14:07:14+00:00\" \/>\n<meta property=\"og:image\" content=\"https:\/\/thewitcherycph.com\/wp-content\/uploads\/2025\/04\/hazelnut-skin-balancing-face-oil-the-witchery-cph-2.jpg\" \/>\n\t<meta property=\"og:image:width\" content=\"1400\" \/>\n\t<meta property=\"og:image:height\" content=\"1600\" \/>\n\t<meta property=\"og:image:type\" content=\"image\/jpeg\" \/>\n<meta name=\"twitter:card\" content=\"summary_large_image\" \/>\n<meta name=\"twitter:label1\" content=\"Estimeret l\u00e6setid\" \/>\n\t<meta name=\"twitter:data1\" content=\"3 minutter\" \/>\n<script type=\"application\/ld+json\" class=\"yoast-schema-graph\">{\"@context\":\"https:\/\/schema.org\",\"@graph\":[{\"@type\":\"WebPage\",\"@id\":\"https:\/\/thewitcherycph.com\/da\/vare\/talgregulerende-hasselnoed-ansigtsolie\/\",\"url\":\"https:\/\/thewitcherycph.com\/da\/vare\/talgregulerende-hasselnoed-ansigtsolie\/\",\"name\":\"Talgregulerende hasseln\u00f8d ansigtsolie - The Witchery CPH\",\"isPartOf\":{\"@id\":\"https:\/\/thewitcherycph.com\/da\/#website\"},\"primaryImageOfPage\":{\"@id\":\"https:\/\/thewitcherycph.com\/da\/vare\/talgregulerende-hasselnoed-ansigtsolie\/#primaryimage\"},\"image\":{\"@id\":\"https:\/\/thewitcherycph.com\/da\/vare\/talgregulerende-hasselnoed-ansigtsolie\/#primaryimage\"},\"thumbnailUrl\":\"https:\/\/thewitcherycph.com\/wp-content\/uploads\/2025\/04\/hazelnut-skin-balancing-face-oil-the-witchery-cph-2.jpg\",\"datePublished\":\"2026-01-06T14:00:27+00:00\",\"dateModified\":\"2026-01-06T14:07:14+00:00\",\"description\":\"Vores koldpressede hasseln\u00f8ddeolie hj\u00e6lper med at regulere kroppens talgproduktion, og beskytter og plejer huden. Det er en fantastisk olie til yngre hud.\",\"breadcrumb\":{\"@id\":\"https:\/\/thewitcherycph.com\/da\/vare\/talgregulerende-hasselnoed-ansigtsolie\/#breadcrumb\"},\"inLanguage\":\"da-DK\",\"potentialAction\":[{\"@type\":\"ReadAction\",\"target\":[\"https:\/\/thewitcherycph.com\/da\/vare\/talgregulerende-hasselnoed-ansigtsolie\/\"]}]},{\"@type\":\"ImageObject\",\"inLanguage\":\"da-DK\",\"@id\":\"https:\/\/thewitcherycph.com\/da\/vare\/talgregulerende-hasselnoed-ansigtsolie\/#primaryimage\",\"url\":\"https:\/\/thewitcherycph.com\/wp-content\/uploads\/2025\/04\/hazelnut-skin-balancing-face-oil-the-witchery-cph-2.jpg\",\"contentUrl\":\"https:\/\/thewitcherycph.com\/wp-content\/uploads\/2025\/04\/hazelnut-skin-balancing-face-oil-the-witchery-cph-2.jpg\",\"width\":1400,\"height\":1600,\"caption\":\"Cold Pressed Hazelnut Face Oil to balance sebum and nourish the skin\"},{\"@type\":\"BreadcrumbList\",\"@id\":\"https:\/\/thewitcherycph.com\/da\/vare\/talgregulerende-hasselnoed-ansigtsolie\/#breadcrumb\",\"itemListElement\":[{\"@type\":\"ListItem\",\"position\":1,\"name\":\"Home\",\"item\":\"https:\/\/thewitcherycph.com\/da\/hjemside\/\"},{\"@type\":\"ListItem\",\"position\":2,\"name\":\"Butik\",\"item\":\"https:\/\/thewitcherycph.com\/da\/shop\/\"},{\"@type\":\"ListItem\",\"position\":3,\"name\":\"Talgregulerende hasseln\u00f8d ansigtsolie\"}]},{\"@type\":\"WebSite\",\"@id\":\"https:\/\/thewitcherycph.com\/da\/#website\",\"url\":\"https:\/\/thewitcherycph.com\/da\/\",\"name\":\"The Witchery CPH\",\"description\":\"Sustainable Natural Skincare from Copenhagen\",\"potentialAction\":[{\"@type\":\"SearchAction\",\"target\":{\"@type\":\"EntryPoint\",\"urlTemplate\":\"https:\/\/thewitcherycph.com\/da\/?s={search_term_string}\"},\"query-input\":{\"@type\":\"PropertyValueSpecification\",\"valueRequired\":true,\"valueName\":\"search_term_string\"}}],\"inLanguage\":\"da-DK\"}]}<\/script>\n<!-- \/ Yoast SEO plugin. -->","yoast_head_json":{"title":"Talgregulerende hasseln\u00f8d ansigtsolie - The Witchery CPH","description":"Vores koldpressede hasseln\u00f8ddeolie hj\u00e6lper med at regulere kroppens talgproduktion, og beskytter og plejer huden. Det er en fantastisk olie til yngre hud.","robots":{"index":"index","follow":"follow","max-snippet":"max-snippet:-1","max-image-preview":"max-image-preview:large","max-video-preview":"max-video-preview:-1"},"canonical":"https:\/\/thewitcherycph.com\/da\/vare\/talgregulerende-hasselnoed-ansigtsolie\/","og_locale":"da_DK","og_type":"article","og_title":"Talgregulerende hasseln\u00f8d ansigtsolie - The Witchery CPH","og_description":"Vores koldpressede hasseln\u00f8ddeolie hj\u00e6lper med at regulere kroppens talgproduktion, og beskytter og plejer huden. Det er en fantastisk olie til yngre hud.","og_url":"https:\/\/thewitcherycph.com\/da\/vare\/talgregulerende-hasselnoed-ansigtsolie\/","og_site_name":"The Witchery CPH","article_modified_time":"2026-01-06T14:07:14+00:00","og_image":[{"width":1400,"height":1600,"url":"https:\/\/thewitcherycph.com\/wp-content\/uploads\/2025\/04\/hazelnut-skin-balancing-face-oil-the-witchery-cph-2.jpg","type":"image\/jpeg"}],"twitter_card":"summary_large_image","twitter_misc":{"Estimeret l\u00e6setid":"3 minutter"},"schema":{"@context":"https:\/\/schema.org","@graph":[{"@type":"WebPage","@id":"https:\/\/thewitcherycph.com\/da\/vare\/talgregulerende-hasselnoed-ansigtsolie\/","url":"https:\/\/thewitcherycph.com\/da\/vare\/talgregulerende-hasselnoed-ansigtsolie\/","name":"Talgregulerende hasseln\u00f8d ansigtsolie - The Witchery CPH","isPartOf":{"@id":"https:\/\/thewitcherycph.com\/da\/#website"},"primaryImageOfPage":{"@id":"https:\/\/thewitcherycph.com\/da\/vare\/talgregulerende-hasselnoed-ansigtsolie\/#primaryimage"},"image":{"@id":"https:\/\/thewitcherycph.com\/da\/vare\/talgregulerende-hasselnoed-ansigtsolie\/#primaryimage"},"thumbnailUrl":"https:\/\/thewitcherycph.com\/wp-content\/uploads\/2025\/04\/hazelnut-skin-balancing-face-oil-the-witchery-cph-2.jpg","datePublished":"2026-01-06T14:00:27+00:00","dateModified":"2026-01-06T14:07:14+00:00","description":"Vores koldpressede hasseln\u00f8ddeolie hj\u00e6lper med at regulere kroppens talgproduktion, og beskytter og plejer huden. Det er en fantastisk olie til yngre hud.","breadcrumb":{"@id":"https:\/\/thewitcherycph.com\/da\/vare\/talgregulerende-hasselnoed-ansigtsolie\/#breadcrumb"},"inLanguage":"da-DK","potentialAction":[{"@type":"ReadAction","target":["https:\/\/thewitcherycph.com\/da\/vare\/talgregulerende-hasselnoed-ansigtsolie\/"]}]},{"@type":"ImageObject","inLanguage":"da-DK","@id":"https:\/\/thewitcherycph.com\/da\/vare\/talgregulerende-hasselnoed-ansigtsolie\/#primaryimage","url":"https:\/\/thewitcherycph.com\/wp-content\/uploads\/2025\/04\/hazelnut-skin-balancing-face-oil-the-witchery-cph-2.jpg","contentUrl":"https:\/\/thewitcherycph.com\/wp-content\/uploads\/2025\/04\/hazelnut-skin-balancing-face-oil-the-witchery-cph-2.jpg","width":1400,"height":1600,"caption":"Cold Pressed Hazelnut Face Oil to balance sebum and nourish the skin"},{"@type":"BreadcrumbList","@id":"https:\/\/thewitcherycph.com\/da\/vare\/talgregulerende-hasselnoed-ansigtsolie\/#breadcrumb","itemListElement":[{"@type":"ListItem","position":1,"name":"Home","item":"https:\/\/thewitcherycph.com\/da\/hjemside\/"},{"@type":"ListItem","position":2,"name":"Butik","item":"https:\/\/thewitcherycph.com\/da\/shop\/"},{"@type":"ListItem","position":3,"name":"Talgregulerende hasseln\u00f8d ansigtsolie"}]},{"@type":"WebSite","@id":"https:\/\/thewitcherycph.com\/da\/#website","url":"https:\/\/thewitcherycph.com\/da\/","name":"The Witchery CPH","description":"Sustainable Natural Skincare from Copenhagen","potentialAction":[{"@type":"SearchAction","target":{"@type":"EntryPoint","urlTemplate":"https:\/\/thewitcherycph.com\/da\/?s={search_term_string}"},"query-input":{"@type":"PropertyValueSpecification","valueRequired":true,"valueName":"search_term_string"}}],"inLanguage":"da-DK"}]}},"_links":{"self":[{"href":"https:\/\/thewitcherycph.com\/da\/wp-json\/wp\/v2\/product\/7768","targetHints":{"allow":["GET"]}}],"collection":[{"href":"https:\/\/thewitcherycph.com\/da\/wp-json\/wp\/v2\/product"}],"about":[{"href":"https:\/\/thewitcherycph.com\/da\/wp-json\/wp\/v2\/types\/product"}],"replies":[{"embeddable":true,"href":"https:\/\/thewitcherycph.com\/da\/wp-json\/wp\/v2\/comments?post=7768"}],"wp:featuredmedia":[{"embeddable":true,"href":"https:\/\/thewitcherycph.com\/da\/wp-json\/wp\/v2\/media\/7184"}],"wp:attachment":[{"href":"https:\/\/thewitcherycph.com\/da\/wp-json\/wp\/v2\/media?parent=7768"}],"wp:term":[{"taxonomy":"product_brand","embeddable":true,"href":"https:\/\/thewitcherycph.com\/da\/wp-json\/wp\/v2\/product_brand?post=7768"},{"taxonomy":"product_cat","embeddable":true,"href":"https:\/\/thewitcherycph.com\/da\/wp-json\/wp\/v2\/product_cat?post=7768"},{"taxonomy":"product_tag","embeddable":true,"href":"https:\/\/thewitcherycph.com\/da\/wp-json\/wp\/v2\/product_tag?post=7768"}],"curies":[{"name":"wp","href":"https:\/\/api.w.org\/{rel}","templated":true}]}}