{"id":7766,"date":"2025-09-03T14:49:05","date_gmt":"2026-01-05T15:56:36","guid":{"rendered":"https:\/\/thewitcherycph.com\/product\/antioxidant-havebaer-ansigtsolie\/"},"modified":"2026-01-05T15:56:58","modified_gmt":"2026-01-05T15:56:58","slug":"antioxidant-havebaer-ansigtsolie","status":"publish","type":"product","link":"https:\/\/thewitcherycph.com\/da\/vare\/antioxidant-havebaer-ansigtsolie\/","title":{"rendered":"Antioxidant haveb\u00e6r ansigtsolie"},"content":{"rendered":"<section class=\"wpb-content-wrapper\"><p>[vc_row][vc_column][konte_banner source=&#8221;external_link&#8221; text_position=&#8221;top-left&#8221; font_container=&#8221;font_size:40px&#8221; button_text=&#8221;&#8221; css=&#8221;.vc_custom_1620273975273{margin-bottom: 100px !important;}&#8221; custom_src=&#8221;https:\/\/thewitcherycph.com\/wp-content\/uploads\/2025\/09\/antioxidant-cold-pressed-blueberry-strawberry-raspberry-face-oil-the-witchery-cph-cover.jpg&#8221;]<br \/>\nHAVEB\u00c6R<br \/>ANSIGTSOLIE [\/konte_banner][\/vc_column][\/vc_row]<\/p>\n<p>[vc_row][vc_column width=&#8221;5\/6&#8243; offset=&#8221;vc_col-lg-offset-1 vc_col-md-offset-1&#8243;][vc_row_inner][vc_column_inner width=&#8221;1\/2&#8243;][vc_custom_heading text=&#8221;<br \/>\nB\u00c6RENES FORDELE<br \/>FOR HUDEN<br \/>\n&#8221; use_theme_fonts=&#8221;yes&#8221; css=&#8221;.vc_custom_1536826700353{margin-top: 45px !important;margin-right: 65px !important;margin-bottom: 40px !important;margin-left: 65px !important;}&#8221;][vc_column_text css=&#8221;.vc_custom_1536826413162{margin-right: 65px !important;margin-bottom: 200px !important;margin-left: 65px !important;}&#8221;] <\/p>\n<p>Vores haveb\u00e6r ansigtsolie er lavet ved at koldpresse fr\u00f8ene fra bl\u00e5b\u00e6r, jordb\u00e6r og hindb\u00e6r.<\/p>\n<p>Olien er proppet med antioxidanter og E-vitamin, stoffer der holder huden bl\u00f8d, hydreret og sund.<\/p>\n<p>Antioxidanterne i b\u00e6rene fremmer cellefornyelsen i huden, og afhj\u00e6lper pigmentering, solskader og tr\u00e6t og mat hud.<\/p>\n<p>Vi anbefaler olien til alle tider p\u00e5 d\u00f8gnet, men specielt i l\u00f8bet af dagen, n\u00e5r huden f\u00f8les t\u00f8r, f.eks. efter tr\u00e6ning, arbejde, bad, osv.<\/p>\n<p>Olien f\u00f8les let, og tilstopper ikke porerne.<\/p>\n<p>[\/vc_column_text][vc_single_image source=&#8221;external_link&#8221; css=&#8221;.vc_custom_1620273997007{margin-right: 55px !important;}&#8221;<br \/>\ncustom_src=&#8221;https:\/\/thewitcherycph.com\/wp-content\/uploads\/2025\/09\/antioxidant-cold-pressed-blueberry-strawberry-raspberry-face-oil-the-witchery-cph-4.jpg&#8221;][\/vc_column_inner]<\/p>\n<p>[vc_column_inner width=&#8221;1\/2&#8243;][vc_single_image source=&#8221;external_link&#8221; alignment=&#8221;right&#8221; css=&#8221;.vc_custom_1620274010228{margin-bottom: 220px !important;margin-left: 60px !important;}&#8221; custom_src=&#8221;https:\/\/thewitcherycph.com\/wp-content\/uploads\/2025\/09\/antioxidant-cold-pressed-blueberry-strawberry-raspberry-face-oil-the-witchery-cph-3.jpg&#8221;]<\/p>\n<p>[vc_custom_heading text=&#8221;ANVENDELSE&#8221; use_theme_fonts=&#8221;yes&#8221; css=&#8221;.vc_custom_1536826773205{margin-right: 90px !important;margin-bottom: 56px !important;margin-left: 60px !important;}&#8221;][vc_column_text css=&#8221;.vc_custom_1536826780690{margin-right: 90px !important;margin-left: 60px !important;}&#8221;]<\/p>\n<p>[vc_custom_heading text=&#8221;&#8221; use_theme_fonts=&#8221;yes&#8221; css=&#8221;.vc_custom_1536826773205{margin-right: 90px !important;margin-bottom: 56px !important;margin-left: 60px !important;}&#8221;][vc_column_text css=&#8221;.vc_custom_1536826780690{margin-right: 90px !important;margin-left: 60px !important;}&#8221;]<\/p>\n<p>P\u00e5f\u00f8r p\u00e5 ren hud, ideelt som f\u00f8lge til en anigtstoner.<\/p>\n<p>Vi anbefaler at bruge olien n\u00e5r end din hud f\u00f8les t\u00f8r, f.eks. p\u00e5 arbejdet, efter at have tr\u00e6net eller p\u00e5 flyrejser.<\/p>\n<p>Haveb\u00e6r ansigtsolie anbefales til alle hudtyper.<\/p>\n<p>Pr\u00f8v dig frem med at bruge olie i stedet for din dagcreme.<\/p>\n<p>[\/vc_column_text][\/vc_column_inner][\/vc_row_inner][\/vc_column][\/vc_row]<\/p>\n<h2><\/h2>\n<h2><\/h2>\n<h2><\/h2>\n<h2><\/h2>\n<p>&nbsp;<\/p>\n<p>&nbsp;<\/p>\n<h4>Alle vores produkter er lavet med europ\u00e6iske, b\u00e6redygtige ingredienser med mindst mulig spild. Vi er dedikerede til at g\u00f8re denne planet til et bedre sted og bruge de naturlige produkter, vi har lige uden foran vores d\u00f8r. Vi er The Witchery CPH, og vi tror p\u00e5 naturens magi.<\/h4>\n<p>&nbsp;<\/p>\n<p>FAQ<\/p>\n<hr>\n<p>Vi er cruelty-free, og vi tester aldrig p\u00e5 dyr. Alle produkter er lokale og b\u00e6redygtige. Alle vores produkter er lokale og b\u00e6redygtige. Vi bruger fr\u00f8, som er biprodukter af europ\u00e6isk f\u00f8devareproduktion, hvilket s\u00e6nker vores klimaaftryk og vandforbrug. Lokale fr\u00f8 betyder, at de ikke skal transporteres langt eller opbevares i lange perioder. De strenge regler for landbrug i EU sikrer ogs\u00e5, at vores fr\u00f8 har markedets h\u00f8jeste kvalitet. Dermed er vores produkter ikke bare b\u00e6redygtige, men ogs\u00e5 af fantastisk kvalitet.<\/p>\n<\/section>","protected":false},"excerpt":{"rendered":"<p>Vores haveb\u00e6r ansigtsolie er skabt ved at koldpresse bl\u00e5b\u00e6r-, jordb\u00e6r- og hindb\u00e6rolie, og absolut intet andet er tilsat. Vi anbefaler at bruge olien b\u00e5de om morgnen og om aftenen.  <\/p>\n<li>fyldt med antioxidanter, der beskytter huden mod frie radikaler\n<li> s\u00e6rdeles rig p\u00e5 vitamin E, der holder huden bl\u00f8d og fugtet\n<li> underst\u00f8tter hudencellefornyelse og forynger dermed huden\n<li> hj\u00e6lper mod pigmentering og solskade<\/li>\n<li>til alle hudtyper<\/li>\n<li>brug den dag, nat og n\u00e5r som helst i l\u00f8bet af dagen<\/li>\n<li>Duft: neutral<\/li>\n<li>Dette produkt er fri for syntetiske ingredienser, konserveringsmidler, giftige kemikalier, parabener, tils\u00e6tningsstoffer og alt andet un\u00f8dvendigt.<\/li>\n<li>Brug indenfor 12 m\u00e5neder efter \u00e5bning, hold v\u00e6k fra direkte sol og varme.<\/li>\n<li>Europ\u00e6iske fr\u00f8, kerner og planter<\/li>\n<\/ul>\n<p><span style=\"font-weight: 400;\"> Vores ansigtsolier har ingen baseolier. De er lavet p\u00e5 koldpresset olie fra de naturlige r\u00e5varer, der st\u00e5r p\u00e5 etiketten, i dette tilf\u00e6lde bl\u00e5b\u00e6r, jordb\u00e6r og hindb\u00e6r. Alle fr\u00f8 kan presses til olie, s\u00e5 der er intet behov for baseolie \ud83d\ude42  <\/span><\/p>\n","protected":false},"featured_media":7512,"comment_status":"open","ping_status":"closed","template":"","meta":[],"product_brand":[],"product_cat":[523,522,518,520,521,471,772,519,698],"product_tag":[777,783,784,785,778,776,786],"class_list":{"0":"post-7766","1":"product","2":"type-product","3":"status-publish","4":"has-post-thumbnail","6":"product_cat-aeldning-og-tor-hud","7":"product_cat-ansigt","8":"product_cat-ansigtsolier","9":"product_cat-moden-hud","10":"product_cat-normal-og-blandet-hud","11":"product_cat-produkter","12":"product_cat-sensitiv-hud","13":"product_cat-tor-hud","14":"product_cat-vores-nyeste-partier","15":"product_tag-antioxidant-olie","16":"product_tag-blabaerolie-fordele","17":"product_tag-hindbaerolie-fordele","18":"product_tag-jordbaerolie-fordele","19":"product_tag-olie-til-sensitiv-hud","20":"product_tag-olie-til-tor-hud","21":"product_tag-olie-til-ung-hud","23":"first","24":"instock","25":"taxable","26":"shipping-taxable","27":"purchasable","28":"product-type-simple"},"yoast_head":"<!-- This site is optimized with the Yoast SEO plugin v24.9 - https:\/\/yoast.com\/wordpress\/plugins\/seo\/ -->\n<title>Antioxidant haveb\u00e6r ansigtsolie - The Witchery CPH<\/title>\n<meta name=\"description\" content=\"Vores haveb\u00e6r ansigtsolie er proppet med antioxidanter og E-vitamin, der holder huden sund, og tilf\u00f8jer naturlig fugt til alle hudtyper\" \/>\n<meta name=\"robots\" content=\"index, follow, max-snippet:-1, max-image-preview:large, max-video-preview:-1\" \/>\n<link rel=\"canonical\" href=\"https:\/\/thewitcherycph.com\/da\/vare\/antioxidant-havebaer-ansigtsolie\/\" \/>\n<meta property=\"og:locale\" content=\"da_DK\" \/>\n<meta property=\"og:type\" content=\"article\" \/>\n<meta property=\"og:title\" content=\"Antioxidant haveb\u00e6r ansigtsolie - The Witchery CPH\" \/>\n<meta property=\"og:description\" content=\"Vores haveb\u00e6r ansigtsolie er proppet med antioxidanter og E-vitamin, der holder huden sund, og tilf\u00f8jer naturlig fugt til alle hudtyper\" \/>\n<meta property=\"og:url\" content=\"https:\/\/thewitcherycph.com\/da\/vare\/antioxidant-havebaer-ansigtsolie\/\" \/>\n<meta property=\"og:site_name\" content=\"The Witchery CPH\" \/>\n<meta property=\"article:modified_time\" content=\"2026-01-05T15:56:58+00:00\" \/>\n<meta property=\"og:image\" content=\"https:\/\/thewitcherycph.com\/wp-content\/uploads\/2025\/09\/antioxidant-cold-pressed-blueberry-strawberry-raspberry-face-oil-the-witchery-cph-2.jpg\" \/>\n\t<meta property=\"og:image:width\" content=\"1400\" \/>\n\t<meta property=\"og:image:height\" content=\"1600\" \/>\n\t<meta property=\"og:image:type\" content=\"image\/jpeg\" \/>\n<meta name=\"twitter:card\" content=\"summary_large_image\" \/>\n<meta name=\"twitter:label1\" content=\"Estimeret l\u00e6setid\" \/>\n\t<meta name=\"twitter:data1\" content=\"3 minutter\" \/>\n<script type=\"application\/ld+json\" class=\"yoast-schema-graph\">{\"@context\":\"https:\/\/schema.org\",\"@graph\":[{\"@type\":\"WebPage\",\"@id\":\"https:\/\/thewitcherycph.com\/da\/vare\/antioxidant-havebaer-ansigtsolie\/\",\"url\":\"https:\/\/thewitcherycph.com\/da\/vare\/antioxidant-havebaer-ansigtsolie\/\",\"name\":\"Antioxidant haveb\u00e6r ansigtsolie - The Witchery CPH\",\"isPartOf\":{\"@id\":\"https:\/\/thewitcherycph.com\/da\/#website\"},\"primaryImageOfPage\":{\"@id\":\"https:\/\/thewitcherycph.com\/da\/vare\/antioxidant-havebaer-ansigtsolie\/#primaryimage\"},\"image\":{\"@id\":\"https:\/\/thewitcherycph.com\/da\/vare\/antioxidant-havebaer-ansigtsolie\/#primaryimage\"},\"thumbnailUrl\":\"https:\/\/thewitcherycph.com\/wp-content\/uploads\/2025\/09\/antioxidant-cold-pressed-blueberry-strawberry-raspberry-face-oil-the-witchery-cph-2.jpg\",\"datePublished\":\"2026-01-05T15:56:36+00:00\",\"dateModified\":\"2026-01-05T15:56:58+00:00\",\"description\":\"Vores haveb\u00e6r ansigtsolie er proppet med antioxidanter og E-vitamin, der holder huden sund, og tilf\u00f8jer naturlig fugt til alle hudtyper\",\"breadcrumb\":{\"@id\":\"https:\/\/thewitcherycph.com\/da\/vare\/antioxidant-havebaer-ansigtsolie\/#breadcrumb\"},\"inLanguage\":\"da-DK\",\"potentialAction\":[{\"@type\":\"ReadAction\",\"target\":[\"https:\/\/thewitcherycph.com\/da\/vare\/antioxidant-havebaer-ansigtsolie\/\"]}]},{\"@type\":\"ImageObject\",\"inLanguage\":\"da-DK\",\"@id\":\"https:\/\/thewitcherycph.com\/da\/vare\/antioxidant-havebaer-ansigtsolie\/#primaryimage\",\"url\":\"https:\/\/thewitcherycph.com\/wp-content\/uploads\/2025\/09\/antioxidant-cold-pressed-blueberry-strawberry-raspberry-face-oil-the-witchery-cph-2.jpg\",\"contentUrl\":\"https:\/\/thewitcherycph.com\/wp-content\/uploads\/2025\/09\/antioxidant-cold-pressed-blueberry-strawberry-raspberry-face-oil-the-witchery-cph-2.jpg\",\"width\":1400,\"height\":1600,\"caption\":\"Super antioxidant Garden Berries Face Oil\"},{\"@type\":\"BreadcrumbList\",\"@id\":\"https:\/\/thewitcherycph.com\/da\/vare\/antioxidant-havebaer-ansigtsolie\/#breadcrumb\",\"itemListElement\":[{\"@type\":\"ListItem\",\"position\":1,\"name\":\"Home\",\"item\":\"https:\/\/thewitcherycph.com\/da\/hjemside\/\"},{\"@type\":\"ListItem\",\"position\":2,\"name\":\"Butik\",\"item\":\"https:\/\/thewitcherycph.com\/da\/shop\/\"},{\"@type\":\"ListItem\",\"position\":3,\"name\":\"Antioxidant haveb\u00e6r ansigtsolie\"}]},{\"@type\":\"WebSite\",\"@id\":\"https:\/\/thewitcherycph.com\/da\/#website\",\"url\":\"https:\/\/thewitcherycph.com\/da\/\",\"name\":\"The Witchery CPH\",\"description\":\"Sustainable Natural Skincare from Copenhagen\",\"potentialAction\":[{\"@type\":\"SearchAction\",\"target\":{\"@type\":\"EntryPoint\",\"urlTemplate\":\"https:\/\/thewitcherycph.com\/da\/?s={search_term_string}\"},\"query-input\":{\"@type\":\"PropertyValueSpecification\",\"valueRequired\":true,\"valueName\":\"search_term_string\"}}],\"inLanguage\":\"da-DK\"}]}<\/script>\n<!-- \/ Yoast SEO plugin. -->","yoast_head_json":{"title":"Antioxidant haveb\u00e6r ansigtsolie - The Witchery CPH","description":"Vores haveb\u00e6r ansigtsolie er proppet med antioxidanter og E-vitamin, der holder huden sund, og tilf\u00f8jer naturlig fugt til alle hudtyper","robots":{"index":"index","follow":"follow","max-snippet":"max-snippet:-1","max-image-preview":"max-image-preview:large","max-video-preview":"max-video-preview:-1"},"canonical":"https:\/\/thewitcherycph.com\/da\/vare\/antioxidant-havebaer-ansigtsolie\/","og_locale":"da_DK","og_type":"article","og_title":"Antioxidant haveb\u00e6r ansigtsolie - The Witchery CPH","og_description":"Vores haveb\u00e6r ansigtsolie er proppet med antioxidanter og E-vitamin, der holder huden sund, og tilf\u00f8jer naturlig fugt til alle hudtyper","og_url":"https:\/\/thewitcherycph.com\/da\/vare\/antioxidant-havebaer-ansigtsolie\/","og_site_name":"The Witchery CPH","article_modified_time":"2026-01-05T15:56:58+00:00","og_image":[{"width":1400,"height":1600,"url":"https:\/\/thewitcherycph.com\/wp-content\/uploads\/2025\/09\/antioxidant-cold-pressed-blueberry-strawberry-raspberry-face-oil-the-witchery-cph-2.jpg","type":"image\/jpeg"}],"twitter_card":"summary_large_image","twitter_misc":{"Estimeret l\u00e6setid":"3 minutter"},"schema":{"@context":"https:\/\/schema.org","@graph":[{"@type":"WebPage","@id":"https:\/\/thewitcherycph.com\/da\/vare\/antioxidant-havebaer-ansigtsolie\/","url":"https:\/\/thewitcherycph.com\/da\/vare\/antioxidant-havebaer-ansigtsolie\/","name":"Antioxidant haveb\u00e6r ansigtsolie - The Witchery CPH","isPartOf":{"@id":"https:\/\/thewitcherycph.com\/da\/#website"},"primaryImageOfPage":{"@id":"https:\/\/thewitcherycph.com\/da\/vare\/antioxidant-havebaer-ansigtsolie\/#primaryimage"},"image":{"@id":"https:\/\/thewitcherycph.com\/da\/vare\/antioxidant-havebaer-ansigtsolie\/#primaryimage"},"thumbnailUrl":"https:\/\/thewitcherycph.com\/wp-content\/uploads\/2025\/09\/antioxidant-cold-pressed-blueberry-strawberry-raspberry-face-oil-the-witchery-cph-2.jpg","datePublished":"2026-01-05T15:56:36+00:00","dateModified":"2026-01-05T15:56:58+00:00","description":"Vores haveb\u00e6r ansigtsolie er proppet med antioxidanter og E-vitamin, der holder huden sund, og tilf\u00f8jer naturlig fugt til alle hudtyper","breadcrumb":{"@id":"https:\/\/thewitcherycph.com\/da\/vare\/antioxidant-havebaer-ansigtsolie\/#breadcrumb"},"inLanguage":"da-DK","potentialAction":[{"@type":"ReadAction","target":["https:\/\/thewitcherycph.com\/da\/vare\/antioxidant-havebaer-ansigtsolie\/"]}]},{"@type":"ImageObject","inLanguage":"da-DK","@id":"https:\/\/thewitcherycph.com\/da\/vare\/antioxidant-havebaer-ansigtsolie\/#primaryimage","url":"https:\/\/thewitcherycph.com\/wp-content\/uploads\/2025\/09\/antioxidant-cold-pressed-blueberry-strawberry-raspberry-face-oil-the-witchery-cph-2.jpg","contentUrl":"https:\/\/thewitcherycph.com\/wp-content\/uploads\/2025\/09\/antioxidant-cold-pressed-blueberry-strawberry-raspberry-face-oil-the-witchery-cph-2.jpg","width":1400,"height":1600,"caption":"Super antioxidant Garden Berries Face Oil"},{"@type":"BreadcrumbList","@id":"https:\/\/thewitcherycph.com\/da\/vare\/antioxidant-havebaer-ansigtsolie\/#breadcrumb","itemListElement":[{"@type":"ListItem","position":1,"name":"Home","item":"https:\/\/thewitcherycph.com\/da\/hjemside\/"},{"@type":"ListItem","position":2,"name":"Butik","item":"https:\/\/thewitcherycph.com\/da\/shop\/"},{"@type":"ListItem","position":3,"name":"Antioxidant haveb\u00e6r ansigtsolie"}]},{"@type":"WebSite","@id":"https:\/\/thewitcherycph.com\/da\/#website","url":"https:\/\/thewitcherycph.com\/da\/","name":"The Witchery CPH","description":"Sustainable Natural Skincare from Copenhagen","potentialAction":[{"@type":"SearchAction","target":{"@type":"EntryPoint","urlTemplate":"https:\/\/thewitcherycph.com\/da\/?s={search_term_string}"},"query-input":{"@type":"PropertyValueSpecification","valueRequired":true,"valueName":"search_term_string"}}],"inLanguage":"da-DK"}]}},"_links":{"self":[{"href":"https:\/\/thewitcherycph.com\/da\/wp-json\/wp\/v2\/product\/7766","targetHints":{"allow":["GET"]}}],"collection":[{"href":"https:\/\/thewitcherycph.com\/da\/wp-json\/wp\/v2\/product"}],"about":[{"href":"https:\/\/thewitcherycph.com\/da\/wp-json\/wp\/v2\/types\/product"}],"replies":[{"embeddable":true,"href":"https:\/\/thewitcherycph.com\/da\/wp-json\/wp\/v2\/comments?post=7766"}],"wp:featuredmedia":[{"embeddable":true,"href":"https:\/\/thewitcherycph.com\/da\/wp-json\/wp\/v2\/media\/7512"}],"wp:attachment":[{"href":"https:\/\/thewitcherycph.com\/da\/wp-json\/wp\/v2\/media?parent=7766"}],"wp:term":[{"taxonomy":"product_brand","embeddable":true,"href":"https:\/\/thewitcherycph.com\/da\/wp-json\/wp\/v2\/product_brand?post=7766"},{"taxonomy":"product_cat","embeddable":true,"href":"https:\/\/thewitcherycph.com\/da\/wp-json\/wp\/v2\/product_cat?post=7766"},{"taxonomy":"product_tag","embeddable":true,"href":"https:\/\/thewitcherycph.com\/da\/wp-json\/wp\/v2\/product_tag?post=7766"}],"curies":[{"name":"wp","href":"https:\/\/api.w.org\/{rel}","templated":true}]}}