{"id":7507,"date":"2025-06-04T21:22:36","date_gmt":"2025-09-02T14:47:22","guid":{"rendered":"https:\/\/thewitcherycph.com\/product\/mulepose-i-laerred-med-minimalistiske-planter\/"},"modified":"2025-09-02T14:47:22","modified_gmt":"2025-09-02T14:47:22","slug":"mulepose-i-laerred-med-minimalistiske-planter","status":"publish","type":"product","link":"https:\/\/thewitcherycph.com\/da\/vare\/mulepose-i-laerred-med-minimalistiske-planter\/","title":{"rendered":"Mulepose i l\u00e6rred med minimalistiske planter"},"content":{"rendered":"<section class=\"wpb-content-wrapper\"><p>[\/vc_column_text][\/vc_column_inner][\/vc_row_inner][\/vc_column][\/vc_row]<\/p>\n<h2><\/h2>\n<h2><\/h2>\n<h2><\/h2>\n<h2><\/h2>\n<p>&nbsp;<\/p>\n<p>&nbsp;<\/p>\n<h4>Alle vores produkter er lavet med europ\u00e6iske, b\u00e6redygtige ingredienser med mindst mulig spild. Vi er dedikerede til at g\u00f8re denne planet til et bedre sted og bruge de naturlige produkter, vi har lige uden foran vores d\u00f8r. Vi er The Witchery CPH, og vi tror p\u00e5 naturens magi.<\/h4>\n<p>&nbsp;<\/p>\n<p>FAQ<\/p>\n<hr>\n<p>Vi er cruelty-free, og vi tester aldrig p\u00e5 dyr. Alle produkter er lokale og b\u00e6redygtige. Alle vores produkter er lokale og b\u00e6redygtige. Vi bruger fr\u00f8, som er biprodukter af europ\u00e6isk f\u00f8devareproduktion, hvilket s\u00e6nker vores klimaaftryk og vandforbrug. Lokale fr\u00f8 betyder, at de ikke skal transporteres langt eller opbevares i lange perioder. De strenge regler for landbrug i EU sikrer ogs\u00e5, at vores fr\u00f8 har markedets h\u00f8jeste kvalitet. Dermed er vores produkter ikke bare b\u00e6redygtige, men ogs\u00e5 af fantastisk kvalitet.<\/p>\n<\/section>","protected":false},"excerpt":{"rendered":"<p>Fork\u00e6l dig selv med en minimalistisk mulepose med fire af vores mest elskede medicinske planter; rosmarin, timian, guldblomme og vild gulerod. En smuk taske til gr\u00f8nne hekse og enhver, der holder af botaniske illustrationer. <\/p>\n<ul>\n<li>100% bomuld<\/li>\n<li>Rumlig taske<\/li>\n<li>Minimalistisk urteprint<\/li>\n<li>Brede stropper<\/li>\n<li>Passer sammen med et hvert outfit<\/li>\n<li><strong>Rosmarin:<\/strong> beskyttende og centrerende urt <\/li>\n<li><strong>Timian:<\/strong> brugt i ritualer til at rense og tiltr\u00e6kke sundhed og heling<\/li>\n<li><strong>Guldblomme:<\/strong> benyttet i \u00e5rhundrede til helbredelse og fornyelse<\/li>\n<li><strong>Vild gulerod:<\/strong> hj\u00e6lper med at skabe fodf\u00e6ste, klarhed og emotionel balance<\/li>\n<li>Produceret i EU<\/li>\n<\/ul>\n<p><span style=\"font-weight: 400;\">Den perfekte mulepose til gr\u00f8nne hekse og naturelskere<\/span><\/p>\n","protected":false},"featured_media":7346,"comment_status":"open","ping_status":"closed","template":"","meta":[],"product_brand":[],"product_cat":[737,471],"product_tag":[744,739,740,743,741,742,738],"class_list":{"0":"post-7507","1":"product","2":"type-product","3":"status-publish","4":"has-post-thumbnail","6":"product_cat-accessories-da","7":"product_cat-produkter","8":"product_tag-gron-heks","9":"product_tag-minimalistisk-mulepose","10":"product_tag-mulepose-med-urter","11":"product_tag-mulepose-med-vilde-planter","12":"product_tag-rosmarin-mulepose","13":"product_tag-timian-mulepose","14":"product_tag-urtemulepose","16":"first","17":"instock","18":"taxable","19":"shipping-taxable","20":"purchasable","21":"product-type-simple"},"yoast_head":"<!-- This site is optimized with the Yoast SEO plugin v24.9 - https:\/\/yoast.com\/wordpress\/plugins\/seo\/ -->\n<title>Mulepose i l\u00e6rred med minimalistiske planter - The Witchery CPH<\/title>\n<meta name=\"description\" content=\"Fork\u00e6l dig selv med en minimalistisk mulepose med fire af vores mest elskede medicinske planter; rosmarin, timian, guldblomme og vild gulerod.\" \/>\n<meta name=\"robots\" content=\"index, follow, max-snippet:-1, max-image-preview:large, max-video-preview:-1\" \/>\n<link rel=\"canonical\" href=\"https:\/\/thewitcherycph.com\/da\/vare\/mulepose-i-laerred-med-minimalistiske-planter\/\" \/>\n<meta property=\"og:locale\" content=\"da_DK\" \/>\n<meta property=\"og:type\" content=\"article\" \/>\n<meta property=\"og:title\" content=\"Mulepose i l\u00e6rred med minimalistiske planter - The Witchery CPH\" \/>\n<meta property=\"og:description\" content=\"Fork\u00e6l dig selv med en minimalistisk mulepose med fire af vores mest elskede medicinske planter; rosmarin, timian, guldblomme og vild gulerod.\" \/>\n<meta property=\"og:url\" content=\"https:\/\/thewitcherycph.com\/da\/vare\/mulepose-i-laerred-med-minimalistiske-planter\/\" \/>\n<meta property=\"og:site_name\" content=\"The Witchery CPH\" \/>\n<meta property=\"og:image\" content=\"https:\/\/thewitcherycph.com\/wp-content\/uploads\/2025\/06\/the-witchery-cph-canvas-bag-1.jpg\" \/>\n\t<meta property=\"og:image:width\" content=\"1400\" \/>\n\t<meta property=\"og:image:height\" content=\"1600\" \/>\n\t<meta property=\"og:image:type\" content=\"image\/jpeg\" \/>\n<meta name=\"twitter:card\" content=\"summary_large_image\" \/>\n<meta name=\"twitter:label1\" content=\"Estimeret l\u00e6setid\" \/>\n\t<meta name=\"twitter:data1\" content=\"1 minut\" \/>\n<script type=\"application\/ld+json\" class=\"yoast-schema-graph\">{\"@context\":\"https:\/\/schema.org\",\"@graph\":[{\"@type\":\"WebPage\",\"@id\":\"https:\/\/thewitcherycph.com\/da\/vare\/mulepose-i-laerred-med-minimalistiske-planter\/\",\"url\":\"https:\/\/thewitcherycph.com\/da\/vare\/mulepose-i-laerred-med-minimalistiske-planter\/\",\"name\":\"Mulepose i l\u00e6rred med minimalistiske planter - The Witchery CPH\",\"isPartOf\":{\"@id\":\"https:\/\/thewitcherycph.com\/da\/#website\"},\"primaryImageOfPage\":{\"@id\":\"https:\/\/thewitcherycph.com\/da\/vare\/mulepose-i-laerred-med-minimalistiske-planter\/#primaryimage\"},\"image\":{\"@id\":\"https:\/\/thewitcherycph.com\/da\/vare\/mulepose-i-laerred-med-minimalistiske-planter\/#primaryimage\"},\"thumbnailUrl\":\"https:\/\/thewitcherycph.com\/wp-content\/uploads\/2025\/06\/the-witchery-cph-canvas-bag-1.jpg\",\"datePublished\":\"2025-09-02T14:47:22+00:00\",\"description\":\"Fork\u00e6l dig selv med en minimalistisk mulepose med fire af vores mest elskede medicinske planter; rosmarin, timian, guldblomme og vild gulerod.\",\"breadcrumb\":{\"@id\":\"https:\/\/thewitcherycph.com\/da\/vare\/mulepose-i-laerred-med-minimalistiske-planter\/#breadcrumb\"},\"inLanguage\":\"da-DK\",\"potentialAction\":[{\"@type\":\"ReadAction\",\"target\":[\"https:\/\/thewitcherycph.com\/da\/vare\/mulepose-i-laerred-med-minimalistiske-planter\/\"]}]},{\"@type\":\"ImageObject\",\"inLanguage\":\"da-DK\",\"@id\":\"https:\/\/thewitcherycph.com\/da\/vare\/mulepose-i-laerred-med-minimalistiske-planter\/#primaryimage\",\"url\":\"https:\/\/thewitcherycph.com\/wp-content\/uploads\/2025\/06\/the-witchery-cph-canvas-bag-1.jpg\",\"contentUrl\":\"https:\/\/thewitcherycph.com\/wp-content\/uploads\/2025\/06\/the-witchery-cph-canvas-bag-1.jpg\",\"width\":1400,\"height\":1600,\"caption\":\"The Witchery CPH canvas tote bag with medicinal herbs print\"},{\"@type\":\"BreadcrumbList\",\"@id\":\"https:\/\/thewitcherycph.com\/da\/vare\/mulepose-i-laerred-med-minimalistiske-planter\/#breadcrumb\",\"itemListElement\":[{\"@type\":\"ListItem\",\"position\":1,\"name\":\"Home\",\"item\":\"https:\/\/thewitcherycph.com\/da\/hjemside\/\"},{\"@type\":\"ListItem\",\"position\":2,\"name\":\"Butik\",\"item\":\"https:\/\/thewitcherycph.com\/da\/shop\/\"},{\"@type\":\"ListItem\",\"position\":3,\"name\":\"Mulepose i l\u00e6rred med minimalistiske planter\"}]},{\"@type\":\"WebSite\",\"@id\":\"https:\/\/thewitcherycph.com\/da\/#website\",\"url\":\"https:\/\/thewitcherycph.com\/da\/\",\"name\":\"The Witchery CPH\",\"description\":\"Sustainable Natural Skincare from Copenhagen\",\"potentialAction\":[{\"@type\":\"SearchAction\",\"target\":{\"@type\":\"EntryPoint\",\"urlTemplate\":\"https:\/\/thewitcherycph.com\/da\/?s={search_term_string}\"},\"query-input\":{\"@type\":\"PropertyValueSpecification\",\"valueRequired\":true,\"valueName\":\"search_term_string\"}}],\"inLanguage\":\"da-DK\"}]}<\/script>\n<!-- \/ Yoast SEO plugin. -->","yoast_head_json":{"title":"Mulepose i l\u00e6rred med minimalistiske planter - The Witchery CPH","description":"Fork\u00e6l dig selv med en minimalistisk mulepose med fire af vores mest elskede medicinske planter; rosmarin, timian, guldblomme og vild gulerod.","robots":{"index":"index","follow":"follow","max-snippet":"max-snippet:-1","max-image-preview":"max-image-preview:large","max-video-preview":"max-video-preview:-1"},"canonical":"https:\/\/thewitcherycph.com\/da\/vare\/mulepose-i-laerred-med-minimalistiske-planter\/","og_locale":"da_DK","og_type":"article","og_title":"Mulepose i l\u00e6rred med minimalistiske planter - The Witchery CPH","og_description":"Fork\u00e6l dig selv med en minimalistisk mulepose med fire af vores mest elskede medicinske planter; rosmarin, timian, guldblomme og vild gulerod.","og_url":"https:\/\/thewitcherycph.com\/da\/vare\/mulepose-i-laerred-med-minimalistiske-planter\/","og_site_name":"The Witchery CPH","og_image":[{"width":1400,"height":1600,"url":"https:\/\/thewitcherycph.com\/wp-content\/uploads\/2025\/06\/the-witchery-cph-canvas-bag-1.jpg","type":"image\/jpeg"}],"twitter_card":"summary_large_image","twitter_misc":{"Estimeret l\u00e6setid":"1 minut"},"schema":{"@context":"https:\/\/schema.org","@graph":[{"@type":"WebPage","@id":"https:\/\/thewitcherycph.com\/da\/vare\/mulepose-i-laerred-med-minimalistiske-planter\/","url":"https:\/\/thewitcherycph.com\/da\/vare\/mulepose-i-laerred-med-minimalistiske-planter\/","name":"Mulepose i l\u00e6rred med minimalistiske planter - The Witchery CPH","isPartOf":{"@id":"https:\/\/thewitcherycph.com\/da\/#website"},"primaryImageOfPage":{"@id":"https:\/\/thewitcherycph.com\/da\/vare\/mulepose-i-laerred-med-minimalistiske-planter\/#primaryimage"},"image":{"@id":"https:\/\/thewitcherycph.com\/da\/vare\/mulepose-i-laerred-med-minimalistiske-planter\/#primaryimage"},"thumbnailUrl":"https:\/\/thewitcherycph.com\/wp-content\/uploads\/2025\/06\/the-witchery-cph-canvas-bag-1.jpg","datePublished":"2025-09-02T14:47:22+00:00","description":"Fork\u00e6l dig selv med en minimalistisk mulepose med fire af vores mest elskede medicinske planter; rosmarin, timian, guldblomme og vild gulerod.","breadcrumb":{"@id":"https:\/\/thewitcherycph.com\/da\/vare\/mulepose-i-laerred-med-minimalistiske-planter\/#breadcrumb"},"inLanguage":"da-DK","potentialAction":[{"@type":"ReadAction","target":["https:\/\/thewitcherycph.com\/da\/vare\/mulepose-i-laerred-med-minimalistiske-planter\/"]}]},{"@type":"ImageObject","inLanguage":"da-DK","@id":"https:\/\/thewitcherycph.com\/da\/vare\/mulepose-i-laerred-med-minimalistiske-planter\/#primaryimage","url":"https:\/\/thewitcherycph.com\/wp-content\/uploads\/2025\/06\/the-witchery-cph-canvas-bag-1.jpg","contentUrl":"https:\/\/thewitcherycph.com\/wp-content\/uploads\/2025\/06\/the-witchery-cph-canvas-bag-1.jpg","width":1400,"height":1600,"caption":"The Witchery CPH canvas tote bag with medicinal herbs print"},{"@type":"BreadcrumbList","@id":"https:\/\/thewitcherycph.com\/da\/vare\/mulepose-i-laerred-med-minimalistiske-planter\/#breadcrumb","itemListElement":[{"@type":"ListItem","position":1,"name":"Home","item":"https:\/\/thewitcherycph.com\/da\/hjemside\/"},{"@type":"ListItem","position":2,"name":"Butik","item":"https:\/\/thewitcherycph.com\/da\/shop\/"},{"@type":"ListItem","position":3,"name":"Mulepose i l\u00e6rred med minimalistiske planter"}]},{"@type":"WebSite","@id":"https:\/\/thewitcherycph.com\/da\/#website","url":"https:\/\/thewitcherycph.com\/da\/","name":"The Witchery CPH","description":"Sustainable Natural Skincare from Copenhagen","potentialAction":[{"@type":"SearchAction","target":{"@type":"EntryPoint","urlTemplate":"https:\/\/thewitcherycph.com\/da\/?s={search_term_string}"},"query-input":{"@type":"PropertyValueSpecification","valueRequired":true,"valueName":"search_term_string"}}],"inLanguage":"da-DK"}]}},"_links":{"self":[{"href":"https:\/\/thewitcherycph.com\/da\/wp-json\/wp\/v2\/product\/7507","targetHints":{"allow":["GET"]}}],"collection":[{"href":"https:\/\/thewitcherycph.com\/da\/wp-json\/wp\/v2\/product"}],"about":[{"href":"https:\/\/thewitcherycph.com\/da\/wp-json\/wp\/v2\/types\/product"}],"replies":[{"embeddable":true,"href":"https:\/\/thewitcherycph.com\/da\/wp-json\/wp\/v2\/comments?post=7507"}],"wp:featuredmedia":[{"embeddable":true,"href":"https:\/\/thewitcherycph.com\/da\/wp-json\/wp\/v2\/media\/7346"}],"wp:attachment":[{"href":"https:\/\/thewitcherycph.com\/da\/wp-json\/wp\/v2\/media?parent=7507"}],"wp:term":[{"taxonomy":"product_brand","embeddable":true,"href":"https:\/\/thewitcherycph.com\/da\/wp-json\/wp\/v2\/product_brand?post=7507"},{"taxonomy":"product_cat","embeddable":true,"href":"https:\/\/thewitcherycph.com\/da\/wp-json\/wp\/v2\/product_cat?post=7507"},{"taxonomy":"product_tag","embeddable":true,"href":"https:\/\/thewitcherycph.com\/da\/wp-json\/wp\/v2\/product_tag?post=7507"}],"curies":[{"name":"wp","href":"https:\/\/api.w.org\/{rel}","templated":true}]}}