{"id":7500,"date":"2025-02-11T21:40:21","date_gmt":"2025-08-28T16:09:18","guid":{"rendered":"https:\/\/thewitcherycph.com\/product\/grapefrugt-mandarin-merian-kropsolie\/"},"modified":"2026-03-21T14:18:05","modified_gmt":"2026-03-21T14:18:05","slug":"grapefrugt-mandarin-merian-kropsolie","status":"publish","type":"product","link":"https:\/\/thewitcherycph.com\/da\/vare\/grapefrugt-mandarin-merian-kropsolie\/","title":{"rendered":"Grapefrugt Mandarin Merian Kropsolie"},"content":{"rendered":"<section class=\"wpb-content-wrapper\"><p>[vc_row][vc_column][konte_banner source=&#8221;external_link&#8221; text_position=&#8221;top-left&#8221; font_container=&#8221;font_size:40px&#8221; button_text=&#8221;&#8221; css=&#8221;.vc_custom_1620273975273{margin-bottom: 100px !important;}&#8221; custom_src=&#8221;https:\/\/thewitcherycph.com\/wp-content\/uploads\/2025\/02\/grapefruit-manadrin-marjoram-body-oil-cover.jpg&#8221;]<br \/>\nDEN PERFEKTE CITRUSOLIE MED ET TWIST AF URTER [\/konte_banner][\/vc_column][\/vc_row]<\/p>\n<p>[vc_row][vc_column width=&#8221;5\/6&#8243; offset=&#8221;vc_col-lg-offset-1 vc_col-md-offset-1&#8243;][vc_row_inner][vc_column_inner width=&#8221;1\/2&#8243;][vc_custom_heading text=&#8221;<br \/>\nFORDELE AF APRIKOS, GRAPEFRUGT, MANDARIN OG MERIAN FOR KROP OG SJ\u00c6L<br \/>\n&#8221; use_theme_fonts=&#8221;yes&#8221; css=&#8221;.vc_custom_1536826700353{margin-top: 45px !important;margin-right: 65px !important;margin-bottom: 40px !important;margin-left: 65px !important;}&#8221;][vc_column_text css=&#8221;.vc_custom_1536826413162{margin-right: 65px !important;margin-bottom: 200px !important;margin-left: 65px !important;}&#8221;] Denne olie tager dig med p\u00e5 et eventyr gennem de solrige, gr\u00e6ske bakketoppe. Den varme og pikante duft af citrus komplimenteres af den tr\u00e6agtige, s\u00f8de duft af merianurten. Olien er inspireret af en rolig g\u00e5tur p\u00e5 en solrig eftermiddag i sommervarmen og f\u00f8lelsen af en k\u00f8lig brise. <\/p>\n<p>Vi bruger en nyligt koldpresset aprikoskerneolie (en let olie fyldt med E-vitamin, der hj\u00e6lper mod inflammation og t\u00f8r hud) og blander den med grapefrugtolie (antibakteriel olie, der regulerer hum\u00f8ret og d\u00e6mper angst), mandarinolie (l\u00f8fter hum\u00f8ret, afhj\u00e6lper v\u00e6skeophobning og udligner misfarvning af huden) og merianolie (antibakteriel, antioxiderende og angstd\u00e6mpende). Olien er en perfekt blanding af citrus og urter.<\/p>\n<p>[\/vc_column_text][vc_single_image source=&#8221;external_link&#8221; css=&#8221;.vc_custom_1620273997007{margin-right: 55px !important;}&#8221;<br \/>\ncustom_src=&#8221;https:\/\/thewitcherycph.com\/wp-content\/uploads\/2025\/02\/grapefruit-manadrin-marjoram-body-oil.jpg&#8221;][\/vc_column_inner]<\/p>\n<p>[vc_column_inner width=&#8221;1\/2&#8243;][vc_single_image source=&#8221;external_link&#8221; alignment=&#8221;right&#8221; css=&#8221;.vc_custom_1620274010228{margin-bottom: 220px !important;margin-left: 60px !important;}&#8221; custom_src=&#8221;https:\/\/thewitcherycph.com\/wp-content\/uploads\/2025\/02\/grapefruit-manadrin-marjoram-body-oil-2-1.jpg&#8221;][vc_custom_heading text=&#8221;ANVENDELSE&#8221; use_theme_fonts=&#8221;yes&#8221; css=&#8221;.vc_custom_1536826773205{margin-right: 90px !important;margin-bottom: 56px !important;margin-left: 60px !important;}&#8221;][vc_column_text css=&#8221;.vc_custom_1536826780690{margin-right: 90px !important;margin-left: 60px !important;}&#8221;]<\/p>\n<p>[vc_custom_heading text=&#8221;&#8221; use_theme_fonts=&#8221;yes&#8221; css=&#8221;.vc_custom_1536826773205{margin-right: 90px !important;margin-bottom: 56px !important;margin-left: 60px !important;}&#8221;][vc_column_text css=&#8221;.vc_custom_1536826780690{margin-right: 90px !important;margin-left: 60px !important;}&#8221;]<\/p>\n<p>I folkeminder symboliserer merian k\u00e6rlighed og gl\u00e6de, og er l\u00e6nge blevet brugt beskyttende i ritualer og meditationer. <\/p>\n<p>Vi anbefaler at bruge olien direkte efter badet p\u00e5 fugtig hud.<\/p>\n<p>Vores Grapefrugt Mandarin Merian kropsolie er perfekt til dem, der er forelskede i id\u00e9en om en varm eftermiddag om sommeren, hvor en vild brise b\u00e6rer duften af urter hen over bakketoppene.<\/p>\n<p>Produktet er nyligt koldpresset fra europ\u00e6iske fr\u00f8 og kerner tilsat europ\u00e6iske \u00e6teriske olier. Ubearbejdet og uraffineret. 100% naturlig. Brug indenfor 12 m\u00e5neder efter \u00e5bning.<\/p>\n<p>[\/vc_column_text][\/vc_column_inner][\/vc_row_inner][\/vc_column][\/vc_row]<\/p>\n<h2><\/h2>\n<h2><\/h2>\n<h2><\/h2>\n<h2><\/h2>\n<p>&nbsp;<\/p>\n<p>&nbsp;<\/p>\n<h4>Alle vores produkter er lavet med europ\u00e6iske, b\u00e6redygtige ingredienser med mindst mulig spild. Vi er dedikerede til at g\u00f8re denne planet til et bedre sted og bruge de naturlige produkter, vi har lige uden foran vores d\u00f8r. Vi er The Witchery CPH, og vi tror p\u00e5 naturens magi.<\/h4>\n<p>&nbsp;<\/p>\n<p>FAQ<\/p>\n<hr>\n<p>Vi er cruelty-free, og vi tester aldrig p\u00e5 dyr. Alle produkter er lokale og b\u00e6redygtige. Alle vores produkter er lokale og b\u00e6redygtige. Vi bruger fr\u00f8, som er biprodukter af europ\u00e6isk f\u00f8devareproduktion, hvilket s\u00e6nker vores klimaaftryk og vandforbrug. Lokale fr\u00f8 betyder, at de ikke skal transporteres langt eller opbevares i lange perioder. Strikte regler indenfor europ\u00e6isk landbrug sikrer den h\u00f8jeste kvalitet af de fr\u00f8, der er tilg\u00e6ngelige p\u00e5 markedet, hvilket ikke blot g\u00f8r vores produkter \u00f8kologiske men ogs\u00e5 af utrolig h\u00f8j kvalitet.<\/p>\n<\/section>","protected":false},"excerpt":{"rendered":"<p>Vores Grapefrugt Mandarin Merian kropsolie er en smuk olie til dem, der elsker den friske duft af citrus med et hint af krydrede urter.<\/p>\n<ul>\n<li>Fyldt med E-vitamin<\/li>\n<li>Let og samtidig fugtgivende olie <\/li>\n<li>Grapfrugteolie regulerer hum\u00f8ret, og hj\u00e6lper med at lindre angst. Olien har ogs\u00e5 st\u00e6rke antibakterielle og antivirale egenskaber <\/li>\n<li>Mandarinolie l\u00f8fter hum\u00f8ret og afhj\u00e6lper ophobningen af vand i kroppen. Olien bruges yderligere til at udligne bumser og misfarvning<\/li>\n<li>Merianolie er afslappende, angstd\u00e6mpende og hj\u00e6lper mod s\u00f8vnproblemer. Den kan ogs\u00e5 lindre muskelsmerter. <\/li>\n<li>Duft: citrus og sommerurter <\/li>\n<li>Dette produkt er fri for syntetiske ingredienser, konserveringsmidler, giftige kemikalier, parabener, tils\u00e6tningsstoffer og alt andet un\u00f8dvendigt.<\/li>\n<li>Brug indenfor 12 m\u00e5neder efter \u00e5bning, hold v\u00e6k fra direkte sol og varme.<\/li>\n<li>Europ\u00e6iske fr\u00f8, kerner og planter<\/li>\n<\/ul>\n","protected":false},"featured_media":7026,"comment_status":"open","ping_status":"closed","template":"","meta":[],"product_brand":[],"product_cat":[719,718,698,471],"product_tag":[729,730,733,736,734,732,735,731],"class_list":{"0":"post-7500","1":"product","2":"type-product","3":"status-publish","4":"has-post-thumbnail","6":"product_cat-krop","7":"product_cat-kropsolier","8":"product_cat-vores-nyeste-partier","9":"product_cat-produkter","10":"product_tag-baeredygtig-kropsolie","11":"product_tag-citrus-kropsolie","12":"product_tag-grapefrugt-kropsolie","13":"product_tag-koldpresset-olie","14":"product_tag-mandarin-kropsolie","15":"product_tag-merianolie","16":"product_tag-oploftende-kropsolie","17":"product_tag-urte-kropsolie","19":"first","20":"instock","21":"taxable","22":"shipping-taxable","23":"purchasable","24":"product-type-simple"},"yoast_head":"<!-- This site is optimized with the Yoast SEO plugin v24.9 - https:\/\/yoast.com\/wordpress\/plugins\/seo\/ -->\n<title>Grapefrugt Mandarin Merian Kropsolie - The Witchery CPH<\/title>\n<meta name=\"description\" content=\"Vores Grapefrugt Mandarin Merian kropsolie er en smuk olie til dem, der elsker den friske duft af citrus med et hint af krydrede urter.\" \/>\n<meta name=\"robots\" content=\"index, follow, max-snippet:-1, max-image-preview:large, max-video-preview:-1\" \/>\n<link rel=\"canonical\" href=\"https:\/\/thewitcherycph.com\/da\/vare\/grapefrugt-mandarin-merian-kropsolie\/\" \/>\n<meta property=\"og:locale\" content=\"da_DK\" \/>\n<meta property=\"og:type\" content=\"article\" \/>\n<meta property=\"og:title\" content=\"Grapefrugt Mandarin Merian Kropsolie - The Witchery CPH\" \/>\n<meta property=\"og:description\" content=\"Vores Grapefrugt Mandarin Merian kropsolie er en smuk olie til dem, der elsker den friske duft af citrus med et hint af krydrede urter.\" \/>\n<meta property=\"og:url\" content=\"https:\/\/thewitcherycph.com\/da\/vare\/grapefrugt-mandarin-merian-kropsolie\/\" \/>\n<meta property=\"og:site_name\" content=\"The Witchery CPH\" \/>\n<meta property=\"article:modified_time\" content=\"2026-03-21T14:18:05+00:00\" \/>\n<meta property=\"og:image\" content=\"https:\/\/thewitcherycph.com\/wp-content\/uploads\/2025\/02\/grapefruit-manadrin-marjoram-body-oil-2-1.jpg\" \/>\n\t<meta property=\"og:image:width\" content=\"1400\" \/>\n\t<meta property=\"og:image:height\" content=\"1600\" \/>\n\t<meta property=\"og:image:type\" content=\"image\/jpeg\" \/>\n<meta name=\"twitter:card\" content=\"summary_large_image\" \/>\n<meta name=\"twitter:label1\" content=\"Estimeret l\u00e6setid\" \/>\n\t<meta name=\"twitter:data1\" content=\"3 minutter\" \/>\n<script type=\"application\/ld+json\" class=\"yoast-schema-graph\">{\"@context\":\"https:\/\/schema.org\",\"@graph\":[{\"@type\":\"WebPage\",\"@id\":\"https:\/\/thewitcherycph.com\/da\/vare\/grapefrugt-mandarin-merian-kropsolie\/\",\"url\":\"https:\/\/thewitcherycph.com\/da\/vare\/grapefrugt-mandarin-merian-kropsolie\/\",\"name\":\"Grapefrugt Mandarin Merian Kropsolie - The Witchery CPH\",\"isPartOf\":{\"@id\":\"https:\/\/thewitcherycph.com\/da\/#website\"},\"primaryImageOfPage\":{\"@id\":\"https:\/\/thewitcherycph.com\/da\/vare\/grapefrugt-mandarin-merian-kropsolie\/#primaryimage\"},\"image\":{\"@id\":\"https:\/\/thewitcherycph.com\/da\/vare\/grapefrugt-mandarin-merian-kropsolie\/#primaryimage\"},\"thumbnailUrl\":\"https:\/\/thewitcherycph.com\/wp-content\/uploads\/2025\/02\/grapefruit-manadrin-marjoram-body-oil-2-1.jpg\",\"datePublished\":\"2025-08-28T16:09:18+00:00\",\"dateModified\":\"2026-03-21T14:18:05+00:00\",\"description\":\"Vores Grapefrugt Mandarin Merian kropsolie er en smuk olie til dem, der elsker den friske duft af citrus med et hint af krydrede urter.\",\"breadcrumb\":{\"@id\":\"https:\/\/thewitcherycph.com\/da\/vare\/grapefrugt-mandarin-merian-kropsolie\/#breadcrumb\"},\"inLanguage\":\"da-DK\",\"potentialAction\":[{\"@type\":\"ReadAction\",\"target\":[\"https:\/\/thewitcherycph.com\/da\/vare\/grapefrugt-mandarin-merian-kropsolie\/\"]}]},{\"@type\":\"ImageObject\",\"inLanguage\":\"da-DK\",\"@id\":\"https:\/\/thewitcherycph.com\/da\/vare\/grapefrugt-mandarin-merian-kropsolie\/#primaryimage\",\"url\":\"https:\/\/thewitcherycph.com\/wp-content\/uploads\/2025\/02\/grapefruit-manadrin-marjoram-body-oil-2-1.jpg\",\"contentUrl\":\"https:\/\/thewitcherycph.com\/wp-content\/uploads\/2025\/02\/grapefruit-manadrin-marjoram-body-oil-2-1.jpg\",\"width\":1400,\"height\":1600,\"caption\":\"Grapefruit Mandarin Sweet Marjoram Body Oil\"},{\"@type\":\"BreadcrumbList\",\"@id\":\"https:\/\/thewitcherycph.com\/da\/vare\/grapefrugt-mandarin-merian-kropsolie\/#breadcrumb\",\"itemListElement\":[{\"@type\":\"ListItem\",\"position\":1,\"name\":\"Home\",\"item\":\"https:\/\/thewitcherycph.com\/da\/hjemside\/\"},{\"@type\":\"ListItem\",\"position\":2,\"name\":\"Butik\",\"item\":\"https:\/\/thewitcherycph.com\/da\/shop\/\"},{\"@type\":\"ListItem\",\"position\":3,\"name\":\"Grapefrugt Mandarin Merian Kropsolie\"}]},{\"@type\":\"WebSite\",\"@id\":\"https:\/\/thewitcherycph.com\/da\/#website\",\"url\":\"https:\/\/thewitcherycph.com\/da\/\",\"name\":\"The Witchery CPH\",\"description\":\"Sustainable Natural Skincare from Copenhagen\",\"potentialAction\":[{\"@type\":\"SearchAction\",\"target\":{\"@type\":\"EntryPoint\",\"urlTemplate\":\"https:\/\/thewitcherycph.com\/da\/?s={search_term_string}\"},\"query-input\":{\"@type\":\"PropertyValueSpecification\",\"valueRequired\":true,\"valueName\":\"search_term_string\"}}],\"inLanguage\":\"da-DK\"}]}<\/script>\n<!-- \/ Yoast SEO plugin. -->","yoast_head_json":{"title":"Grapefrugt Mandarin Merian Kropsolie - The Witchery CPH","description":"Vores Grapefrugt Mandarin Merian kropsolie er en smuk olie til dem, der elsker den friske duft af citrus med et hint af krydrede urter.","robots":{"index":"index","follow":"follow","max-snippet":"max-snippet:-1","max-image-preview":"max-image-preview:large","max-video-preview":"max-video-preview:-1"},"canonical":"https:\/\/thewitcherycph.com\/da\/vare\/grapefrugt-mandarin-merian-kropsolie\/","og_locale":"da_DK","og_type":"article","og_title":"Grapefrugt Mandarin Merian Kropsolie - The Witchery CPH","og_description":"Vores Grapefrugt Mandarin Merian kropsolie er en smuk olie til dem, der elsker den friske duft af citrus med et hint af krydrede urter.","og_url":"https:\/\/thewitcherycph.com\/da\/vare\/grapefrugt-mandarin-merian-kropsolie\/","og_site_name":"The Witchery CPH","article_modified_time":"2026-03-21T14:18:05+00:00","og_image":[{"width":1400,"height":1600,"url":"https:\/\/thewitcherycph.com\/wp-content\/uploads\/2025\/02\/grapefruit-manadrin-marjoram-body-oil-2-1.jpg","type":"image\/jpeg"}],"twitter_card":"summary_large_image","twitter_misc":{"Estimeret l\u00e6setid":"3 minutter"},"schema":{"@context":"https:\/\/schema.org","@graph":[{"@type":"WebPage","@id":"https:\/\/thewitcherycph.com\/da\/vare\/grapefrugt-mandarin-merian-kropsolie\/","url":"https:\/\/thewitcherycph.com\/da\/vare\/grapefrugt-mandarin-merian-kropsolie\/","name":"Grapefrugt Mandarin Merian Kropsolie - The Witchery CPH","isPartOf":{"@id":"https:\/\/thewitcherycph.com\/da\/#website"},"primaryImageOfPage":{"@id":"https:\/\/thewitcherycph.com\/da\/vare\/grapefrugt-mandarin-merian-kropsolie\/#primaryimage"},"image":{"@id":"https:\/\/thewitcherycph.com\/da\/vare\/grapefrugt-mandarin-merian-kropsolie\/#primaryimage"},"thumbnailUrl":"https:\/\/thewitcherycph.com\/wp-content\/uploads\/2025\/02\/grapefruit-manadrin-marjoram-body-oil-2-1.jpg","datePublished":"2025-08-28T16:09:18+00:00","dateModified":"2026-03-21T14:18:05+00:00","description":"Vores Grapefrugt Mandarin Merian kropsolie er en smuk olie til dem, der elsker den friske duft af citrus med et hint af krydrede urter.","breadcrumb":{"@id":"https:\/\/thewitcherycph.com\/da\/vare\/grapefrugt-mandarin-merian-kropsolie\/#breadcrumb"},"inLanguage":"da-DK","potentialAction":[{"@type":"ReadAction","target":["https:\/\/thewitcherycph.com\/da\/vare\/grapefrugt-mandarin-merian-kropsolie\/"]}]},{"@type":"ImageObject","inLanguage":"da-DK","@id":"https:\/\/thewitcherycph.com\/da\/vare\/grapefrugt-mandarin-merian-kropsolie\/#primaryimage","url":"https:\/\/thewitcherycph.com\/wp-content\/uploads\/2025\/02\/grapefruit-manadrin-marjoram-body-oil-2-1.jpg","contentUrl":"https:\/\/thewitcherycph.com\/wp-content\/uploads\/2025\/02\/grapefruit-manadrin-marjoram-body-oil-2-1.jpg","width":1400,"height":1600,"caption":"Grapefruit Mandarin Sweet Marjoram Body Oil"},{"@type":"BreadcrumbList","@id":"https:\/\/thewitcherycph.com\/da\/vare\/grapefrugt-mandarin-merian-kropsolie\/#breadcrumb","itemListElement":[{"@type":"ListItem","position":1,"name":"Home","item":"https:\/\/thewitcherycph.com\/da\/hjemside\/"},{"@type":"ListItem","position":2,"name":"Butik","item":"https:\/\/thewitcherycph.com\/da\/shop\/"},{"@type":"ListItem","position":3,"name":"Grapefrugt Mandarin Merian Kropsolie"}]},{"@type":"WebSite","@id":"https:\/\/thewitcherycph.com\/da\/#website","url":"https:\/\/thewitcherycph.com\/da\/","name":"The Witchery CPH","description":"Sustainable Natural Skincare from Copenhagen","potentialAction":[{"@type":"SearchAction","target":{"@type":"EntryPoint","urlTemplate":"https:\/\/thewitcherycph.com\/da\/?s={search_term_string}"},"query-input":{"@type":"PropertyValueSpecification","valueRequired":true,"valueName":"search_term_string"}}],"inLanguage":"da-DK"}]}},"_links":{"self":[{"href":"https:\/\/thewitcherycph.com\/da\/wp-json\/wp\/v2\/product\/7500","targetHints":{"allow":["GET"]}}],"collection":[{"href":"https:\/\/thewitcherycph.com\/da\/wp-json\/wp\/v2\/product"}],"about":[{"href":"https:\/\/thewitcherycph.com\/da\/wp-json\/wp\/v2\/types\/product"}],"replies":[{"embeddable":true,"href":"https:\/\/thewitcherycph.com\/da\/wp-json\/wp\/v2\/comments?post=7500"}],"wp:featuredmedia":[{"embeddable":true,"href":"https:\/\/thewitcherycph.com\/da\/wp-json\/wp\/v2\/media\/7026"}],"wp:attachment":[{"href":"https:\/\/thewitcherycph.com\/da\/wp-json\/wp\/v2\/media?parent=7500"}],"wp:term":[{"taxonomy":"product_brand","embeddable":true,"href":"https:\/\/thewitcherycph.com\/da\/wp-json\/wp\/v2\/product_brand?post=7500"},{"taxonomy":"product_cat","embeddable":true,"href":"https:\/\/thewitcherycph.com\/da\/wp-json\/wp\/v2\/product_cat?post=7500"},{"taxonomy":"product_tag","embeddable":true,"href":"https:\/\/thewitcherycph.com\/da\/wp-json\/wp\/v2\/product_tag?post=7500"}],"curies":[{"name":"wp","href":"https:\/\/api.w.org\/{rel}","templated":true}]}}