{"id":7499,"date":"2025-02-13T08:51:52","date_gmt":"2025-08-28T15:55:02","guid":{"rendered":"https:\/\/thewitcherycph.com\/product\/bergamotte-citron-kropsolie\/"},"modified":"2026-03-21T14:17:30","modified_gmt":"2026-03-21T14:17:30","slug":"bergamotte-citron-kropsolie","status":"publish","type":"product","link":"https:\/\/thewitcherycph.com\/da\/vare\/bergamotte-citron-kropsolie\/","title":{"rendered":"Bergamotte Citron Kropsolie"},"content":{"rendered":"<section class=\"wpb-content-wrapper\"><p>[vc_row][vc_column][konte_banner source=&#8221;external_link&#8221; text_position=&#8221;top-left&#8221; font_container=&#8221;font_size:40px&#8221; button_text=&#8221;&#8221; css=&#8221;.vc_custom_1620273975273{margin-bottom: 100px !important;}&#8221; custom_src=&#8221;https:\/\/thewitcherycph.com\/wp-content\/uploads\/2025\/02\/bergamot-lemon-citrus-body-oil-cover.jpg&#8221;]<br \/>\nBERGAMOTTE CITRON KROPSOLIE TIL DEN SICILIANSKE K\u00c6RLIGHEDSAFF\u00c6RE [\/konte_banner][\/vc_column][\/vc_row]<\/p>\n<p>[vc_row][vc_column width=&#8221;5\/6&#8243; offset=&#8221;vc_col-lg-offset-1 vc_col-md-offset-1&#8243;][vc_row_inner][vc_column_inner width=&#8221;1\/2&#8243;][vc_custom_heading text=&#8221;<br \/>\nFORDELE AF APRIKOS, BERGAMOTTE OG CITRON FOR KROPPEN<br \/>\n&#8221; use_theme_fonts=&#8221;yes&#8221; css=&#8221;.vc_custom_1536826700353{margin-top: 45px !important;margin-right: 65px !important;margin-bottom: 40px !important;margin-left: 65px !important;}&#8221;][vc_column_text css=&#8221;.vc_custom_1536826413162{margin-right: 65px !important;margin-bottom: 200px !important;margin-left: 65px !important;}&#8221;] Denne kropsolie er en italiensk dr\u00f8m g\u00e5et i opfyldelse. Vi bruger h\u00e5ndlavede, \u00f8kologiske \u00e6teriske olier fra vores partner &#8211; et lille, vidunderligt destilleri p\u00e5 Sicilien, der specialiserer sig i citrus olier. <\/p>\n<p>Vi bruger en nyligt koldpresset aprikoskerneolie (en let olie fyldt med E-vitamin, der hj\u00e6lper mod inflammation og t\u00f8r hud) og blander den med bergamotteolie (en sand heler, der l\u00f8fter hum\u00f8ret og beroliger sj\u00e6len) og citronolie (s\u00f8d og skarp duft, der renser sindet og beroliger kroppen).<\/p>\n<p>Bergamotte og citron komplimenterer hinanden perfekt, og er en sand fryd for alle citrus-elskere.<br \/>\n[\/vc_column_text][vc_single_image source=&#8221;external_link&#8221; css=&#8221;.vc_custom_1620273997007{margin-right: 55px !important;}&#8221;<br \/>\ncustom_src=&#8221;https:\/\/thewitcherycph.com\/wp-content\/uploads\/2025\/02\/bergamot-lemon-citrus-body-oil-5.jpg&#8221;][\/vc_column_inner]<\/p>\n<p>[vc_column_inner width=&#8221;1\/2&#8243;][vc_single_image source=&#8221;external_link&#8221; alignment=&#8221;right&#8221; css=&#8221;.vc_custom_1620274010228{margin-bottom: 220px !important;margin-left: 60px !important;}&#8221; custom_src=&#8221;https:\/\/thewitcherycph.com\/wp-content\/uploads\/2025\/02\/bergamot-lemon-citrus-body-oil-4.jpg&#8221;][vc_custom_heading text=&#8221;ANVENDELSE&#8221; use_theme_fonts=&#8221;yes&#8221; css=&#8221;.vc_custom_1536826773205{margin-right: 90px !important;margin-bottom: 56px !important;margin-left: 60px !important;}&#8221;][vc_column_text css=&#8221;.vc_custom_1536826780690{margin-right: 90px !important;margin-left: 60px !important;}&#8221;]<\/p>\n<p>[vc_custom_heading text=&#8221;&#8221; use_theme_fonts=&#8221;yes&#8221; css=&#8221;.vc_custom_1536826773205{margin-right: 90px !important;margin-bottom: 56px !important;margin-left: 60px !important;}&#8221;][vc_column_text css=&#8221;.vc_custom_1536826780690{margin-right: 90px !important;margin-left: 60px !important;}&#8221;]<\/p>\n<p>I italiensk heksepraksis (streghteria) bliver citroner brugt i k\u00e6rligheds- og renselsesritualer. I aromaterapi bliver \u00e6terisk citronolie brugt som en naturlig smertestillende. Oliens antidepressive og anti-stress kvaliteter kan hj\u00e6lpe vores krop med at forst\u00e5 og bearbejde vores smerte uden panik.  <\/p>\n<p>Vi anbefaler at bruge olien direkte efter badet p\u00e5 fugtig hud.<\/p>\n<p>Produktet er nyligt koldpresset fra europ\u00e6iske fr\u00f8 og kerner tilsat europ\u00e6iske \u00e6teriske olier. Ubearbejdet og uraffineret. 100% naturlig. Brug indenfor 12 m\u00e5neder efter \u00e5bning.<\/p>\n<p>[\/vc_column_text][\/vc_column_inner][\/vc_row_inner][\/vc_column][\/vc_row]<\/p>\n<h2><\/h2>\n<h2><\/h2>\n<h2><\/h2>\n<h2><\/h2>\n<p>&nbsp;<\/p>\n<p>&nbsp;<\/p>\n<h4>Alle vores produkter er lavet med europ\u00e6iske, b\u00e6redygtige ingredienser med mindst mulig spild. Vi er dedikerede til at g\u00f8re denne planet til et bedre sted og bruge de naturlige produkter, vi har lige uden foran vores d\u00f8r. Vi er The Witchery CPH, og vi tror p\u00e5 naturens magi.<\/h4>\n<p>&nbsp;<\/p>\n<p>FAQ<\/p>\n<hr>\n<p>Vi er cruelty-free, og vi tester aldrig p\u00e5 dyr. Alle produkter er lokale og b\u00e6redygtige. Alle vores produkter er lokale og b\u00e6redygtige. Vi bruger fr\u00f8, som er biprodukter af europ\u00e6isk f\u00f8devareproduktion, hvilket s\u00e6nker vores klimaaftryk og vandforbrug. Lokale fr\u00f8 betyder, at de ikke skal transporteres langt eller opbevares i lange perioder. De strenge regler for landbrug i EU sikrer ogs\u00e5, at vores fr\u00f8 har markedets h\u00f8jeste kvalitet. Dermed er vores produkter ikke bare b\u00e6redygtige, men ogs\u00e5 af fantastisk kvalitet.<\/p>\n<\/section>","protected":false},"excerpt":{"rendered":"<p>Vores Bergamotte Citron koldpresset kropsolie er mere eller mindre Siciliansk sommer p\u00e5 flaske.<\/p>\n<ul>\n<li>Fyldt med E-vitamin<\/li>\n<li>Let og samtidig fugtgivende olie<\/li>\n<li>Beskytter, fornyer og beroliger huden<\/li>\n<li>Bergamotte er opl\u00f8ftende, fremmer velv\u00e6re og dufter som en varm sommeraften<\/li>\n<li>Citron toner huden, l\u00f8fter hum\u00f8ret og giver energi<\/li>\n<li>Duft: citrus<\/li>\n<li>Dette produkt er fri for syntetiske ingredienser, konserveringsmidler, giftige kemikalier, parabener, tils\u00e6tningsstoffer og alt andet un\u00f8dvendigt.<\/li>\n<li>Brug indenfor 12 m\u00e5neder efter \u00e5bning, hold v\u00e6k fra direkte sol og varme.<\/li>\n<li>Europ\u00e6iske fr\u00f8 og kerner og \u00e6teriske olier fra Sicilien<\/li>\n<\/ul>\n","protected":false},"featured_media":7090,"comment_status":"open","ping_status":"closed","template":"","meta":[],"product_brand":[],"product_cat":[719,718,471],"product_tag":[721,726,728,727],"class_list":{"0":"post-7499","1":"product","2":"type-product","3":"status-publish","4":"has-post-thumbnail","6":"product_cat-krop","7":"product_cat-kropsolier","8":"product_cat-produkter","9":"product_tag-aprikos-kropsolie","10":"product_tag-bergamotte-kropsolie","11":"product_tag-citrusolie-fordele-for-huden","12":"product_tag-okologisk-citrus-kropsolie","14":"first","15":"instock","16":"taxable","17":"shipping-taxable","18":"purchasable","19":"product-type-simple"},"yoast_head":"<!-- This site is optimized with the Yoast SEO plugin v24.9 - https:\/\/yoast.com\/wordpress\/plugins\/seo\/ -->\n<title>Bergamotte Citron Kropsolie - The Witchery CPH<\/title>\n<meta name=\"description\" content=\"Vores Bergamotte Citron Kropsolie er lavet af velduftende citrusolier fra Sicilien, og er et fremragende valg for alle, der kan lide den friske duft af sommer.\" \/>\n<meta name=\"robots\" content=\"index, follow, max-snippet:-1, max-image-preview:large, max-video-preview:-1\" \/>\n<link rel=\"canonical\" href=\"https:\/\/thewitcherycph.com\/da\/vare\/bergamotte-citron-kropsolie\/\" \/>\n<meta property=\"og:locale\" content=\"da_DK\" \/>\n<meta property=\"og:type\" content=\"article\" \/>\n<meta property=\"og:title\" content=\"Bergamotte Citron Kropsolie - The Witchery CPH\" \/>\n<meta property=\"og:description\" content=\"Vores Bergamotte Citron Kropsolie er lavet af velduftende citrusolier fra Sicilien, og er et fremragende valg for alle, der kan lide den friske duft af sommer.\" \/>\n<meta property=\"og:url\" content=\"https:\/\/thewitcherycph.com\/da\/vare\/bergamotte-citron-kropsolie\/\" \/>\n<meta property=\"og:site_name\" content=\"The Witchery CPH\" \/>\n<meta property=\"article:modified_time\" content=\"2026-03-21T14:17:30+00:00\" \/>\n<meta property=\"og:image\" content=\"https:\/\/thewitcherycph.com\/wp-content\/uploads\/2025\/02\/bergamot-lemon-citrus-body-oil-5.jpg\" \/>\n\t<meta property=\"og:image:width\" content=\"1400\" \/>\n\t<meta property=\"og:image:height\" content=\"1600\" \/>\n\t<meta property=\"og:image:type\" content=\"image\/jpeg\" \/>\n<meta name=\"twitter:card\" content=\"summary_large_image\" \/>\n<meta name=\"twitter:label1\" content=\"Estimeret l\u00e6setid\" \/>\n\t<meta name=\"twitter:data1\" content=\"3 minutter\" \/>\n<script type=\"application\/ld+json\" class=\"yoast-schema-graph\">{\"@context\":\"https:\/\/schema.org\",\"@graph\":[{\"@type\":\"WebPage\",\"@id\":\"https:\/\/thewitcherycph.com\/da\/vare\/bergamotte-citron-kropsolie\/\",\"url\":\"https:\/\/thewitcherycph.com\/da\/vare\/bergamotte-citron-kropsolie\/\",\"name\":\"Bergamotte Citron Kropsolie - The Witchery CPH\",\"isPartOf\":{\"@id\":\"https:\/\/thewitcherycph.com\/da\/#website\"},\"primaryImageOfPage\":{\"@id\":\"https:\/\/thewitcherycph.com\/da\/vare\/bergamotte-citron-kropsolie\/#primaryimage\"},\"image\":{\"@id\":\"https:\/\/thewitcherycph.com\/da\/vare\/bergamotte-citron-kropsolie\/#primaryimage\"},\"thumbnailUrl\":\"https:\/\/thewitcherycph.com\/wp-content\/uploads\/2025\/02\/bergamot-lemon-citrus-body-oil-5.jpg\",\"datePublished\":\"2025-08-28T15:55:02+00:00\",\"dateModified\":\"2026-03-21T14:17:30+00:00\",\"description\":\"Vores Bergamotte Citron Kropsolie er lavet af velduftende citrusolier fra Sicilien, og er et fremragende valg for alle, der kan lide den friske duft af sommer.\",\"breadcrumb\":{\"@id\":\"https:\/\/thewitcherycph.com\/da\/vare\/bergamotte-citron-kropsolie\/#breadcrumb\"},\"inLanguage\":\"da-DK\",\"potentialAction\":[{\"@type\":\"ReadAction\",\"target\":[\"https:\/\/thewitcherycph.com\/da\/vare\/bergamotte-citron-kropsolie\/\"]}]},{\"@type\":\"ImageObject\",\"inLanguage\":\"da-DK\",\"@id\":\"https:\/\/thewitcherycph.com\/da\/vare\/bergamotte-citron-kropsolie\/#primaryimage\",\"url\":\"https:\/\/thewitcherycph.com\/wp-content\/uploads\/2025\/02\/bergamot-lemon-citrus-body-oil-5.jpg\",\"contentUrl\":\"https:\/\/thewitcherycph.com\/wp-content\/uploads\/2025\/02\/bergamot-lemon-citrus-body-oil-5.jpg\",\"width\":1400,\"height\":1600,\"caption\":\"Bergamot Lemon Cold Pressed Body Oil\"},{\"@type\":\"BreadcrumbList\",\"@id\":\"https:\/\/thewitcherycph.com\/da\/vare\/bergamotte-citron-kropsolie\/#breadcrumb\",\"itemListElement\":[{\"@type\":\"ListItem\",\"position\":1,\"name\":\"Home\",\"item\":\"https:\/\/thewitcherycph.com\/da\/hjemside\/\"},{\"@type\":\"ListItem\",\"position\":2,\"name\":\"Butik\",\"item\":\"https:\/\/thewitcherycph.com\/da\/shop\/\"},{\"@type\":\"ListItem\",\"position\":3,\"name\":\"Bergamotte Citron Kropsolie\"}]},{\"@type\":\"WebSite\",\"@id\":\"https:\/\/thewitcherycph.com\/da\/#website\",\"url\":\"https:\/\/thewitcherycph.com\/da\/\",\"name\":\"The Witchery CPH\",\"description\":\"Sustainable Natural Skincare from Copenhagen\",\"potentialAction\":[{\"@type\":\"SearchAction\",\"target\":{\"@type\":\"EntryPoint\",\"urlTemplate\":\"https:\/\/thewitcherycph.com\/da\/?s={search_term_string}\"},\"query-input\":{\"@type\":\"PropertyValueSpecification\",\"valueRequired\":true,\"valueName\":\"search_term_string\"}}],\"inLanguage\":\"da-DK\"}]}<\/script>\n<!-- \/ Yoast SEO plugin. -->","yoast_head_json":{"title":"Bergamotte Citron Kropsolie - The Witchery CPH","description":"Vores Bergamotte Citron Kropsolie er lavet af velduftende citrusolier fra Sicilien, og er et fremragende valg for alle, der kan lide den friske duft af sommer.","robots":{"index":"index","follow":"follow","max-snippet":"max-snippet:-1","max-image-preview":"max-image-preview:large","max-video-preview":"max-video-preview:-1"},"canonical":"https:\/\/thewitcherycph.com\/da\/vare\/bergamotte-citron-kropsolie\/","og_locale":"da_DK","og_type":"article","og_title":"Bergamotte Citron Kropsolie - The Witchery CPH","og_description":"Vores Bergamotte Citron Kropsolie er lavet af velduftende citrusolier fra Sicilien, og er et fremragende valg for alle, der kan lide den friske duft af sommer.","og_url":"https:\/\/thewitcherycph.com\/da\/vare\/bergamotte-citron-kropsolie\/","og_site_name":"The Witchery CPH","article_modified_time":"2026-03-21T14:17:30+00:00","og_image":[{"width":1400,"height":1600,"url":"https:\/\/thewitcherycph.com\/wp-content\/uploads\/2025\/02\/bergamot-lemon-citrus-body-oil-5.jpg","type":"image\/jpeg"}],"twitter_card":"summary_large_image","twitter_misc":{"Estimeret l\u00e6setid":"3 minutter"},"schema":{"@context":"https:\/\/schema.org","@graph":[{"@type":"WebPage","@id":"https:\/\/thewitcherycph.com\/da\/vare\/bergamotte-citron-kropsolie\/","url":"https:\/\/thewitcherycph.com\/da\/vare\/bergamotte-citron-kropsolie\/","name":"Bergamotte Citron Kropsolie - The Witchery CPH","isPartOf":{"@id":"https:\/\/thewitcherycph.com\/da\/#website"},"primaryImageOfPage":{"@id":"https:\/\/thewitcherycph.com\/da\/vare\/bergamotte-citron-kropsolie\/#primaryimage"},"image":{"@id":"https:\/\/thewitcherycph.com\/da\/vare\/bergamotte-citron-kropsolie\/#primaryimage"},"thumbnailUrl":"https:\/\/thewitcherycph.com\/wp-content\/uploads\/2025\/02\/bergamot-lemon-citrus-body-oil-5.jpg","datePublished":"2025-08-28T15:55:02+00:00","dateModified":"2026-03-21T14:17:30+00:00","description":"Vores Bergamotte Citron Kropsolie er lavet af velduftende citrusolier fra Sicilien, og er et fremragende valg for alle, der kan lide den friske duft af sommer.","breadcrumb":{"@id":"https:\/\/thewitcherycph.com\/da\/vare\/bergamotte-citron-kropsolie\/#breadcrumb"},"inLanguage":"da-DK","potentialAction":[{"@type":"ReadAction","target":["https:\/\/thewitcherycph.com\/da\/vare\/bergamotte-citron-kropsolie\/"]}]},{"@type":"ImageObject","inLanguage":"da-DK","@id":"https:\/\/thewitcherycph.com\/da\/vare\/bergamotte-citron-kropsolie\/#primaryimage","url":"https:\/\/thewitcherycph.com\/wp-content\/uploads\/2025\/02\/bergamot-lemon-citrus-body-oil-5.jpg","contentUrl":"https:\/\/thewitcherycph.com\/wp-content\/uploads\/2025\/02\/bergamot-lemon-citrus-body-oil-5.jpg","width":1400,"height":1600,"caption":"Bergamot Lemon Cold Pressed Body Oil"},{"@type":"BreadcrumbList","@id":"https:\/\/thewitcherycph.com\/da\/vare\/bergamotte-citron-kropsolie\/#breadcrumb","itemListElement":[{"@type":"ListItem","position":1,"name":"Home","item":"https:\/\/thewitcherycph.com\/da\/hjemside\/"},{"@type":"ListItem","position":2,"name":"Butik","item":"https:\/\/thewitcherycph.com\/da\/shop\/"},{"@type":"ListItem","position":3,"name":"Bergamotte Citron Kropsolie"}]},{"@type":"WebSite","@id":"https:\/\/thewitcherycph.com\/da\/#website","url":"https:\/\/thewitcherycph.com\/da\/","name":"The Witchery CPH","description":"Sustainable Natural Skincare from Copenhagen","potentialAction":[{"@type":"SearchAction","target":{"@type":"EntryPoint","urlTemplate":"https:\/\/thewitcherycph.com\/da\/?s={search_term_string}"},"query-input":{"@type":"PropertyValueSpecification","valueRequired":true,"valueName":"search_term_string"}}],"inLanguage":"da-DK"}]}},"_links":{"self":[{"href":"https:\/\/thewitcherycph.com\/da\/wp-json\/wp\/v2\/product\/7499","targetHints":{"allow":["GET"]}}],"collection":[{"href":"https:\/\/thewitcherycph.com\/da\/wp-json\/wp\/v2\/product"}],"about":[{"href":"https:\/\/thewitcherycph.com\/da\/wp-json\/wp\/v2\/types\/product"}],"replies":[{"embeddable":true,"href":"https:\/\/thewitcherycph.com\/da\/wp-json\/wp\/v2\/comments?post=7499"}],"wp:featuredmedia":[{"embeddable":true,"href":"https:\/\/thewitcherycph.com\/da\/wp-json\/wp\/v2\/media\/7090"}],"wp:attachment":[{"href":"https:\/\/thewitcherycph.com\/da\/wp-json\/wp\/v2\/media?parent=7499"}],"wp:term":[{"taxonomy":"product_brand","embeddable":true,"href":"https:\/\/thewitcherycph.com\/da\/wp-json\/wp\/v2\/product_brand?post=7499"},{"taxonomy":"product_cat","embeddable":true,"href":"https:\/\/thewitcherycph.com\/da\/wp-json\/wp\/v2\/product_cat?post=7499"},{"taxonomy":"product_tag","embeddable":true,"href":"https:\/\/thewitcherycph.com\/da\/wp-json\/wp\/v2\/product_tag?post=7499"}],"curies":[{"name":"wp","href":"https:\/\/api.w.org\/{rel}","templated":true}]}}