{"id":7495,"date":"2025-02-13T21:10:00","date_gmt":"2025-08-26T16:02:58","guid":{"rendered":"https:\/\/thewitcherycph.com\/product\/lavendel-enebaer-laurbaer-kropsolie\/"},"modified":"2025-12-22T13:49:36","modified_gmt":"2025-12-22T13:49:36","slug":"lavendel-enebaer-laurbaer-kropsolie","status":"publish","type":"product","link":"https:\/\/thewitcherycph.com\/da\/vare\/lavendel-enebaer-laurbaer-kropsolie\/","title":{"rendered":"Lavendel Eneb\u00e6r Laurb\u00e6r Kropsolie"},"content":{"rendered":"<section class=\"wpb-content-wrapper\"><p>[vc_row][vc_column][konte_banner source=&#8221;external_link&#8221; text_position=&#8221;top-left&#8221; font_container=&#8221;font_size:40px&#8221; button_text=&#8221;&#8221; css=&#8221;.vc_custom_1620273975273{margin-bottom: 100px !important;}&#8221; custom_src=&#8221;https:\/\/thewitcherycph.com\/wp-content\/uploads\/2025\/02\/lavender-juniper-laurel-muscle-relaxing-body-oil-cover.jpg&#8221;]<br \/>\nNOTER AF TR\u00c6 OG URTER FRA LAVENDEL OG LAURB\u00c6R   [\/konte_banner][\/vc_column][\/vc_row]<\/p>\n<p>[vc_row][vc_column width=&#8221;5\/6&#8243; offset=&#8221;vc_col-lg-offset-1 vc_col-md-offset-1&#8243;][vc_row_inner][vc_column_inner width=&#8221;1\/2&#8243;][vc_custom_heading text=&#8221;<br \/>\nFORDELE AF APRIKOS, LAVENDEL, ENEB\u00c6R OG LAURB\u00c6R FOR KROP OG SJ\u00c6L<br \/>\n&#8221; use_theme_fonts=&#8221;yes&#8221; css=&#8221;.vc_custom_1536826700353{margin-top: 45px !important;margin-right: 65px !important;margin-bottom: 40px !important;margin-left: 65px !important;}&#8221;][vc_column_text css=&#8221;.vc_custom_1536826413162{margin-right: 65px !important;margin-bottom: 200px !important;margin-left: 65px !important;}&#8221;] Lavendel-, eneb\u00e6r- og laurb\u00e6rolie er traditionelt benyttet til at afslappe musklerne og lindre muskelsmerter. Urterne harmonerer smukt med hinanden og skaber en varm, krydret og sensuel duft, som med fordel kan bruges sidst p\u00e5 dagen som massage olie til at afkoble og slappe af. <\/p>\n<p>Udover at v\u00e6re helende og beroligende, har lavendelolie opl\u00f8ftende og angstd\u00e6mpende egenskaber (link til unders\u00f8gelse <a href=\"https:\/\/pubmed.ncbi.nlm.nih.gov\/37998470\/\" target=\"_blank\">her<\/a> og <a href=\"https:\/\/pubmed.ncbi.nlm.nih.gov\/37966400\/\" target=\"_blank\">her<\/a> ).<\/p>\n<p>Eneb\u00e6rolie d\u00e6mper akneudbrud og afhj\u00e6lper reumatisme og gigt.<\/p>\n<p>Laurb\u00e6rolie er forbundet med velv\u00e6re, indre fred og selvsikkerhed. I folkeminder har laurb\u00e6r v\u00e6ret forbundet med viden, is\u00e6r viden om den spirituelle verden og kundskaben at kunne se dybere og l\u00e6ngere end den materielle verden, som vi kalder virkeligheden. <\/p>\n<p>[\/vc_column_text][vc_single_image source=&#8221;external_link&#8221; css=&#8221;.vc_custom_1620273997007{margin-right: 55px !important;}&#8221;<br \/>\ncustom_src=&#8221;https:\/\/thewitcherycph.com\/wp-content\/uploads\/2025\/02\/lavender-juniper-laurel-muscle-relaxing-body-oil.jpg&#8221;][\/vc_column_inner]<\/p>\n<p>[vc_column_inner width=&#8221;1\/2&#8243;][vc_single_image source=&#8221;external_link&#8221; alignment=&#8221;right&#8221; css=&#8221;.vc_custom_1620274010228{margin-bottom: 220px !important;margin-left: 60px !important;}&#8221; custom_src=&#8221;https:\/\/thewitcherycph.com\/wp-content\/uploads\/2025\/02\/skin-benefits-of-juniper-oil.jpg&#8221;][vc_custom_heading text=&#8221;ANVENDELSE&#8221; use_theme_fonts=&#8221;yes&#8221; css=&#8221;.vc_custom_1536826773205{margin-right: 90px !important;margin-bottom: 56px !important;margin-left: 60px !important;}&#8221;][vc_column_text css=&#8221;.vc_custom_1536826780690{margin-right: 90px !important;margin-left: 60px !important;}&#8221;]<\/p>\n<p>[vc_custom_heading text=&#8221;&#8221; use_theme_fonts=&#8221;yes&#8221; css=&#8221;.vc_custom_1536826773205{margin-right: 90px !important;margin-bottom: 56px !important;margin-left: 60px !important;}&#8221;][vc_column_text css=&#8221;.vc_custom_1536826780690{margin-right: 90px !important;margin-left: 60px !important;}&#8221;]<\/p>\n<p>Som base bruger vi nyligt koldpresset aprikoskerneolie, som er en let olie fyldt med vitamin E, der hj\u00e6lper mod inflammation og t\u00f8r hud.<\/p>\n<p>Olien har en behagelig jordn\u00e6r duft af tr\u00e6, der varmer hjertet og sindet.<\/p>\n<p>Vi anbefaler at bruge olien direkte efter badet p\u00e5 fugtig hud. P\u00e5f\u00f8r den gerne i forbindelse med massage og meditation. <\/p>\n<p>Produktet er nyligt koldpresset fra europ\u00e6iske fr\u00f8 og kerner tilsat europ\u00e6iske \u00e6teriske olier. Ubearbejdet og uraffineret. 100% naturlig. Brug indenfor 12 m\u00e5neder efter \u00e5bning.<\/p>\n<p>[\/vc_column_text][\/vc_column_inner][\/vc_row_inner][\/vc_column][\/vc_row]<\/p>\n<h2><\/h2>\n<h2><\/h2>\n<h2><\/h2>\n<h2><\/h2>\n<p>&nbsp;<\/p>\n<p>&nbsp;<\/p>\n<h4>Alle vores produkter er lavet med europ\u00e6iske, b\u00e6redygtige ingredienser med mindst mulig spild. Vi er dedikerede til at g\u00f8re denne planet til et bedre sted og bruge de naturlige produkter, vi har lige uden foran vores d\u00f8r. Vi er The Witchery CPH, og vi tror p\u00e5 naturens magi.<\/h4>\n<p>&nbsp;<\/p>\n<p>FAQ<\/p>\n<hr>\n<p>Vi er cruelty-free, og vi tester aldrig p\u00e5 dyr. Alle produkter er lokale og b\u00e6redygtige. Alle vores produkter er lokale og b\u00e6redygtige. Vi bruger fr\u00f8, som er biprodukter af europ\u00e6isk f\u00f8devareproduktion, hvilket s\u00e6nker vores klimaaftryk og vandforbrug. Lokale fr\u00f8 betyder, at de ikke skal transporteres langt eller opbevares i lange perioder. De strenge regler for landbrug i EU sikrer ogs\u00e5, at vores fr\u00f8 har markedets h\u00f8jeste kvalitet. Dermed er vores produkter ikke bare b\u00e6redygtige, men ogs\u00e5 af fantastisk kvalitet.<\/p>\n<\/section>","protected":false},"excerpt":{"rendered":"<p>Vores Lavendel Eneb\u00e6r Laurb\u00e6r kropsolie er en l\u00e6kker, jordn\u00e6r duft af tr\u00e6 og skov, der letter sj\u00e6len og beroliger kroppen. Den perfekte b\u00e6redygtige massageolie. <\/p>\n<ul>\n<li>Fyldt med E-vitamin<\/li>\n<li>Let og samtidig fugtgivende olie <\/li>\n<li>En fantastisk b\u00e6redygtig massageolie<\/li>\n<li>Lavendel er beroligende, lindrende og afslappende. Olien letter sj\u00e6len og beroliger sindet<\/li>\n<li>Eneb\u00e6r bruges til at lindre muskels-, led- og gigtsmerter<\/li>\n<li>Laurb\u00e6r forbindes traditionelt med indre fred, visdom og selvsikkerhed <\/li>\n<li>Dette produkt er fri for syntetiske ingredienser, konserveringsmidler, giftige kemikalier, parabener, tils\u00e6tningsstoffer og alt andet un\u00f8dvendigt.<\/li>\n<li>Brug indenfor 12 m\u00e5neder efter \u00e5bning, hold v\u00e6k fra direkte sol og varme.<\/li>\n<li>EU fr\u00f8 og planter<\/li>\n<\/ul>\n","protected":false},"featured_media":7039,"comment_status":"open","ping_status":"closed","template":"","meta":[],"product_brand":[],"product_cat":[719,718,698,471],"product_tag":[721,723,725,720,724,722],"class_list":{"0":"post-7495","1":"product","2":"type-product","3":"status-publish","4":"has-post-thumbnail","6":"product_cat-krop","7":"product_cat-kropsolier","8":"product_cat-vores-nyeste-partier","9":"product_cat-produkter","10":"product_tag-aprikos-kropsolie","11":"product_tag-jordnaer-kropsolie","12":"product_tag-massageoile","13":"product_tag-muskelberoligende-kropsolie","14":"product_tag-musklekrampe-kropsolie","15":"product_tag-traeet-kropsolie","17":"first","18":"instock","19":"taxable","20":"shipping-taxable","21":"purchasable","22":"product-type-simple"},"yoast_head":"<!-- This site is optimized with the Yoast SEO plugin v24.9 - https:\/\/yoast.com\/wordpress\/plugins\/seo\/ -->\n<title>Lavendel Eneb\u00e6r Laurb\u00e6r Kropsolie - The Witchery CPH<\/title>\n<meta name=\"description\" content=\"Vores Lavendel Eneb\u00e6r Laurb\u00e6r kropsolie er en l\u00e6kker, jordn\u00e6r duft af tr\u00e6 og skov, der letter sj\u00e6len og beroliger kroppen. Den perfekte b\u00e6redygtige massageolie.\" \/>\n<meta name=\"robots\" content=\"index, follow, max-snippet:-1, max-image-preview:large, max-video-preview:-1\" \/>\n<link rel=\"canonical\" href=\"https:\/\/thewitcherycph.com\/da\/vare\/lavendel-enebaer-laurbaer-kropsolie\/\" \/>\n<meta property=\"og:locale\" content=\"da_DK\" \/>\n<meta property=\"og:type\" content=\"article\" \/>\n<meta property=\"og:title\" content=\"Lavendel Eneb\u00e6r Laurb\u00e6r Kropsolie - The Witchery CPH\" \/>\n<meta property=\"og:description\" content=\"Vores Lavendel Eneb\u00e6r Laurb\u00e6r kropsolie er en l\u00e6kker, jordn\u00e6r duft af tr\u00e6 og skov, der letter sj\u00e6len og beroliger kroppen. Den perfekte b\u00e6redygtige massageolie.\" \/>\n<meta property=\"og:url\" content=\"https:\/\/thewitcherycph.com\/da\/vare\/lavendel-enebaer-laurbaer-kropsolie\/\" \/>\n<meta property=\"og:site_name\" content=\"The Witchery CPH\" \/>\n<meta property=\"article:modified_time\" content=\"2025-12-22T13:49:36+00:00\" \/>\n<meta property=\"og:image\" content=\"https:\/\/thewitcherycph.com\/wp-content\/uploads\/2025\/02\/lavender-juniper-laurel-muscle-relaxing-body-oil-3.jpg\" \/>\n\t<meta property=\"og:image:width\" content=\"1400\" \/>\n\t<meta property=\"og:image:height\" content=\"1600\" \/>\n\t<meta property=\"og:image:type\" content=\"image\/jpeg\" \/>\n<meta name=\"twitter:card\" content=\"summary_large_image\" \/>\n<meta name=\"twitter:label1\" content=\"Estimeret l\u00e6setid\" \/>\n\t<meta name=\"twitter:data1\" content=\"3 minutter\" \/>\n<script type=\"application\/ld+json\" class=\"yoast-schema-graph\">{\"@context\":\"https:\/\/schema.org\",\"@graph\":[{\"@type\":\"WebPage\",\"@id\":\"https:\/\/thewitcherycph.com\/da\/vare\/lavendel-enebaer-laurbaer-kropsolie\/\",\"url\":\"https:\/\/thewitcherycph.com\/da\/vare\/lavendel-enebaer-laurbaer-kropsolie\/\",\"name\":\"Lavendel Eneb\u00e6r Laurb\u00e6r Kropsolie - The Witchery CPH\",\"isPartOf\":{\"@id\":\"https:\/\/thewitcherycph.com\/da\/#website\"},\"primaryImageOfPage\":{\"@id\":\"https:\/\/thewitcherycph.com\/da\/vare\/lavendel-enebaer-laurbaer-kropsolie\/#primaryimage\"},\"image\":{\"@id\":\"https:\/\/thewitcherycph.com\/da\/vare\/lavendel-enebaer-laurbaer-kropsolie\/#primaryimage\"},\"thumbnailUrl\":\"https:\/\/thewitcherycph.com\/wp-content\/uploads\/2025\/02\/lavender-juniper-laurel-muscle-relaxing-body-oil-3.jpg\",\"datePublished\":\"2025-08-26T16:02:58+00:00\",\"dateModified\":\"2025-12-22T13:49:36+00:00\",\"description\":\"Vores Lavendel Eneb\u00e6r Laurb\u00e6r kropsolie er en l\u00e6kker, jordn\u00e6r duft af tr\u00e6 og skov, der letter sj\u00e6len og beroliger kroppen. Den perfekte b\u00e6redygtige massageolie.\",\"breadcrumb\":{\"@id\":\"https:\/\/thewitcherycph.com\/da\/vare\/lavendel-enebaer-laurbaer-kropsolie\/#breadcrumb\"},\"inLanguage\":\"da-DK\",\"potentialAction\":[{\"@type\":\"ReadAction\",\"target\":[\"https:\/\/thewitcherycph.com\/da\/vare\/lavendel-enebaer-laurbaer-kropsolie\/\"]}]},{\"@type\":\"ImageObject\",\"inLanguage\":\"da-DK\",\"@id\":\"https:\/\/thewitcherycph.com\/da\/vare\/lavendel-enebaer-laurbaer-kropsolie\/#primaryimage\",\"url\":\"https:\/\/thewitcherycph.com\/wp-content\/uploads\/2025\/02\/lavender-juniper-laurel-muscle-relaxing-body-oil-3.jpg\",\"contentUrl\":\"https:\/\/thewitcherycph.com\/wp-content\/uploads\/2025\/02\/lavender-juniper-laurel-muscle-relaxing-body-oil-3.jpg\",\"width\":1400,\"height\":1600,\"caption\":\"Lavender Laurel leaf Juniper muscle relaxing, woody Body oil\"},{\"@type\":\"BreadcrumbList\",\"@id\":\"https:\/\/thewitcherycph.com\/da\/vare\/lavendel-enebaer-laurbaer-kropsolie\/#breadcrumb\",\"itemListElement\":[{\"@type\":\"ListItem\",\"position\":1,\"name\":\"Home\",\"item\":\"https:\/\/thewitcherycph.com\/da\/hjemside\/\"},{\"@type\":\"ListItem\",\"position\":2,\"name\":\"Butik\",\"item\":\"https:\/\/thewitcherycph.com\/da\/shop\/\"},{\"@type\":\"ListItem\",\"position\":3,\"name\":\"Lavendel Eneb\u00e6r Laurb\u00e6r Kropsolie\"}]},{\"@type\":\"WebSite\",\"@id\":\"https:\/\/thewitcherycph.com\/da\/#website\",\"url\":\"https:\/\/thewitcherycph.com\/da\/\",\"name\":\"The Witchery CPH\",\"description\":\"Sustainable Natural Skincare from Copenhagen\",\"potentialAction\":[{\"@type\":\"SearchAction\",\"target\":{\"@type\":\"EntryPoint\",\"urlTemplate\":\"https:\/\/thewitcherycph.com\/da\/?s={search_term_string}\"},\"query-input\":{\"@type\":\"PropertyValueSpecification\",\"valueRequired\":true,\"valueName\":\"search_term_string\"}}],\"inLanguage\":\"da-DK\"}]}<\/script>\n<!-- \/ Yoast SEO plugin. -->","yoast_head_json":{"title":"Lavendel Eneb\u00e6r Laurb\u00e6r Kropsolie - The Witchery CPH","description":"Vores Lavendel Eneb\u00e6r Laurb\u00e6r kropsolie er en l\u00e6kker, jordn\u00e6r duft af tr\u00e6 og skov, der letter sj\u00e6len og beroliger kroppen. Den perfekte b\u00e6redygtige massageolie.","robots":{"index":"index","follow":"follow","max-snippet":"max-snippet:-1","max-image-preview":"max-image-preview:large","max-video-preview":"max-video-preview:-1"},"canonical":"https:\/\/thewitcherycph.com\/da\/vare\/lavendel-enebaer-laurbaer-kropsolie\/","og_locale":"da_DK","og_type":"article","og_title":"Lavendel Eneb\u00e6r Laurb\u00e6r Kropsolie - The Witchery CPH","og_description":"Vores Lavendel Eneb\u00e6r Laurb\u00e6r kropsolie er en l\u00e6kker, jordn\u00e6r duft af tr\u00e6 og skov, der letter sj\u00e6len og beroliger kroppen. Den perfekte b\u00e6redygtige massageolie.","og_url":"https:\/\/thewitcherycph.com\/da\/vare\/lavendel-enebaer-laurbaer-kropsolie\/","og_site_name":"The Witchery CPH","article_modified_time":"2025-12-22T13:49:36+00:00","og_image":[{"width":1400,"height":1600,"url":"https:\/\/thewitcherycph.com\/wp-content\/uploads\/2025\/02\/lavender-juniper-laurel-muscle-relaxing-body-oil-3.jpg","type":"image\/jpeg"}],"twitter_card":"summary_large_image","twitter_misc":{"Estimeret l\u00e6setid":"3 minutter"},"schema":{"@context":"https:\/\/schema.org","@graph":[{"@type":"WebPage","@id":"https:\/\/thewitcherycph.com\/da\/vare\/lavendel-enebaer-laurbaer-kropsolie\/","url":"https:\/\/thewitcherycph.com\/da\/vare\/lavendel-enebaer-laurbaer-kropsolie\/","name":"Lavendel Eneb\u00e6r Laurb\u00e6r Kropsolie - The Witchery CPH","isPartOf":{"@id":"https:\/\/thewitcherycph.com\/da\/#website"},"primaryImageOfPage":{"@id":"https:\/\/thewitcherycph.com\/da\/vare\/lavendel-enebaer-laurbaer-kropsolie\/#primaryimage"},"image":{"@id":"https:\/\/thewitcherycph.com\/da\/vare\/lavendel-enebaer-laurbaer-kropsolie\/#primaryimage"},"thumbnailUrl":"https:\/\/thewitcherycph.com\/wp-content\/uploads\/2025\/02\/lavender-juniper-laurel-muscle-relaxing-body-oil-3.jpg","datePublished":"2025-08-26T16:02:58+00:00","dateModified":"2025-12-22T13:49:36+00:00","description":"Vores Lavendel Eneb\u00e6r Laurb\u00e6r kropsolie er en l\u00e6kker, jordn\u00e6r duft af tr\u00e6 og skov, der letter sj\u00e6len og beroliger kroppen. Den perfekte b\u00e6redygtige massageolie.","breadcrumb":{"@id":"https:\/\/thewitcherycph.com\/da\/vare\/lavendel-enebaer-laurbaer-kropsolie\/#breadcrumb"},"inLanguage":"da-DK","potentialAction":[{"@type":"ReadAction","target":["https:\/\/thewitcherycph.com\/da\/vare\/lavendel-enebaer-laurbaer-kropsolie\/"]}]},{"@type":"ImageObject","inLanguage":"da-DK","@id":"https:\/\/thewitcherycph.com\/da\/vare\/lavendel-enebaer-laurbaer-kropsolie\/#primaryimage","url":"https:\/\/thewitcherycph.com\/wp-content\/uploads\/2025\/02\/lavender-juniper-laurel-muscle-relaxing-body-oil-3.jpg","contentUrl":"https:\/\/thewitcherycph.com\/wp-content\/uploads\/2025\/02\/lavender-juniper-laurel-muscle-relaxing-body-oil-3.jpg","width":1400,"height":1600,"caption":"Lavender Laurel leaf Juniper muscle relaxing, woody Body oil"},{"@type":"BreadcrumbList","@id":"https:\/\/thewitcherycph.com\/da\/vare\/lavendel-enebaer-laurbaer-kropsolie\/#breadcrumb","itemListElement":[{"@type":"ListItem","position":1,"name":"Home","item":"https:\/\/thewitcherycph.com\/da\/hjemside\/"},{"@type":"ListItem","position":2,"name":"Butik","item":"https:\/\/thewitcherycph.com\/da\/shop\/"},{"@type":"ListItem","position":3,"name":"Lavendel Eneb\u00e6r Laurb\u00e6r Kropsolie"}]},{"@type":"WebSite","@id":"https:\/\/thewitcherycph.com\/da\/#website","url":"https:\/\/thewitcherycph.com\/da\/","name":"The Witchery CPH","description":"Sustainable Natural Skincare from Copenhagen","potentialAction":[{"@type":"SearchAction","target":{"@type":"EntryPoint","urlTemplate":"https:\/\/thewitcherycph.com\/da\/?s={search_term_string}"},"query-input":{"@type":"PropertyValueSpecification","valueRequired":true,"valueName":"search_term_string"}}],"inLanguage":"da-DK"}]}},"_links":{"self":[{"href":"https:\/\/thewitcherycph.com\/da\/wp-json\/wp\/v2\/product\/7495","targetHints":{"allow":["GET"]}}],"collection":[{"href":"https:\/\/thewitcherycph.com\/da\/wp-json\/wp\/v2\/product"}],"about":[{"href":"https:\/\/thewitcherycph.com\/da\/wp-json\/wp\/v2\/types\/product"}],"replies":[{"embeddable":true,"href":"https:\/\/thewitcherycph.com\/da\/wp-json\/wp\/v2\/comments?post=7495"}],"wp:featuredmedia":[{"embeddable":true,"href":"https:\/\/thewitcherycph.com\/da\/wp-json\/wp\/v2\/media\/7039"}],"wp:attachment":[{"href":"https:\/\/thewitcherycph.com\/da\/wp-json\/wp\/v2\/media?parent=7495"}],"wp:term":[{"taxonomy":"product_brand","embeddable":true,"href":"https:\/\/thewitcherycph.com\/da\/wp-json\/wp\/v2\/product_brand?post=7495"},{"taxonomy":"product_cat","embeddable":true,"href":"https:\/\/thewitcherycph.com\/da\/wp-json\/wp\/v2\/product_cat?post=7495"},{"taxonomy":"product_tag","embeddable":true,"href":"https:\/\/thewitcherycph.com\/da\/wp-json\/wp\/v2\/product_tag?post=7495"}],"curies":[{"name":"wp","href":"https:\/\/api.w.org\/{rel}","templated":true}]}}