{"id":7492,"date":"2025-08-26T15:04:25","date_gmt":"2025-08-26T15:04:25","guid":{"rendered":"https:\/\/thewitcherycph.com\/product\/oekologisk-citronmelisse-ansigtstoner\/"},"modified":"2026-03-27T16:15:34","modified_gmt":"2026-03-27T16:15:34","slug":"oekologisk-citronmelisse-ansigtstoner","status":"publish","type":"product","link":"https:\/\/thewitcherycph.com\/da\/vare\/oekologisk-citronmelisse-ansigtstoner\/","title":{"rendered":"\u00d8kologisk Citronmelisse Ansigtstoner"},"content":{"rendered":"<section class=\"wpb-content-wrapper\"><p>[vc_row][vc_column][konte_banner source=&#8221;external_link&#8221; text_position=&#8221;top-left&#8221; font_container=&#8221;font_size:40px&#8221; button_text=&#8221;&#8221; css=&#8221;.vc_custom_1620273975273{margin-bottom: 100px !important;}&#8221; custom_src=&#8221;https:\/\/thewitcherycph.com\/wp-content\/uploads\/2025\/07\/organic-lemon-balm-face-tonic-cover-the-witchery-cph.jpg&#8221;]<br \/>\nCITRONMELISSE BETRAGTES SOM EN HEKSEURT,<br \/>\nHVIS HELLIGE VIDEN GUDINDEN HECATE VIDEREGAV<br \/>TIL HENDES D\u00d8TRE, CIRCE OG MEDEA. [\/konte_banner][\/vc_column][\/vc_row]<\/p>\n<p>[vc_row][vc_column width=&#8221;5\/6&#8243; offset=&#8221;vc_col-lg-offset-1 vc_col-md-offset-1&#8243;][vc_row_inner][vc_column_inner width=&#8221;1\/2&#8243;][vc_custom_heading text=&#8221;<br \/>\nCITRONMELISSES<br \/>\nFORDELE FOR HUDEN<br \/>\n&#8221; use_theme_fonts=&#8221;yes&#8221; css=&#8221;.vc_custom_1536826700353{margin-top: 45px !important;margin-right: 65px !important;margin-bottom: 40px !important;margin-left: 65px !important;}&#8221;][vc_column_text css=&#8221;.vc_custom_1536826413162{margin-right: 65px !important;margin-bottom: 200px !important;margin-left: 65px !important;}&#8221;] <\/p>\n<p>Citronmelisse er et kendt middel mod en r\u00e6kke hudsygdomme p\u00e5 grund af plantens antibakterielle, svampedr\u00e6bende og antioxidante egenskaber.<\/p>\n<p>Citronmelisse Ansigtstoneren er fremstillet ved at dampdestillere \u00f8kologisk citronmelisse. Toneren kan hj\u00e6lpe med at beskytte mod milj\u00f8skade, berolige irriteret hud og fremme hudens helingsprocess.<br \/>\nCitronmelisse bliver ogs\u00e5 brugt til at behandle akne, eksem, psoriasis, myggestik og solbr\u00e6ndt hud. <\/p>\n<p>Eftersom planten er fyldt med antioxidanter anbefaler vi toneren til alle, specielt dem med hud med behov for heling.<br \/>\n[\/vc_column_text][vc_single_image source=&#8221;external_link&#8221; css=&#8221;.vc_custom_1620273997007{margin-right: 55px !important;}&#8221;<br \/>\ncustom_src=&#8221;https:\/\/thewitcherycph.com\/wp-content\/uploads\/2025\/07\/skin-benefits-of-lemon-balm-the-witchery-cph.jpg&#8221;][\/vc_column_inner]<\/p>\n<p>[vc_column_inner width=&#8221;1\/2&#8243;][vc_single_image source=&#8221;external_link&#8221; alignment=&#8221;right&#8221; css=&#8221;.vc_custom_1620274010228{margin-bottom: 220px !important;margin-left: 60px !important;}&#8221; custom_src=&#8221;https:\/\/thewitcherycph.com\/wp-content\/uploads\/2025\/07\/organic-lemon-balm-face-tonic-hydrosol-the-witchery-cph-1.jpg&#8221;]<\/p>\n<p>[vc_custom_heading text=&#8221;ANVENDELSE&#8221; use_theme_fonts=&#8221;yes&#8221; css=&#8221;.vc_custom_1536826773205{margin-right: 90px !important;margin-bottom: 56px !important;margin-left: 60px !important;}&#8221;][vc_column_text css=&#8221;.vc_custom_1536826780690{margin-right: 90px !important;margin-left: 60px !important;}&#8221;]<\/p>\n<p>[vc_custom_heading text=&#8221;&#8221; use_theme_fonts=&#8221;yes&#8221; css=&#8221;.vc_custom_1536826773205{margin-right: 90px !important;margin-bottom: 56px !important;margin-left: 60px !important;}&#8221;][vc_column_text css=&#8221;.vc_custom_1536826780690{margin-right: 90px !important;margin-left: 60px !important;}&#8221;]<\/p>\n<p>P\u00e5f\u00f8r til ren hud, vent et par sekunder og p\u00e5f\u00f8r derefter din dags- eller natolie. <\/p>\n<p>Du kan ogs\u00e5 bruge toneren, n\u00e5r end du har brug for at friske op.<\/p>\n<p>Citronmelisse er et naturligt alternativ til aftersun og insektsspray. Den kan ogs\u00e5 lindrer eksem og psoriasis.<\/p>\n<p>[\/vc_column_text][\/vc_column_inner][\/vc_row_inner][\/vc_column][\/vc_row]<\/p>\n<h2><\/h2>\n<h2><\/h2>\n<h2><\/h2>\n<h2><\/h2>\n<p>&nbsp;<\/p>\n<p>&nbsp;<\/p>\n<h4>Alle vores produkter er lavet med europ\u00e6iske, b\u00e6redygtige ingredienser med mindst mulig spild. Vi er dedikerede til at g\u00f8re denne planet til et bedre sted og bruge de naturlige produkter, vi har lige uden foran vores d\u00f8r. Vi er The Witchery CPH, og vi tror p\u00e5 naturens magi.<\/h4>\n<p>&nbsp;<\/p>\n<p>FAQ<\/p>\n<hr>\n<p>Vi er cruelty-free, og vi tester aldrig p\u00e5 dyr. Alle produkter er lokale og b\u00e6redygtige. Alle vores produkter er lokale og b\u00e6redygtige. Vi bruger fr\u00f8, som er biprodukter af europ\u00e6isk f\u00f8devareproduktion, hvilket s\u00e6nker vores klimaaftryk og vandforbrug. Lokale fr\u00f8 betyder, at de ikke skal transporteres langt eller opbevares i lange perioder. De strenge regler for landbrug i EU sikrer ogs\u00e5, at vores fr\u00f8 har markedets h\u00f8jeste kvalitet. Dermed er vores produkter ikke bare b\u00e6redygtige, men ogs\u00e5 af fantastisk kvalitet.<\/p>\n<\/section>","protected":false},"excerpt":{"rendered":"<p>Vores \u00d8kologiske Citronmelisse Ansigtstoner hydrerer, n\u00e6rer og helbreder huden. Det er den perfekte toner til enhver hudtype, men is\u00e6r hud, der har brug for heling, som eksempelvis hud med akne.<br \/>\nEn ekstra bonus ved citronmelisse er den evne til at lindre myggestik og for\u00f8ge deres helingsprocess.  P\u00e5f\u00f8r til ren hud inden ansigtsolie.<\/p>\n<ul>\n<li>Anti-bacteriel, svampedr\u00e6bende og antiinflammatorisk<\/li>\n<li>Fremmer hudens helingsprocess<\/li>\n<li>Lindrer insektbid, sm\u00e5 s\u00e5r, solbr\u00e6ndt hud og r\u00f8de pigmenteringer\n<li>Hydrerer huden<\/li>\n<li>Virker forfriskende og k\u00f8lende<\/li>\n<li>Rig p\u00e5 antioxidanter<\/li>\n<li>Anbefalet til normal hud, hud med eksem eller akne og fedtet hud<\/li>\n<li>Kan ogs\u00e5 bruges p\u00e5 sensitiv hud<\/li>\n<li>Duft: delikat og urtet<\/li>\n<li>Dette produkt er fri for syntetiske ingredienser, konserveringsmidler, giftige kemikalier, parabener, tils\u00e6tningsstoffer og alt andet un\u00f8dvendigt.<\/li>\n<li>Brug indenfor 12 m\u00e5neder efter \u00e5bning, hold v\u00e6k fra direkte sol og varme.<\/li>\n<li>Europ\u00e6iske fr\u00f8, kerner og planter<\/li>\n<\/ul>\n<p><span style=\"font-weight: 400;\"> Vores ansigtstonere er rene hydrolater, hvilket betyder at de er damp destillerede planteekstrakter uden tils\u00e6tningsstoffer. Vi elsker at begynde vores plejerutine med en god hydrolat, inden vi p\u00e5f\u00f8rer en ansigtsolie. <\/span><\/p>\n","protected":false},"featured_media":7402,"comment_status":"open","ping_status":"closed","template":"","meta":[],"product_brand":[],"product_cat":[523,522,532,698,470,471],"product_tag":[699,709,708,706,707,710],"class_list":{"0":"post-7492","1":"product","2":"type-product","3":"status-publish","4":"has-post-thumbnail","6":"product_cat-aeldning-og-tor-hud","7":"product_cat-ansigt","8":"product_cat-konditionering-og-glod","9":"product_cat-vores-nyeste-partier","10":"product_cat-toners-hydrosoler","11":"product_cat-produkter","12":"product_tag-afhjaelper-akne","13":"product_tag-lemon-balm-da","14":"product_tag-lemon-balm-hydrolate-da","15":"product_tag-lemon-balm-skin-benefits-da","16":"product_tag-lemon-balm-tonic-da","17":"product_tag-naturlig-insektspray","19":"first","20":"instock","21":"taxable","22":"shipping-taxable","23":"purchasable","24":"product-type-simple"},"yoast_head":"<!-- This site is optimized with the Yoast SEO plugin v24.9 - https:\/\/yoast.com\/wordpress\/plugins\/seo\/ -->\n<title>\u00d8kologisk Citronmelisse Ansigtstoner - The Witchery CPH<\/title>\n<meta name=\"description\" content=\"Vores \u00d8kologiske Purpursolhat Ansigtstoner hydrerer, n\u00e6rer og helbreder huden. Det er den perfekte toner til brug inden ansigtsolie p\u00e5 t\u00f8r, moden hud.\" \/>\n<meta name=\"robots\" content=\"index, follow, max-snippet:-1, max-image-preview:large, max-video-preview:-1\" \/>\n<link rel=\"canonical\" href=\"https:\/\/thewitcherycph.com\/da\/vare\/oekologisk-citronmelisse-ansigtstoner\/\" \/>\n<meta property=\"og:locale\" content=\"da_DK\" \/>\n<meta property=\"og:type\" content=\"article\" \/>\n<meta property=\"og:title\" content=\"\u00d8kologisk Citronmelisse Ansigtstoner - The Witchery CPH\" \/>\n<meta property=\"og:description\" content=\"Vores \u00d8kologiske Purpursolhat Ansigtstoner hydrerer, n\u00e6rer og helbreder huden. Det er den perfekte toner til brug inden ansigtsolie p\u00e5 t\u00f8r, moden hud.\" \/>\n<meta property=\"og:url\" content=\"https:\/\/thewitcherycph.com\/da\/vare\/oekologisk-citronmelisse-ansigtstoner\/\" \/>\n<meta property=\"og:site_name\" content=\"The Witchery CPH\" \/>\n<meta property=\"article:modified_time\" content=\"2026-03-27T16:15:34+00:00\" \/>\n<meta property=\"og:image\" content=\"https:\/\/thewitcherycph.com\/wp-content\/uploads\/2025\/07\/organic-lemon-balm-face-tonic-hydrosol-the-witchery-cph-1.jpg\" \/>\n\t<meta property=\"og:image:width\" content=\"1400\" \/>\n\t<meta property=\"og:image:height\" content=\"1600\" \/>\n\t<meta property=\"og:image:type\" content=\"image\/jpeg\" \/>\n<meta name=\"twitter:card\" content=\"summary_large_image\" \/>\n<meta name=\"twitter:label1\" content=\"Estimeret l\u00e6setid\" \/>\n\t<meta name=\"twitter:data1\" content=\"3 minutter\" \/>\n<script type=\"application\/ld+json\" class=\"yoast-schema-graph\">{\"@context\":\"https:\/\/schema.org\",\"@graph\":[{\"@type\":\"WebPage\",\"@id\":\"https:\/\/thewitcherycph.com\/da\/vare\/oekologisk-citronmelisse-ansigtstoner\/\",\"url\":\"https:\/\/thewitcherycph.com\/da\/vare\/oekologisk-citronmelisse-ansigtstoner\/\",\"name\":\"\u00d8kologisk Citronmelisse Ansigtstoner - The Witchery CPH\",\"isPartOf\":{\"@id\":\"https:\/\/thewitcherycph.com\/da\/#website\"},\"primaryImageOfPage\":{\"@id\":\"https:\/\/thewitcherycph.com\/da\/vare\/oekologisk-citronmelisse-ansigtstoner\/#primaryimage\"},\"image\":{\"@id\":\"https:\/\/thewitcherycph.com\/da\/vare\/oekologisk-citronmelisse-ansigtstoner\/#primaryimage\"},\"thumbnailUrl\":\"https:\/\/thewitcherycph.com\/wp-content\/uploads\/2025\/07\/organic-lemon-balm-face-tonic-hydrosol-the-witchery-cph-1.jpg\",\"datePublished\":\"2025-08-26T15:04:25+00:00\",\"dateModified\":\"2026-03-27T16:15:34+00:00\",\"description\":\"Vores \u00d8kologiske Purpursolhat Ansigtstoner hydrerer, n\u00e6rer og helbreder huden. Det er den perfekte toner til brug inden ansigtsolie p\u00e5 t\u00f8r, moden hud.\",\"breadcrumb\":{\"@id\":\"https:\/\/thewitcherycph.com\/da\/vare\/oekologisk-citronmelisse-ansigtstoner\/#breadcrumb\"},\"inLanguage\":\"da-DK\",\"potentialAction\":[{\"@type\":\"ReadAction\",\"target\":[\"https:\/\/thewitcherycph.com\/da\/vare\/oekologisk-citronmelisse-ansigtstoner\/\"]}]},{\"@type\":\"ImageObject\",\"inLanguage\":\"da-DK\",\"@id\":\"https:\/\/thewitcherycph.com\/da\/vare\/oekologisk-citronmelisse-ansigtstoner\/#primaryimage\",\"url\":\"https:\/\/thewitcherycph.com\/wp-content\/uploads\/2025\/07\/organic-lemon-balm-face-tonic-hydrosol-the-witchery-cph-1.jpg\",\"contentUrl\":\"https:\/\/thewitcherycph.com\/wp-content\/uploads\/2025\/07\/organic-lemon-balm-face-tonic-hydrosol-the-witchery-cph-1.jpg\",\"width\":1400,\"height\":1600,\"caption\":\"Organic Lemon Balm Face Tonic, 100% natural hydrolate\"},{\"@type\":\"BreadcrumbList\",\"@id\":\"https:\/\/thewitcherycph.com\/da\/vare\/oekologisk-citronmelisse-ansigtstoner\/#breadcrumb\",\"itemListElement\":[{\"@type\":\"ListItem\",\"position\":1,\"name\":\"Home\",\"item\":\"https:\/\/thewitcherycph.com\/da\/hjemside\/\"},{\"@type\":\"ListItem\",\"position\":2,\"name\":\"Butik\",\"item\":\"https:\/\/thewitcherycph.com\/da\/shop\/\"},{\"@type\":\"ListItem\",\"position\":3,\"name\":\"\u00d8kologisk Citronmelisse Ansigtstoner\"}]},{\"@type\":\"WebSite\",\"@id\":\"https:\/\/thewitcherycph.com\/da\/#website\",\"url\":\"https:\/\/thewitcherycph.com\/da\/\",\"name\":\"The Witchery CPH\",\"description\":\"Sustainable Natural Skincare from Copenhagen\",\"potentialAction\":[{\"@type\":\"SearchAction\",\"target\":{\"@type\":\"EntryPoint\",\"urlTemplate\":\"https:\/\/thewitcherycph.com\/da\/?s={search_term_string}\"},\"query-input\":{\"@type\":\"PropertyValueSpecification\",\"valueRequired\":true,\"valueName\":\"search_term_string\"}}],\"inLanguage\":\"da-DK\"}]}<\/script>\n<!-- \/ Yoast SEO plugin. -->","yoast_head_json":{"title":"\u00d8kologisk Citronmelisse Ansigtstoner - The Witchery CPH","description":"Vores \u00d8kologiske Purpursolhat Ansigtstoner hydrerer, n\u00e6rer og helbreder huden. Det er den perfekte toner til brug inden ansigtsolie p\u00e5 t\u00f8r, moden hud.","robots":{"index":"index","follow":"follow","max-snippet":"max-snippet:-1","max-image-preview":"max-image-preview:large","max-video-preview":"max-video-preview:-1"},"canonical":"https:\/\/thewitcherycph.com\/da\/vare\/oekologisk-citronmelisse-ansigtstoner\/","og_locale":"da_DK","og_type":"article","og_title":"\u00d8kologisk Citronmelisse Ansigtstoner - The Witchery CPH","og_description":"Vores \u00d8kologiske Purpursolhat Ansigtstoner hydrerer, n\u00e6rer og helbreder huden. Det er den perfekte toner til brug inden ansigtsolie p\u00e5 t\u00f8r, moden hud.","og_url":"https:\/\/thewitcherycph.com\/da\/vare\/oekologisk-citronmelisse-ansigtstoner\/","og_site_name":"The Witchery CPH","article_modified_time":"2026-03-27T16:15:34+00:00","og_image":[{"width":1400,"height":1600,"url":"https:\/\/thewitcherycph.com\/wp-content\/uploads\/2025\/07\/organic-lemon-balm-face-tonic-hydrosol-the-witchery-cph-1.jpg","type":"image\/jpeg"}],"twitter_card":"summary_large_image","twitter_misc":{"Estimeret l\u00e6setid":"3 minutter"},"schema":{"@context":"https:\/\/schema.org","@graph":[{"@type":"WebPage","@id":"https:\/\/thewitcherycph.com\/da\/vare\/oekologisk-citronmelisse-ansigtstoner\/","url":"https:\/\/thewitcherycph.com\/da\/vare\/oekologisk-citronmelisse-ansigtstoner\/","name":"\u00d8kologisk Citronmelisse Ansigtstoner - The Witchery CPH","isPartOf":{"@id":"https:\/\/thewitcherycph.com\/da\/#website"},"primaryImageOfPage":{"@id":"https:\/\/thewitcherycph.com\/da\/vare\/oekologisk-citronmelisse-ansigtstoner\/#primaryimage"},"image":{"@id":"https:\/\/thewitcherycph.com\/da\/vare\/oekologisk-citronmelisse-ansigtstoner\/#primaryimage"},"thumbnailUrl":"https:\/\/thewitcherycph.com\/wp-content\/uploads\/2025\/07\/organic-lemon-balm-face-tonic-hydrosol-the-witchery-cph-1.jpg","datePublished":"2025-08-26T15:04:25+00:00","dateModified":"2026-03-27T16:15:34+00:00","description":"Vores \u00d8kologiske Purpursolhat Ansigtstoner hydrerer, n\u00e6rer og helbreder huden. Det er den perfekte toner til brug inden ansigtsolie p\u00e5 t\u00f8r, moden hud.","breadcrumb":{"@id":"https:\/\/thewitcherycph.com\/da\/vare\/oekologisk-citronmelisse-ansigtstoner\/#breadcrumb"},"inLanguage":"da-DK","potentialAction":[{"@type":"ReadAction","target":["https:\/\/thewitcherycph.com\/da\/vare\/oekologisk-citronmelisse-ansigtstoner\/"]}]},{"@type":"ImageObject","inLanguage":"da-DK","@id":"https:\/\/thewitcherycph.com\/da\/vare\/oekologisk-citronmelisse-ansigtstoner\/#primaryimage","url":"https:\/\/thewitcherycph.com\/wp-content\/uploads\/2025\/07\/organic-lemon-balm-face-tonic-hydrosol-the-witchery-cph-1.jpg","contentUrl":"https:\/\/thewitcherycph.com\/wp-content\/uploads\/2025\/07\/organic-lemon-balm-face-tonic-hydrosol-the-witchery-cph-1.jpg","width":1400,"height":1600,"caption":"Organic Lemon Balm Face Tonic, 100% natural hydrolate"},{"@type":"BreadcrumbList","@id":"https:\/\/thewitcherycph.com\/da\/vare\/oekologisk-citronmelisse-ansigtstoner\/#breadcrumb","itemListElement":[{"@type":"ListItem","position":1,"name":"Home","item":"https:\/\/thewitcherycph.com\/da\/hjemside\/"},{"@type":"ListItem","position":2,"name":"Butik","item":"https:\/\/thewitcherycph.com\/da\/shop\/"},{"@type":"ListItem","position":3,"name":"\u00d8kologisk Citronmelisse Ansigtstoner"}]},{"@type":"WebSite","@id":"https:\/\/thewitcherycph.com\/da\/#website","url":"https:\/\/thewitcherycph.com\/da\/","name":"The Witchery CPH","description":"Sustainable Natural Skincare from Copenhagen","potentialAction":[{"@type":"SearchAction","target":{"@type":"EntryPoint","urlTemplate":"https:\/\/thewitcherycph.com\/da\/?s={search_term_string}"},"query-input":{"@type":"PropertyValueSpecification","valueRequired":true,"valueName":"search_term_string"}}],"inLanguage":"da-DK"}]}},"_links":{"self":[{"href":"https:\/\/thewitcherycph.com\/da\/wp-json\/wp\/v2\/product\/7492","targetHints":{"allow":["GET"]}}],"collection":[{"href":"https:\/\/thewitcherycph.com\/da\/wp-json\/wp\/v2\/product"}],"about":[{"href":"https:\/\/thewitcherycph.com\/da\/wp-json\/wp\/v2\/types\/product"}],"replies":[{"embeddable":true,"href":"https:\/\/thewitcherycph.com\/da\/wp-json\/wp\/v2\/comments?post=7492"}],"wp:featuredmedia":[{"embeddable":true,"href":"https:\/\/thewitcherycph.com\/da\/wp-json\/wp\/v2\/media\/7402"}],"wp:attachment":[{"href":"https:\/\/thewitcherycph.com\/da\/wp-json\/wp\/v2\/media?parent=7492"}],"wp:term":[{"taxonomy":"product_brand","embeddable":true,"href":"https:\/\/thewitcherycph.com\/da\/wp-json\/wp\/v2\/product_brand?post=7492"},{"taxonomy":"product_cat","embeddable":true,"href":"https:\/\/thewitcherycph.com\/da\/wp-json\/wp\/v2\/product_cat?post=7492"},{"taxonomy":"product_tag","embeddable":true,"href":"https:\/\/thewitcherycph.com\/da\/wp-json\/wp\/v2\/product_tag?post=7492"}],"curies":[{"name":"wp","href":"https:\/\/api.w.org\/{rel}","templated":true}]}}