{"id":5670,"date":"2022-11-30T12:11:33","date_gmt":"2023-04-24T09:14:19","guid":{"rendered":"https:\/\/thewitcherycph.com\/product\/berry-glow-hudsaet-til-gloedende-hud\/"},"modified":"2023-04-24T09:14:21","modified_gmt":"2023-04-24T09:14:21","slug":"berry-glow-hudsaet-til-gloedende-hud","status":"publish","type":"product","link":"https:\/\/thewitcherycph.com\/da\/vare\/berry-glow-hudsaet-til-gloedende-hud\/","title":{"rendered":"Berry Glow huds\u00e6t til gl\u00f8dende hud"},"content":{"rendered":"<section class=\"wpb-content-wrapper\"><p>[vc_row][vc_column][konte_banner source=&#8221;external_link&#8221; text_position=&#8221;top-left&#8221; font_container=&#8221;font_size:40px&#8221; button_text=&#8221;&#8221; css=&#8221;.vc_custom_1620273975273{margin-bottom: 100px !important;}&#8221; custom_src=&#8221;https:\/\/thewitcherycph.com\/wp-content\/uploads\/2022\/11\/berry-glow-natural-skincare-oil-set-witchery-labs-cover.jpg&#8221;]<br \/>\nEN NATURLIG HUDPLEJE<br \/>\nS\u00c6T TIL GL\u00d8DENDE<br \/>\nHUD[\/konte_banner][\/vc_column][\/vc_row]<\/p>\n<p>[vc_row][vc_column width=&#8221;5\/6&#8243; offset=&#8221;vc_col-lg-offset-1 vc_col-md-offset-1&#8243;][vc_row_inner][vc_column_inner width=&#8221;1\/2&#8243;][vc_custom_heading text=&#8221;<br \/>\nHUD FORDELE VED<br \/>\nB\u00c6R OLIER<br \/>\n&#8221; use_theme_fonts=&#8221;yes&#8221; css=&#8221;.vc_custom_1536826700353{margin-top: 45px !important;margin-right: 65px !important;margin-bottom: 40px !important;margin-left: 65px !important;}&#8221;][vc_column_text css=&#8221;.vc_custom_1536826413162{margin-right: 65px !important;margin-bottom: 200px !important;margin-left: 65px !important;}&#8221;]<br \/>\nVores <strong>Berry Glow Natural Skincare Set<\/strong> er et vidunderligt s\u00e6t til dem, der v\u00e6rds\u00e6tter den bedste kvalitet, naturlige, ubehandlede hudpleje. Vores produkter er produceret af de friskeste, lokale fr\u00f8, er fuldt ud b\u00e6redygtige, veganske og ikke testet p\u00e5 dyr.<\/p>\n<p>S\u00e6ttet indeholder to smukke superfood-olier; Kirseb\u00e6rfr\u00f8- og skovfrugtolie og vores \u00f8kologiske damaskrosehydrosol (ansigtsmist).<\/p>\n<p><strong>Kirseb\u00e6rolie<\/strong> er utrolig duftende. Den dufter af \u00f8rkenkirseb\u00e6r og er en sand forn\u00f8jelse for enhver velv\u00e6re elsker. Kirseb\u00e6rfr\u00f8olie er en fantastisk fugtighedscreme. Den indeholder E-vitamin, phytosteroler og flavonoider, der tr\u00e6nger godt ind i huden. Kirseb\u00e6rfr\u00f8olie hj\u00e6lper med at holde huden veln\u00e6ret og fyldig og forhindrer for tidlige rynker. Baseret p\u00e5 duften alene, en smuk natolie til afslapning eller en dagolie, hvis du gerne vil starte din dag langsomt.<\/p>\n<p>[\/vc_column_text][vc_single_image source=&#8221;external_link&#8221; css=&#8221;.vc_custom_1620273997007{margin-right: 55px !important;}&#8221;<br \/>\ncustom_src=&#8221;https:\/\/thewitcherycph.com\/wp-content\/uploads\/2022\/10\/cherry-seed-face-oil-the-witchery-cph-2.jpg&#8221;][\/vc_column_inner]<\/p>\n<p>[vc_column_inner width=&#8221;1\/2&#8243;][vc_single_image source=&#8221;external_link&#8221; alignment=&#8221;right&#8221; css=&#8221;.vc_custom_1620274010228{margin-bottom: 220px !important;margin-left: 60px !important;}&#8221; custom_src=&#8221;https:\/\/thewitcherycph.com\/wp-content\/uploads\/2022\/05\/organics-damask-rose-hydrosol-face-mist-the-witchery-cph-1.jpg&#8221;][vc_custom_heading text=&#8221;Fantastiske olier til enhvers hud&#8221; use_theme_fonts=&#8221;yes&#8221; css=&#8221;.vc_custom_1536826773205{margin-right: 90px !important;margin-bottom: 56px !important;margin-left: 60px !important;}&#8221;][vc_column_text css=&#8221;.vc_custom_1536826780690{margin-right: 90px !important;margin-left: 60px !important;}&#8221;]<\/p>\n<p>[vc_custom_heading text=&#8221;&#8221; use_theme_fonts=&#8221;yes&#8221; css=&#8221;.vc_custom_1536826773205{margin-right: 90px !important;margin-bottom: 56px !important;margin-left: 60px !important;}&#8221;][vc_column_text css=&#8221;.vc_custom_1536826780690{margin-right: 90px !important;margin-left: 60px !important;}&#8221;]<\/p>\n<p><strong>Forest Fruit Oil<\/strong> er en smuk blanding af skovfrugter (hyldeblomst, vilde jordb\u00e6r, bromb\u00e6r, traneb\u00e6r, bl\u00e5b\u00e6r og hindb\u00e6r). Det bringer superfood-superkr\u00e6fterne til din hudplejerutine. Den er rig p\u00e5 vitaminer og antioxidanter og plejer din hud godt. B\u00e6rolier hj\u00e6lper huden med at forynge sig efter UV-eksponering. Hindb\u00e6rolie er for eksempel en naturlig solcreme (faktor 6). Forest Fruit Oil er en let, men fl\u00f8jlsagtig olie, vi elsker den som en dagolie.<\/p>\n<p>Begge olier er plejende olier og anbefales til enhver hudtype, is\u00e6r den hud der bliver lidt t\u00f8r.<\/p>\n<p><strong>\u00d8kologisk Damask Rose Hydrosol<\/strong> er lavet af dampdestillerende rosenblade. T\u00e5gen har astringerende, tonende og fugtgivende egenskaber. Brug den f\u00f8r du p\u00e5f\u00f8rer dine olier og n\u00e5r som helst i l\u00f8bet af dagen, n\u00e5r du har brug for at opfriske huden, for eksempel n\u00e5r du arbejder i et rum med centralvarme, aircondition&#8230;<\/p>\n<p>[\/vc_column_text][\/vc_column_inner][\/vc_row_inner][\/vc_column][\/vc_row]<\/p>\n<h2><\/h2>\n<h2><\/h2>\n<h2><\/h2>\n<h2><\/h2>\n<p>&nbsp;<\/p>\n<p>&nbsp;<\/p>\n<h4>Alle vores produkter er lavet med europ\u00e6iske, b\u00e6redygtige ingredienser, for det meste uden affald. Vi er dedikerede til at g\u00f8re denne planet til et bedre sted og bruge det, vi har lige uden for d\u00f8ren. Vi er The Witchery CPH og vi tror p\u00e5 naturens magi<\/h4>\n<p>&nbsp;<\/p>\n<p>FAQ<\/p>\n<hr>\n<p>Vi er cruelty-free og vi tester aldrig p\u00e5 dyr. Alle produkter er lokale og b\u00e6redygtige. Vi bruger fr\u00f8, som er biprodukter af europ\u00e6isk f\u00f8devareproduktion, hvilket s\u00e6nker vores klimaaftryk og brug af vand. Lokale fr\u00f8 betyder, at de ikke skal transporteres langt eller opbevares i lange perioder. Lokale fr\u00f8 betyder, at de ikke skal transporteres langt eller opbevares i lange perioder. De strenge regler for landbrug i EU sikrer ogs\u00e5, at vores fr\u00f8 har markedets h\u00f8jeste kvalitet. Dermed er vores produkter ikke bare b\u00e6redygtige, men ogs\u00e5 af fantastisk kvalitet.<\/p>\n<\/section>","protected":false},"excerpt":{"rendered":"<p>Vores Berry Glow Skincare Set er et godt valg for alle, der \u00f8nsker at f\u00e5 deres hud n\u00e6ret og gl\u00f8dende.<\/p>\n<ul>\n<li>Natolie: Kirseb\u00e6rfr\u00f8olie<\/li>\n<li>Dagolie: Ansigtsolie fra skovfrugter<\/li>\n<li>Tonic\/mist: \u00d8kologisk Helichrysum Hydrosol i stedet for rose.<\/li>\n<li>begge olier er sp\u00e6kket med vitaminer og antioxidanter<\/li>\n<li>let, men kraftfuld fugter<\/li>\n<li>olier n\u00e6rer, bl\u00f8dg\u00f8r og plejer huden<\/li>\n<li>til alle hudtyper, is\u00e6r t\u00f8r hud<\/li>\n<li>no-waste, ingen spild, ubehandlet, vegansk hudpleje. Ikke testet p\u00e5 dyr<\/li>\n<\/ul>\n<p><span style=\"font-weight: 400;\">Berry Glow Natural Skincare Set er en fantastisk gave til dig selv eller en du holder af, is\u00e6r hvis du v\u00e6rds\u00e6tter b\u00e6redygtigt producerede high-end produkter. Produkter koster 825 kr. enkeltvis. Rul ned for at l\u00e6se mere <\/span><\/p>\n","protected":false},"featured_media":5471,"comment_status":"open","ping_status":"closed","template":"","meta":[],"product_brand":[],"product_cat":[522,518,490,532,520,521,471,519],"product_tag":[524,534,535,525,533,536],"class_list":{"0":"post-5670","1":"product","2":"type-product","3":"status-publish","4":"has-post-thumbnail","6":"product_cat-ansigt","7":"product_cat-ansigtsolier","8":"product_cat-hudplejesaet","9":"product_cat-konditionering-og-glod","10":"product_cat-moden-hud","11":"product_cat-normal-og-blandet-hud","12":"product_cat-produkter","13":"product_cat-tor-hud","14":"product_tag-betacarotenolie","15":"product_tag-glas-hud-olie","16":"product_tag-kirsebaerolie","17":"product_tag-naturligt-hudplejesaet","18":"product_tag-organisk-ansigtsmist","19":"product_tag-skovbaerolie","21":"first","22":"instock","23":"taxable","24":"shipping-taxable","25":"purchasable","26":"product-type-simple"},"yoast_head":"<!-- This site is optimized with the Yoast SEO plugin v24.9 - https:\/\/yoast.com\/wordpress\/plugins\/seo\/ -->\n<title>Berry Glow huds\u00e6t til gl\u00f8dende hud - The Witchery CPH<\/title>\n<meta name=\"description\" content=\"En luksuri\u00f8s og b\u00e6redygtig gave til dig selv eller en du holder af med to koldpressede superfood ansigtsolier og \u00f8kologisk rosen ansigtsmist.\" \/>\n<meta name=\"robots\" content=\"index, follow, max-snippet:-1, max-image-preview:large, max-video-preview:-1\" \/>\n<link rel=\"canonical\" href=\"https:\/\/thewitcherycph.com\/da\/vare\/berry-glow-hudsaet-til-gloedende-hud\/\" \/>\n<meta property=\"og:locale\" content=\"da_DK\" \/>\n<meta property=\"og:type\" content=\"article\" \/>\n<meta property=\"og:title\" content=\"Berry Glow huds\u00e6t til gl\u00f8dende hud - The Witchery CPH\" \/>\n<meta property=\"og:description\" content=\"En luksuri\u00f8s og b\u00e6redygtig gave til dig selv eller en du holder af med to koldpressede superfood ansigtsolier og \u00f8kologisk rosen ansigtsmist.\" \/>\n<meta property=\"og:url\" content=\"https:\/\/thewitcherycph.com\/da\/vare\/berry-glow-hudsaet-til-gloedende-hud\/\" \/>\n<meta property=\"og:site_name\" content=\"The Witchery CPH\" \/>\n<meta property=\"article:modified_time\" content=\"2023-04-24T09:14:21+00:00\" \/>\n<meta property=\"og:image\" content=\"https:\/\/thewitcherycph.com\/wp-content\/uploads\/2022\/11\/berry-glow-natural-skincare-oil-set-witchery-labs-1.jpg\" \/>\n\t<meta property=\"og:image:width\" content=\"1400\" \/>\n\t<meta property=\"og:image:height\" content=\"1600\" \/>\n\t<meta property=\"og:image:type\" content=\"image\/jpeg\" \/>\n<meta name=\"twitter:card\" content=\"summary_large_image\" \/>\n<meta name=\"twitter:label1\" content=\"Estimeret l\u00e6setid\" \/>\n\t<meta name=\"twitter:data1\" content=\"3 minutter\" \/>\n<script type=\"application\/ld+json\" class=\"yoast-schema-graph\">{\"@context\":\"https:\/\/schema.org\",\"@graph\":[{\"@type\":\"WebPage\",\"@id\":\"https:\/\/thewitcherycph.com\/da\/vare\/berry-glow-hudsaet-til-gloedende-hud\/\",\"url\":\"https:\/\/thewitcherycph.com\/da\/vare\/berry-glow-hudsaet-til-gloedende-hud\/\",\"name\":\"Berry Glow huds\u00e6t til gl\u00f8dende hud - The Witchery CPH\",\"isPartOf\":{\"@id\":\"https:\/\/thewitcherycph.com\/da\/#website\"},\"primaryImageOfPage\":{\"@id\":\"https:\/\/thewitcherycph.com\/da\/vare\/berry-glow-hudsaet-til-gloedende-hud\/#primaryimage\"},\"image\":{\"@id\":\"https:\/\/thewitcherycph.com\/da\/vare\/berry-glow-hudsaet-til-gloedende-hud\/#primaryimage\"},\"thumbnailUrl\":\"https:\/\/thewitcherycph.com\/wp-content\/uploads\/2022\/11\/berry-glow-natural-skincare-oil-set-witchery-labs-1.jpg\",\"datePublished\":\"2023-04-24T09:14:19+00:00\",\"dateModified\":\"2023-04-24T09:14:21+00:00\",\"description\":\"En luksuri\u00f8s og b\u00e6redygtig gave til dig selv eller en du holder af med to koldpressede superfood ansigtsolier og \u00f8kologisk rosen ansigtsmist.\",\"breadcrumb\":{\"@id\":\"https:\/\/thewitcherycph.com\/da\/vare\/berry-glow-hudsaet-til-gloedende-hud\/#breadcrumb\"},\"inLanguage\":\"da-DK\",\"potentialAction\":[{\"@type\":\"ReadAction\",\"target\":[\"https:\/\/thewitcherycph.com\/da\/vare\/berry-glow-hudsaet-til-gloedende-hud\/\"]}]},{\"@type\":\"ImageObject\",\"inLanguage\":\"da-DK\",\"@id\":\"https:\/\/thewitcherycph.com\/da\/vare\/berry-glow-hudsaet-til-gloedende-hud\/#primaryimage\",\"url\":\"https:\/\/thewitcherycph.com\/wp-content\/uploads\/2022\/11\/berry-glow-natural-skincare-oil-set-witchery-labs-1.jpg\",\"contentUrl\":\"https:\/\/thewitcherycph.com\/wp-content\/uploads\/2022\/11\/berry-glow-natural-skincare-oil-set-witchery-labs-1.jpg\",\"width\":1400,\"height\":1600,\"caption\":\"Berry Glow Natural Skincare set from Witchery Labs. The set contains two face oils and a face mist to keep the skin glowing and fresh.\"},{\"@type\":\"BreadcrumbList\",\"@id\":\"https:\/\/thewitcherycph.com\/da\/vare\/berry-glow-hudsaet-til-gloedende-hud\/#breadcrumb\",\"itemListElement\":[{\"@type\":\"ListItem\",\"position\":1,\"name\":\"Home\",\"item\":\"https:\/\/thewitcherycph.com\/da\/hjemside\/\"},{\"@type\":\"ListItem\",\"position\":2,\"name\":\"Butik\",\"item\":\"https:\/\/thewitcherycph.com\/da\/shop\/\"},{\"@type\":\"ListItem\",\"position\":3,\"name\":\"Berry Glow huds\u00e6t til gl\u00f8dende hud\"}]},{\"@type\":\"WebSite\",\"@id\":\"https:\/\/thewitcherycph.com\/da\/#website\",\"url\":\"https:\/\/thewitcherycph.com\/da\/\",\"name\":\"The Witchery CPH\",\"description\":\"Sustainable Natural Skincare from Copenhagen\",\"potentialAction\":[{\"@type\":\"SearchAction\",\"target\":{\"@type\":\"EntryPoint\",\"urlTemplate\":\"https:\/\/thewitcherycph.com\/da\/?s={search_term_string}\"},\"query-input\":{\"@type\":\"PropertyValueSpecification\",\"valueRequired\":true,\"valueName\":\"search_term_string\"}}],\"inLanguage\":\"da-DK\"}]}<\/script>\n<!-- \/ Yoast SEO plugin. -->","yoast_head_json":{"title":"Berry Glow huds\u00e6t til gl\u00f8dende hud - The Witchery CPH","description":"En luksuri\u00f8s og b\u00e6redygtig gave til dig selv eller en du holder af med to koldpressede superfood ansigtsolier og \u00f8kologisk rosen ansigtsmist.","robots":{"index":"index","follow":"follow","max-snippet":"max-snippet:-1","max-image-preview":"max-image-preview:large","max-video-preview":"max-video-preview:-1"},"canonical":"https:\/\/thewitcherycph.com\/da\/vare\/berry-glow-hudsaet-til-gloedende-hud\/","og_locale":"da_DK","og_type":"article","og_title":"Berry Glow huds\u00e6t til gl\u00f8dende hud - The Witchery CPH","og_description":"En luksuri\u00f8s og b\u00e6redygtig gave til dig selv eller en du holder af med to koldpressede superfood ansigtsolier og \u00f8kologisk rosen ansigtsmist.","og_url":"https:\/\/thewitcherycph.com\/da\/vare\/berry-glow-hudsaet-til-gloedende-hud\/","og_site_name":"The Witchery CPH","article_modified_time":"2023-04-24T09:14:21+00:00","og_image":[{"width":1400,"height":1600,"url":"https:\/\/thewitcherycph.com\/wp-content\/uploads\/2022\/11\/berry-glow-natural-skincare-oil-set-witchery-labs-1.jpg","type":"image\/jpeg"}],"twitter_card":"summary_large_image","twitter_misc":{"Estimeret l\u00e6setid":"3 minutter"},"schema":{"@context":"https:\/\/schema.org","@graph":[{"@type":"WebPage","@id":"https:\/\/thewitcherycph.com\/da\/vare\/berry-glow-hudsaet-til-gloedende-hud\/","url":"https:\/\/thewitcherycph.com\/da\/vare\/berry-glow-hudsaet-til-gloedende-hud\/","name":"Berry Glow huds\u00e6t til gl\u00f8dende hud - The Witchery CPH","isPartOf":{"@id":"https:\/\/thewitcherycph.com\/da\/#website"},"primaryImageOfPage":{"@id":"https:\/\/thewitcherycph.com\/da\/vare\/berry-glow-hudsaet-til-gloedende-hud\/#primaryimage"},"image":{"@id":"https:\/\/thewitcherycph.com\/da\/vare\/berry-glow-hudsaet-til-gloedende-hud\/#primaryimage"},"thumbnailUrl":"https:\/\/thewitcherycph.com\/wp-content\/uploads\/2022\/11\/berry-glow-natural-skincare-oil-set-witchery-labs-1.jpg","datePublished":"2023-04-24T09:14:19+00:00","dateModified":"2023-04-24T09:14:21+00:00","description":"En luksuri\u00f8s og b\u00e6redygtig gave til dig selv eller en du holder af med to koldpressede superfood ansigtsolier og \u00f8kologisk rosen ansigtsmist.","breadcrumb":{"@id":"https:\/\/thewitcherycph.com\/da\/vare\/berry-glow-hudsaet-til-gloedende-hud\/#breadcrumb"},"inLanguage":"da-DK","potentialAction":[{"@type":"ReadAction","target":["https:\/\/thewitcherycph.com\/da\/vare\/berry-glow-hudsaet-til-gloedende-hud\/"]}]},{"@type":"ImageObject","inLanguage":"da-DK","@id":"https:\/\/thewitcherycph.com\/da\/vare\/berry-glow-hudsaet-til-gloedende-hud\/#primaryimage","url":"https:\/\/thewitcherycph.com\/wp-content\/uploads\/2022\/11\/berry-glow-natural-skincare-oil-set-witchery-labs-1.jpg","contentUrl":"https:\/\/thewitcherycph.com\/wp-content\/uploads\/2022\/11\/berry-glow-natural-skincare-oil-set-witchery-labs-1.jpg","width":1400,"height":1600,"caption":"Berry Glow Natural Skincare set from Witchery Labs. The set contains two face oils and a face mist to keep the skin glowing and fresh."},{"@type":"BreadcrumbList","@id":"https:\/\/thewitcherycph.com\/da\/vare\/berry-glow-hudsaet-til-gloedende-hud\/#breadcrumb","itemListElement":[{"@type":"ListItem","position":1,"name":"Home","item":"https:\/\/thewitcherycph.com\/da\/hjemside\/"},{"@type":"ListItem","position":2,"name":"Butik","item":"https:\/\/thewitcherycph.com\/da\/shop\/"},{"@type":"ListItem","position":3,"name":"Berry Glow huds\u00e6t til gl\u00f8dende hud"}]},{"@type":"WebSite","@id":"https:\/\/thewitcherycph.com\/da\/#website","url":"https:\/\/thewitcherycph.com\/da\/","name":"The Witchery CPH","description":"Sustainable Natural Skincare from Copenhagen","potentialAction":[{"@type":"SearchAction","target":{"@type":"EntryPoint","urlTemplate":"https:\/\/thewitcherycph.com\/da\/?s={search_term_string}"},"query-input":{"@type":"PropertyValueSpecification","valueRequired":true,"valueName":"search_term_string"}}],"inLanguage":"da-DK"}]}},"_links":{"self":[{"href":"https:\/\/thewitcherycph.com\/da\/wp-json\/wp\/v2\/product\/5670","targetHints":{"allow":["GET"]}}],"collection":[{"href":"https:\/\/thewitcherycph.com\/da\/wp-json\/wp\/v2\/product"}],"about":[{"href":"https:\/\/thewitcherycph.com\/da\/wp-json\/wp\/v2\/types\/product"}],"replies":[{"embeddable":true,"href":"https:\/\/thewitcherycph.com\/da\/wp-json\/wp\/v2\/comments?post=5670"}],"wp:featuredmedia":[{"embeddable":true,"href":"https:\/\/thewitcherycph.com\/da\/wp-json\/wp\/v2\/media\/5471"}],"wp:attachment":[{"href":"https:\/\/thewitcherycph.com\/da\/wp-json\/wp\/v2\/media?parent=5670"}],"wp:term":[{"taxonomy":"product_brand","embeddable":true,"href":"https:\/\/thewitcherycph.com\/da\/wp-json\/wp\/v2\/product_brand?post=5670"},{"taxonomy":"product_cat","embeddable":true,"href":"https:\/\/thewitcherycph.com\/da\/wp-json\/wp\/v2\/product_cat?post=5670"},{"taxonomy":"product_tag","embeddable":true,"href":"https:\/\/thewitcherycph.com\/da\/wp-json\/wp\/v2\/product_tag?post=5670"}],"curies":[{"name":"wp","href":"https:\/\/api.w.org\/{rel}","templated":true}]}}