{"id":5524,"date":"2022-07-06T21:12:00","date_gmt":"2023-01-05T21:10:33","guid":{"rendered":"https:\/\/thewitcherycph.com\/product\/jordbaerfroe-haarolie\/"},"modified":"2026-03-28T11:41:49","modified_gmt":"2026-03-28T11:41:49","slug":"jordbaerfroe-haarolie","status":"publish","type":"product","link":"https:\/\/thewitcherycph.com\/da\/vare\/jordbaerfroe-haarolie\/","title":{"rendered":"Jordb\u00e6rfr\u00f8 h\u00e5rolie"},"content":{"rendered":"<section class=\"wpb-content-wrapper\"><p>[vc_row][vc_column][konte_banner source=&#8221;external_link&#8221; text_position=&#8221;top-left&#8221; font_container=&#8221;font_size:40px&#8221; button_text=&#8221;&#8221; css=&#8221;.vc_custom_1620273975273{margin-bottom: 100px !important;}&#8221; custom_src=&#8221;https:\/\/thewitcherycph.com\/wp-content\/uploads\/2022\/07\/strawberry-seed-oil-light-hair-shine-the-witchery-cph-cover.jpg&#8221;]<br \/>\nEN DEJLIG LET<br \/>\nH\u00c5ROLIE[\/konte_banner][\/vc_column][\/vc_row]<\/p>\n<p>[vc_row][vc_column width=&#8221;5\/6&#8243; offset=&#8221;vc_col-lg-offset-1 vc_col-md-offset-1&#8243;][vc_row_inner][vc_column_inner width=&#8221;1\/2&#8243;][vc_custom_heading text=&#8221;GLAT OG N\u00c6RET H\u00c5R &#8221; use_theme_fonts=&#8221;yes&#8221; css=&#8221;.vc_custom_1536826700353{margin-top: 45px !important;margin-right: 65px !important;margin-bottom: 40px !important;margin-left: 65px !important;}&#8221;][vc_column_text css=&#8221;.vc_custom_1536826413162{margin-right: 65px !important;margin-bottom: 200px !important;margin-left: 65px !important;}&#8221;] Koldpresset jordb\u00e6rkerneolie er en favorit til h\u00e5ret. Den er utrolig let og efterlader ikke h\u00e5ret tungt eller olieret. <\/p>\n<p>Olien bl\u00f8dg\u00f8r, n\u00e6rer og fugter h\u00e5ret godt, da den indeholder: E-, C-vitamin og antioxidanter (ellaginsyre). <\/p>\n<p>Nogle kunder har fortalt, at deres h\u00e5r er begyndt at kr\u00f8lle igen efter at have brugt jordb\u00e6rkerneolien.<\/p>\n<p> Vi anbefaler ogs\u00e5 olien til sk\u00e6g.<br \/>\n[\/vc_column_text][vc_single_image source=&#8221;external_link&#8221; css=&#8221;.vc_custom_1620273997007{margin-right: 55px !important;}&#8221; custom_src=&#8221;https:\/\/thewitcherycph.com\/wp-content\/uploads\/2022\/07\/strawberry-seed-oil-light-hair-shine-nourishment-the-witchery-cph.jpg&#8221;][\/vc_column_inner][vc_column_inner width=&#8221;1\/2&#8243;][vc_single_image source=&#8221;external_link&#8221; alignment=&#8221;right&#8221; css=&#8221;.vc_custom_1620274010228{margin-bottom: 220px !important;margin-left: 60px !important;}&#8221; custom_src=&#8221;https:\/\/thewitcherycph.com\/wp-content\/uploads\/2022\/07\/strawberry-seed-oil-light-hair-shine-the-witchery-cph-3.jpg&#8221;][vc_custom_heading text=&#8221;ANVENDELSE&#8221; use_theme_fonts=&#8221;yes&#8221; css=&#8221;.vc_custom_1536826773205{margin-right: 90px !important;margin-bottom: 56px !important;margin-left: 60px !important;}&#8221;][vc_column_text css=&#8221;.vc_custom_1536826780690{margin-right: 90px !important;margin-left: 60px !important;}&#8221;]Gnid et par dr\u00e5ber mellem dine h\u00e5ndflader, og p\u00e5f\u00f8r forsigtig i enderne af h\u00e5ret (helst fugtigt h\u00e5r).<\/p>\n<p>Det kan v\u00e6re et godt produkt at have med i tasken og p\u00e5f\u00f8re i l\u00f8bet af dagen efter behov, f.eks. efter et regnskyl, ved bl\u00e6sevejr, eller n\u00e5r h\u00e5ret af andre \u00e5rsager bliver kruset. [\/vc_column_text][\/vc_column_inner][\/vc_row_inner][\/vc_column][\/vc_row]<\/p>\n<h2><\/h2>\n<h2><\/h2>\n<h2><\/h2>\n<h2><\/h2>\n<p>&nbsp;<\/p>\n<p>&nbsp;<\/p>\n<h4>Alle vores produkter er lavet med europ\u00e6iske, b\u00e6redygtige ingredienser med mindst mulig spild. Vi er dedikerede til at g\u00f8re denne planet til et bedre sted og bruge de naturlige produkter, vi har lige uden foran vores d\u00f8r. Vi er The Witchery CPH og vi tror p\u00e5 naturens magi<\/h4>\n<p>&nbsp;<\/p>\n<p>FAQ<\/p>\n<hr>\n<p>Vi er cruelty-free, og vi tester aldrig p\u00e5 dyr. Alle produkter er lokale og b\u00e6redygtige. Alle vores produkter er lokale og b\u00e6redygtige. Vi bruger fr\u00f8, som er biprodukter af europ\u00e6isk f\u00f8devareproduktion, hvilket s\u00e6nker vores klimaaftryk og vandforbrug. Lokale fr\u00f8 betyder, at de ikke skal transporteres langt eller opbevares i lange perioder. De strenge regler for landbrug i EU sikrer ogs\u00e5, at vores fr\u00f8 har markedets h\u00f8jeste kvalitet. Dermed er vores produkter ikke bare b\u00e6redygtige, men ogs\u00e5 af fantastisk kvalitet.<\/p>\n<\/section>","protected":false},"excerpt":{"rendered":"<p>En dejlig let olie som holder h\u00e5ret glansfuldt og fyldigt. Den kan ogs\u00e5 bruges i sk\u00e6g.<\/p>\n<ul>\n<li>Efterlader h\u00e5ret glansfuldt og fyldigt uden at flade det ud <\/li>\n<li>Rig p\u00e5 E vitamin og antioxidanter<\/li>\n<li>Bl\u00f8dg\u00f8r og fugter h\u00e5ret<\/li>\n<li>Godt til spaltede spidser, tr\u00e6t og skr\u00f8beligt h\u00e5r<\/li>\n<li>Ingen mineralolie, silikone eller syntetisk duft <\/li>\n<li>duft: mild jordb\u00e6r<\/li>\n<li>Tekstur: let<\/li>\n<li> 50ml <\/li>\n<\/ul>\n<p><span style=\"font-weight: 400;\">Vores koldpressede jordb\u00e6rkerne olie er lavet uden un\u00f8digt spild, og b\u00f8r v\u00e6re en del af alles h\u00e5rpleje rutine.<br \/>\n.  <\/span><\/p>\n","protected":false},"featured_media":5120,"comment_status":"open","ping_status":"closed","template":"","meta":[],"product_brand":[],"product_cat":[491,471,698],"product_tag":[505,506,507,508,509,493,510],"class_list":{"0":"post-5524","1":"product","2":"type-product","3":"status-publish","4":"has-post-thumbnail","6":"product_cat-har","7":"product_cat-produkter","8":"product_cat-vores-nyeste-partier","9":"product_tag-harolie","10":"product_tag-harolie-til-tort-har","11":"product_tag-harplejende-olie","12":"product_tag-jordbaer-olie","13":"product_tag-koldpresset-jordbaerkerneolie","14":"product_tag-naturlig-harbehandling","15":"product_tag-spaltede-harspidser","17":"first","18":"instock","19":"taxable","20":"shipping-taxable","21":"purchasable","22":"product-type-simple"},"yoast_head":"<!-- This site is optimized with the Yoast SEO plugin v24.9 - https:\/\/yoast.com\/wordpress\/plugins\/seo\/ -->\n<title>Jordb\u00e6rfr\u00f8 h\u00e5rolie - The Witchery CPH<\/title>\n<meta name=\"description\" content=\"Strawberry Seed Hair Oil er en super let olie, der n\u00e6rer, bl\u00f8dg\u00f8r h\u00e5ret. Den perfekte olie til t\u00f8rt, kruset og kr\u00f8llet h\u00e5r.\" \/>\n<meta name=\"robots\" content=\"index, follow, max-snippet:-1, max-image-preview:large, max-video-preview:-1\" \/>\n<link rel=\"canonical\" href=\"https:\/\/thewitcherycph.com\/da\/vare\/jordbaerfroe-haarolie\/\" \/>\n<meta property=\"og:locale\" content=\"da_DK\" \/>\n<meta property=\"og:type\" content=\"article\" \/>\n<meta property=\"og:title\" content=\"Jordb\u00e6rfr\u00f8 h\u00e5rolie - The Witchery CPH\" \/>\n<meta property=\"og:description\" content=\"Strawberry Seed Hair Oil er en super let olie, der n\u00e6rer, bl\u00f8dg\u00f8r h\u00e5ret. Den perfekte olie til t\u00f8rt, kruset og kr\u00f8llet h\u00e5r.\" \/>\n<meta property=\"og:url\" content=\"https:\/\/thewitcherycph.com\/da\/vare\/jordbaerfroe-haarolie\/\" \/>\n<meta property=\"og:site_name\" content=\"The Witchery CPH\" \/>\n<meta property=\"article:modified_time\" content=\"2026-03-28T11:41:49+00:00\" \/>\n<meta property=\"og:image\" content=\"https:\/\/thewitcherycph.com\/wp-content\/uploads\/2022\/07\/strawberry-seed-oil-light-hair-shine-the-witchery-cph-2.jpg\" \/>\n\t<meta property=\"og:image:width\" content=\"1400\" \/>\n\t<meta property=\"og:image:height\" content=\"1600\" \/>\n\t<meta property=\"og:image:type\" content=\"image\/jpeg\" \/>\n<meta name=\"twitter:card\" content=\"summary_large_image\" \/>\n<meta name=\"twitter:label1\" content=\"Estimeret l\u00e6setid\" \/>\n\t<meta name=\"twitter:data1\" content=\"2 minutter\" \/>\n<script type=\"application\/ld+json\" class=\"yoast-schema-graph\">{\"@context\":\"https:\/\/schema.org\",\"@graph\":[{\"@type\":\"WebPage\",\"@id\":\"https:\/\/thewitcherycph.com\/da\/vare\/jordbaerfroe-haarolie\/\",\"url\":\"https:\/\/thewitcherycph.com\/da\/vare\/jordbaerfroe-haarolie\/\",\"name\":\"Jordb\u00e6rfr\u00f8 h\u00e5rolie - The Witchery CPH\",\"isPartOf\":{\"@id\":\"https:\/\/thewitcherycph.com\/da\/#website\"},\"primaryImageOfPage\":{\"@id\":\"https:\/\/thewitcherycph.com\/da\/vare\/jordbaerfroe-haarolie\/#primaryimage\"},\"image\":{\"@id\":\"https:\/\/thewitcherycph.com\/da\/vare\/jordbaerfroe-haarolie\/#primaryimage\"},\"thumbnailUrl\":\"https:\/\/thewitcherycph.com\/wp-content\/uploads\/2022\/07\/strawberry-seed-oil-light-hair-shine-the-witchery-cph-2.jpg\",\"datePublished\":\"2023-01-05T21:10:33+00:00\",\"dateModified\":\"2026-03-28T11:41:49+00:00\",\"description\":\"Strawberry Seed Hair Oil er en super let olie, der n\u00e6rer, bl\u00f8dg\u00f8r h\u00e5ret. Den perfekte olie til t\u00f8rt, kruset og kr\u00f8llet h\u00e5r.\",\"breadcrumb\":{\"@id\":\"https:\/\/thewitcherycph.com\/da\/vare\/jordbaerfroe-haarolie\/#breadcrumb\"},\"inLanguage\":\"da-DK\",\"potentialAction\":[{\"@type\":\"ReadAction\",\"target\":[\"https:\/\/thewitcherycph.com\/da\/vare\/jordbaerfroe-haarolie\/\"]}]},{\"@type\":\"ImageObject\",\"inLanguage\":\"da-DK\",\"@id\":\"https:\/\/thewitcherycph.com\/da\/vare\/jordbaerfroe-haarolie\/#primaryimage\",\"url\":\"https:\/\/thewitcherycph.com\/wp-content\/uploads\/2022\/07\/strawberry-seed-oil-light-hair-shine-the-witchery-cph-2.jpg\",\"contentUrl\":\"https:\/\/thewitcherycph.com\/wp-content\/uploads\/2022\/07\/strawberry-seed-oil-light-hair-shine-the-witchery-cph-2.jpg\",\"width\":1400,\"height\":1600,\"caption\":\"Jordb\u00e6rkerneolien er en let mirakelskabende olie. Den n\u00e6rer h\u00e5ret og beskytter det mod mekanisk skade, som f.eks. gnidning mod t\u00f8j.\"},{\"@type\":\"BreadcrumbList\",\"@id\":\"https:\/\/thewitcherycph.com\/da\/vare\/jordbaerfroe-haarolie\/#breadcrumb\",\"itemListElement\":[{\"@type\":\"ListItem\",\"position\":1,\"name\":\"Home\",\"item\":\"https:\/\/thewitcherycph.com\/da\/hjemside\/\"},{\"@type\":\"ListItem\",\"position\":2,\"name\":\"Butik\",\"item\":\"https:\/\/thewitcherycph.com\/da\/shop\/\"},{\"@type\":\"ListItem\",\"position\":3,\"name\":\"Jordb\u00e6rfr\u00f8 h\u00e5rolie\"}]},{\"@type\":\"WebSite\",\"@id\":\"https:\/\/thewitcherycph.com\/da\/#website\",\"url\":\"https:\/\/thewitcherycph.com\/da\/\",\"name\":\"The Witchery CPH\",\"description\":\"Sustainable Natural Skincare from Copenhagen\",\"potentialAction\":[{\"@type\":\"SearchAction\",\"target\":{\"@type\":\"EntryPoint\",\"urlTemplate\":\"https:\/\/thewitcherycph.com\/da\/?s={search_term_string}\"},\"query-input\":{\"@type\":\"PropertyValueSpecification\",\"valueRequired\":true,\"valueName\":\"search_term_string\"}}],\"inLanguage\":\"da-DK\"}]}<\/script>\n<!-- \/ Yoast SEO plugin. -->","yoast_head_json":{"title":"Jordb\u00e6rfr\u00f8 h\u00e5rolie - The Witchery CPH","description":"Strawberry Seed Hair Oil er en super let olie, der n\u00e6rer, bl\u00f8dg\u00f8r h\u00e5ret. Den perfekte olie til t\u00f8rt, kruset og kr\u00f8llet h\u00e5r.","robots":{"index":"index","follow":"follow","max-snippet":"max-snippet:-1","max-image-preview":"max-image-preview:large","max-video-preview":"max-video-preview:-1"},"canonical":"https:\/\/thewitcherycph.com\/da\/vare\/jordbaerfroe-haarolie\/","og_locale":"da_DK","og_type":"article","og_title":"Jordb\u00e6rfr\u00f8 h\u00e5rolie - The Witchery CPH","og_description":"Strawberry Seed Hair Oil er en super let olie, der n\u00e6rer, bl\u00f8dg\u00f8r h\u00e5ret. Den perfekte olie til t\u00f8rt, kruset og kr\u00f8llet h\u00e5r.","og_url":"https:\/\/thewitcherycph.com\/da\/vare\/jordbaerfroe-haarolie\/","og_site_name":"The Witchery CPH","article_modified_time":"2026-03-28T11:41:49+00:00","og_image":[{"width":1400,"height":1600,"url":"https:\/\/thewitcherycph.com\/wp-content\/uploads\/2022\/07\/strawberry-seed-oil-light-hair-shine-the-witchery-cph-2.jpg","type":"image\/jpeg"}],"twitter_card":"summary_large_image","twitter_misc":{"Estimeret l\u00e6setid":"2 minutter"},"schema":{"@context":"https:\/\/schema.org","@graph":[{"@type":"WebPage","@id":"https:\/\/thewitcherycph.com\/da\/vare\/jordbaerfroe-haarolie\/","url":"https:\/\/thewitcherycph.com\/da\/vare\/jordbaerfroe-haarolie\/","name":"Jordb\u00e6rfr\u00f8 h\u00e5rolie - The Witchery CPH","isPartOf":{"@id":"https:\/\/thewitcherycph.com\/da\/#website"},"primaryImageOfPage":{"@id":"https:\/\/thewitcherycph.com\/da\/vare\/jordbaerfroe-haarolie\/#primaryimage"},"image":{"@id":"https:\/\/thewitcherycph.com\/da\/vare\/jordbaerfroe-haarolie\/#primaryimage"},"thumbnailUrl":"https:\/\/thewitcherycph.com\/wp-content\/uploads\/2022\/07\/strawberry-seed-oil-light-hair-shine-the-witchery-cph-2.jpg","datePublished":"2023-01-05T21:10:33+00:00","dateModified":"2026-03-28T11:41:49+00:00","description":"Strawberry Seed Hair Oil er en super let olie, der n\u00e6rer, bl\u00f8dg\u00f8r h\u00e5ret. Den perfekte olie til t\u00f8rt, kruset og kr\u00f8llet h\u00e5r.","breadcrumb":{"@id":"https:\/\/thewitcherycph.com\/da\/vare\/jordbaerfroe-haarolie\/#breadcrumb"},"inLanguage":"da-DK","potentialAction":[{"@type":"ReadAction","target":["https:\/\/thewitcherycph.com\/da\/vare\/jordbaerfroe-haarolie\/"]}]},{"@type":"ImageObject","inLanguage":"da-DK","@id":"https:\/\/thewitcherycph.com\/da\/vare\/jordbaerfroe-haarolie\/#primaryimage","url":"https:\/\/thewitcherycph.com\/wp-content\/uploads\/2022\/07\/strawberry-seed-oil-light-hair-shine-the-witchery-cph-2.jpg","contentUrl":"https:\/\/thewitcherycph.com\/wp-content\/uploads\/2022\/07\/strawberry-seed-oil-light-hair-shine-the-witchery-cph-2.jpg","width":1400,"height":1600,"caption":"Jordb\u00e6rkerneolien er en let mirakelskabende olie. Den n\u00e6rer h\u00e5ret og beskytter det mod mekanisk skade, som f.eks. gnidning mod t\u00f8j."},{"@type":"BreadcrumbList","@id":"https:\/\/thewitcherycph.com\/da\/vare\/jordbaerfroe-haarolie\/#breadcrumb","itemListElement":[{"@type":"ListItem","position":1,"name":"Home","item":"https:\/\/thewitcherycph.com\/da\/hjemside\/"},{"@type":"ListItem","position":2,"name":"Butik","item":"https:\/\/thewitcherycph.com\/da\/shop\/"},{"@type":"ListItem","position":3,"name":"Jordb\u00e6rfr\u00f8 h\u00e5rolie"}]},{"@type":"WebSite","@id":"https:\/\/thewitcherycph.com\/da\/#website","url":"https:\/\/thewitcherycph.com\/da\/","name":"The Witchery CPH","description":"Sustainable Natural Skincare from Copenhagen","potentialAction":[{"@type":"SearchAction","target":{"@type":"EntryPoint","urlTemplate":"https:\/\/thewitcherycph.com\/da\/?s={search_term_string}"},"query-input":{"@type":"PropertyValueSpecification","valueRequired":true,"valueName":"search_term_string"}}],"inLanguage":"da-DK"}]}},"_links":{"self":[{"href":"https:\/\/thewitcherycph.com\/da\/wp-json\/wp\/v2\/product\/5524","targetHints":{"allow":["GET"]}}],"collection":[{"href":"https:\/\/thewitcherycph.com\/da\/wp-json\/wp\/v2\/product"}],"about":[{"href":"https:\/\/thewitcherycph.com\/da\/wp-json\/wp\/v2\/types\/product"}],"replies":[{"embeddable":true,"href":"https:\/\/thewitcherycph.com\/da\/wp-json\/wp\/v2\/comments?post=5524"}],"wp:featuredmedia":[{"embeddable":true,"href":"https:\/\/thewitcherycph.com\/da\/wp-json\/wp\/v2\/media\/5120"}],"wp:attachment":[{"href":"https:\/\/thewitcherycph.com\/da\/wp-json\/wp\/v2\/media?parent=5524"}],"wp:term":[{"taxonomy":"product_brand","embeddable":true,"href":"https:\/\/thewitcherycph.com\/da\/wp-json\/wp\/v2\/product_brand?post=5524"},{"taxonomy":"product_cat","embeddable":true,"href":"https:\/\/thewitcherycph.com\/da\/wp-json\/wp\/v2\/product_cat?post=5524"},{"taxonomy":"product_tag","embeddable":true,"href":"https:\/\/thewitcherycph.com\/da\/wp-json\/wp\/v2\/product_tag?post=5524"}],"curies":[{"name":"wp","href":"https:\/\/api.w.org\/{rel}","templated":true}]}}