{"id":5519,"date":"2022-07-08T20:05:42","date_gmt":"2023-01-04T13:14:05","guid":{"rendered":"https:\/\/thewitcherycph.com\/product\/det-ultimative-haarplejesaet\/"},"modified":"2026-03-27T15:55:59","modified_gmt":"2026-03-27T15:55:59","slug":"det-ultimative-haarplejesaet","status":"publish","type":"product","link":"https:\/\/thewitcherycph.com\/da\/vare\/det-ultimative-haarplejesaet\/","title":{"rendered":"Det ultimative h\u00e5rplejes\u00e6t"},"content":{"rendered":"<section class=\"wpb-content-wrapper\"><p>[vc_row][vc_column][konte_banner source=&#8221;external_link&#8221; text_position=&#8221;top-left&#8221; font_container=&#8221;font_size:40px&#8221; button_text=&#8221;&#8221; css=&#8221;.vc_custom_1620273975273{margin-bottom: 100px !important;}&#8221; custom_src=&#8221;https:\/\/thewitcherycph.com\/wp-content\/uploads\/2022\/07\/The-Ultimate-Natural-Hair-Care-Set-The-Witchery-CPH-cover.jpg&#8221;]<br \/>\nDET ULTIMATIVE<br \/>\nH\u00c5TPLEJES\u00c6T [\/konte_banner][\/vc_column][\/vc_row]<\/p>\n<p>[vc_row][vc_column width=&#8221;5\/6&#8243; offset=&#8221;vc_col-lg-offset-1 vc_col-md-offset-1&#8243;][vc_row_inner][vc_column_inner width=&#8221;1\/2&#8243;][vc_custom_heading text=&#8221; HVORFOR VI ANBEFALER<br \/>\nBEGGE OLIER<br \/>\n&#8221; use_theme_fonts=&#8221;yes&#8221; css=&#8221;.vc_custom_1536826700353{margin-top: 45px !important;margin-right: 65px !important;margin-bottom: 40px !important;margin-left: 65px !important;}&#8221;][vc_column_text css=&#8221;.vc_custom_1536826413162{margin-right: 65px !important;margin-bottom: 200px !important;margin-left: 65px !important;}&#8221;] Den bedste m\u00e5de at passe p\u00e5 sit h\u00e5r starter med hovedbunden. H\u00e5rdt vand, shampoo og andre produkter sv\u00e6kker h\u00e5ret og efterlade ofte hovedbunden t\u00f8r. Dette kan medf\u00f8re h\u00e5rtab eller tyndt h\u00e5r. L\u00f8gfr\u00f8olien er et ayurvedisk middel mod h\u00e5rtab og tyndt h\u00e5r, som er blevet brugt i flere \u00e5rhundreder. Den er rig p\u00e5 svovl, som er det kemikalie, der skaber keratin i h\u00e5ret. Mangel p\u00e5 svovl kan efterlade h\u00e5ret skr\u00f8beligt og svagt.<\/p>\n<p>Jordb\u00e6rkerneolien er en let mirakelskabende olie. Den n\u00e6rer h\u00e5ret og beskytter det mod mekanisk skade, som f.eks. gnidning mod t\u00f8j.<\/p>\n<p>Begge olier skaber den perfekte kombination i den ultimative h\u00e5rpleje.<\/p>\n<p>[\/vc_column_text][vc_single_image source=&#8221;external_link&#8221; css=&#8221;.vc_custom_1620273997007{margin-right: 55px !important;}&#8221;<br \/>\ncustom_src=&#8221;https:\/\/thewitcherycph.com\/wp-content\/uploads\/2022\/07\/The-Ultimate-Natural-Hair-Care-Set-The-Witchery-CPH-scalp-and-hair-oils.jpg&#8221;][\/vc_column_inner]<\/p>\n<p>[vc_column_inner width=&#8221;1\/2&#8243;][vc_single_image source=&#8221;external_link&#8221; alignment=&#8221;right&#8221; css=&#8221;.vc_custom_1620274010228{margin-bottom: 220px !important;margin-left: 60px !important;}&#8221; custom_src=&#8221;https:\/\/thewitcherycph.com\/wp-content\/uploads\/2022\/07\/Onion-seed-oil-hair-loss-oil-treatment-the-witchery-cph-4.jpg&#8221;][vc_custom_heading text=&#8221;ANVENDELSE&#8221; use_theme_fonts=&#8221;yes&#8221; css=&#8221;.vc_custom_1536826773205{margin-right: 90px !important;margin-bottom: 56px !important;margin-left: 60px !important;}&#8221;][vc_column_text css=&#8221;.vc_custom_1536826780690{margin-right: 90px !important;margin-left: 60px !important;}&#8221;]<\/p>\n<p>[vc_custom_heading text=&#8221;&#8221; use_theme_fonts=&#8221;yes&#8221; css=&#8221;.vc_custom_1536826773205{margin-right: 90px !important;margin-bottom: 56px !important;margin-left: 60px !important;}&#8221;][vc_column_text css=&#8221;.vc_custom_1536826780690{margin-right: 90px !important;margin-left: 60px !important;}&#8221;]L\u00f8gfr\u00f8olien masseres ind i hovedbunden om aftenen og sidder natten over. H\u00e5ret vaskes n\u00e6ste morgen.<\/p>\n<p>Jordb\u00e6rkerneolien anvendes i h\u00e5ret (ideelt i fugtigt h\u00e5r). Man kan anvende olien n\u00e5r som helst f.eks. p\u00e5 kolde og bl\u00e6sende dage, n\u00e5r dit h\u00e5r naturligt filtres.<\/p>\n<p>Nogle kunder har fortalt, at deres \u00f8delagte h\u00e5r igen er begyndt at kr\u00f8lle efter brug af olien.<\/p>\n<p>[\/vc_column_text][\/vc_column_inner][\/vc_row_inner][\/vc_column][\/vc_row]<\/p>\n<h2><\/h2>\n<h2><\/h2>\n<h2><\/h2>\n<h2><\/h2>\n<p>&nbsp;<\/p>\n<p>&nbsp;<\/p>\n<h4>Alle vores produkter er lavet med europ\u00e6iske, b\u00e6redygtige ingredienser med mindst mulig spild. Vi er dedikerede til at g\u00f8re denne planet til et bedre sted og bruge de naturlige produkter, vi har lige uden foran vores d\u00f8r. Vi er The Witchery CPH og vi tror p\u00e5 naturens magi<\/h4>\n<p>&nbsp;<\/p>\n<p>FAQ<\/p>\n<hr>\n<p>Vi er cruelty-free, og vi tester aldrig p\u00e5 dyr. Alle produkter er lokale og b\u00e6redygtige. Alle vores produkter er lokale og b\u00e6redygtige. Vi bruger fr\u00f8, som er biprodukter af europ\u00e6isk f\u00f8devareproduktion, hvilket s\u00e6nker vores klimaaftryk og vandforbrug. Lokale fr\u00f8 betyder, at de ikke skal transporteres langt eller opbevares i lange perioder. De strenge regler for landbrug i EU sikrer ogs\u00e5, at vores fr\u00f8 har markedets h\u00f8jeste kvalitet. Dermed er vores produkter ikke bare b\u00e6redygtige, men ogs\u00e5 af fantastisk kvalitet.<\/p>\n<\/section>","protected":false},"excerpt":{"rendered":"<p>Vores foretrukne h\u00e5rplejes\u00e6t er alt, hvad du beh\u00f8ver for en naturlig h\u00e5rpleje.<\/p>\n<ul>\n<li>Olie til hovedbund: L\u00f8gfr\u00f8olie<\/li>\n<li>H\u00e5rolie: Jordb\u00e6rkerneolie<\/li>\n<li>L\u00f8gfr\u00f8olien fremmer h\u00e5rv\u00e6kst og plejer hovedbunden<\/li>\n<li>Jordb\u00e6rkerneolien er, trods sin lethed, utrolig n\u00e6rende<\/li>\n<li>En perfekt kombination for sundere h\u00e5r<\/li>\n<li>Koldpresset<\/li>\n<li>Spar 100 kr. (produkterne koster 450 kr. stk.)<\/li>\n<\/ul>\n<p><span style=\"font-weight: 400;\">L\u00f8gfr\u00f8olien er et ayurvedisk middel mod h\u00e5rtab og tyndt h\u00e5r. Det er en vidunderlig pleje for hovedbunden, som fremmer h\u00e5rv\u00e6kst. Kombineret med Jordb\u00e6rkerneolien er dette pakken, som vil g\u00f8re dit h\u00e5r sundt, st\u00e6rkt og glansfuldt.<\/span><\/p>\n","protected":false},"featured_media":5151,"comment_status":"open","ping_status":"closed","template":"","meta":[],"product_brand":[],"product_cat":[491,490,471],"product_tag":[497,492,494,493,496,495],"class_list":{"0":"post-5519","1":"product","2":"type-product","3":"status-publish","4":"has-post-thumbnail","6":"product_cat-har","7":"product_cat-hudplejesaet","8":"product_cat-produkter","9":"product_tag-bedste-olier-til-haret","10":"product_tag-behandling-af-hartab","11":"product_tag-hovedbund-olie","12":"product_tag-naturlig-harbehandling","13":"product_tag-naturlig-hareplejerutine","14":"product_tag-tyndere-har","16":"first","17":"instock","18":"taxable","19":"shipping-taxable","20":"purchasable","21":"product-type-simple"},"yoast_head":"<!-- This site is optimized with the Yoast SEO plugin v24.9 - https:\/\/yoast.com\/wordpress\/plugins\/seo\/ -->\n<title>Det ultimative h\u00e5rplejes\u00e6t - The Witchery CPH<\/title>\n<meta name=\"description\" content=\"Vores foretrukne h\u00e5rplejes\u00e6t er alt, hvad du beh\u00f8ver for en naturlig h\u00e5rpleje.\" \/>\n<meta name=\"robots\" content=\"index, follow, max-snippet:-1, max-image-preview:large, max-video-preview:-1\" \/>\n<link rel=\"canonical\" href=\"https:\/\/thewitcherycph.com\/da\/vare\/det-ultimative-haarplejesaet\/\" \/>\n<meta property=\"og:locale\" content=\"da_DK\" \/>\n<meta property=\"og:type\" content=\"article\" \/>\n<meta property=\"og:title\" content=\"Det ultimative h\u00e5rplejes\u00e6t - The Witchery CPH\" \/>\n<meta property=\"og:description\" content=\"Vores foretrukne h\u00e5rplejes\u00e6t er alt, hvad du beh\u00f8ver for en naturlig h\u00e5rpleje.\" \/>\n<meta property=\"og:url\" content=\"https:\/\/thewitcherycph.com\/da\/vare\/det-ultimative-haarplejesaet\/\" \/>\n<meta property=\"og:site_name\" content=\"The Witchery CPH\" \/>\n<meta property=\"article:modified_time\" content=\"2026-03-27T15:55:59+00:00\" \/>\n<meta property=\"og:image\" content=\"https:\/\/thewitcherycph.com\/wp-content\/uploads\/2022\/07\/The-Ultimate-Natural-Hair-Care-Set-The-Witchery-CPH.jpg\" \/>\n\t<meta property=\"og:image:width\" content=\"1400\" \/>\n\t<meta property=\"og:image:height\" content=\"1600\" \/>\n\t<meta property=\"og:image:type\" content=\"image\/jpeg\" \/>\n<meta name=\"twitter:card\" content=\"summary_large_image\" \/>\n<meta name=\"twitter:label1\" content=\"Estimeret l\u00e6setid\" \/>\n\t<meta name=\"twitter:data1\" content=\"3 minutter\" \/>\n<script type=\"application\/ld+json\" class=\"yoast-schema-graph\">{\"@context\":\"https:\/\/schema.org\",\"@graph\":[{\"@type\":\"WebPage\",\"@id\":\"https:\/\/thewitcherycph.com\/da\/vare\/det-ultimative-haarplejesaet\/\",\"url\":\"https:\/\/thewitcherycph.com\/da\/vare\/det-ultimative-haarplejesaet\/\",\"name\":\"Det ultimative h\u00e5rplejes\u00e6t - The Witchery CPH\",\"isPartOf\":{\"@id\":\"https:\/\/thewitcherycph.com\/da\/#website\"},\"primaryImageOfPage\":{\"@id\":\"https:\/\/thewitcherycph.com\/da\/vare\/det-ultimative-haarplejesaet\/#primaryimage\"},\"image\":{\"@id\":\"https:\/\/thewitcherycph.com\/da\/vare\/det-ultimative-haarplejesaet\/#primaryimage\"},\"thumbnailUrl\":\"https:\/\/thewitcherycph.com\/wp-content\/uploads\/2022\/07\/The-Ultimate-Natural-Hair-Care-Set-The-Witchery-CPH.jpg\",\"datePublished\":\"2023-01-04T13:14:05+00:00\",\"dateModified\":\"2026-03-27T15:55:59+00:00\",\"description\":\"Vores foretrukne h\u00e5rplejes\u00e6t er alt, hvad du beh\u00f8ver for en naturlig h\u00e5rpleje.\",\"breadcrumb\":{\"@id\":\"https:\/\/thewitcherycph.com\/da\/vare\/det-ultimative-haarplejesaet\/#breadcrumb\"},\"inLanguage\":\"da-DK\",\"potentialAction\":[{\"@type\":\"ReadAction\",\"target\":[\"https:\/\/thewitcherycph.com\/da\/vare\/det-ultimative-haarplejesaet\/\"]}]},{\"@type\":\"ImageObject\",\"inLanguage\":\"da-DK\",\"@id\":\"https:\/\/thewitcherycph.com\/da\/vare\/det-ultimative-haarplejesaet\/#primaryimage\",\"url\":\"https:\/\/thewitcherycph.com\/wp-content\/uploads\/2022\/07\/The-Ultimate-Natural-Hair-Care-Set-The-Witchery-CPH.jpg\",\"contentUrl\":\"https:\/\/thewitcherycph.com\/wp-content\/uploads\/2022\/07\/The-Ultimate-Natural-Hair-Care-Set-The-Witchery-CPH.jpg\",\"width\":1400,\"height\":1600,\"caption\":\"Ultimate Natural Hair Care Set indeholder en hovedbundsolie til tyndere h\u00e5r og h\u00e5rtab og en let, men n\u00e6rende h\u00e5rolie til spidserne\"},{\"@type\":\"BreadcrumbList\",\"@id\":\"https:\/\/thewitcherycph.com\/da\/vare\/det-ultimative-haarplejesaet\/#breadcrumb\",\"itemListElement\":[{\"@type\":\"ListItem\",\"position\":1,\"name\":\"Home\",\"item\":\"https:\/\/thewitcherycph.com\/da\/hjemside\/\"},{\"@type\":\"ListItem\",\"position\":2,\"name\":\"Butik\",\"item\":\"https:\/\/thewitcherycph.com\/da\/shop\/\"},{\"@type\":\"ListItem\",\"position\":3,\"name\":\"Det ultimative h\u00e5rplejes\u00e6t\"}]},{\"@type\":\"WebSite\",\"@id\":\"https:\/\/thewitcherycph.com\/da\/#website\",\"url\":\"https:\/\/thewitcherycph.com\/da\/\",\"name\":\"The Witchery CPH\",\"description\":\"Sustainable Natural Skincare from Copenhagen\",\"potentialAction\":[{\"@type\":\"SearchAction\",\"target\":{\"@type\":\"EntryPoint\",\"urlTemplate\":\"https:\/\/thewitcherycph.com\/da\/?s={search_term_string}\"},\"query-input\":{\"@type\":\"PropertyValueSpecification\",\"valueRequired\":true,\"valueName\":\"search_term_string\"}}],\"inLanguage\":\"da-DK\"}]}<\/script>\n<!-- \/ Yoast SEO plugin. -->","yoast_head_json":{"title":"Det ultimative h\u00e5rplejes\u00e6t - The Witchery CPH","description":"Vores foretrukne h\u00e5rplejes\u00e6t er alt, hvad du beh\u00f8ver for en naturlig h\u00e5rpleje.","robots":{"index":"index","follow":"follow","max-snippet":"max-snippet:-1","max-image-preview":"max-image-preview:large","max-video-preview":"max-video-preview:-1"},"canonical":"https:\/\/thewitcherycph.com\/da\/vare\/det-ultimative-haarplejesaet\/","og_locale":"da_DK","og_type":"article","og_title":"Det ultimative h\u00e5rplejes\u00e6t - The Witchery CPH","og_description":"Vores foretrukne h\u00e5rplejes\u00e6t er alt, hvad du beh\u00f8ver for en naturlig h\u00e5rpleje.","og_url":"https:\/\/thewitcherycph.com\/da\/vare\/det-ultimative-haarplejesaet\/","og_site_name":"The Witchery CPH","article_modified_time":"2026-03-27T15:55:59+00:00","og_image":[{"width":1400,"height":1600,"url":"https:\/\/thewitcherycph.com\/wp-content\/uploads\/2022\/07\/The-Ultimate-Natural-Hair-Care-Set-The-Witchery-CPH.jpg","type":"image\/jpeg"}],"twitter_card":"summary_large_image","twitter_misc":{"Estimeret l\u00e6setid":"3 minutter"},"schema":{"@context":"https:\/\/schema.org","@graph":[{"@type":"WebPage","@id":"https:\/\/thewitcherycph.com\/da\/vare\/det-ultimative-haarplejesaet\/","url":"https:\/\/thewitcherycph.com\/da\/vare\/det-ultimative-haarplejesaet\/","name":"Det ultimative h\u00e5rplejes\u00e6t - The Witchery CPH","isPartOf":{"@id":"https:\/\/thewitcherycph.com\/da\/#website"},"primaryImageOfPage":{"@id":"https:\/\/thewitcherycph.com\/da\/vare\/det-ultimative-haarplejesaet\/#primaryimage"},"image":{"@id":"https:\/\/thewitcherycph.com\/da\/vare\/det-ultimative-haarplejesaet\/#primaryimage"},"thumbnailUrl":"https:\/\/thewitcherycph.com\/wp-content\/uploads\/2022\/07\/The-Ultimate-Natural-Hair-Care-Set-The-Witchery-CPH.jpg","datePublished":"2023-01-04T13:14:05+00:00","dateModified":"2026-03-27T15:55:59+00:00","description":"Vores foretrukne h\u00e5rplejes\u00e6t er alt, hvad du beh\u00f8ver for en naturlig h\u00e5rpleje.","breadcrumb":{"@id":"https:\/\/thewitcherycph.com\/da\/vare\/det-ultimative-haarplejesaet\/#breadcrumb"},"inLanguage":"da-DK","potentialAction":[{"@type":"ReadAction","target":["https:\/\/thewitcherycph.com\/da\/vare\/det-ultimative-haarplejesaet\/"]}]},{"@type":"ImageObject","inLanguage":"da-DK","@id":"https:\/\/thewitcherycph.com\/da\/vare\/det-ultimative-haarplejesaet\/#primaryimage","url":"https:\/\/thewitcherycph.com\/wp-content\/uploads\/2022\/07\/The-Ultimate-Natural-Hair-Care-Set-The-Witchery-CPH.jpg","contentUrl":"https:\/\/thewitcherycph.com\/wp-content\/uploads\/2022\/07\/The-Ultimate-Natural-Hair-Care-Set-The-Witchery-CPH.jpg","width":1400,"height":1600,"caption":"Ultimate Natural Hair Care Set indeholder en hovedbundsolie til tyndere h\u00e5r og h\u00e5rtab og en let, men n\u00e6rende h\u00e5rolie til spidserne"},{"@type":"BreadcrumbList","@id":"https:\/\/thewitcherycph.com\/da\/vare\/det-ultimative-haarplejesaet\/#breadcrumb","itemListElement":[{"@type":"ListItem","position":1,"name":"Home","item":"https:\/\/thewitcherycph.com\/da\/hjemside\/"},{"@type":"ListItem","position":2,"name":"Butik","item":"https:\/\/thewitcherycph.com\/da\/shop\/"},{"@type":"ListItem","position":3,"name":"Det ultimative h\u00e5rplejes\u00e6t"}]},{"@type":"WebSite","@id":"https:\/\/thewitcherycph.com\/da\/#website","url":"https:\/\/thewitcherycph.com\/da\/","name":"The Witchery CPH","description":"Sustainable Natural Skincare from Copenhagen","potentialAction":[{"@type":"SearchAction","target":{"@type":"EntryPoint","urlTemplate":"https:\/\/thewitcherycph.com\/da\/?s={search_term_string}"},"query-input":{"@type":"PropertyValueSpecification","valueRequired":true,"valueName":"search_term_string"}}],"inLanguage":"da-DK"}]}},"_links":{"self":[{"href":"https:\/\/thewitcherycph.com\/da\/wp-json\/wp\/v2\/product\/5519","targetHints":{"allow":["GET"]}}],"collection":[{"href":"https:\/\/thewitcherycph.com\/da\/wp-json\/wp\/v2\/product"}],"about":[{"href":"https:\/\/thewitcherycph.com\/da\/wp-json\/wp\/v2\/types\/product"}],"replies":[{"embeddable":true,"href":"https:\/\/thewitcherycph.com\/da\/wp-json\/wp\/v2\/comments?post=5519"}],"wp:featuredmedia":[{"embeddable":true,"href":"https:\/\/thewitcherycph.com\/da\/wp-json\/wp\/v2\/media\/5151"}],"wp:attachment":[{"href":"https:\/\/thewitcherycph.com\/da\/wp-json\/wp\/v2\/media?parent=5519"}],"wp:term":[{"taxonomy":"product_brand","embeddable":true,"href":"https:\/\/thewitcherycph.com\/da\/wp-json\/wp\/v2\/product_brand?post=5519"},{"taxonomy":"product_cat","embeddable":true,"href":"https:\/\/thewitcherycph.com\/da\/wp-json\/wp\/v2\/product_cat?post=5519"},{"taxonomy":"product_tag","embeddable":true,"href":"https:\/\/thewitcherycph.com\/da\/wp-json\/wp\/v2\/product_tag?post=5519"}],"curies":[{"name":"wp","href":"https:\/\/api.w.org\/{rel}","templated":true}]}}