{"id":5437,"date":"2022-08-13T12:47:51","date_gmt":"2022-11-02T20:59:51","guid":{"rendered":"https:\/\/thewitcherycph.com\/product\/skovdyrket-braendenaelde-tonic-til-huden\/"},"modified":"2026-03-28T11:36:58","modified_gmt":"2026-03-28T11:36:58","slug":"skovdyrket-braendenaelde-tonic-til-huden","status":"publish","type":"product","link":"https:\/\/thewitcherycph.com\/da\/vare\/skovdyrket-braendenaelde-tonic-til-huden\/","title":{"rendered":"Skovdyrket br\u00e6nden\u00e6lde ansigtstoner"},"content":{"rendered":"<section class=\"wpb-content-wrapper\"><p>[vc_row][vc_column][konte_banner source=&#8221;external_link&#8221; text_position=&#8221;top-left&#8221; font_container=&#8221;font_size:40px&#8221; button_text=&#8221;&#8221; css=&#8221;.vc_custom_1620273975273{margin-bottom: 100px !important;}&#8221; custom_src=&#8221;https:\/\/thewitcherycph.com\/wp-content\/uploads\/2022\/08\/stinging-nettle-unprocessed-face-skin-toner-the-witchery-cover-3.jpg&#8221;]<br \/>\nBR\u00c6NDEN\u00c6LDE<br \/>\nANSIGTSTONER [\/konte_banner][\/vc_column][\/vc_row]<\/p>\n<p>[vc_row][vc_column width=&#8221;5\/6&#8243; offset=&#8221;vc_col-lg-offset-1 vc_col-md-offset-1&#8243;][vc_row_inner][vc_column_inner width=&#8221;1\/2&#8243;][vc_custom_heading text=&#8221; VILDT-VOKSENDE<br \/>\nBR\u00c6NDEN\u00c6LDETONER<br \/>\n&#8221; use_theme_fonts=&#8221;yes&#8221; css=&#8221;.vc_custom_1536826700353{margin-top: 45px !important;margin-right: 65px !important;margin-bottom: 40px !important;margin-left: 65px !important;}&#8221;][vc_column_text css=&#8221;.vc_custom_1536826413162{margin-right: 65px !important;margin-bottom: 200px !important;margin-left: 65px !important;}&#8221;] Br\u00e6nden\u00e6lde er en \u00e6gte vitaminbombe Planten er mere n\u00e6ringsrig end spinat og ekstremt b\u00e6redygtig Den trives vildt i skoven og mange andre steder.<br \/>\nVores br\u00e6nden\u00e6ldetoner er lavet ved dampdestillation af vildtvoksende, \u00f8kologiske br\u00e6nden\u00e6ldeblade for at opn\u00e5 hele plantens godhed. Vildtvoksende planter er mere n\u00e6rende, end de der dyrkes i landbrug, da de vokser i et n\u00e6ringsrigt og naturligt milj\u00f8.<\/p>\n<p>Br\u00e6nden\u00e6lde er antibakteriel, astringerende og regenererende. Den fremskynder hudens heling og hj\u00e6lper irritation og r\u00f8dme. Et studie har observeret at br\u00e6nden\u00e6lde fremskynder helingen af brands\u00e5r betydeligt, En h\u00e5ndfuld andre studier fremh\u00e6ver br\u00e6nden\u00e6ldens helende egenskaber for huden.<\/p>\n<p>Br\u00e6nden\u00e6lde er ogs\u00e5 kendt som middel mod allergi og sl\u00f8v eller tr\u00e6t hud. Den lysner og giver tone til din teint. Nogle af vores kunder har meldt tilbage, at deres hud er blevet mere str\u00e5lende.<\/p>\n<p>Udover at v\u00e6re helbredende er br\u00e6nden\u00e6lde ogs\u00e5 med til at balancere produktionen af talg. Br\u00e6nden\u00e6lde tonic anbefales til alle hudtyper, is\u00e6r udbrud, acne, solskader og sensitiv hud. Alt i alt er det en vidunderlig tonic, til at holde huden ren, sund og frisk.<\/p>\n<p>[\/vc_column_text][vc_single_image source=&#8221;external_link&#8221; css=&#8221;.vc_custom_1620273997007{margin-right: 55px !important;}&#8221;<br \/>\ncustom_src=&#8221;https:\/\/thewitcherycph.com\/wp-content\/uploads\/2022\/08\/natural-skin-tonics-the-witchery-cph.jpg&#8221;][\/vc_column_inner]<\/p>\n<p>[vc_column_inner width=&#8221;1\/2&#8243;][vc_single_image source=&#8221;external_link&#8221; alignment=&#8221;right&#8221; css=&#8221;.vc_custom_1620274010228{margin-bottom: 220px !important;margin-left: 60px !important;}&#8221; custom_src=&#8221;https:\/\/thewitcherycph.com\/wp-content\/uploads\/2022\/08\/wild-grown-nettle-skin-tonic-healthy-skin-the-witchery-cph.jpg&#8221;][vc_custom_heading text=&#8221;ANVENDELSE&#8221; use_theme_fonts=&#8221;yes&#8221; css=&#8221;.vc_custom_1536826773205{margin-right: 90px !important;margin-bottom: 56px !important;margin-left: 60px !important;}&#8221;][vc_column_text css=&#8221;.vc_custom_1536826780690{margin-right: 90px !important;margin-left: 60px !important;}&#8221;]<\/p>\n<p>[vc_custom_heading text=&#8221;&#8221; use_theme_fonts=&#8221;yes&#8221; css=&#8221;.vc_custom_1536826773205{margin-right: 90px !important;margin-bottom: 56px !important;margin-left: 60px !important;}&#8221;][vc_column_text css=&#8221;.vc_custom_1536826780690{margin-right: 90px !important;margin-left: 60px !important;}&#8221;]<\/p>\n<p>Anvend p\u00e5 ren hud. Brug en vatrondel (gerne genanvendelig). Efterf\u00f8lgende kan du bruge din ynglings ansigtsolie eller fugtighedscreme.<\/p>\n<p>Vores tonic er af h\u00f8jeste kvalitet. Der er brugt 1 kg blade til at destillere 1 liter br\u00e6nden\u00e6lde tonic (det ses ofte at tonic lavet p\u00e5 urter udvandes i produktionen). Din hud vil elske denne koncentration. Produktet indeholder partikler fra br\u00e6nden\u00e6ldeolie.<\/p>\n<p>Vores Skovdyrkede br\u00e6nden\u00e6lde tonic kan bruges b\u00e5de i din morgen og aften rutine.<br \/>\n[\/vc_column_text][\/vc_column_inner][\/vc_row_inner][\/vc_column][\/vc_row]<\/p>\n<h2><\/h2>\n<h2><\/h2>\n<h2><\/h2>\n<h2><\/h2>\n<p>&nbsp;<\/p>\n<p>&nbsp;<\/p>\n<h4>Alle vores produkter er lavet med europ\u00e6iske, b\u00e6redygtige ingredienser med mindst mulig spild. Vi er dedikerede til at g\u00f8re denne planet til et bedre sted og bruge de naturlige produkter, vi har lige uden foran vores d\u00f8r. Vi er The Witchery CPH og vi tror p\u00e5 naturens magi<\/h4>\n<p>&nbsp;<\/p>\n<p>FAQ<\/p>\n<hr>\n<p>Vi er cruelty-free, og vi tester aldrig p\u00e5 dyr. Alle produkter er lokale og b\u00e6redygtige. Alle vores produkter er lokale og b\u00e6redygtige. Vi bruger fr\u00f8, som er biprodukter af europ\u00e6isk f\u00f8devareproduktion, hvilket s\u00e6nker vores klimaaftryk og vandforbrug. Lokale fr\u00f8 betyder, at de ikke skal transporteres langt eller opbevares i lange perioder. De strenge regler for landbrug i EU sikrer ogs\u00e5, at vores fr\u00f8 har markedets h\u00f8jeste kvalitet. Dermed er vores produkter ikke bare b\u00e6redygtige, men ogs\u00e5 af fantastisk kvalitet.<\/p>\n<\/section>","protected":false},"excerpt":{"rendered":"<p>Vores \u00f8kologiske br\u00e6nden\u00e6ldetoner til huden er ren, uforarbejdet og 100% naturlig. Dette produkt kommer i en sprayflaske<\/p>\n<ul>\n<li>Vildtvoksende br\u00e6nden\u00e6lder, h\u00e5ndplukkede og destilleret<\/li>\n<li>Afhj\u00e6lper r\u00f8dme, udbrud og fremskynder hudens heling<\/li>\n<li>Antibakteriel, astringerende og regenererende<\/li>\n<li>Plejer og lysner huden<\/li>\n<li>Anbefales til alle hudtyper; s\u00e6rligt solskader<\/li>\n<li>Dampdestilleret br\u00e6nden\u00e6lde<\/li>\n<li>Anvendes p\u00e5 ren hud inden ansigtsolie eller fugtighedscreme<\/li>\n<\/ul>\n<p><span style=\"font-weight: 400;\"> Vores br\u00e6nden\u00e6lde tonic er er fra en kvindelig gartners lille landsted, h\u00e5ndplukket og destilleret. Produktet er fra EU.<\/span><\/p>\n","protected":false},"featured_media":5187,"comment_status":"open","ping_status":"closed","template":"","meta":[],"product_brand":[],"product_cat":[498,470,471],"product_tag":[474,473,472,476,477,475],"class_list":{"0":"post-5437","1":"product","2":"type-product","3":"status-publish","4":"has-post-thumbnail","6":"product_cat-rodme-og-hudfolsomhed","7":"product_cat-toners-hydrosoler","8":"product_cat-produkter","9":"product_tag-braendenaelde","10":"product_tag-braendenaelde-tonic-til-huden","11":"product_tag-naelde-hud-fordele","12":"product_tag-skov-urter","13":"product_tag-solskadet-hud","14":"product_tag-vildtvokset","16":"first","17":"instock","18":"taxable","19":"shipping-taxable","20":"purchasable","21":"product-type-simple"},"yoast_head":"<!-- This site is optimized with the Yoast SEO plugin v24.9 - https:\/\/yoast.com\/wordpress\/plugins\/seo\/ -->\n<title>Skovdyrket br\u00e6nden\u00e6lde ansigtstoner - The Witchery CPH<\/title>\n<meta name=\"description\" content=\"Vores vildt-voksende, \u00f8kologiske br\u00e6nden\u00e6lde ansigtstoner er lavet gennem dampdestillering af br\u00e6nden\u00e6lderblade, og er fantastisk til at holde huden sund.\" \/>\n<meta name=\"robots\" content=\"index, follow, max-snippet:-1, max-image-preview:large, max-video-preview:-1\" \/>\n<link rel=\"canonical\" href=\"https:\/\/thewitcherycph.com\/da\/vare\/skovdyrket-braendenaelde-tonic-til-huden\/\" \/>\n<meta property=\"og:locale\" content=\"da_DK\" \/>\n<meta property=\"og:type\" content=\"article\" \/>\n<meta property=\"og:title\" content=\"Skovdyrket br\u00e6nden\u00e6lde ansigtstoner - The Witchery CPH\" \/>\n<meta property=\"og:description\" content=\"Vores vildt-voksende, \u00f8kologiske br\u00e6nden\u00e6lde ansigtstoner er lavet gennem dampdestillering af br\u00e6nden\u00e6lderblade, og er fantastisk til at holde huden sund.\" \/>\n<meta property=\"og:url\" content=\"https:\/\/thewitcherycph.com\/da\/vare\/skovdyrket-braendenaelde-tonic-til-huden\/\" \/>\n<meta property=\"og:site_name\" content=\"The Witchery CPH\" \/>\n<meta property=\"article:modified_time\" content=\"2026-03-28T11:36:58+00:00\" \/>\n<meta property=\"og:image\" content=\"https:\/\/thewitcherycph.com\/wp-content\/uploads\/2022\/08\/stinging-nettle-unprocessed-face-skin-toner-the-witchery-cph.jpg\" \/>\n\t<meta property=\"og:image:width\" content=\"1400\" \/>\n\t<meta property=\"og:image:height\" content=\"1600\" \/>\n\t<meta property=\"og:image:type\" content=\"image\/jpeg\" \/>\n<meta name=\"twitter:card\" content=\"summary_large_image\" \/>\n<meta name=\"twitter:label1\" content=\"Estimeret l\u00e6setid\" \/>\n\t<meta name=\"twitter:data1\" content=\"3 minutter\" \/>\n<script type=\"application\/ld+json\" class=\"yoast-schema-graph\">{\"@context\":\"https:\/\/schema.org\",\"@graph\":[{\"@type\":\"WebPage\",\"@id\":\"https:\/\/thewitcherycph.com\/da\/vare\/skovdyrket-braendenaelde-tonic-til-huden\/\",\"url\":\"https:\/\/thewitcherycph.com\/da\/vare\/skovdyrket-braendenaelde-tonic-til-huden\/\",\"name\":\"Skovdyrket br\u00e6nden\u00e6lde ansigtstoner - The Witchery CPH\",\"isPartOf\":{\"@id\":\"https:\/\/thewitcherycph.com\/da\/#website\"},\"primaryImageOfPage\":{\"@id\":\"https:\/\/thewitcherycph.com\/da\/vare\/skovdyrket-braendenaelde-tonic-til-huden\/#primaryimage\"},\"image\":{\"@id\":\"https:\/\/thewitcherycph.com\/da\/vare\/skovdyrket-braendenaelde-tonic-til-huden\/#primaryimage\"},\"thumbnailUrl\":\"https:\/\/thewitcherycph.com\/wp-content\/uploads\/2022\/08\/stinging-nettle-unprocessed-face-skin-toner-the-witchery-cph.jpg\",\"datePublished\":\"2022-11-02T20:59:51+00:00\",\"dateModified\":\"2026-03-28T11:36:58+00:00\",\"description\":\"Vores vildt-voksende, \u00f8kologiske br\u00e6nden\u00e6lde ansigtstoner er lavet gennem dampdestillering af br\u00e6nden\u00e6lderblade, og er fantastisk til at holde huden sund.\",\"breadcrumb\":{\"@id\":\"https:\/\/thewitcherycph.com\/da\/vare\/skovdyrket-braendenaelde-tonic-til-huden\/#breadcrumb\"},\"inLanguage\":\"da-DK\",\"potentialAction\":[{\"@type\":\"ReadAction\",\"target\":[\"https:\/\/thewitcherycph.com\/da\/vare\/skovdyrket-braendenaelde-tonic-til-huden\/\"]}]},{\"@type\":\"ImageObject\",\"inLanguage\":\"da-DK\",\"@id\":\"https:\/\/thewitcherycph.com\/da\/vare\/skovdyrket-braendenaelde-tonic-til-huden\/#primaryimage\",\"url\":\"https:\/\/thewitcherycph.com\/wp-content\/uploads\/2022\/08\/stinging-nettle-unprocessed-face-skin-toner-the-witchery-cph.jpg\",\"contentUrl\":\"https:\/\/thewitcherycph.com\/wp-content\/uploads\/2022\/08\/stinging-nettle-unprocessed-face-skin-toner-the-witchery-cph.jpg\",\"width\":1400,\"height\":1600,\"caption\":\"\u00f8kologiske-skovdyrket-br\u00e6nden\u00e6lde-tonic\"},{\"@type\":\"BreadcrumbList\",\"@id\":\"https:\/\/thewitcherycph.com\/da\/vare\/skovdyrket-braendenaelde-tonic-til-huden\/#breadcrumb\",\"itemListElement\":[{\"@type\":\"ListItem\",\"position\":1,\"name\":\"Home\",\"item\":\"https:\/\/thewitcherycph.com\/da\/hjemside\/\"},{\"@type\":\"ListItem\",\"position\":2,\"name\":\"Butik\",\"item\":\"https:\/\/thewitcherycph.com\/da\/shop\/\"},{\"@type\":\"ListItem\",\"position\":3,\"name\":\"Skovdyrket br\u00e6nden\u00e6lde ansigtstoner\"}]},{\"@type\":\"WebSite\",\"@id\":\"https:\/\/thewitcherycph.com\/da\/#website\",\"url\":\"https:\/\/thewitcherycph.com\/da\/\",\"name\":\"The Witchery CPH\",\"description\":\"Sustainable Natural Skincare from Copenhagen\",\"potentialAction\":[{\"@type\":\"SearchAction\",\"target\":{\"@type\":\"EntryPoint\",\"urlTemplate\":\"https:\/\/thewitcherycph.com\/da\/?s={search_term_string}\"},\"query-input\":{\"@type\":\"PropertyValueSpecification\",\"valueRequired\":true,\"valueName\":\"search_term_string\"}}],\"inLanguage\":\"da-DK\"}]}<\/script>\n<!-- \/ Yoast SEO plugin. -->","yoast_head_json":{"title":"Skovdyrket br\u00e6nden\u00e6lde ansigtstoner - The Witchery CPH","description":"Vores vildt-voksende, \u00f8kologiske br\u00e6nden\u00e6lde ansigtstoner er lavet gennem dampdestillering af br\u00e6nden\u00e6lderblade, og er fantastisk til at holde huden sund.","robots":{"index":"index","follow":"follow","max-snippet":"max-snippet:-1","max-image-preview":"max-image-preview:large","max-video-preview":"max-video-preview:-1"},"canonical":"https:\/\/thewitcherycph.com\/da\/vare\/skovdyrket-braendenaelde-tonic-til-huden\/","og_locale":"da_DK","og_type":"article","og_title":"Skovdyrket br\u00e6nden\u00e6lde ansigtstoner - The Witchery CPH","og_description":"Vores vildt-voksende, \u00f8kologiske br\u00e6nden\u00e6lde ansigtstoner er lavet gennem dampdestillering af br\u00e6nden\u00e6lderblade, og er fantastisk til at holde huden sund.","og_url":"https:\/\/thewitcherycph.com\/da\/vare\/skovdyrket-braendenaelde-tonic-til-huden\/","og_site_name":"The Witchery CPH","article_modified_time":"2026-03-28T11:36:58+00:00","og_image":[{"width":1400,"height":1600,"url":"https:\/\/thewitcherycph.com\/wp-content\/uploads\/2022\/08\/stinging-nettle-unprocessed-face-skin-toner-the-witchery-cph.jpg","type":"image\/jpeg"}],"twitter_card":"summary_large_image","twitter_misc":{"Estimeret l\u00e6setid":"3 minutter"},"schema":{"@context":"https:\/\/schema.org","@graph":[{"@type":"WebPage","@id":"https:\/\/thewitcherycph.com\/da\/vare\/skovdyrket-braendenaelde-tonic-til-huden\/","url":"https:\/\/thewitcherycph.com\/da\/vare\/skovdyrket-braendenaelde-tonic-til-huden\/","name":"Skovdyrket br\u00e6nden\u00e6lde ansigtstoner - The Witchery CPH","isPartOf":{"@id":"https:\/\/thewitcherycph.com\/da\/#website"},"primaryImageOfPage":{"@id":"https:\/\/thewitcherycph.com\/da\/vare\/skovdyrket-braendenaelde-tonic-til-huden\/#primaryimage"},"image":{"@id":"https:\/\/thewitcherycph.com\/da\/vare\/skovdyrket-braendenaelde-tonic-til-huden\/#primaryimage"},"thumbnailUrl":"https:\/\/thewitcherycph.com\/wp-content\/uploads\/2022\/08\/stinging-nettle-unprocessed-face-skin-toner-the-witchery-cph.jpg","datePublished":"2022-11-02T20:59:51+00:00","dateModified":"2026-03-28T11:36:58+00:00","description":"Vores vildt-voksende, \u00f8kologiske br\u00e6nden\u00e6lde ansigtstoner er lavet gennem dampdestillering af br\u00e6nden\u00e6lderblade, og er fantastisk til at holde huden sund.","breadcrumb":{"@id":"https:\/\/thewitcherycph.com\/da\/vare\/skovdyrket-braendenaelde-tonic-til-huden\/#breadcrumb"},"inLanguage":"da-DK","potentialAction":[{"@type":"ReadAction","target":["https:\/\/thewitcherycph.com\/da\/vare\/skovdyrket-braendenaelde-tonic-til-huden\/"]}]},{"@type":"ImageObject","inLanguage":"da-DK","@id":"https:\/\/thewitcherycph.com\/da\/vare\/skovdyrket-braendenaelde-tonic-til-huden\/#primaryimage","url":"https:\/\/thewitcherycph.com\/wp-content\/uploads\/2022\/08\/stinging-nettle-unprocessed-face-skin-toner-the-witchery-cph.jpg","contentUrl":"https:\/\/thewitcherycph.com\/wp-content\/uploads\/2022\/08\/stinging-nettle-unprocessed-face-skin-toner-the-witchery-cph.jpg","width":1400,"height":1600,"caption":"\u00f8kologiske-skovdyrket-br\u00e6nden\u00e6lde-tonic"},{"@type":"BreadcrumbList","@id":"https:\/\/thewitcherycph.com\/da\/vare\/skovdyrket-braendenaelde-tonic-til-huden\/#breadcrumb","itemListElement":[{"@type":"ListItem","position":1,"name":"Home","item":"https:\/\/thewitcherycph.com\/da\/hjemside\/"},{"@type":"ListItem","position":2,"name":"Butik","item":"https:\/\/thewitcherycph.com\/da\/shop\/"},{"@type":"ListItem","position":3,"name":"Skovdyrket br\u00e6nden\u00e6lde ansigtstoner"}]},{"@type":"WebSite","@id":"https:\/\/thewitcherycph.com\/da\/#website","url":"https:\/\/thewitcherycph.com\/da\/","name":"The Witchery CPH","description":"Sustainable Natural Skincare from Copenhagen","potentialAction":[{"@type":"SearchAction","target":{"@type":"EntryPoint","urlTemplate":"https:\/\/thewitcherycph.com\/da\/?s={search_term_string}"},"query-input":{"@type":"PropertyValueSpecification","valueRequired":true,"valueName":"search_term_string"}}],"inLanguage":"da-DK"}]}},"_links":{"self":[{"href":"https:\/\/thewitcherycph.com\/da\/wp-json\/wp\/v2\/product\/5437","targetHints":{"allow":["GET"]}}],"collection":[{"href":"https:\/\/thewitcherycph.com\/da\/wp-json\/wp\/v2\/product"}],"about":[{"href":"https:\/\/thewitcherycph.com\/da\/wp-json\/wp\/v2\/types\/product"}],"replies":[{"embeddable":true,"href":"https:\/\/thewitcherycph.com\/da\/wp-json\/wp\/v2\/comments?post=5437"}],"wp:featuredmedia":[{"embeddable":true,"href":"https:\/\/thewitcherycph.com\/da\/wp-json\/wp\/v2\/media\/5187"}],"wp:attachment":[{"href":"https:\/\/thewitcherycph.com\/da\/wp-json\/wp\/v2\/media?parent=5437"}],"wp:term":[{"taxonomy":"product_brand","embeddable":true,"href":"https:\/\/thewitcherycph.com\/da\/wp-json\/wp\/v2\/product_brand?post=5437"},{"taxonomy":"product_cat","embeddable":true,"href":"https:\/\/thewitcherycph.com\/da\/wp-json\/wp\/v2\/product_cat?post=5437"},{"taxonomy":"product_tag","embeddable":true,"href":"https:\/\/thewitcherycph.com\/da\/wp-json\/wp\/v2\/product_tag?post=5437"}],"curies":[{"name":"wp","href":"https:\/\/api.w.org\/{rel}","templated":true}]}}