{"id":5435,"date":"2022-05-23T20:13:55","date_gmt":"2022-11-01T10:53:31","guid":{"rendered":"https:\/\/thewitcherycph.com\/?post_type=product&#038;p=5435"},"modified":"2026-03-28T12:33:56","modified_gmt":"2026-03-28T12:33:56","slug":"oekologisk-damask-rosenhydrosol","status":"publish","type":"product","link":"https:\/\/thewitcherycph.com\/da\/vare\/oekologisk-damask-rosenhydrosol\/","title":{"rendered":"\u00d8kologisk damaskusrose ansigtstoner"},"content":{"rendered":"<section class=\"wpb-content-wrapper\"><p>[vc_row][vc_column][konte_banner source=&#8221;external_link&#8221; text_position=&#8221;top-left&#8221; font_container=&#8221;font_size:40px&#8221; button_text=&#8221;&#8221; css=&#8221;.vc_custom_1620273975273{margin-bottom: 100px !important;}&#8221; custom_src=&#8221;https:\/\/thewitcherycph.com\/wp-content\/uploads\/2022\/05\/damask-rose-natural-pure-hydrosol-face-mist.jpg&#8221;]<br \/>\nREN OG NATURLIG<br \/>ROSE ANSIGTSTONER[\/konte_banner][\/vc_column][\/vc_row]<\/p>\n<p>[vc_row][vc_column width=&#8221;5\/6&#8243; offset=&#8221;vc_col-lg-offset-1 vc_col-md-offset-1&#8243;][vc_row_inner][vc_column_inner width=&#8221;1\/2&#8243;][vc_custom_heading text=&#8221; KUN ROSE,<br \/>INGEN FUNNY BUSINESS&#8221; use_theme_fonts=&#8221;yes&#8221; css=&#8221;.vc_custom_1536826700353{margin-top: 45px !important;margin-right: 65px !important;margin-bottom: 40px !important;margin-left: 65px !important;}&#8221;][vc_column_text css=&#8221;.vc_custom_1536826413162{margin-right: 65px !important;margin-bottom: 200px !important;margin-left: 65px !important;}&#8221;] \u00c6gte hydrosoler er magi for huden, og er rene H2O ekstrakter fra planter, s\u00e5som roser, fremstillet ved dampdestillation. Det er en favorit blandt naturelskere.  <\/p>\n<p>Rosenhydrosolen er lavet af damaskusrosens kronblade. Den dufter himmelsk og besidder mange fordele for huden.<\/p>\n<p>Den fugter, opfrisker, toner og bl\u00f8dg\u00f8r huden. Forestil dig balsam til dit ansigt og din krop. Den reducerer r\u00f8dme, tilf\u00f8jer gl\u00f8d og har astringerende egenskaber.  <\/p>\n<p>Rosenhydrosol anbefales til alle hudtyper, selv meget f\u00f8lsom hud.<\/p>\n<p>[\/vc_column_text][vc_single_image source=&#8221;external_link&#8221; css=&#8221;.vc_custom_1620273997007{margin-right: 55px !important;}&#8221; custom_src=&#8221;https:\/\/thewitcherycph.com\/wp-content\/uploads\/2022\/05\/damask-rose-natural-pure-hydrosol-face-mist-ORGANIC-4.jpg&#8221;][\/vc_column_inner][vc_column_inner width=&#8221;1\/2&#8243;][vc_single_image source=&#8221;external_link&#8221; alignment=&#8221;right&#8221; css=&#8221;.vc_custom_1620274010228{margin-bottom: 220px !important;margin-left: 60px !important;}&#8221; custom_src=&#8221;https:\/\/thewitcherycph.com\/wp-content\/uploads\/2022\/05\/damask-rose-natural-pure-hydrosol-face-mist-ORGANIC.jpg&#8221;][vc_custom_heading text=&#8221;ANVENDELSE&#8221; use_theme_fonts=&#8221;yes&#8221; css=&#8221;.vc_custom_1536826773205{margin-right: 90px !important;margin-bottom: 56px !important;margin-left: 60px !important;}&#8221;][vc_column_text css=&#8221;.vc_custom_1536826780690{margin-right: 90px !important;margin-left: 60px !important;}&#8221;]Brug den som en del af din daglige, naturlige hudplejerutine. P\u00e5f\u00f8r p\u00e5 ren hud, inden du p\u00e5f\u00f8rer din dagsolie eller dagcreme. <\/p>\n<p>Du kan ogs\u00e5 bruge den i l\u00f8bet af dagen, n\u00e5r som helst din hud har brug for lidt k\u00e6rlighed. Vi anbefaler f.eks. at bruge den en lang dag p\u00e5 kontoret, under flyrejser eller helt simpelt som en &#8216;pick-me-up&#8217;. <\/p>\n<p>Rose ansigtstoner er ogs\u00e5 en godt produkt til at &#8216;sette&#8217; makeup med, og tilf\u00f8jer en smuk gl\u00f8d. [\/vc_column_text][\/vc_column_inner][\/vc_row_inner][\/vc_column][\/vc_row]<\/p>\n<h2><\/h2>\n<h2><\/h2>\n<h2><\/h2>\n<h2><\/h2>\n<p>&nbsp;<\/p>\n<p>&nbsp;<\/p>\n<h4>Alle vores produkter er lavet med europ\u00e6iske, b\u00e6redygtige ingredienser med mindst mulig spild. Vi er dedikerede til at g\u00f8re denne planet til et bedre sted og bruge de naturlige produkter, vi har lige uden foran vores d\u00f8r. Vi er The Witchery CPH og vi tror p\u00e5 naturens magi<\/h4>\n<p>&nbsp;<\/p>\n<p>FAQ<\/p>\n<hr>\n<p>Vi er cruelty-free, og vi tester aldrig p\u00e5 dyr. Alle produkter er lokale og b\u00e6redygtige. Alle vores produkter er lokale og b\u00e6redygtige. Vi bruger fr\u00f8, som er biprodukter af europ\u00e6isk f\u00f8devareproduktion, hvilket s\u00e6nker vores klimaaftryk og vandforbrug. Lokale fr\u00f8 betyder, at de ikke skal transporteres langt eller opbevares i lange perioder. De strenge regler for landbrug i EU sikrer ogs\u00e5, at vores fr\u00f8 har markedets h\u00f8jeste kvalitet. Dermed er vores produkter ikke bare b\u00e6redygtige, men ogs\u00e5 af fantastisk kvalitet.<\/p>\n<\/section>","protected":false},"excerpt":{"rendered":"<p>Hydrosoler er det reneste H2O ekstrakt fra planter udvundet ved destillation.<\/p>\n<ul>\n<li>fugter, bl\u00f8dg\u00f8r og plejer huden<\/li>\n<li>reducerer r\u00f8dme i huden<\/li>\n<li>anvend som tonic til huden for ekstra n\u00e6ring inden brug af fugtighedscreme eller olie<\/li>\n<li>forfrisker huden og skaber velv\u00e6re<\/li>\n<li>mild astringerende<\/li>\n<li>ren destilleret damaskusrose uden konserveringsmidler eller parfume<\/li>\n<li>duft: rose<\/li>\n<li>emballage: brun sprayflaske af glas<\/li>\n<\/ul>\n<p><span style=\"font-weight: 400;\">Rosenhydrosol er et fantastisk produkt for din hud b\u00e5de morgen og aften, som en del af din<br \/>naturlige hudplejerutine. Den bl\u00f8dg\u00f8r og plejer huden. Vores hydrosol er ren og ubehandlet.  <\/span><\/p>\n","protected":false},"featured_media":5144,"comment_status":"open","ping_status":"closed","template":"","meta":[],"product_brand":[],"product_cat":[523,532,520,521,470,471],"product_tag":[703,936,934,937,935],"class_list":{"0":"post-5435","1":"product","2":"type-product","3":"status-publish","4":"has-post-thumbnail","6":"product_cat-aeldning-og-tor-hud","7":"product_cat-konditionering-og-glod","8":"product_cat-moden-hud","9":"product_cat-normal-og-blandet-hud","10":"product_cat-toners-hydrosoler","11":"product_cat-produkter","12":"product_tag-ansigtstoner","13":"product_tag-naturlig-ansigtstoner","14":"product_tag-naturlig-toner","15":"product_tag-plantebaseret-hudprodukt","16":"product_tag-rosenvand","18":"first","19":"outofstock","20":"taxable","21":"shipping-taxable","22":"purchasable","23":"product-type-simple"},"yoast_head":"<!-- This site is optimized with the Yoast SEO plugin v24.9 - https:\/\/yoast.com\/wordpress\/plugins\/seo\/ -->\n<title>\u00d8kologisk damaskusrose ansigtstoner - The Witchery CPH<\/title>\n<meta name=\"description\" content=\"\u00d8kologisk damaskusrose ansigtstoner\" \/>\n<meta name=\"robots\" content=\"index, follow, max-snippet:-1, max-image-preview:large, max-video-preview:-1\" \/>\n<link rel=\"canonical\" href=\"https:\/\/thewitcherycph.com\/da\/vare\/oekologisk-damask-rosenhydrosol\/\" \/>\n<meta property=\"og:locale\" content=\"da_DK\" \/>\n<meta property=\"og:type\" content=\"article\" \/>\n<meta property=\"og:title\" content=\"\u00d8kologisk damaskusrose ansigtstoner - The Witchery CPH\" \/>\n<meta property=\"og:description\" content=\"\u00d8kologisk damaskusrose ansigtstoner\" \/>\n<meta property=\"og:url\" content=\"https:\/\/thewitcherycph.com\/da\/vare\/oekologisk-damask-rosenhydrosol\/\" \/>\n<meta property=\"og:site_name\" content=\"The Witchery CPH\" \/>\n<meta property=\"article:modified_time\" content=\"2026-03-28T12:33:56+00:00\" \/>\n<meta property=\"og:image\" content=\"https:\/\/thewitcherycph.com\/wp-content\/uploads\/2022\/05\/organics-damask-rose-hydrosol-face-mist-the-witchery-cph-1.jpg\" \/>\n\t<meta property=\"og:image:width\" content=\"1400\" \/>\n\t<meta property=\"og:image:height\" content=\"1600\" \/>\n\t<meta property=\"og:image:type\" content=\"image\/jpeg\" \/>\n<meta name=\"twitter:card\" content=\"summary_large_image\" \/>\n<meta name=\"twitter:label1\" content=\"Estimeret l\u00e6setid\" \/>\n\t<meta name=\"twitter:data1\" content=\"3 minutter\" \/>\n<script type=\"application\/ld+json\" class=\"yoast-schema-graph\">{\"@context\":\"https:\/\/schema.org\",\"@graph\":[{\"@type\":\"WebPage\",\"@id\":\"https:\/\/thewitcherycph.com\/da\/vare\/oekologisk-damask-rosenhydrosol\/\",\"url\":\"https:\/\/thewitcherycph.com\/da\/vare\/oekologisk-damask-rosenhydrosol\/\",\"name\":\"\u00d8kologisk damaskusrose ansigtstoner - The Witchery CPH\",\"isPartOf\":{\"@id\":\"https:\/\/thewitcherycph.com\/da\/#website\"},\"primaryImageOfPage\":{\"@id\":\"https:\/\/thewitcherycph.com\/da\/vare\/oekologisk-damask-rosenhydrosol\/#primaryimage\"},\"image\":{\"@id\":\"https:\/\/thewitcherycph.com\/da\/vare\/oekologisk-damask-rosenhydrosol\/#primaryimage\"},\"thumbnailUrl\":\"https:\/\/thewitcherycph.com\/wp-content\/uploads\/2022\/05\/organics-damask-rose-hydrosol-face-mist-the-witchery-cph-1.jpg\",\"datePublished\":\"2022-11-01T10:53:31+00:00\",\"dateModified\":\"2026-03-28T12:33:56+00:00\",\"description\":\"\u00d8kologisk damaskusrose ansigtstoner\",\"breadcrumb\":{\"@id\":\"https:\/\/thewitcherycph.com\/da\/vare\/oekologisk-damask-rosenhydrosol\/#breadcrumb\"},\"inLanguage\":\"da-DK\",\"potentialAction\":[{\"@type\":\"ReadAction\",\"target\":[\"https:\/\/thewitcherycph.com\/da\/vare\/oekologisk-damask-rosenhydrosol\/\"]}]},{\"@type\":\"ImageObject\",\"inLanguage\":\"da-DK\",\"@id\":\"https:\/\/thewitcherycph.com\/da\/vare\/oekologisk-damask-rosenhydrosol\/#primaryimage\",\"url\":\"https:\/\/thewitcherycph.com\/wp-content\/uploads\/2022\/05\/organics-damask-rose-hydrosol-face-mist-the-witchery-cph-1.jpg\",\"contentUrl\":\"https:\/\/thewitcherycph.com\/wp-content\/uploads\/2022\/05\/organics-damask-rose-hydrosol-face-mist-the-witchery-cph-1.jpg\",\"width\":1400,\"height\":1600,\"caption\":\"organic damask rose face mist is a moisturising face tonic perfect for every plant skincare lover\"},{\"@type\":\"BreadcrumbList\",\"@id\":\"https:\/\/thewitcherycph.com\/da\/vare\/oekologisk-damask-rosenhydrosol\/#breadcrumb\",\"itemListElement\":[{\"@type\":\"ListItem\",\"position\":1,\"name\":\"Home\",\"item\":\"https:\/\/thewitcherycph.com\/da\/hjemside\/\"},{\"@type\":\"ListItem\",\"position\":2,\"name\":\"Butik\",\"item\":\"https:\/\/thewitcherycph.com\/da\/shop\/\"},{\"@type\":\"ListItem\",\"position\":3,\"name\":\"\u00d8kologisk damaskusrose ansigtstoner\"}]},{\"@type\":\"WebSite\",\"@id\":\"https:\/\/thewitcherycph.com\/da\/#website\",\"url\":\"https:\/\/thewitcherycph.com\/da\/\",\"name\":\"The Witchery CPH\",\"description\":\"Sustainable Natural Skincare from Copenhagen\",\"potentialAction\":[{\"@type\":\"SearchAction\",\"target\":{\"@type\":\"EntryPoint\",\"urlTemplate\":\"https:\/\/thewitcherycph.com\/da\/?s={search_term_string}\"},\"query-input\":{\"@type\":\"PropertyValueSpecification\",\"valueRequired\":true,\"valueName\":\"search_term_string\"}}],\"inLanguage\":\"da-DK\"}]}<\/script>\n<!-- \/ Yoast SEO plugin. -->","yoast_head_json":{"title":"\u00d8kologisk damaskusrose ansigtstoner - The Witchery CPH","description":"\u00d8kologisk damaskusrose ansigtstoner","robots":{"index":"index","follow":"follow","max-snippet":"max-snippet:-1","max-image-preview":"max-image-preview:large","max-video-preview":"max-video-preview:-1"},"canonical":"https:\/\/thewitcherycph.com\/da\/vare\/oekologisk-damask-rosenhydrosol\/","og_locale":"da_DK","og_type":"article","og_title":"\u00d8kologisk damaskusrose ansigtstoner - The Witchery CPH","og_description":"\u00d8kologisk damaskusrose ansigtstoner","og_url":"https:\/\/thewitcherycph.com\/da\/vare\/oekologisk-damask-rosenhydrosol\/","og_site_name":"The Witchery CPH","article_modified_time":"2026-03-28T12:33:56+00:00","og_image":[{"width":1400,"height":1600,"url":"https:\/\/thewitcherycph.com\/wp-content\/uploads\/2022\/05\/organics-damask-rose-hydrosol-face-mist-the-witchery-cph-1.jpg","type":"image\/jpeg"}],"twitter_card":"summary_large_image","twitter_misc":{"Estimeret l\u00e6setid":"3 minutter"},"schema":{"@context":"https:\/\/schema.org","@graph":[{"@type":"WebPage","@id":"https:\/\/thewitcherycph.com\/da\/vare\/oekologisk-damask-rosenhydrosol\/","url":"https:\/\/thewitcherycph.com\/da\/vare\/oekologisk-damask-rosenhydrosol\/","name":"\u00d8kologisk damaskusrose ansigtstoner - The Witchery CPH","isPartOf":{"@id":"https:\/\/thewitcherycph.com\/da\/#website"},"primaryImageOfPage":{"@id":"https:\/\/thewitcherycph.com\/da\/vare\/oekologisk-damask-rosenhydrosol\/#primaryimage"},"image":{"@id":"https:\/\/thewitcherycph.com\/da\/vare\/oekologisk-damask-rosenhydrosol\/#primaryimage"},"thumbnailUrl":"https:\/\/thewitcherycph.com\/wp-content\/uploads\/2022\/05\/organics-damask-rose-hydrosol-face-mist-the-witchery-cph-1.jpg","datePublished":"2022-11-01T10:53:31+00:00","dateModified":"2026-03-28T12:33:56+00:00","description":"\u00d8kologisk damaskusrose ansigtstoner","breadcrumb":{"@id":"https:\/\/thewitcherycph.com\/da\/vare\/oekologisk-damask-rosenhydrosol\/#breadcrumb"},"inLanguage":"da-DK","potentialAction":[{"@type":"ReadAction","target":["https:\/\/thewitcherycph.com\/da\/vare\/oekologisk-damask-rosenhydrosol\/"]}]},{"@type":"ImageObject","inLanguage":"da-DK","@id":"https:\/\/thewitcherycph.com\/da\/vare\/oekologisk-damask-rosenhydrosol\/#primaryimage","url":"https:\/\/thewitcherycph.com\/wp-content\/uploads\/2022\/05\/organics-damask-rose-hydrosol-face-mist-the-witchery-cph-1.jpg","contentUrl":"https:\/\/thewitcherycph.com\/wp-content\/uploads\/2022\/05\/organics-damask-rose-hydrosol-face-mist-the-witchery-cph-1.jpg","width":1400,"height":1600,"caption":"organic damask rose face mist is a moisturising face tonic perfect for every plant skincare lover"},{"@type":"BreadcrumbList","@id":"https:\/\/thewitcherycph.com\/da\/vare\/oekologisk-damask-rosenhydrosol\/#breadcrumb","itemListElement":[{"@type":"ListItem","position":1,"name":"Home","item":"https:\/\/thewitcherycph.com\/da\/hjemside\/"},{"@type":"ListItem","position":2,"name":"Butik","item":"https:\/\/thewitcherycph.com\/da\/shop\/"},{"@type":"ListItem","position":3,"name":"\u00d8kologisk damaskusrose ansigtstoner"}]},{"@type":"WebSite","@id":"https:\/\/thewitcherycph.com\/da\/#website","url":"https:\/\/thewitcherycph.com\/da\/","name":"The Witchery CPH","description":"Sustainable Natural Skincare from Copenhagen","potentialAction":[{"@type":"SearchAction","target":{"@type":"EntryPoint","urlTemplate":"https:\/\/thewitcherycph.com\/da\/?s={search_term_string}"},"query-input":{"@type":"PropertyValueSpecification","valueRequired":true,"valueName":"search_term_string"}}],"inLanguage":"da-DK"}]}},"_links":{"self":[{"href":"https:\/\/thewitcherycph.com\/da\/wp-json\/wp\/v2\/product\/5435","targetHints":{"allow":["GET"]}}],"collection":[{"href":"https:\/\/thewitcherycph.com\/da\/wp-json\/wp\/v2\/product"}],"about":[{"href":"https:\/\/thewitcherycph.com\/da\/wp-json\/wp\/v2\/types\/product"}],"replies":[{"embeddable":true,"href":"https:\/\/thewitcherycph.com\/da\/wp-json\/wp\/v2\/comments?post=5435"}],"wp:featuredmedia":[{"embeddable":true,"href":"https:\/\/thewitcherycph.com\/da\/wp-json\/wp\/v2\/media\/5144"}],"wp:attachment":[{"href":"https:\/\/thewitcherycph.com\/da\/wp-json\/wp\/v2\/media?parent=5435"}],"wp:term":[{"taxonomy":"product_brand","embeddable":true,"href":"https:\/\/thewitcherycph.com\/da\/wp-json\/wp\/v2\/product_brand?post=5435"},{"taxonomy":"product_cat","embeddable":true,"href":"https:\/\/thewitcherycph.com\/da\/wp-json\/wp\/v2\/product_cat?post=5435"},{"taxonomy":"product_tag","embeddable":true,"href":"https:\/\/thewitcherycph.com\/da\/wp-json\/wp\/v2\/product_tag?post=5435"}],"curies":[{"name":"wp","href":"https:\/\/api.w.org\/{rel}","templated":true}]}}